{"id":36029,"date":"2025-12-12T17:15:36","date_gmt":"2025-12-12T17:15:36","guid":{"rendered":"https:\/\/edirectorios.com.mx\/directorios-latinoamerica\/?post_type=product&#038;p=36029"},"modified":"2025-12-12T17:16:14","modified_gmt":"2025-12-12T17:16:14","slug":"empresas-con-mas-de-12-empleados-en-mexico","status":"publish","type":"product","link":"https:\/\/edirectorios.com.mx\/directorios-latinoamerica\/product\/empresas-con-mas-de-12-empleados-en-mexico\/","title":{"rendered":"Empresas con m\u00e1s de 12 empleados, en M\u00e9xico."},"content":{"rendered":"","protected":false},"excerpt":{"rendered":"<p>&nbsp;<\/p>\n<div class=\"row\">\n<div class=\"col-sm\"><strong>C\u00f3digo:<\/strong> <strong class=\"text-danger\">QBNB-K6<\/strong><\/div>\n<div class=\"col-sm\"><strong>N\u00famero de registros: <\/strong>10,000<\/div>\n<\/div>\n<div class=\"row\">\n<div class=\"col-sm \"><strong>Folio: <\/strong><span class=\"text-danger\">03MCBR0520-025<\/span><\/div>\n<\/div>\n<p><strong>Segmentaci\u00f3n:<\/strong><\/p>\n<div class=\"row\">\n<div class=\"col-sm \">Empresas con m\u00e1s de 12 empleados en Guadalajara, Tlajomulco, Tlaquepaque y Tonal\u00e1, Jalisco; Hermosillo, Sonora; Morelia y Zamora, Michoac\u00e1n; Le\u00f3n y Guanajuato, Guanajuato; Quer\u00e9taro, Quer\u00e9taro; Culiac\u00e1n, Sinaloa; Puebla, Puebla; Toluca, Estado de M\u00e9xico; Torre\u00f3n y Parras, Coahuila; Veracruz y Xalapa, Veracruz; Tepic, Nayarit, Zacatecas, Zacatecas y zona industrial Vallejo en Ciudad de M\u00e9xico.<\/div>\n<\/div>\n<p><strong>Campos Contenidos:<\/strong><\/p>\n<div class=\"row\">\n<div class=\"col-sm \">Empresa \/ Giro \/ Direcci\u00f3n \/ N\u00famero de empleados \/ Ciudad \/ Estado \/ Contacto \/ Puesto: C-Levels, Socios, Directivos, o Gerentes de TI o Administraci\u00f3n o Compras o Finanzas o Infraestructura Soporte o Mantenimiento \/ Tel\u00e9fono \/ Email \/ Pagina Web opcional<\/div>\n<\/div>\n<div class=\"row\">\n<div class=\"col-sm\"><strong>Garant\u00eda: <\/strong>80%-85% <strong>Precio Original: <\/strong><del>$3,431 USD<\/del> <strong>Descuento Especial: <\/strong><strong class=\"text-danger\">20%<\/strong><\/div>\n<\/div>\n<div class=\"row\">\n<div class=\"col text-center\"><strong>Total a Pagar: <\/strong><strong class=\"text-danger\">$2,745 USD<\/strong><\/div>\n<\/div>\n","protected":false},"featured_media":31013,"template":"","meta":{"_bst_post_transparent":"","_bst_post_title":"","_bst_post_layout":"","_bst_post_sidebar_id":"","_bst_post_content_style":"","_bst_post_vertical_padding":"","_bst_post_feature":"","_bst_post_feature_position":"","_bst_post_header":false,"_bst_post_footer":false},"product_brand":[],"product_cat":[1060],"product_tag":[1430,1062,1182,1063,1064,1066,1268,1222,1067,1068,1338,1152,1211,1070,1071,1074,1075,1076,1077,1078,1079,1155,1080,1081,1082,1157,1083,1084,1085,1158,1086,1159,1087,1335,1216,1269,1088,1089,1090,1092,1093,1270,1316,1271,1358,1095,1097,1098,1099,1100,1101,1102,1104,1226,1179,1165,1105,1228,1106,1107,1108,1229,1111,1114,1116,1117,1118,1119,1167,1170,1254,1218,1133,1135,1136,1220,1419,1137,1138,1139,1140,1142,1415,1144,1145,1206,1172,1173,1174,1175,1146,1149],"product_brands":[],"class_list":{"0":"post-36029","1":"product","2":"type-product","3":"status-publish","4":"has-post-thumbnail","6":"product_cat-empresas-en-mexico","7":"product_tag-administracion","8":"product_tag-b2c-email-database","9":"product_tag-base-de-datos","10":"product_tag-base-de-datos-campana-de-email-marketing","11":"product_tag-base-de-datos-campanas-de-email-marketing","12":"product_tag-base-de-datos-ciudad-de-mexico","13":"product_tag-base-de-datos-coahuila","14":"product_tag-base-de-datos-compras","15":"product_tag-base-de-datos-correo-masivo","16":"product_tag-base-de-datos-correo-masivos","17":"product_tag-base-de-datos-culiacan","18":"product_tag-base-de-datos-de-directivos","19":"product_tag-base-de-datos-de-empresas-b2b","20":"product_tag-base-de-datos-de-empresas-puebla","21":"product_tag-base-de-datos-direct-e-mail-marketing","22":"product_tag-base-de-datos-email-marketer","23":"product_tag-base-de-datos-email-marketing","24":"product_tag-base-de-datos-email-masivos","25":"product_tag-base-de-datos-email-publicidad","26":"product_tag-base-de-datos-email-publicitario","27":"product_tag-base-de-datos-emailing","28":"product_tag-base-de-datos-empresas","29":"product_tag-base-de-datos-empresas-de-email-marketing","30":"product_tag-base-de-datos-enviar-email-masivo","31":"product_tag-base-de-datos-envio-de-email-masivo","32":"product_tag-base-de-datos-envio-masivo","33":"product_tag-base-de-datos-envio-masivo-correo","34":"product_tag-base-de-datos-envio-masivo-correos","35":"product_tag-base-de-datos-envio-masivo-de-emails","36":"product_tag-base-de-datos-envio-masivos","37":"product_tag-base-de-datos-envios-de-correo-masivos","38":"product_tag-base-de-datos-envios-masivos","39":"product_tag-base-de-datos-estado-de-mexico","40":"product_tag-base-de-datos-finanzas","41":"product_tag-base-de-datos-guadalajara","42":"product_tag-base-de-datos-guanajuato","43":"product_tag-base-de-datos-marketing","44":"product_tag-base-de-datos-marketing-por-e-mail","45":"product_tag-base-de-datos-marketing-por-email","46":"product_tag-base-de-datos-para-marketing","47":"product_tag-base-de-datos-publicidad-por-email","48":"product_tag-base-de-datos-queretaro","49":"product_tag-base-de-datos-sinaloa","50":"product_tag-base-de-datos-sonora","51":"product_tag-base-de-datos-toluca","52":"product_tag-base-de-datos-veracruz","53":"product_tag-bases-de-datos-correos","54":"product_tag-bases-de-datos-correos-electronicos","55":"product_tag-bases-de-datos-de-emails","56":"product_tag-bases-de-datos-de-marketing","57":"product_tag-bases-de-datos-de-telefonos","58":"product_tag-bases-de-datos-email","59":"product_tag-bases-de-datos-emailing","60":"product_tag-bases-de-datos-emails","61":"product_tag-bases-de-datos-jalisco","62":"product_tag-bases-de-datos-mailing","63":"product_tag-bases-de-datos-numeros-de-telefonos","64":"product_tag-bases-de-datos-para-ventas","65":"product_tag-bases-de-datos-telefono","66":"product_tag-bases-de-datos-telefonos-fijos","67":"product_tag-bases-de-datos-veracruz","68":"product_tag-big-corporates-database","69":"product_tag-business-email-database","70":"product_tag-business-mailing-database","71":"product_tag-buy-email-database","72":"product_tag-buy-email-list","73":"product_tag-buy-email-list-database","74":"product_tag-company-database","75":"product_tag-company-email-address-list","76":"product_tag-database","77":"product_tag-databases","78":"product_tag-directorios-guadalajara","79":"product_tag-email-address-list","80":"product_tag-email-lists","81":"product_tag-email-marketing-list","82":"product_tag-gerentes","83":"product_tag-infraestructura","84":"product_tag-list-of-email-addresses","85":"product_tag-lista-de-correos","86":"product_tag-lista-de-correos-electronicos","87":"product_tag-mail-marketing","88":"product_tag-mailing-list","89":"product_tag-mantenimiento","90":"product_tag-marketing-correo-electronico","91":"product_tag-marketing-lists","92":"product_tag-phone","93":"product_tag-phone-database","94":"product_tag-phone-lists","95":"product_tag-phone-number","96":"product_tag-phone-number-list","97":"product_tag-publicidad-por-base-de-datos-correo-electronico","98":"product_tag-telefono","100":"first","101":"instock","102":"sale","103":"virtual","104":"purchasable","105":"product-type-simple","106":"entry","107":"content-bg","108":"loop-entry"},"aioseo_notices":[],"_links":{"self":[{"href":"https:\/\/edirectorios.com.mx\/directorios-latinoamerica\/wp-json\/wp\/v2\/product\/36029","targetHints":{"allow":["GET"]}}],"collection":[{"href":"https:\/\/edirectorios.com.mx\/directorios-latinoamerica\/wp-json\/wp\/v2\/product"}],"about":[{"href":"https:\/\/edirectorios.com.mx\/directorios-latinoamerica\/wp-json\/wp\/v2\/types\/product"}],"version-history":[{"count":1,"href":"https:\/\/edirectorios.com.mx\/directorios-latinoamerica\/wp-json\/wp\/v2\/product\/36029\/revisions"}],"predecessor-version":[{"id":36070,"href":"https:\/\/edirectorios.com.mx\/directorios-latinoamerica\/wp-json\/wp\/v2\/product\/36029\/revisions\/36070"}],"wp:featuredmedia":[{"embeddable":true,"href":"https:\/\/edirectorios.com.mx\/directorios-latinoamerica\/wp-json\/wp\/v2\/media\/31013"}],"wp:attachment":[{"href":"https:\/\/edirectorios.com.mx\/directorios-latinoamerica\/wp-json\/wp\/v2\/media?parent=36029"}],"wp:term":[{"taxonomy":"product_brand","embeddable":true,"href":"https:\/\/edirectorios.com.mx\/directorios-latinoamerica\/wp-json\/wp\/v2\/product_brand?post=36029"},{"taxonomy":"product_cat","embeddable":true,"href":"https:\/\/edirectorios.com.mx\/directorios-latinoamerica\/wp-json\/wp\/v2\/product_cat?post=36029"},{"taxonomy":"product_tag","embeddable":true,"href":"https:\/\/edirectorios.com.mx\/directorios-latinoamerica\/wp-json\/wp\/v2\/product_tag?post=36029"},{"taxonomy":"product_brands","embeddable":true,"href":"https:\/\/edirectorios.com.mx\/directorios-latinoamerica\/wp-json\/wp\/v2\/product_brands?post=36029"}],"curies":[{"name":"wp","href":"https:\/\/api.w.org\/{rel}","templated":true}]}}