{"id":36012,"date":"2025-12-12T17:15:11","date_gmt":"2025-12-12T17:15:11","guid":{"rendered":"https:\/\/edirectorios.com.mx\/directorios-latinoamerica\/?post_type=product&#038;p=36012"},"modified":"2025-12-12T17:16:08","modified_gmt":"2025-12-12T17:16:08","slug":"empresas-comercializadoras-empresas-de-comercio-electronico-y-empresas-de-logistica-en-guadalajara-jalisco-en-monterrey-nuevo-leon-en-la-ciudad-de-queretaro-y-ciudad-de-mexico","status":"publish","type":"product","link":"https:\/\/edirectorios.com.mx\/directorios-latinoamerica\/product\/empresas-comercializadoras-empresas-de-comercio-electronico-y-empresas-de-logistica-en-guadalajara-jalisco-en-monterrey-nuevo-leon-en-la-ciudad-de-queretaro-y-ciudad-de-mexico\/","title":{"rendered":"Empresas comercializadoras, empresas de  Comercio Electr\u00f3nico y Empresas de Log\u00edstica, en  Guadalajara Jalisco, en Monterrey nuevo le\u00f3n, en la Ciudad de Quer\u00e9taro y ciudad de M\u00e9xico."},"content":{"rendered":"","protected":false},"excerpt":{"rendered":"<p>&nbsp;<\/p>\n<div class=\"row\">\n<div class=\"col-sm\"><strong>C\u00f3digo:<\/strong> <strong class=\"text-danger\">CSMP-F9<\/strong><\/div>\n<div class=\"col-sm\"><strong>N\u00famero de registros: <\/strong>1000<\/div>\n<\/div>\n<div class=\"row\">\n<div class=\"col-sm \"><strong>Folio: <\/strong><span class=\"text-danger\">EP0321B075<\/span><\/div>\n<\/div>\n<p><strong>Segmentaci\u00f3n:<\/strong><\/p>\n<div class=\"row\">\n<div class=\"col-sm \">Empresas comercializadoras, empresas de Comercio Electr\u00f3nico y Empresas de Log\u00edstica, ( que utilicen constantemente el servicio de mensajer\u00eda y paqueter\u00eda) de 1 a 30 empleados. El 15% de los registros en Guadalajara Jalisco, en Monterrey nuevo le\u00f3n 25 % de los registros, 10 % de los registros en la Ciudad de Quer\u00e9taro y 50% de los registros ciudad de M\u00e9xico.<\/div>\n<\/div>\n<p><strong>Campos Contenidos:<\/strong><\/p>\n<div class=\"row\">\n<div class=\"col-sm \">Empresa \/ Tama\u00f1o \/ Giro \/ Direcci\u00f3n \/ Ciudad \/ Estado \/ Contacto \/ Puesto: Encargado de compras o Log\u00edstica o Director General \/ Tel\u00e9fono \/ Email \/ P\u00e1gina web*opcional.<\/div>\n<\/div>\n<div class=\"row\">\n<div class=\"col-sm\"><strong>Garant\u00eda: <\/strong>80%-85% <strong>Precio Original: <\/strong><del>$488 USD<\/del> <strong>Descuento Especial: <\/strong><strong class=\"text-danger\">20%<\/strong><\/div>\n<\/div>\n<div class=\"row\">\n<div class=\"col text-center\"><strong>Total a Pagar: <\/strong><strong class=\"text-danger\">$391 USD<\/strong><\/div>\n<\/div>\n","protected":false},"featured_media":31013,"template":"","meta":{"_bst_post_transparent":"","_bst_post_title":"","_bst_post_layout":"","_bst_post_sidebar_id":"","_bst_post_content_style":"","_bst_post_vertical_padding":"","_bst_post_feature":"","_bst_post_feature_position":"","_bst_post_header":false,"_bst_post_footer":false},"product_brand":[],"product_cat":[1060],"product_tag":[1062,1182,1063,1064,1066,1401,1067,1068,1069,1211,1071,1074,1075,1076,1077,1078,1079,1155,1080,1176,1177,1081,1082,1157,1083,1084,1085,1158,1086,1159,1216,1339,1088,1089,1090,1312,1188,1092,1093,1270,1097,1098,1099,1100,1101,1102,1104,1226,1179,1165,1105,1228,1106,1107,1229,1111,1114,1116,1117,1118,1413,1119,1167,1170,1254,1218,1314,1133,1135,1136,1137,1138,1139,1140,1142,1144,1145,1205,1206,1172,1173,1174,1175,1146,1149],"product_brands":[],"class_list":{"0":"post-36012","1":"product","2":"type-product","3":"status-publish","4":"has-post-thumbnail","6":"product_cat-empresas-en-mexico","7":"product_tag-b2c-email-database","8":"product_tag-base-de-datos","9":"product_tag-base-de-datos-campana-de-email-marketing","10":"product_tag-base-de-datos-campanas-de-email-marketing","11":"product_tag-base-de-datos-ciudad-de-mexico","12":"product_tag-base-de-datos-comercializadoras","13":"product_tag-base-de-datos-correo-masivo","14":"product_tag-base-de-datos-correo-masivos","15":"product_tag-base-de-datos-de-director-general","16":"product_tag-base-de-datos-de-empresas-b2b","17":"product_tag-base-de-datos-direct-e-mail-marketing","18":"product_tag-base-de-datos-email-marketer","19":"product_tag-base-de-datos-email-marketing","20":"product_tag-base-de-datos-email-masivos","21":"product_tag-base-de-datos-email-publicidad","22":"product_tag-base-de-datos-email-publicitario","23":"product_tag-base-de-datos-emailing","24":"product_tag-base-de-datos-empresas","25":"product_tag-base-de-datos-empresas-de-email-marketing","26":"product_tag-base-de-datos-encargados","27":"product_tag-base-de-datos-encargados-de-compras","28":"product_tag-base-de-datos-enviar-email-masivo","29":"product_tag-base-de-datos-envio-de-email-masivo","30":"product_tag-base-de-datos-envio-masivo","31":"product_tag-base-de-datos-envio-masivo-correo","32":"product_tag-base-de-datos-envio-masivo-correos","33":"product_tag-base-de-datos-envio-masivo-de-emails","34":"product_tag-base-de-datos-envio-masivos","35":"product_tag-base-de-datos-envios-de-correo-masivos","36":"product_tag-base-de-datos-envios-masivos","37":"product_tag-base-de-datos-guadalajara","38":"product_tag-base-de-datos-logistica","39":"product_tag-base-de-datos-marketing","40":"product_tag-base-de-datos-marketing-por-e-mail","41":"product_tag-base-de-datos-marketing-por-email","42":"product_tag-base-de-datos-monterrey","43":"product_tag-base-de-datos-nuevo-leon","44":"product_tag-base-de-datos-para-marketing","45":"product_tag-base-de-datos-publicidad-por-email","46":"product_tag-base-de-datos-queretaro","47":"product_tag-bases-de-datos-correos","48":"product_tag-bases-de-datos-correos-electronicos","49":"product_tag-bases-de-datos-de-emails","50":"product_tag-bases-de-datos-de-marketing","51":"product_tag-bases-de-datos-de-telefonos","52":"product_tag-bases-de-datos-email","53":"product_tag-bases-de-datos-emailing","54":"product_tag-bases-de-datos-emails","55":"product_tag-bases-de-datos-jalisco","56":"product_tag-bases-de-datos-mailing","57":"product_tag-bases-de-datos-numeros-de-telefonos","58":"product_tag-bases-de-datos-para-ventas","59":"product_tag-bases-de-datos-telefono","60":"product_tag-bases-de-datos-telefonos-fijos","61":"product_tag-big-corporates-database","62":"product_tag-business-email-database","63":"product_tag-business-mailing-database","64":"product_tag-buy-email-database","65":"product_tag-buy-email-list","66":"product_tag-buy-email-list-database","67":"product_tag-comercio","68":"product_tag-company-database","69":"product_tag-company-email-address-list","70":"product_tag-database","71":"product_tag-databases","72":"product_tag-directorios-guadalajara","73":"product_tag-directorios-monterrey","74":"product_tag-email-address-list","75":"product_tag-email-lists","76":"product_tag-email-marketing-list","77":"product_tag-list-of-email-addresses","78":"product_tag-lista-de-correos","79":"product_tag-lista-de-correos-electronicos","80":"product_tag-mail-marketing","81":"product_tag-mailing-list","82":"product_tag-marketing-correo-electronico","83":"product_tag-marketing-lists","84":"product_tag-nuevo-leon-database","85":"product_tag-phone","86":"product_tag-phone-database","87":"product_tag-phone-lists","88":"product_tag-phone-number","89":"product_tag-phone-number-list","90":"product_tag-publicidad-por-base-de-datos-correo-electronico","91":"product_tag-telefono","93":"first","94":"instock","95":"sale","96":"shipping-taxable","97":"purchasable","98":"product-type-simple","99":"entry","100":"content-bg","101":"loop-entry"},"aioseo_notices":[],"_links":{"self":[{"href":"https:\/\/edirectorios.com.mx\/directorios-latinoamerica\/wp-json\/wp\/v2\/product\/36012","targetHints":{"allow":["GET"]}}],"collection":[{"href":"https:\/\/edirectorios.com.mx\/directorios-latinoamerica\/wp-json\/wp\/v2\/product"}],"about":[{"href":"https:\/\/edirectorios.com.mx\/directorios-latinoamerica\/wp-json\/wp\/v2\/types\/product"}],"version-history":[{"count":1,"href":"https:\/\/edirectorios.com.mx\/directorios-latinoamerica\/wp-json\/wp\/v2\/product\/36012\/revisions"}],"predecessor-version":[{"id":36066,"href":"https:\/\/edirectorios.com.mx\/directorios-latinoamerica\/wp-json\/wp\/v2\/product\/36012\/revisions\/36066"}],"wp:featuredmedia":[{"embeddable":true,"href":"https:\/\/edirectorios.com.mx\/directorios-latinoamerica\/wp-json\/wp\/v2\/media\/31013"}],"wp:attachment":[{"href":"https:\/\/edirectorios.com.mx\/directorios-latinoamerica\/wp-json\/wp\/v2\/media?parent=36012"}],"wp:term":[{"taxonomy":"product_brand","embeddable":true,"href":"https:\/\/edirectorios.com.mx\/directorios-latinoamerica\/wp-json\/wp\/v2\/product_brand?post=36012"},{"taxonomy":"product_cat","embeddable":true,"href":"https:\/\/edirectorios.com.mx\/directorios-latinoamerica\/wp-json\/wp\/v2\/product_cat?post=36012"},{"taxonomy":"product_tag","embeddable":true,"href":"https:\/\/edirectorios.com.mx\/directorios-latinoamerica\/wp-json\/wp\/v2\/product_tag?post=36012"},{"taxonomy":"product_brands","embeddable":true,"href":"https:\/\/edirectorios.com.mx\/directorios-latinoamerica\/wp-json\/wp\/v2\/product_brands?post=36012"}],"curies":[{"name":"wp","href":"https:\/\/api.w.org\/{rel}","templated":true}]}}