{"id":36008,"date":"2025-12-12T17:15:11","date_gmt":"2025-12-12T17:15:11","guid":{"rendered":"https:\/\/edirectorios.com.mx\/directorios-latinoamerica\/?post_type=product&#038;p=36008"},"modified":"2025-12-12T17:15:57","modified_gmt":"2025-12-12T17:15:57","slug":"personas-fisicas-mayores-de-edad-en-nezahualcoyotl-estado-de-mexico-2","status":"publish","type":"product","link":"https:\/\/edirectorios.com.mx\/directorios-latinoamerica\/product\/personas-fisicas-mayores-de-edad-en-nezahualcoyotl-estado-de-mexico-2\/","title":{"rendered":"Personas f\u00edsicas, mayores de edad en Nezahualc\u00f3yotl, Estado de M\u00e9xico"},"content":{"rendered":"","protected":false},"excerpt":{"rendered":"<p>&nbsp;<\/p>\n<div class=\"row\">\n<div class=\"col-sm\"><strong>C\u00f3digo:<\/strong> <strong class=\"text-danger\">HFDB-D5-9<\/strong><\/div>\n<div class=\"col-sm\"><strong>N\u00famero de registros: <\/strong>5000<\/div>\n<\/div>\n<div class=\"row\">\n<div class=\"col-sm \"><strong>Folio: <\/strong><span class=\"text-danger\">BA0321B039<\/span><\/div>\n<\/div>\n<p><strong>Segmentaci\u00f3n:<\/strong><\/p>\n<div class=\"row\">\n<div class=\"col-sm \">Personas f\u00edsicas, mayores de edad, econ\u00f3micamente activas que sean tarjetahabientes en Nezahualc\u00f3yotl, Estado de M\u00e9xico.<\/div>\n<\/div>\n<p><strong>Campos Contenidos:<\/strong><\/p>\n<div class=\"row\">\n<div class=\"col-sm \">Nombre \/ Direcci\u00f3n \/ Ciudad \/ Estado \/ Celular<\/div>\n<\/div>\n<div class=\"row\">\n<div class=\"col-sm\"><strong>Garant\u00eda: <\/strong>80%-85% <strong>Precio Original: <\/strong><del><span style=\"text-decoration: line-through;\">$1845 USD<\/span><\/del><strong>Descuento Especial: <\/strong><strong class=\"text-danger\">20%<\/strong><\/div>\n<\/div>\n<div class=\"row\">\n<div class=\"col text-center\"><strong>Total a Pagar: <\/strong><strong class=\"text-danger\">$1476 USD<\/strong><\/div>\n<p>&lt;\/div<\/p>\n<\/div>\n","protected":false},"featured_media":31089,"template":"","meta":{"_bst_post_transparent":"","_bst_post_title":"","_bst_post_layout":"","_bst_post_sidebar_id":"","_bst_post_content_style":"","_bst_post_vertical_padding":"","_bst_post_feature":"","_bst_post_feature_position":"","_bst_post_header":false,"_bst_post_footer":false},"product_brand":[],"product_cat":[1060,1327,1277],"product_tag":[1062,1182,1063,1064,1404,1067,1068,1294,1186,1405,1071,1073,1074,1075,1076,1077,1078,1079,1081,1156,1082,1083,1084,1085,1086,1087,1162,1088,1089,1090,1295,1092,1093,1406,1097,1098,1099,1100,1102,1104,1116,1117,1118,1170,1132,1133,1134,1136,1137,1138,1139,1296,1140,1141,1142,1143,1144,1145,1407,1297,1298,1299,1300,1301,1302,1303,1173,1146,1148],"product_brands":[],"class_list":{"0":"post-36008","1":"product","2":"type-product","3":"status-publish","4":"has-post-thumbnail","6":"product_cat-empresas-en-mexico","7":"product_cat-estado-de-mexico","8":"product_cat-zonas-mas-solicitadas","9":"product_tag-b2c-email-database","10":"product_tag-base-de-datos","11":"product_tag-base-de-datos-campana-de-email-marketing","12":"product_tag-base-de-datos-campanas-de-email-marketing","13":"product_tag-base-de-datos-celulares","14":"product_tag-base-de-datos-correo-masivo","15":"product_tag-base-de-datos-correo-masivos","16":"product_tag-base-de-datos-de-numeros-celulares","17":"product_tag-base-de-datos-de-personas-fisicas","18":"product_tag-base-de-datos-de-telefonos-moviles","19":"product_tag-base-de-datos-direct-e-mail-marketing","20":"product_tag-base-de-datos-e-mail-marketing","21":"product_tag-base-de-datos-email-marketer","22":"product_tag-base-de-datos-email-marketing","23":"product_tag-base-de-datos-email-masivos","24":"product_tag-base-de-datos-email-publicidad","25":"product_tag-base-de-datos-email-publicitario","26":"product_tag-base-de-datos-emailing","27":"product_tag-base-de-datos-enviar-email-masivo","28":"product_tag-base-de-datos-enviar-mailing","29":"product_tag-base-de-datos-envio-de-email-masivo","30":"product_tag-base-de-datos-envio-masivo-correo","31":"product_tag-base-de-datos-envio-masivo-correos","32":"product_tag-base-de-datos-envio-masivo-de-emails","33":"product_tag-base-de-datos-envios-de-correo-masivos","34":"product_tag-base-de-datos-estado-de-mexico","35":"product_tag-base-de-datos-mailing-masivo","36":"product_tag-base-de-datos-marketing","37":"product_tag-base-de-datos-marketing-por-e-mail","38":"product_tag-base-de-datos-marketing-por-email","39":"product_tag-base-de-datos-numeros-de-telefonos-celulares","40":"product_tag-base-de-datos-para-marketing","41":"product_tag-base-de-datos-publicidad-por-email","42":"product_tag-base-de-datos-telefonos-moviles","43":"product_tag-bases-de-datos-correos","44":"product_tag-bases-de-datos-correos-electronicos","45":"product_tag-bases-de-datos-de-emails","46":"product_tag-bases-de-datos-de-marketing","47":"product_tag-bases-de-datos-email","48":"product_tag-bases-de-datos-emailing","49":"product_tag-buy-email-database","50":"product_tag-buy-email-list","51":"product_tag-buy-email-list-database","52":"product_tag-database","53":"product_tag-e-mail-database","54":"product_tag-email-address-list","55":"product_tag-email-database","56":"product_tag-email-marketing-list","57":"product_tag-list-of-email-addresses","58":"product_tag-lista-de-correos","59":"product_tag-lista-de-correos-electronicos","60":"product_tag-lista-de-numeros-de-telefonos-celulares","61":"product_tag-mail-marketing","62":"product_tag-mailing-database","63":"product_tag-mailing-list","64":"product_tag-marketing","65":"product_tag-marketing-correo-electronico","66":"product_tag-marketing-lists","67":"product_tag-mobile","68":"product_tag-mobile-database","69":"product_tag-mobile-directory","70":"product_tag-mobile-list","71":"product_tag-mobile-number-database","72":"product_tag-mobile-number-list","73":"product_tag-mobile-phone-number","74":"product_tag-numeros-de-telefonos-celulares","75":"product_tag-phone-lists","76":"product_tag-publicidad-por-base-de-datos-correo-electronico","77":"product_tag-tele-marketing-list","79":"first","80":"instock","81":"sale","82":"virtual","83":"purchasable","84":"product-type-simple","85":"entry","86":"content-bg","87":"loop-entry"},"aioseo_notices":[],"_links":{"self":[{"href":"https:\/\/edirectorios.com.mx\/directorios-latinoamerica\/wp-json\/wp\/v2\/product\/36008","targetHints":{"allow":["GET"]}}],"collection":[{"href":"https:\/\/edirectorios.com.mx\/directorios-latinoamerica\/wp-json\/wp\/v2\/product"}],"about":[{"href":"https:\/\/edirectorios.com.mx\/directorios-latinoamerica\/wp-json\/wp\/v2\/types\/product"}],"version-history":[{"count":1,"href":"https:\/\/edirectorios.com.mx\/directorios-latinoamerica\/wp-json\/wp\/v2\/product\/36008\/revisions"}],"predecessor-version":[{"id":36051,"href":"https:\/\/edirectorios.com.mx\/directorios-latinoamerica\/wp-json\/wp\/v2\/product\/36008\/revisions\/36051"}],"wp:featuredmedia":[{"embeddable":true,"href":"https:\/\/edirectorios.com.mx\/directorios-latinoamerica\/wp-json\/wp\/v2\/media\/31089"}],"wp:attachment":[{"href":"https:\/\/edirectorios.com.mx\/directorios-latinoamerica\/wp-json\/wp\/v2\/media?parent=36008"}],"wp:term":[{"taxonomy":"product_brand","embeddable":true,"href":"https:\/\/edirectorios.com.mx\/directorios-latinoamerica\/wp-json\/wp\/v2\/product_brand?post=36008"},{"taxonomy":"product_cat","embeddable":true,"href":"https:\/\/edirectorios.com.mx\/directorios-latinoamerica\/wp-json\/wp\/v2\/product_cat?post=36008"},{"taxonomy":"product_tag","embeddable":true,"href":"https:\/\/edirectorios.com.mx\/directorios-latinoamerica\/wp-json\/wp\/v2\/product_tag?post=36008"},{"taxonomy":"product_brands","embeddable":true,"href":"https:\/\/edirectorios.com.mx\/directorios-latinoamerica\/wp-json\/wp\/v2\/product_brands?post=36008"}],"curies":[{"name":"wp","href":"https:\/\/api.w.org\/{rel}","templated":true}]}}