{"id":35967,"date":"2025-12-12T17:14:22","date_gmt":"2025-12-12T17:14:22","guid":{"rendered":"https:\/\/edirectorios.com.mx\/directorios-latinoamerica\/?post_type=product&#038;p=35967"},"modified":"2025-12-12T17:15:19","modified_gmt":"2025-12-12T17:15:19","slug":"personas-fisicas-mayores-de-edad-de-un-nse-c-c-y-ab","status":"publish","type":"product","link":"https:\/\/edirectorios.com.mx\/directorios-latinoamerica\/product\/personas-fisicas-mayores-de-edad-de-un-nse-c-c-y-ab\/","title":{"rendered":"Personas f\u00edsicas, mayores de edad, de un NSE C, C+ y AB+"},"content":{"rendered":"","protected":false},"excerpt":{"rendered":"<p>&nbsp;<\/p>\n<div class=\"row\">\n<div class=\"col-sm\"><strong>C\u00f3digo:<\/strong> <strong class=\"text-danger\">EJUS-D8<\/strong><\/div>\n<div class=\"col-sm\"><strong>N\u00famero de registros: <\/strong>1000<\/div>\n<\/div>\n<div class=\"row\">\n<div class=\"col-sm \"><strong>Folio: <\/strong><span class=\"text-danger\">GA0221B068<\/span><\/div>\n<\/div>\n<p><strong>Segmentaci\u00f3n:<\/strong><\/p>\n<div class=\"row\">\n<div class=\"col-sm \">Personas f\u00edsicas, mayores de edad, de un NSE C, C+ y AB+ en los estados de Guanajuato, Quer\u00e9taro, CDMX y Estado M\u00e9xico.<\/div>\n<\/div>\n<p><strong>Campos Contenidos:<\/strong><\/p>\n<div class=\"row\">\n<div class=\"col-sm \">Nombre \/ Direcci\u00f3n \/ Ciudad \/ Estado \/ Correo \/ Celular<\/div>\n<\/div>\n<div class=\"row\">\n<div class=\"col-sm\"><strong>Garant\u00eda: <\/strong>80%-85% <strong>Precio Original: <\/strong><del>$405 USD<\/del><strong>Descuento Especial: <\/strong><strong class=\"text-danger\">20%<\/strong><\/div>\n<\/div>\n<div class=\"row\">\n<div class=\"col text-center\"><strong>Total a Pagar: <\/strong><strong class=\"text-danger\">$324 USD<\/strong><\/div>\n<\/div>\n","protected":false},"featured_media":31224,"template":"","meta":{"_bst_post_transparent":"","_bst_post_title":"","_bst_post_layout":"","_bst_post_sidebar_id":"","_bst_post_content_style":"","_bst_post_vertical_padding":"","_bst_post_feature":"","_bst_post_feature_position":"","_bst_post_header":false,"_bst_post_footer":false},"product_brand":[],"product_cat":[1180],"product_tag":[1062,1182,1063,1064,1184,1404,1067,1068,1207,1490,1209,1294,1186,1405,1071,1074,1075,1076,1077,1078,1079,1081,1082,1157,1083,1084,1085,1158,1086,1159,1087,1269,1088,1089,1090,1295,1092,1189,1093,1270,1406,1097,1098,1099,1100,1102,1104,1226,1165,1228,1190,1116,1117,1118,1191,1192,1193,1194,1195,1196,1197,1198,1199,1200,1202,1203,1204,1170,1133,1135,1136,1137,1138,1139,1296,1140,1142,1144,1145,1407,1297,1298,1299,1300,1301,1302,1303,1146],"product_brands":[],"class_list":{"0":"post-35967","1":"product","2":"type-product","3":"status-publish","4":"has-post-thumbnail","6":"product_cat-personas-en-mexico","7":"product_tag-b2c-email-database","8":"product_tag-base-de-datos","9":"product_tag-base-de-datos-campana-de-email-marketing","10":"product_tag-base-de-datos-campanas-de-email-marketing","11":"product_tag-base-de-datos-cdmx","12":"product_tag-base-de-datos-celulares","13":"product_tag-base-de-datos-correo-masivo","14":"product_tag-base-de-datos-correo-masivos","15":"product_tag-base-de-datos-de-nse","16":"product_tag-base-de-datos-de-nse-ab","17":"product_tag-base-de-datos-de-nse-c","18":"product_tag-base-de-datos-de-numeros-celulares","19":"product_tag-base-de-datos-de-personas-fisicas","20":"product_tag-base-de-datos-de-telefonos-moviles","21":"product_tag-base-de-datos-direct-e-mail-marketing","22":"product_tag-base-de-datos-email-marketer","23":"product_tag-base-de-datos-email-marketing","24":"product_tag-base-de-datos-email-masivos","25":"product_tag-base-de-datos-email-publicidad","26":"product_tag-base-de-datos-email-publicitario","27":"product_tag-base-de-datos-emailing","28":"product_tag-base-de-datos-enviar-email-masivo","29":"product_tag-base-de-datos-envio-de-email-masivo","30":"product_tag-base-de-datos-envio-masivo","31":"product_tag-base-de-datos-envio-masivo-correo","32":"product_tag-base-de-datos-envio-masivo-correos","33":"product_tag-base-de-datos-envio-masivo-de-emails","34":"product_tag-base-de-datos-envio-masivos","35":"product_tag-base-de-datos-envios-de-correo-masivos","36":"product_tag-base-de-datos-envios-masivos","37":"product_tag-base-de-datos-estado-de-mexico","38":"product_tag-base-de-datos-guanajuato","39":"product_tag-base-de-datos-marketing","40":"product_tag-base-de-datos-marketing-por-e-mail","41":"product_tag-base-de-datos-marketing-por-email","42":"product_tag-base-de-datos-numeros-de-telefonos-celulares","43":"product_tag-base-de-datos-para-marketing","44":"product_tag-base-de-datos-personas-de-email-marketing","45":"product_tag-base-de-datos-publicidad-por-email","46":"product_tag-base-de-datos-queretaro","47":"product_tag-base-de-datos-telefonos-moviles","48":"product_tag-bases-de-datos-correos","49":"product_tag-bases-de-datos-correos-electronicos","50":"product_tag-bases-de-datos-de-emails","51":"product_tag-bases-de-datos-de-marketing","52":"product_tag-bases-de-datos-email","53":"product_tag-bases-de-datos-emailing","54":"product_tag-bases-de-datos-emails","55":"product_tag-bases-de-datos-mailing","56":"product_tag-bases-de-datos-para-ventas","57":"product_tag-big-consumer-database","58":"product_tag-buy-email-database","59":"product_tag-buy-email-list","60":"product_tag-buy-email-list-database","61":"product_tag-consumer-contact-lists","62":"product_tag-consumer-database","63":"product_tag-consumer-directory","64":"product_tag-consumer-email-database","65":"product_tag-consumer-email-list","66":"product_tag-consumer-email-lists","67":"product_tag-consumer-list","68":"product_tag-consumer-mailing-database","69":"product_tag-consumer-mailing-list","70":"product_tag-consumer-mailing-lists","71":"product_tag-correo-de-personas","72":"product_tag-correos-electronicos-de-personas","73":"product_tag-correos-electronicos-personas","74":"product_tag-database","75":"product_tag-email-address-list","76":"product_tag-email-lists","77":"product_tag-email-marketing-list","78":"product_tag-list-of-email-addresses","79":"product_tag-lista-de-correos","80":"product_tag-lista-de-correos-electronicos","81":"product_tag-lista-de-numeros-de-telefonos-celulares","82":"product_tag-mail-marketing","83":"product_tag-mailing-list","84":"product_tag-marketing-correo-electronico","85":"product_tag-marketing-lists","86":"product_tag-mobile","87":"product_tag-mobile-database","88":"product_tag-mobile-directory","89":"product_tag-mobile-list","90":"product_tag-mobile-number-database","91":"product_tag-mobile-number-list","92":"product_tag-mobile-phone-number","93":"product_tag-numeros-de-telefonos-celulares","94":"product_tag-publicidad-por-base-de-datos-correo-electronico","96":"first","97":"instock","98":"sale","99":"virtual","100":"purchasable","101":"product-type-simple","102":"entry","103":"content-bg","104":"loop-entry"},"aioseo_notices":[],"_links":{"self":[{"href":"https:\/\/edirectorios.com.mx\/directorios-latinoamerica\/wp-json\/wp\/v2\/product\/35967","targetHints":{"allow":["GET"]}}],"collection":[{"href":"https:\/\/edirectorios.com.mx\/directorios-latinoamerica\/wp-json\/wp\/v2\/product"}],"about":[{"href":"https:\/\/edirectorios.com.mx\/directorios-latinoamerica\/wp-json\/wp\/v2\/types\/product"}],"version-history":[{"count":1,"href":"https:\/\/edirectorios.com.mx\/directorios-latinoamerica\/wp-json\/wp\/v2\/product\/35967\/revisions"}],"predecessor-version":[{"id":36019,"href":"https:\/\/edirectorios.com.mx\/directorios-latinoamerica\/wp-json\/wp\/v2\/product\/35967\/revisions\/36019"}],"wp:featuredmedia":[{"embeddable":true,"href":"https:\/\/edirectorios.com.mx\/directorios-latinoamerica\/wp-json\/wp\/v2\/media\/31224"}],"wp:attachment":[{"href":"https:\/\/edirectorios.com.mx\/directorios-latinoamerica\/wp-json\/wp\/v2\/media?parent=35967"}],"wp:term":[{"taxonomy":"product_brand","embeddable":true,"href":"https:\/\/edirectorios.com.mx\/directorios-latinoamerica\/wp-json\/wp\/v2\/product_brand?post=35967"},{"taxonomy":"product_cat","embeddable":true,"href":"https:\/\/edirectorios.com.mx\/directorios-latinoamerica\/wp-json\/wp\/v2\/product_cat?post=35967"},{"taxonomy":"product_tag","embeddable":true,"href":"https:\/\/edirectorios.com.mx\/directorios-latinoamerica\/wp-json\/wp\/v2\/product_tag?post=35967"},{"taxonomy":"product_brands","embeddable":true,"href":"https:\/\/edirectorios.com.mx\/directorios-latinoamerica\/wp-json\/wp\/v2\/product_brands?post=35967"}],"curies":[{"name":"wp","href":"https:\/\/api.w.org\/{rel}","templated":true}]}}