{"id":35947,"date":"2025-12-12T17:13:58","date_gmt":"2025-12-12T17:13:58","guid":{"rendered":"https:\/\/edirectorios.com.mx\/directorios-latinoamerica\/?post_type=product&#038;p=35947"},"modified":"2025-12-12T17:14:58","modified_gmt":"2025-12-12T17:14:58","slug":"industria-refresquera-cementara-lacteos-siderurgica-metal-mecanica-aceros-a-nivel-nacional","status":"publish","type":"product","link":"https:\/\/edirectorios.com.mx\/directorios-latinoamerica\/product\/industria-refresquera-cementara-lacteos-siderurgica-metal-mecanica-aceros-a-nivel-nacional\/","title":{"rendered":"Industria Refresquera, Cementara, L\u00e1cteos, Sider\u00fargica, Metal, Mec\u00e1nica, Aceros a Nivel Nacional."},"content":{"rendered":"","protected":false},"excerpt":{"rendered":"<p>&nbsp;<\/p>\n<div class=\"row\">\n<div class=\"col-sm\"><strong>C\u00f3digo:<\/strong> <strong class=\"text-danger\">JHMP-R0<\/strong><\/div>\n<div class=\"col-sm\"><strong>N\u00famero de registros: <\/strong>251<\/div>\n<\/div>\n<div class=\"row\">\n<div class=\"col-sm \"><strong>Folio: I<\/strong><span class=\"text-danger\">H1220B074 <\/span><\/div>\n<\/div>\n<p><strong>Segmentaci\u00f3n:<\/strong><\/p>\n<div class=\"row\">\n<div class=\"col-sm \">Industria Refresquera, Cementara, L\u00e1cteos, Sider\u00fargica, Metal, Mec\u00e1nica, Aceros a Nivel Nacional.<\/div>\n<\/div>\n<p><strong>Campos Contenidos:<\/strong><\/p>\n<div class=\"row\">\n<div class=\"col-sm \">Empresa \/ Giro \/ Direcci\u00f3n \/ Ciudad \/ Estado \/ Contacto \/ Puesto: Encargado de Compras o Mantenimiento \/ Tel\u00e9fono \/ Email \/ P\u00e1gina web*opcional.<\/div>\n<\/div>\n<div class=\"row\">\n<div class=\"col-sm\"><strong>Garant\u00eda: <\/strong>80%-85% <strong>Precio Original: <\/strong><del>$119 USD<\/del> <strong>Descuento Especial: <\/strong><strong class=\"text-danger\">20%<\/strong><\/div>\n<\/div>\n<div class=\"row\">\n<div class=\"col text-center\"><strong>Total a Pagar: <\/strong><strong class=\"text-danger\">$95 USD<\/strong><\/div>\n<\/div>\n","protected":false},"featured_media":31013,"template":"","meta":{"_bst_post_transparent":"","_bst_post_title":"","_bst_post_layout":"","_bst_post_sidebar_id":"","_bst_post_content_style":"","_bst_post_vertical_padding":"","_bst_post_feature":"","_bst_post_feature_position":"","_bst_post_header":false,"_bst_post_footer":false},"product_brand":[],"product_cat":[1060],"product_tag":[1062,1182,1063,1064,1067,1068,1211,1071,1074,1075,1076,1077,1078,1079,1155,1080,1176,1177,1081,1082,1157,1083,1084,1085,1158,1086,1159,1088,1089,1090,1224,1092,1093,1097,1098,1099,1100,1101,1102,1104,1226,1178,1165,1105,1228,1106,1107,1229,1111,1114,1116,1117,1118,1119,1167,1170,1254,1133,1135,1136,1137,1138,1139,1140,1142,1415,1144,1145,1230,1206,1172,1173,1174,1175,1146,1149],"product_brands":[],"class_list":{"0":"post-35947","1":"product","2":"type-product","3":"status-publish","4":"has-post-thumbnail","6":"product_cat-empresas-en-mexico","7":"product_tag-b2c-email-database","8":"product_tag-base-de-datos","9":"product_tag-base-de-datos-campana-de-email-marketing","10":"product_tag-base-de-datos-campanas-de-email-marketing","11":"product_tag-base-de-datos-correo-masivo","12":"product_tag-base-de-datos-correo-masivos","13":"product_tag-base-de-datos-de-empresas-b2b","14":"product_tag-base-de-datos-direct-e-mail-marketing","15":"product_tag-base-de-datos-email-marketer","16":"product_tag-base-de-datos-email-marketing","17":"product_tag-base-de-datos-email-masivos","18":"product_tag-base-de-datos-email-publicidad","19":"product_tag-base-de-datos-email-publicitario","20":"product_tag-base-de-datos-emailing","21":"product_tag-base-de-datos-empresas","22":"product_tag-base-de-datos-empresas-de-email-marketing","23":"product_tag-base-de-datos-encargados","24":"product_tag-base-de-datos-encargados-de-compras","25":"product_tag-base-de-datos-enviar-email-masivo","26":"product_tag-base-de-datos-envio-de-email-masivo","27":"product_tag-base-de-datos-envio-masivo","28":"product_tag-base-de-datos-envio-masivo-correo","29":"product_tag-base-de-datos-envio-masivo-correos","30":"product_tag-base-de-datos-envio-masivo-de-emails","31":"product_tag-base-de-datos-envio-masivos","32":"product_tag-base-de-datos-envios-de-correo-masivos","33":"product_tag-base-de-datos-envios-masivos","34":"product_tag-base-de-datos-marketing","35":"product_tag-base-de-datos-marketing-por-e-mail","36":"product_tag-base-de-datos-marketing-por-email","37":"product_tag-base-de-datos-nivel-nacional","38":"product_tag-base-de-datos-para-marketing","39":"product_tag-base-de-datos-publicidad-por-email","40":"product_tag-bases-de-datos-correos","41":"product_tag-bases-de-datos-correos-electronicos","42":"product_tag-bases-de-datos-de-emails","43":"product_tag-bases-de-datos-de-marketing","44":"product_tag-bases-de-datos-de-telefonos","45":"product_tag-bases-de-datos-email","46":"product_tag-bases-de-datos-emailing","47":"product_tag-bases-de-datos-emails","48":"product_tag-bases-de-datos-industrias","49":"product_tag-bases-de-datos-mailing","50":"product_tag-bases-de-datos-numeros-de-telefonos","51":"product_tag-bases-de-datos-para-ventas","52":"product_tag-bases-de-datos-telefono","53":"product_tag-bases-de-datos-telefonos-fijos","54":"product_tag-big-corporates-database","55":"product_tag-business-email-database","56":"product_tag-business-mailing-database","57":"product_tag-buy-email-database","58":"product_tag-buy-email-list","59":"product_tag-buy-email-list-database","60":"product_tag-company-database","61":"product_tag-company-email-address-list","62":"product_tag-database","63":"product_tag-databases","64":"product_tag-email-address-list","65":"product_tag-email-lists","66":"product_tag-email-marketing-list","67":"product_tag-list-of-email-addresses","68":"product_tag-lista-de-correos","69":"product_tag-lista-de-correos-electronicos","70":"product_tag-mail-marketing","71":"product_tag-mailing-list","72":"product_tag-mantenimiento","73":"product_tag-marketing-correo-electronico","74":"product_tag-marketing-lists","75":"product_tag-national-database","76":"product_tag-phone","77":"product_tag-phone-database","78":"product_tag-phone-lists","79":"product_tag-phone-number","80":"product_tag-phone-number-list","81":"product_tag-publicidad-por-base-de-datos-correo-electronico","82":"product_tag-telefono","84":"first","85":"instock","86":"sale","87":"shipping-taxable","88":"purchasable","89":"product-type-simple","90":"entry","91":"content-bg","92":"loop-entry"},"aioseo_notices":[],"_links":{"self":[{"href":"https:\/\/edirectorios.com.mx\/directorios-latinoamerica\/wp-json\/wp\/v2\/product\/35947","targetHints":{"allow":["GET"]}}],"collection":[{"href":"https:\/\/edirectorios.com.mx\/directorios-latinoamerica\/wp-json\/wp\/v2\/product"}],"about":[{"href":"https:\/\/edirectorios.com.mx\/directorios-latinoamerica\/wp-json\/wp\/v2\/types\/product"}],"version-history":[{"count":1,"href":"https:\/\/edirectorios.com.mx\/directorios-latinoamerica\/wp-json\/wp\/v2\/product\/35947\/revisions"}],"predecessor-version":[{"id":35996,"href":"https:\/\/edirectorios.com.mx\/directorios-latinoamerica\/wp-json\/wp\/v2\/product\/35947\/revisions\/35996"}],"wp:featuredmedia":[{"embeddable":true,"href":"https:\/\/edirectorios.com.mx\/directorios-latinoamerica\/wp-json\/wp\/v2\/media\/31013"}],"wp:attachment":[{"href":"https:\/\/edirectorios.com.mx\/directorios-latinoamerica\/wp-json\/wp\/v2\/media?parent=35947"}],"wp:term":[{"taxonomy":"product_brand","embeddable":true,"href":"https:\/\/edirectorios.com.mx\/directorios-latinoamerica\/wp-json\/wp\/v2\/product_brand?post=35947"},{"taxonomy":"product_cat","embeddable":true,"href":"https:\/\/edirectorios.com.mx\/directorios-latinoamerica\/wp-json\/wp\/v2\/product_cat?post=35947"},{"taxonomy":"product_tag","embeddable":true,"href":"https:\/\/edirectorios.com.mx\/directorios-latinoamerica\/wp-json\/wp\/v2\/product_tag?post=35947"},{"taxonomy":"product_brands","embeddable":true,"href":"https:\/\/edirectorios.com.mx\/directorios-latinoamerica\/wp-json\/wp\/v2\/product_brands?post=35947"}],"curies":[{"name":"wp","href":"https:\/\/api.w.org\/{rel}","templated":true}]}}