{"id":35929,"date":"2025-12-12T17:13:34","date_gmt":"2025-12-12T17:13:34","guid":{"rendered":"https:\/\/edirectorios.com.mx\/directorios-latinoamerica\/?post_type=product&#038;p=35929"},"modified":"2025-12-12T17:14:41","modified_gmt":"2025-12-12T17:14:41","slug":"personal-jubilado-y-o-pensionado-del-imss-y-o-issste-en-las-ciudades-de-culiacan-sinaloa-y-durango-durango","status":"publish","type":"product","link":"https:\/\/edirectorios.com.mx\/directorios-latinoamerica\/product\/personal-jubilado-y-o-pensionado-del-imss-y-o-issste-en-las-ciudades-de-culiacan-sinaloa-y-durango-durango\/","title":{"rendered":"Personal jubilado y\/o pensionado del IMSS y\/o ISSSTE, en las ciudades de Culiac\u00e1n, Sinaloa y Durango, Durango."},"content":{"rendered":"","protected":false},"excerpt":{"rendered":"<p>&nbsp;<\/p>\n<div class=\"row\">\n<div class=\"col-sm\"><strong>C\u00f3digo:<\/strong> <strong class=\"text-danger\">WJBM-T4<\/strong><\/div>\n<div class=\"col-sm\"><strong>N\u00famero de registros: <\/strong>300<\/div>\n<\/div>\n<div class=\"row\">\n<div class=\"col-sm \"><strong>Folio: <\/strong><span class=\"text-danger\">03DIVH0716-101<\/span><\/div>\n<\/div>\n<p><strong>Segmentaci\u00f3n:<\/strong><\/p>\n<div class=\"row\">\n<div class=\"col-sm \">Personal jubilado y\/o pensionado del IMSS y\/o ISSSTE que a\u00fan est\u00e9n en condiciones de laborar, en las ciudades de Culiac\u00e1n, Sinaloa y Durango, Durango.<\/div>\n<\/div>\n<p><strong>Campos Contenidos:<\/strong><\/p>\n<div class=\"row\">\n<div class=\"col-sm \">Nombre completo \/ Sexo \/ NSE \/ Direcci\u00f3n \/ Ciudad \/ Estado \/ Celular \/ Email.<\/div>\n<\/div>\n<div class=\"row\">\n<div class=\"col-sm\"><strong>Garant\u00eda: <\/strong>80%-85% <strong>Precio Original: <\/strong><del>$253 USD<\/del> <strong>Descuento Especial: <\/strong><strong class=\"text-danger\">20%<\/strong><\/div>\n<\/div>\n<div class=\"row\">\n<div class=\"col text-center\"><strong>Total a Pagar: <\/strong><strong class=\"text-danger\">$202 USD<\/strong><\/div>\n<\/div>\n","protected":false},"featured_media":31224,"template":"","meta":{"_bst_post_transparent":"","_bst_post_title":"","_bst_post_layout":"","_bst_post_sidebar_id":"","_bst_post_content_style":"","_bst_post_vertical_padding":"","_bst_post_feature":"","_bst_post_feature_position":"","_bst_post_header":false,"_bst_post_footer":false},"product_brand":[],"product_cat":[1180],"product_tag":[1062,1182,1063,1064,1404,1067,1068,1338,1207,1294,1405,1071,1425,1074,1075,1076,1077,1078,1079,1081,1082,1157,1083,1084,1085,1158,1086,1159,1088,1089,1090,1295,1092,1093,1316,1406,1097,1098,1099,1100,1102,1104,1226,1165,1228,1116,1117,1118,1170,1133,1135,1136,1137,1138,1139,1296,1140,1142,1144,1145,1407,1297,1298,1299,1300,1301,1302,1303,1146],"product_brands":[],"class_list":{"0":"post-35929","1":"product","2":"type-product","3":"status-publish","4":"has-post-thumbnail","6":"product_cat-personas-en-mexico","7":"product_tag-b2c-email-database","8":"product_tag-base-de-datos","9":"product_tag-base-de-datos-campana-de-email-marketing","10":"product_tag-base-de-datos-campanas-de-email-marketing","11":"product_tag-base-de-datos-celulares","12":"product_tag-base-de-datos-correo-masivo","13":"product_tag-base-de-datos-correo-masivos","14":"product_tag-base-de-datos-culiacan","15":"product_tag-base-de-datos-de-nse","16":"product_tag-base-de-datos-de-numeros-celulares","17":"product_tag-base-de-datos-de-telefonos-moviles","18":"product_tag-base-de-datos-direct-e-mail-marketing","19":"product_tag-base-de-datos-durango","20":"product_tag-base-de-datos-email-marketer","21":"product_tag-base-de-datos-email-marketing","22":"product_tag-base-de-datos-email-masivos","23":"product_tag-base-de-datos-email-publicidad","24":"product_tag-base-de-datos-email-publicitario","25":"product_tag-base-de-datos-emailing","26":"product_tag-base-de-datos-enviar-email-masivo","27":"product_tag-base-de-datos-envio-de-email-masivo","28":"product_tag-base-de-datos-envio-masivo","29":"product_tag-base-de-datos-envio-masivo-correo","30":"product_tag-base-de-datos-envio-masivo-correos","31":"product_tag-base-de-datos-envio-masivo-de-emails","32":"product_tag-base-de-datos-envio-masivos","33":"product_tag-base-de-datos-envios-de-correo-masivos","34":"product_tag-base-de-datos-envios-masivos","35":"product_tag-base-de-datos-marketing","36":"product_tag-base-de-datos-marketing-por-e-mail","37":"product_tag-base-de-datos-marketing-por-email","38":"product_tag-base-de-datos-numeros-de-telefonos-celulares","39":"product_tag-base-de-datos-para-marketing","40":"product_tag-base-de-datos-publicidad-por-email","41":"product_tag-base-de-datos-sinaloa","42":"product_tag-base-de-datos-telefonos-moviles","43":"product_tag-bases-de-datos-correos","44":"product_tag-bases-de-datos-correos-electronicos","45":"product_tag-bases-de-datos-de-emails","46":"product_tag-bases-de-datos-de-marketing","47":"product_tag-bases-de-datos-email","48":"product_tag-bases-de-datos-emailing","49":"product_tag-bases-de-datos-emails","50":"product_tag-bases-de-datos-mailing","51":"product_tag-bases-de-datos-para-ventas","52":"product_tag-buy-email-database","53":"product_tag-buy-email-list","54":"product_tag-buy-email-list-database","55":"product_tag-database","56":"product_tag-email-address-list","57":"product_tag-email-lists","58":"product_tag-email-marketing-list","59":"product_tag-list-of-email-addresses","60":"product_tag-lista-de-correos","61":"product_tag-lista-de-correos-electronicos","62":"product_tag-lista-de-numeros-de-telefonos-celulares","63":"product_tag-mail-marketing","64":"product_tag-mailing-list","65":"product_tag-marketing-correo-electronico","66":"product_tag-marketing-lists","67":"product_tag-mobile","68":"product_tag-mobile-database","69":"product_tag-mobile-directory","70":"product_tag-mobile-list","71":"product_tag-mobile-number-database","72":"product_tag-mobile-number-list","73":"product_tag-mobile-phone-number","74":"product_tag-numeros-de-telefonos-celulares","75":"product_tag-publicidad-por-base-de-datos-correo-electronico","77":"first","78":"instock","79":"sale","80":"virtual","81":"purchasable","82":"product-type-simple","83":"entry","84":"content-bg","85":"loop-entry"},"aioseo_notices":[],"_links":{"self":[{"href":"https:\/\/edirectorios.com.mx\/directorios-latinoamerica\/wp-json\/wp\/v2\/product\/35929","targetHints":{"allow":["GET"]}}],"collection":[{"href":"https:\/\/edirectorios.com.mx\/directorios-latinoamerica\/wp-json\/wp\/v2\/product"}],"about":[{"href":"https:\/\/edirectorios.com.mx\/directorios-latinoamerica\/wp-json\/wp\/v2\/types\/product"}],"version-history":[{"count":1,"href":"https:\/\/edirectorios.com.mx\/directorios-latinoamerica\/wp-json\/wp\/v2\/product\/35929\/revisions"}],"predecessor-version":[{"id":35979,"href":"https:\/\/edirectorios.com.mx\/directorios-latinoamerica\/wp-json\/wp\/v2\/product\/35929\/revisions\/35979"}],"wp:featuredmedia":[{"embeddable":true,"href":"https:\/\/edirectorios.com.mx\/directorios-latinoamerica\/wp-json\/wp\/v2\/media\/31224"}],"wp:attachment":[{"href":"https:\/\/edirectorios.com.mx\/directorios-latinoamerica\/wp-json\/wp\/v2\/media?parent=35929"}],"wp:term":[{"taxonomy":"product_brand","embeddable":true,"href":"https:\/\/edirectorios.com.mx\/directorios-latinoamerica\/wp-json\/wp\/v2\/product_brand?post=35929"},{"taxonomy":"product_cat","embeddable":true,"href":"https:\/\/edirectorios.com.mx\/directorios-latinoamerica\/wp-json\/wp\/v2\/product_cat?post=35929"},{"taxonomy":"product_tag","embeddable":true,"href":"https:\/\/edirectorios.com.mx\/directorios-latinoamerica\/wp-json\/wp\/v2\/product_tag?post=35929"},{"taxonomy":"product_brands","embeddable":true,"href":"https:\/\/edirectorios.com.mx\/directorios-latinoamerica\/wp-json\/wp\/v2\/product_brands?post=35929"}],"curies":[{"name":"wp","href":"https:\/\/api.w.org\/{rel}","templated":true}]}}