{"id":35898,"date":"2025-12-12T17:13:07","date_gmt":"2025-12-12T17:13:07","guid":{"rendered":"https:\/\/edirectorios.com.mx\/directorios-latinoamerica\/?post_type=product&#038;p=35898"},"modified":"2025-12-12T17:13:54","modified_gmt":"2025-12-12T17:13:54","slug":"empresas-de-apps-tiendas-en-linea-e-instituciones-educativas-que-facturen-mas-de-5-millones-de-pesos-al-mes-en-ciudad-de-mexico-y-zona-del-bajio","status":"publish","type":"product","link":"https:\/\/edirectorios.com.mx\/directorios-latinoamerica\/product\/empresas-de-apps-tiendas-en-linea-e-instituciones-educativas-que-facturen-mas-de-5-millones-de-pesos-al-mes-en-ciudad-de-mexico-y-zona-del-bajio\/","title":{"rendered":"Empresas de  APPS, Tiendas en l\u00ednea e instituciones educativas   que facturen m\u00e1s de 5 millones de pesos al mes en Ciudad de M\u00e9xico y zona del baj\u00edo."},"content":{"rendered":"","protected":false},"excerpt":{"rendered":"<p>&nbsp;<\/p>\n<div class=\"row\">\n<div class=\"col-sm\"><strong>C\u00f3digo:<\/strong> <strong class=\"text-danger\">QBGF-D0<\/strong><\/div>\n<div class=\"col-sm\"><strong>N\u00famero de registros: <\/strong>250<\/div>\n<\/div>\n<div class=\"row\">\n<div class=\"col-sm \"><strong>Folio: <\/strong><span class=\"text-danger\">PF0920B002<\/span><\/div>\n<\/div>\n<p><strong>Segmentaci\u00f3n:<\/strong><\/p>\n<div class=\"row\">\n<div class=\"col-sm \">Empresas que facturen por lo menos $40 millones USD al a\u00f1o de las industrias de: farmac\u00e9utica, retail, consumo e industria qu\u00edmica (tentativamente 25% de cada industria) a Nivel Nacional.<\/div>\n<\/div>\n<p><strong>Campos Contenidos:<\/strong><\/p>\n<div class=\"row\">\n<div class=\"col-sm \">Empresa \/ Giro \/ Direcci\u00f3n \/ Ciudad \/ Estado \/ Contacto \/ Puesto: Encargado de Cobranza o Finanzas o Marketing\/ Tel\u00e9fono \/ Email \/ P\u00e1gina web*opcional.<\/div>\n<\/div>\n<div class=\"row\">\n<div class=\"col-sm\"><strong>Garant\u00eda: <\/strong>80%-85% <strong>Precio Original: <\/strong><del>$135 USD<\/del> <strong>Descuento Especial: <\/strong><strong class=\"text-danger\">20%<\/strong><\/div>\n<\/div>\n<div class=\"row\">\n<div class=\"col text-center\"><strong>Total a Pagar: <\/strong><strong class=\"text-danger\">$108 USD<\/strong><\/div>\n<\/div>\n","protected":false},"featured_media":31043,"template":"","meta":{"_bst_post_transparent":"","_bst_post_title":"","_bst_post_layout":"","_bst_post_sidebar_id":"","_bst_post_content_style":"","_bst_post_vertical_padding":"","_bst_post_feature":"","_bst_post_feature_position":"","_bst_post_header":false,"_bst_post_footer":false},"product_brand":[],"product_cat":[1278,1060,1277],"product_tag":[1062,1182,1063,1064,1066,1067,1068,1071,1073,1074,1075,1076,1077,1078,1079,1155,1080,1176,1081,1156,1082,1083,1084,1085,1086,1214,1335,1162,1088,1089,1090,1224,1092,1093,1365,1097,1098,1099,1100,1101,1102,1103,1104,1178,1105,1106,1107,1229,1109,1110,1111,1112,1113,1114,1115,1116,1117,1118,1166,1119,1120,1121,1122,1123,1124,1170,1132,1133,1134,1136,1171,1137,1138,1139,1140,1141,1142,1143,1144,1145,1206,1172,1173,1174,1175,1146,1148],"product_brands":[],"class_list":{"0":"post-35898","1":"product","2":"type-product","3":"status-publish","4":"has-post-thumbnail","6":"product_cat-ciudad-de-mexico","7":"product_cat-empresas-en-mexico","8":"product_cat-zonas-mas-solicitadas","9":"product_tag-b2c-email-database","10":"product_tag-base-de-datos","11":"product_tag-base-de-datos-campana-de-email-marketing","12":"product_tag-base-de-datos-campanas-de-email-marketing","13":"product_tag-base-de-datos-ciudad-de-mexico","14":"product_tag-base-de-datos-correo-masivo","15":"product_tag-base-de-datos-correo-masivos","16":"product_tag-base-de-datos-direct-e-mail-marketing","17":"product_tag-base-de-datos-e-mail-marketing","18":"product_tag-base-de-datos-email-marketer","19":"product_tag-base-de-datos-email-marketing","20":"product_tag-base-de-datos-email-masivos","21":"product_tag-base-de-datos-email-publicidad","22":"product_tag-base-de-datos-email-publicitario","23":"product_tag-base-de-datos-emailing","24":"product_tag-base-de-datos-empresas","25":"product_tag-base-de-datos-empresas-de-email-marketing","26":"product_tag-base-de-datos-encargados","27":"product_tag-base-de-datos-enviar-email-masivo","28":"product_tag-base-de-datos-enviar-mailing","29":"product_tag-base-de-datos-envio-de-email-masivo","30":"product_tag-base-de-datos-envio-masivo-correo","31":"product_tag-base-de-datos-envio-masivo-correos","32":"product_tag-base-de-datos-envio-masivo-de-emails","33":"product_tag-base-de-datos-envios-de-correo-masivos","34":"product_tag-base-de-datos-farmaceutica","35":"product_tag-base-de-datos-finanzas","36":"product_tag-base-de-datos-mailing-masivo","37":"product_tag-base-de-datos-marketing","38":"product_tag-base-de-datos-marketing-por-e-mail","39":"product_tag-base-de-datos-marketing-por-email","40":"product_tag-base-de-datos-nivel-nacional","41":"product_tag-base-de-datos-para-marketing","42":"product_tag-base-de-datos-publicidad-por-email","43":"product_tag-base-de-datos-retail","44":"product_tag-bases-de-datos-correos","45":"product_tag-bases-de-datos-correos-electronicos","46":"product_tag-bases-de-datos-de-emails","47":"product_tag-bases-de-datos-de-marketing","48":"product_tag-bases-de-datos-de-telefonos","49":"product_tag-bases-de-datos-email","50":"product_tag-bases-de-datos-email-empresas","51":"product_tag-bases-de-datos-emailing","52":"product_tag-bases-de-datos-industrias","53":"product_tag-bases-de-datos-numeros-de-telefonos","54":"product_tag-bases-de-datos-telefono","55":"product_tag-bases-de-datos-telefonos-fijos","56":"product_tag-big-corporates-database","57":"product_tag-business-contact-lists","58":"product_tag-business-directory","59":"product_tag-business-email-database","60":"product_tag-business-email-list","61":"product_tag-business-email-lists","62":"product_tag-business-mailing-database","63":"product_tag-business-mailing-lists","64":"product_tag-buy-email-database","65":"product_tag-buy-email-list","66":"product_tag-buy-email-list-database","67":"product_tag-companies-email-address-list","68":"product_tag-company-database","69":"product_tag-correo-de-empresas","70":"product_tag-correos-de-empresas","71":"product_tag-correos-electronicos-de-empresas","72":"product_tag-correos-electronicos-empresas","73":"product_tag-correos-empresariales","74":"product_tag-database","75":"product_tag-e-mail-database","76":"product_tag-email-address-list","77":"product_tag-email-database","78":"product_tag-email-marketing-list","79":"product_tag-email-marketing-mexico","80":"product_tag-list-of-email-addresses","81":"product_tag-lista-de-correos","82":"product_tag-lista-de-correos-electronicos","83":"product_tag-mail-marketing","84":"product_tag-mailing-database","85":"product_tag-mailing-list","86":"product_tag-marketing","87":"product_tag-marketing-correo-electronico","88":"product_tag-marketing-lists","89":"product_tag-phone","90":"product_tag-phone-database","91":"product_tag-phone-lists","92":"product_tag-phone-number","93":"product_tag-phone-number-list","94":"product_tag-publicidad-por-base-de-datos-correo-electronico","95":"product_tag-tele-marketing-list","97":"first","98":"instock","99":"sale","100":"shipping-taxable","101":"purchasable","102":"product-type-simple","103":"entry","104":"content-bg","105":"loop-entry"},"aioseo_notices":[],"_links":{"self":[{"href":"https:\/\/edirectorios.com.mx\/directorios-latinoamerica\/wp-json\/wp\/v2\/product\/35898","targetHints":{"allow":["GET"]}}],"collection":[{"href":"https:\/\/edirectorios.com.mx\/directorios-latinoamerica\/wp-json\/wp\/v2\/product"}],"about":[{"href":"https:\/\/edirectorios.com.mx\/directorios-latinoamerica\/wp-json\/wp\/v2\/types\/product"}],"version-history":[{"count":1,"href":"https:\/\/edirectorios.com.mx\/directorios-latinoamerica\/wp-json\/wp\/v2\/product\/35898\/revisions"}],"predecessor-version":[{"id":35941,"href":"https:\/\/edirectorios.com.mx\/directorios-latinoamerica\/wp-json\/wp\/v2\/product\/35898\/revisions\/35941"}],"wp:featuredmedia":[{"embeddable":true,"href":"https:\/\/edirectorios.com.mx\/directorios-latinoamerica\/wp-json\/wp\/v2\/media\/31043"}],"wp:attachment":[{"href":"https:\/\/edirectorios.com.mx\/directorios-latinoamerica\/wp-json\/wp\/v2\/media?parent=35898"}],"wp:term":[{"taxonomy":"product_brand","embeddable":true,"href":"https:\/\/edirectorios.com.mx\/directorios-latinoamerica\/wp-json\/wp\/v2\/product_brand?post=35898"},{"taxonomy":"product_cat","embeddable":true,"href":"https:\/\/edirectorios.com.mx\/directorios-latinoamerica\/wp-json\/wp\/v2\/product_cat?post=35898"},{"taxonomy":"product_tag","embeddable":true,"href":"https:\/\/edirectorios.com.mx\/directorios-latinoamerica\/wp-json\/wp\/v2\/product_tag?post=35898"},{"taxonomy":"product_brands","embeddable":true,"href":"https:\/\/edirectorios.com.mx\/directorios-latinoamerica\/wp-json\/wp\/v2\/product_brands?post=35898"}],"curies":[{"name":"wp","href":"https:\/\/api.w.org\/{rel}","templated":true}]}}