{"id":35893,"date":"2025-12-12T17:13:07","date_gmt":"2025-12-12T17:13:07","guid":{"rendered":"https:\/\/edirectorios.com.mx\/directorios-latinoamerica\/?post_type=product&#038;p=35893"},"modified":"2025-12-12T17:13:44","modified_gmt":"2025-12-12T17:13:44","slug":"empresas-con-mas-de-30-empleados-dedicadas-a-la-cria-y-explotacion-de-animales-en-ciudad-de-mexico-estado-de-mexico-jalisco-nuevo-leon-etc","status":"publish","type":"product","link":"https:\/\/edirectorios.com.mx\/directorios-latinoamerica\/product\/empresas-con-mas-de-30-empleados-dedicadas-a-la-cria-y-explotacion-de-animales-en-ciudad-de-mexico-estado-de-mexico-jalisco-nuevo-leon-etc\/","title":{"rendered":"Empresas con m\u00e1s de 30 empleados dedicadas a la cr\u00eda y explotaci\u00f3n de animales en: Ciudad de M\u00e9xico, Estado de M\u00e9xico, Jalisco, Nuevo Le\u00f3n etc."},"content":{"rendered":"","protected":false},"excerpt":{"rendered":"<p>&nbsp;<\/p>\n<div class=\"row\">\n<div class=\"col-sm\"><strong>C\u00f3digo:<\/strong> <strong class=\"text-danger\">BMDD-K4<\/strong><\/div>\n<div class=\"col-sm\"><strong>N\u00famero de registros: <\/strong>250<\/div>\n<\/div>\n<div class=\"row\">\n<div class=\"col-sm \"><strong>Folio: <\/strong><span class=\"text-danger\">AC0121B023<\/span><\/div>\n<\/div>\n<p><strong>Segmentaci\u00f3n:<\/strong><\/p>\n<div class=\"row\">\n<div class=\"col-sm \">Empresas con m\u00e1s de 30 empleados dedicadas a la cr\u00eda y explotaci\u00f3n de animales en: Ciudad de M\u00e9xico, Estado de M\u00e9xico, Jalisco, Nuevo Le\u00f3n, Veracruz, Guanajuato, Coahuila, Puebla, Chihuahua, Sonora, Baja California, San Luis Potos\u00ed, Aguascalientes, Guanajuato, Colima, Michoac\u00e1n, Quintana Roo, Oaxaca, Yucat\u00e1n.<\/div>\n<\/div>\n<p><strong>Campos Contenidos:<\/strong><\/p>\n<div class=\"row\">\n<div class=\"col-sm \">Empresa \/ Giro \/ Direcci\u00f3n \/ Ciudad \/ Estado \/ Contacto \/ Puesto: Gerente de Producci\u00f3n o Gerente general o Director General \/ Tel\u00e9fono \/ Email \/ P\u00e1gina web*opcional\/P\u00e1gina de Facebook *opcional<\/div>\n<\/div>\n<div class=\"row\">\n<div class=\"col-sm\"><strong>Garant\u00eda: <\/strong>80%-85% <strong>Precio Original: <\/strong><del>$126 USD<\/del> <strong>Descuento Especial: <\/strong><strong class=\"text-danger\">20%<\/strong><\/div>\n<\/div>\n<div class=\"row\">\n<div class=\"col text-center\"><strong>Total a Pagar: <\/strong><strong class=\"text-danger\">$101 USD<\/strong><\/div>\n<\/div>\n","protected":false},"featured_media":31013,"template":"","meta":{"_bst_post_transparent":"","_bst_post_title":"","_bst_post_layout":"","_bst_post_sidebar_id":"","_bst_post_content_style":"","_bst_post_vertical_padding":"","_bst_post_feature":"","_bst_post_feature_position":"","_bst_post_header":false,"_bst_post_footer":false},"product_brand":[],"product_cat":[1060],"product_tag":[1062,1182,1306,1183,1063,1064,1315,1066,1268,1067,1068,1069,1211,1070,1071,1074,1075,1076,1077,1078,1079,1155,1080,1081,1082,1157,1083,1084,1085,1158,1086,1159,1087,1160,1269,1088,1089,1090,1188,1091,1092,1093,1357,1217,1271,1095,1317,1097,1098,1099,1100,1101,1102,1104,1226,1179,1165,1105,1228,1106,1107,1108,1229,1111,1114,1116,1117,1118,1119,1167,1170,1254,1133,1135,1136,1137,1138,1139,1140,1142,1144,1145,1205,1206,1172,1173,1174,1175,1146,1149],"product_brands":[],"class_list":{"0":"post-35893","1":"product","2":"type-product","3":"status-publish","4":"has-post-thumbnail","6":"product_cat-empresas-en-mexico","7":"product_tag-b2c-email-database","8":"product_tag-base-de-datos","9":"product_tag-base-de-datos-aguascalientes","10":"product_tag-base-de-datos-baja-california","11":"product_tag-base-de-datos-campana-de-email-marketing","12":"product_tag-base-de-datos-campanas-de-email-marketing","13":"product_tag-base-de-datos-chihuahua","14":"product_tag-base-de-datos-ciudad-de-mexico","15":"product_tag-base-de-datos-coahuila","16":"product_tag-base-de-datos-correo-masivo","17":"product_tag-base-de-datos-correo-masivos","18":"product_tag-base-de-datos-de-director-general","19":"product_tag-base-de-datos-de-empresas-b2b","20":"product_tag-base-de-datos-de-empresas-puebla","21":"product_tag-base-de-datos-direct-e-mail-marketing","22":"product_tag-base-de-datos-email-marketer","23":"product_tag-base-de-datos-email-marketing","24":"product_tag-base-de-datos-email-masivos","25":"product_tag-base-de-datos-email-publicidad","26":"product_tag-base-de-datos-email-publicitario","27":"product_tag-base-de-datos-emailing","28":"product_tag-base-de-datos-empresas","29":"product_tag-base-de-datos-empresas-de-email-marketing","30":"product_tag-base-de-datos-enviar-email-masivo","31":"product_tag-base-de-datos-envio-de-email-masivo","32":"product_tag-base-de-datos-envio-masivo","33":"product_tag-base-de-datos-envio-masivo-correo","34":"product_tag-base-de-datos-envio-masivo-correos","35":"product_tag-base-de-datos-envio-masivo-de-emails","36":"product_tag-base-de-datos-envio-masivos","37":"product_tag-base-de-datos-envios-de-correo-masivos","38":"product_tag-base-de-datos-envios-masivos","39":"product_tag-base-de-datos-estado-de-mexico","40":"product_tag-base-de-datos-gerente","41":"product_tag-base-de-datos-guanajuato","42":"product_tag-base-de-datos-marketing","43":"product_tag-base-de-datos-marketing-por-e-mail","44":"product_tag-base-de-datos-marketing-por-email","45":"product_tag-base-de-datos-nuevo-leon","46":"product_tag-base-de-datos-oaxaca","47":"product_tag-base-de-datos-para-marketing","48":"product_tag-base-de-datos-publicidad-por-email","49":"product_tag-base-de-datos-quintana-roo","50":"product_tag-base-de-datos-san-luis-potosi","51":"product_tag-base-de-datos-sonora","52":"product_tag-base-de-datos-veracruz","53":"product_tag-base-de-datos-yucatan","54":"product_tag-bases-de-datos-correos","55":"product_tag-bases-de-datos-correos-electronicos","56":"product_tag-bases-de-datos-de-emails","57":"product_tag-bases-de-datos-de-marketing","58":"product_tag-bases-de-datos-de-telefonos","59":"product_tag-bases-de-datos-email","60":"product_tag-bases-de-datos-emailing","61":"product_tag-bases-de-datos-emails","62":"product_tag-bases-de-datos-jalisco","63":"product_tag-bases-de-datos-mailing","64":"product_tag-bases-de-datos-numeros-de-telefonos","65":"product_tag-bases-de-datos-para-ventas","66":"product_tag-bases-de-datos-telefono","67":"product_tag-bases-de-datos-telefonos-fijos","68":"product_tag-bases-de-datos-veracruz","69":"product_tag-big-corporates-database","70":"product_tag-business-email-database","71":"product_tag-business-mailing-database","72":"product_tag-buy-email-database","73":"product_tag-buy-email-list","74":"product_tag-buy-email-list-database","75":"product_tag-company-database","76":"product_tag-company-email-address-list","77":"product_tag-database","78":"product_tag-databases","79":"product_tag-email-address-list","80":"product_tag-email-lists","81":"product_tag-email-marketing-list","82":"product_tag-list-of-email-addresses","83":"product_tag-lista-de-correos","84":"product_tag-lista-de-correos-electronicos","85":"product_tag-mail-marketing","86":"product_tag-mailing-list","87":"product_tag-marketing-correo-electronico","88":"product_tag-marketing-lists","89":"product_tag-nuevo-leon-database","90":"product_tag-phone","91":"product_tag-phone-database","92":"product_tag-phone-lists","93":"product_tag-phone-number","94":"product_tag-phone-number-list","95":"product_tag-publicidad-por-base-de-datos-correo-electronico","96":"product_tag-telefono","98":"first","99":"instock","100":"sale","101":"shipping-taxable","102":"purchasable","103":"product-type-simple","104":"entry","105":"content-bg","106":"loop-entry"},"aioseo_notices":[],"_links":{"self":[{"href":"https:\/\/edirectorios.com.mx\/directorios-latinoamerica\/wp-json\/wp\/v2\/product\/35893","targetHints":{"allow":["GET"]}}],"collection":[{"href":"https:\/\/edirectorios.com.mx\/directorios-latinoamerica\/wp-json\/wp\/v2\/product"}],"about":[{"href":"https:\/\/edirectorios.com.mx\/directorios-latinoamerica\/wp-json\/wp\/v2\/types\/product"}],"version-history":[{"count":1,"href":"https:\/\/edirectorios.com.mx\/directorios-latinoamerica\/wp-json\/wp\/v2\/product\/35893\/revisions"}],"predecessor-version":[{"id":35936,"href":"https:\/\/edirectorios.com.mx\/directorios-latinoamerica\/wp-json\/wp\/v2\/product\/35893\/revisions\/35936"}],"wp:featuredmedia":[{"embeddable":true,"href":"https:\/\/edirectorios.com.mx\/directorios-latinoamerica\/wp-json\/wp\/v2\/media\/31013"}],"wp:attachment":[{"href":"https:\/\/edirectorios.com.mx\/directorios-latinoamerica\/wp-json\/wp\/v2\/media?parent=35893"}],"wp:term":[{"taxonomy":"product_brand","embeddable":true,"href":"https:\/\/edirectorios.com.mx\/directorios-latinoamerica\/wp-json\/wp\/v2\/product_brand?post=35893"},{"taxonomy":"product_cat","embeddable":true,"href":"https:\/\/edirectorios.com.mx\/directorios-latinoamerica\/wp-json\/wp\/v2\/product_cat?post=35893"},{"taxonomy":"product_tag","embeddable":true,"href":"https:\/\/edirectorios.com.mx\/directorios-latinoamerica\/wp-json\/wp\/v2\/product_tag?post=35893"},{"taxonomy":"product_brands","embeddable":true,"href":"https:\/\/edirectorios.com.mx\/directorios-latinoamerica\/wp-json\/wp\/v2\/product_brands?post=35893"}],"curies":[{"name":"wp","href":"https:\/\/api.w.org\/{rel}","templated":true}]}}