{"id":35864,"date":"2025-12-12T17:12:42","date_gmt":"2025-12-12T17:12:42","guid":{"rendered":"https:\/\/edirectorios.com.mx\/directorios-latinoamerica\/?post_type=product&#038;p=35864"},"modified":"2025-12-12T17:13:16","modified_gmt":"2025-12-12T17:13:16","slug":"empresas-privadas-no-gubernamentales-no-personas-fisicas-con-mas-de-100-empleados-en-mexico","status":"publish","type":"product","link":"https:\/\/edirectorios.com.mx\/directorios-latinoamerica\/product\/empresas-privadas-no-gubernamentales-no-personas-fisicas-con-mas-de-100-empleados-en-mexico\/","title":{"rendered":"Empresas privadas (no gubernamentales, no personas f\u00edsicas), con m\u00e1s de 100 empleados, en M\u00e9xico."},"content":{"rendered":"","protected":false},"excerpt":{"rendered":"<p>&nbsp;<\/p>\n<div class=\"row\">\n<div class=\"col-sm\"><strong>C\u00f3digo:<\/strong> <strong class=\"text-danger\"><strong>03ZDAA0121-089 <\/strong><\/strong><\/div>\n<div class=\"col-sm\"><strong>N\u00famero de registros: <\/strong>600<\/div>\n<\/div>\n<div class=\"row\">\n<div class=\"col-sm \"><strong>Folio: <\/strong><span class=\"text-danger\">BHBS-N7<\/span><\/div>\n<\/div>\n<p><strong>Segmentaci\u00f3n:<\/strong><\/p>\n<div class=\"row\">\n<div class=\"col-sm \">Empresas privadas (no gubernamentales, no personas f\u00edsicas), con m\u00e1s de 100 empleados, en M\u00e9xico.<\/div>\n<\/div>\n<p><strong>Campos Contenidos:<\/strong><\/p>\n<div class=\"row\">\n<div class=\"col-sm \">Empresa \/ Giro \/ Ciudad \/ Estado \/ Contacto \/ Puesto: Director General o Socios o Directivos o Gerentes Generales o Tomador de decisi\u00f3n\/ Tel\u00e9fono \/ Email.<\/div>\n<\/div>\n<div class=\"row\">\n<div class=\"col-sm\"><strong>Garant\u00eda: <\/strong>80%-85% <strong>Precio Original: <\/strong><del>$264 USD<\/del> <strong>Descuento Especial: <\/strong><strong class=\"text-danger\">20%<\/strong><\/div>\n<\/div>\n<div class=\"row\">\n<div class=\"col text-center\"><strong>Total a Pagar: <\/strong><strong class=\"text-danger\">$211 USD<\/strong><\/div>\n<\/div>\n","protected":false},"featured_media":31013,"template":"","meta":{"_bst_post_transparent":"","_bst_post_title":"","_bst_post_layout":"","_bst_post_sidebar_id":"","_bst_post_content_style":"","_bst_post_vertical_padding":"","_bst_post_feature":"","_bst_post_feature_position":"","_bst_post_header":false,"_bst_post_footer":false},"product_brand":[],"product_cat":[1060,1221],"product_tag":[1062,1063,1064,1067,1068,1152,1069,1211,1319,1274,1385,1153,1071,1072,1073,1074,1075,1076,1077,1078,1079,1154,1212,1213,1155,1080,1386,1387,1081,1082,1083,1084,1085,1086,1160,1088,1089,1090,1388,1092,1225,1093,1163,1097,1098,1099,1100,1101,1102,1103,1104,1226,1227,1165,1105,1228,1106,1107,1229,1110,1111,1112,1113,1114,1115,1116,1117,1118,1166,1119,1167,1346,1120,1121,1122,1123,1124,1170,1126,1127,1309,1128,1129,1390,1130,1131,1310,1132,1133,1134,1135,1136,1171,1220,1137,1138,1139,1140,1142,1143,1144,1145,1412,1394,1206,1172,1173,1174,1175,1146,1148,1149,1231,1232],"product_brands":[],"class_list":{"0":"post-35864","1":"product","2":"type-product","3":"status-publish","4":"has-post-thumbnail","6":"product_cat-empresas-en-mexico","7":"product_cat-hoteles","8":"product_tag-b2c-email-database","9":"product_tag-base-de-datos-campana-de-email-marketing","10":"product_tag-base-de-datos-campanas-de-email-marketing","11":"product_tag-base-de-datos-correo-masivo","12":"product_tag-base-de-datos-correo-masivos","13":"product_tag-base-de-datos-de-directivos","14":"product_tag-base-de-datos-de-director-general","15":"product_tag-base-de-datos-de-empresas-b2b","16":"product_tag-base-de-datos-de-empresas-con-mas-de-100-empleados","17":"product_tag-base-de-datos-de-empresas-en-mexico","18":"product_tag-base-de-datos-de-mexico","19":"product_tag-base-de-datos-de-tomador-de-decision","20":"product_tag-base-de-datos-direct-e-mail-marketing","21":"product_tag-base-de-datos-director","22":"product_tag-base-de-datos-e-mail-marketing","23":"product_tag-base-de-datos-email-marketer","24":"product_tag-base-de-datos-email-marketing","25":"product_tag-base-de-datos-email-masivos","26":"product_tag-base-de-datos-email-publicidad","27":"product_tag-base-de-datos-email-publicitario","28":"product_tag-base-de-datos-emailing","29":"product_tag-base-de-datos-emails-mexico","30":"product_tag-base-de-datos-empresa","31":"product_tag-base-de-datos-empresarial","32":"product_tag-base-de-datos-empresas","33":"product_tag-base-de-datos-empresas-de-email-marketing","34":"product_tag-base-de-datos-empresas-en-mexico","35":"product_tag-base-de-datos-empresas-mexico","36":"product_tag-base-de-datos-enviar-email-masivo","37":"product_tag-base-de-datos-envio-de-email-masivo","38":"product_tag-base-de-datos-envio-masivo-correo","39":"product_tag-base-de-datos-envio-masivo-correos","40":"product_tag-base-de-datos-envio-masivo-de-emails","41":"product_tag-base-de-datos-envios-de-correo-masivos","42":"product_tag-base-de-datos-gerente","43":"product_tag-base-de-datos-marketing","44":"product_tag-base-de-datos-marketing-por-e-mail","45":"product_tag-base-de-datos-marketing-por-email","46":"product_tag-base-de-datos-mexico","47":"product_tag-base-de-datos-para-marketing","48":"product_tag-base-de-datos-para-ventas","49":"product_tag-base-de-datos-publicidad-por-email","50":"product_tag-base-de-datos-socio","51":"product_tag-bases-de-datos-correos","52":"product_tag-bases-de-datos-correos-electronicos","53":"product_tag-bases-de-datos-de-emails","54":"product_tag-bases-de-datos-de-marketing","55":"product_tag-bases-de-datos-de-telefonos","56":"product_tag-bases-de-datos-email","57":"product_tag-bases-de-datos-email-empresas","58":"product_tag-bases-de-datos-emailing","59":"product_tag-bases-de-datos-emails","60":"product_tag-bases-de-datos-empresariales","61":"product_tag-bases-de-datos-mailing","62":"product_tag-bases-de-datos-numeros-de-telefonos","63":"product_tag-bases-de-datos-para-ventas","64":"product_tag-bases-de-datos-telefono","65":"product_tag-bases-de-datos-telefonos-fijos","66":"product_tag-big-corporates-database","67":"product_tag-business-directory","68":"product_tag-business-email-database","69":"product_tag-business-email-list","70":"product_tag-business-email-lists","71":"product_tag-business-mailing-database","72":"product_tag-business-mailing-lists","73":"product_tag-buy-email-database","74":"product_tag-buy-email-list","75":"product_tag-buy-email-list-database","76":"product_tag-companies-email-address-list","77":"product_tag-company-database","78":"product_tag-company-email-address-list","79":"product_tag-comprar-bases-de-datos-mexico","80":"product_tag-correo-de-empresas","81":"product_tag-correos-de-empresas","82":"product_tag-correos-electronicos-de-empresas","83":"product_tag-correos-electronicos-empresas","84":"product_tag-correos-empresariales","85":"product_tag-database","86":"product_tag-directorio-emailing","87":"product_tag-directorio-empresarial","88":"product_tag-directorio-empresarial-mexico","89":"product_tag-directorio-empresariales","90":"product_tag-directorio-empresas","91":"product_tag-directorio-mexico","92":"product_tag-directorios-de-empresas","93":"product_tag-directorios-empresas","94":"product_tag-directorios-en-mexico","95":"product_tag-e-mail-database","96":"product_tag-email-address-list","97":"product_tag-email-database","98":"product_tag-email-lists","99":"product_tag-email-marketing-list","100":"product_tag-email-marketing-mexico","101":"product_tag-gerentes","102":"product_tag-list-of-email-addresses","103":"product_tag-lista-de-correos","104":"product_tag-lista-de-correos-electronicos","105":"product_tag-mail-marketing","106":"product_tag-mailing-list","107":"product_tag-marketing","108":"product_tag-marketing-correo-electronico","109":"product_tag-marketing-lists","110":"product_tag-marketing-mexico","111":"product_tag-mexico-business-directory","112":"product_tag-phone","113":"product_tag-phone-database","114":"product_tag-phone-lists","115":"product_tag-phone-number","116":"product_tag-phone-number-list","117":"product_tag-publicidad-por-base-de-datos-correo-electronico","118":"product_tag-tele-marketing-list","119":"product_tag-telefono","120":"product_tag-venta-base-de-datos","121":"product_tag-venta-de-base-de-datos-de-empresas","123":"first","124":"instock","125":"sale","126":"virtual","127":"purchasable","128":"product-type-simple","129":"entry","130":"content-bg","131":"loop-entry"},"aioseo_notices":[],"_links":{"self":[{"href":"https:\/\/edirectorios.com.mx\/directorios-latinoamerica\/wp-json\/wp\/v2\/product\/35864","targetHints":{"allow":["GET"]}}],"collection":[{"href":"https:\/\/edirectorios.com.mx\/directorios-latinoamerica\/wp-json\/wp\/v2\/product"}],"about":[{"href":"https:\/\/edirectorios.com.mx\/directorios-latinoamerica\/wp-json\/wp\/v2\/types\/product"}],"version-history":[{"count":1,"href":"https:\/\/edirectorios.com.mx\/directorios-latinoamerica\/wp-json\/wp\/v2\/product\/35864\/revisions"}],"predecessor-version":[{"id":35909,"href":"https:\/\/edirectorios.com.mx\/directorios-latinoamerica\/wp-json\/wp\/v2\/product\/35864\/revisions\/35909"}],"wp:featuredmedia":[{"embeddable":true,"href":"https:\/\/edirectorios.com.mx\/directorios-latinoamerica\/wp-json\/wp\/v2\/media\/31013"}],"wp:attachment":[{"href":"https:\/\/edirectorios.com.mx\/directorios-latinoamerica\/wp-json\/wp\/v2\/media?parent=35864"}],"wp:term":[{"taxonomy":"product_brand","embeddable":true,"href":"https:\/\/edirectorios.com.mx\/directorios-latinoamerica\/wp-json\/wp\/v2\/product_brand?post=35864"},{"taxonomy":"product_cat","embeddable":true,"href":"https:\/\/edirectorios.com.mx\/directorios-latinoamerica\/wp-json\/wp\/v2\/product_cat?post=35864"},{"taxonomy":"product_tag","embeddable":true,"href":"https:\/\/edirectorios.com.mx\/directorios-latinoamerica\/wp-json\/wp\/v2\/product_tag?post=35864"},{"taxonomy":"product_brands","embeddable":true,"href":"https:\/\/edirectorios.com.mx\/directorios-latinoamerica\/wp-json\/wp\/v2\/product_brands?post=35864"}],"curies":[{"name":"wp","href":"https:\/\/api.w.org\/{rel}","templated":true}]}}