{"id":35845,"date":"2025-12-12T17:12:18","date_gmt":"2025-12-12T17:12:18","guid":{"rendered":"https:\/\/edirectorios.com.mx\/directorios-latinoamerica\/?post_type=product&#038;p=35845"},"modified":"2025-12-12T17:13:00","modified_gmt":"2025-12-12T17:13:00","slug":"personas-fisicas-profesionistas-mayores-de-edad-economicamente-activos-que-sean-tarjetahabientes-en-guadalajara-jalisco-monterrey-nuevo-leon-y-ciudad-de-mexico","status":"publish","type":"product","link":"https:\/\/edirectorios.com.mx\/directorios-latinoamerica\/product\/personas-fisicas-profesionistas-mayores-de-edad-economicamente-activos-que-sean-tarjetahabientes-en-guadalajara-jalisco-monterrey-nuevo-leon-y-ciudad-de-mexico\/","title":{"rendered":"Personas f\u00edsicas, Profesionistas, mayores de edad, econ\u00f3micamente activos que sean tarjetahabientes en Guadalajara Jalisco, Monterrey Nuevo Le\u00f3n y ciudad de M\u00e9xico."},"content":{"rendered":"","protected":false},"excerpt":{"rendered":"<p>&nbsp;<\/p>\n<div class=\"row\">\n<div class=\"col-sm\"><strong>C\u00f3digo:<\/strong> <strong class=\"text-danger\">BMHT-R0<\/strong><\/div>\n<div class=\"col-sm\"><strong>N\u00famero de registros: <\/strong>250<\/div>\n<\/div>\n<div class=\"row\">\n<div class=\"col-sm \"><strong>Folio: <\/strong><span class=\"text-danger\">AL0221B036<\/span><\/div>\n<\/div>\n<p><strong>Segmentaci\u00f3n:<\/strong><\/p>\n<div class=\"row\">\n<div class=\"col-sm \">Personas f\u00edsicas, Profesionistas, mayores de edad, econ\u00f3micamente activos que sean tarjetahabientes en Guadalajara Jalisco, Monterrey Nuevo Le\u00f3n y ciudad de M\u00e9xico.<\/div>\n<\/div>\n<p><strong>Campos Contenidos:<\/strong><\/p>\n<div class=\"row\">\n<div class=\"col-sm \">Nombre \/ Direcci\u00f3n \/ Ciudad \/ Estado \/ Celular (Tel\u00e9fono personal)<\/div>\n<\/div>\n<div class=\"row\">\n<div class=\"col-sm\"><strong>Garant\u00eda: <\/strong>80%-85% <strong>Precio Original: <\/strong><del>$87 USD<\/del>\u00a0<strong>Descuento Especial: <\/strong><strong class=\"text-danger\">20%<\/strong><\/div>\n<\/div>\n<div class=\"row\">\n<div class=\"col text-center\"><strong>Total a Pagar: <\/strong><strong class=\"text-danger\">$69 USD<\/strong><\/div>\n<\/div>\n","protected":false},"featured_media":31021,"template":"","meta":{"_bst_post_transparent":"","_bst_post_title":"","_bst_post_layout":"","_bst_post_sidebar_id":"","_bst_post_content_style":"","_bst_post_vertical_padding":"","_bst_post_feature":"","_bst_post_feature_position":"","_bst_post_header":false,"_bst_post_footer":false},"product_brand":[],"product_cat":[1266,1180],"product_tag":[1404,1066,1263,1294,1186,1187,1405,1216,1312,1188,1295,1406,1179,1190,1192,1193,1197,1218,1314,1296,1407,1297,1298,1299,1300,1301,1302,1205,1303,1516],"product_brands":[],"class_list":{"0":"post-35845","1":"product","2":"type-product","3":"status-publish","4":"has-post-thumbnail","6":"product_cat-consumidores","7":"product_cat-personas-en-mexico","8":"product_tag-base-de-datos-celulares","9":"product_tag-base-de-datos-ciudad-de-mexico","10":"product_tag-base-de-datos-consumidores","11":"product_tag-base-de-datos-de-numeros-celulares","12":"product_tag-base-de-datos-de-personas-fisicas","13":"product_tag-base-de-datos-de-tarjetahabientes","14":"product_tag-base-de-datos-de-telefonos-moviles","15":"product_tag-base-de-datos-guadalajara","16":"product_tag-base-de-datos-monterrey","17":"product_tag-base-de-datos-nuevo-leon","18":"product_tag-base-de-datos-numeros-de-telefonos-celulares","19":"product_tag-base-de-datos-telefonos-moviles","20":"product_tag-bases-de-datos-jalisco","21":"product_tag-big-consumer-database","22":"product_tag-consumer-database","23":"product_tag-consumer-directory","24":"product_tag-consumer-list","25":"product_tag-directorios-guadalajara","26":"product_tag-directorios-monterrey","27":"product_tag-lista-de-numeros-de-telefonos-celulares","28":"product_tag-mobile","29":"product_tag-mobile-database","30":"product_tag-mobile-directory","31":"product_tag-mobile-list","32":"product_tag-mobile-number-database","33":"product_tag-mobile-number-list","34":"product_tag-mobile-phone-number","35":"product_tag-nuevo-leon-database","36":"product_tag-numeros-de-telefonos-celulares","37":"product_tag-profesionistas","39":"first","40":"instock","41":"sale","42":"shipping-taxable","43":"purchasable","44":"product-type-simple","45":"entry","46":"content-bg","47":"loop-entry"},"aioseo_notices":[],"_links":{"self":[{"href":"https:\/\/edirectorios.com.mx\/directorios-latinoamerica\/wp-json\/wp\/v2\/product\/35845","targetHints":{"allow":["GET"]}}],"collection":[{"href":"https:\/\/edirectorios.com.mx\/directorios-latinoamerica\/wp-json\/wp\/v2\/product"}],"about":[{"href":"https:\/\/edirectorios.com.mx\/directorios-latinoamerica\/wp-json\/wp\/v2\/types\/product"}],"version-history":[{"count":1,"href":"https:\/\/edirectorios.com.mx\/directorios-latinoamerica\/wp-json\/wp\/v2\/product\/35845\/revisions"}],"predecessor-version":[{"id":35887,"href":"https:\/\/edirectorios.com.mx\/directorios-latinoamerica\/wp-json\/wp\/v2\/product\/35845\/revisions\/35887"}],"wp:featuredmedia":[{"embeddable":true,"href":"https:\/\/edirectorios.com.mx\/directorios-latinoamerica\/wp-json\/wp\/v2\/media\/31021"}],"wp:attachment":[{"href":"https:\/\/edirectorios.com.mx\/directorios-latinoamerica\/wp-json\/wp\/v2\/media?parent=35845"}],"wp:term":[{"taxonomy":"product_brand","embeddable":true,"href":"https:\/\/edirectorios.com.mx\/directorios-latinoamerica\/wp-json\/wp\/v2\/product_brand?post=35845"},{"taxonomy":"product_cat","embeddable":true,"href":"https:\/\/edirectorios.com.mx\/directorios-latinoamerica\/wp-json\/wp\/v2\/product_cat?post=35845"},{"taxonomy":"product_tag","embeddable":true,"href":"https:\/\/edirectorios.com.mx\/directorios-latinoamerica\/wp-json\/wp\/v2\/product_tag?post=35845"},{"taxonomy":"product_brands","embeddable":true,"href":"https:\/\/edirectorios.com.mx\/directorios-latinoamerica\/wp-json\/wp\/v2\/product_brands?post=35845"}],"curies":[{"name":"wp","href":"https:\/\/api.w.org\/{rel}","templated":true}]}}