{"id":35843,"date":"2025-12-12T17:12:18","date_gmt":"2025-12-12T17:12:18","guid":{"rendered":"https:\/\/edirectorios.com.mx\/directorios-latinoamerica\/?post_type=product&#038;p=35843"},"modified":"2025-12-12T17:12:58","modified_gmt":"2025-12-12T17:12:58","slug":"personas-fisicas-de-35-anos-en-adelante-que-tengan-mas-de-20-anos-cotizando-al-imss-en-la-ciudad-de-mexico-y-estado-de-mexico","status":"publish","type":"product","link":"https:\/\/edirectorios.com.mx\/directorios-latinoamerica\/product\/personas-fisicas-de-35-anos-en-adelante-que-tengan-mas-de-20-anos-cotizando-al-imss-en-la-ciudad-de-mexico-y-estado-de-mexico\/","title":{"rendered":"Personas F\u00edsicas, de 35 a\u00f1os en adelante, que tengan m\u00e1s de 20 a\u00f1os cotizando al IMSS, en la Ciudad de M\u00e9xico y Estado de M\u00e9xico"},"content":{"rendered":"","protected":false},"excerpt":{"rendered":"<p>&nbsp;<\/p>\n<div class=\"row\">\n<div class=\"col-sm\"><strong>C\u00f3digo:<\/strong> <strong class=\"text-danger\">EBTB-D9<\/strong><\/div>\n<div class=\"col-sm\"><strong>N\u00famero de registros: <\/strong>300<\/div>\n<\/div>\n<div class=\"row\">\n<div class=\"col-sm \"><strong>Folio: <\/strong><span class=\"text-danger\">03INDS1220-063<\/span><\/div>\n<\/div>\n<p><strong>Segmentaci\u00f3n:<\/strong><\/p>\n<div class=\"row\">\n<div class=\"col-sm \">Personas F\u00edsicas, de 35 a\u00f1os en adelante, econ\u00f3micamente activas y tarjetahabientes, que est\u00e9n laborando actualmente, y que tengan m\u00e1s de 20 a\u00f1os cotizando al IMSS, en la Ciudad de M\u00e9xico y Estado de M\u00e9xico.<\/div>\n<\/div>\n<p><strong>Campos Contenidos:<\/strong><\/p>\n<div class=\"row\">\n<div class=\"col-sm \">Nombre \/ Estado \/ Rango de edad \/ Celular.<\/div>\n<\/div>\n<div class=\"row\">\n<div class=\"col-sm\"><strong>Garant\u00eda: <\/strong>80%-85% <strong>Precio Original: <\/strong><del>$153 USD<\/del> <strong>Descuento Especial: <\/strong><strong class=\"text-danger\">20%<\/strong><\/div>\n<\/div>\n<div class=\"row\">\n<div class=\"col text-center\"><strong>Total a Pagar: <\/strong><strong class=\"text-danger\">$123 USD<\/strong><\/div>\n<\/div>\n","protected":false},"featured_media":31224,"template":"","meta":{"_bst_post_transparent":"","_bst_post_title":"","_bst_post_layout":"","_bst_post_sidebar_id":"","_bst_post_content_style":"","_bst_post_vertical_padding":"","_bst_post_feature":"","_bst_post_feature_position":"","_bst_post_header":false,"_bst_post_footer":false},"product_brand":[],"product_cat":[1180],"product_tag":[1404,1066,1294,1186,1187,1405,1087,1295,1189,1406,1202,1203,1204,1296,1407,1297,1298,1299,1300,1301,1302,1303],"product_brands":[],"class_list":{"0":"post-35843","1":"product","2":"type-product","3":"status-publish","4":"has-post-thumbnail","6":"product_cat-personas-en-mexico","7":"product_tag-base-de-datos-celulares","8":"product_tag-base-de-datos-ciudad-de-mexico","9":"product_tag-base-de-datos-de-numeros-celulares","10":"product_tag-base-de-datos-de-personas-fisicas","11":"product_tag-base-de-datos-de-tarjetahabientes","12":"product_tag-base-de-datos-de-telefonos-moviles","13":"product_tag-base-de-datos-estado-de-mexico","14":"product_tag-base-de-datos-numeros-de-telefonos-celulares","15":"product_tag-base-de-datos-personas-de-email-marketing","16":"product_tag-base-de-datos-telefonos-moviles","17":"product_tag-correo-de-personas","18":"product_tag-correos-electronicos-de-personas","19":"product_tag-correos-electronicos-personas","20":"product_tag-lista-de-numeros-de-telefonos-celulares","21":"product_tag-mobile","22":"product_tag-mobile-database","23":"product_tag-mobile-directory","24":"product_tag-mobile-list","25":"product_tag-mobile-number-database","26":"product_tag-mobile-number-list","27":"product_tag-mobile-phone-number","28":"product_tag-numeros-de-telefonos-celulares","30":"first","31":"instock","32":"sale","33":"virtual","34":"purchasable","35":"product-type-simple","36":"entry","37":"content-bg","38":"loop-entry"},"aioseo_notices":[],"_links":{"self":[{"href":"https:\/\/edirectorios.com.mx\/directorios-latinoamerica\/wp-json\/wp\/v2\/product\/35843","targetHints":{"allow":["GET"]}}],"collection":[{"href":"https:\/\/edirectorios.com.mx\/directorios-latinoamerica\/wp-json\/wp\/v2\/product"}],"about":[{"href":"https:\/\/edirectorios.com.mx\/directorios-latinoamerica\/wp-json\/wp\/v2\/types\/product"}],"version-history":[{"count":1,"href":"https:\/\/edirectorios.com.mx\/directorios-latinoamerica\/wp-json\/wp\/v2\/product\/35843\/revisions"}],"predecessor-version":[{"id":35885,"href":"https:\/\/edirectorios.com.mx\/directorios-latinoamerica\/wp-json\/wp\/v2\/product\/35843\/revisions\/35885"}],"wp:featuredmedia":[{"embeddable":true,"href":"https:\/\/edirectorios.com.mx\/directorios-latinoamerica\/wp-json\/wp\/v2\/media\/31224"}],"wp:attachment":[{"href":"https:\/\/edirectorios.com.mx\/directorios-latinoamerica\/wp-json\/wp\/v2\/media?parent=35843"}],"wp:term":[{"taxonomy":"product_brand","embeddable":true,"href":"https:\/\/edirectorios.com.mx\/directorios-latinoamerica\/wp-json\/wp\/v2\/product_brand?post=35843"},{"taxonomy":"product_cat","embeddable":true,"href":"https:\/\/edirectorios.com.mx\/directorios-latinoamerica\/wp-json\/wp\/v2\/product_cat?post=35843"},{"taxonomy":"product_tag","embeddable":true,"href":"https:\/\/edirectorios.com.mx\/directorios-latinoamerica\/wp-json\/wp\/v2\/product_tag?post=35843"},{"taxonomy":"product_brands","embeddable":true,"href":"https:\/\/edirectorios.com.mx\/directorios-latinoamerica\/wp-json\/wp\/v2\/product_brands?post=35843"}],"curies":[{"name":"wp","href":"https:\/\/api.w.org\/{rel}","templated":true}]}}