{"id":35839,"date":"2025-12-12T17:12:17","date_gmt":"2025-12-12T17:12:17","guid":{"rendered":"https:\/\/edirectorios.com.mx\/directorios-latinoamerica\/?post_type=product&#038;p=35839"},"modified":"2025-12-12T17:12:52","modified_gmt":"2025-12-12T17:12:52","slug":"personas-fisicas-mayores-de-edad-economicamente-activas-y-tarjetahabientes-que-tengas-whatsapp-a-nivel-nacional-excepto-ciudad-de-mexico","status":"publish","type":"product","link":"https:\/\/edirectorios.com.mx\/directorios-latinoamerica\/product\/personas-fisicas-mayores-de-edad-economicamente-activas-y-tarjetahabientes-que-tengas-whatsapp-a-nivel-nacional-excepto-ciudad-de-mexico\/","title":{"rendered":"Personas F\u00edsicas, mayores de edad, econ\u00f3micamente activas y tarjetahabientes, que tengas whatsapp, a Nivel Nacional excepto Ciudad de M\u00e9xico."},"content":{"rendered":"","protected":false},"excerpt":{"rendered":"<p>&nbsp;<\/p>\n<div class=\"row\">\n<div class=\"col-sm\"><strong>C\u00f3digo:<\/strong> <strong class=\"text-danger\">EJHB-O1<\/strong><\/div>\n<div class=\"col-sm\"><strong>N\u00famero de registros: <\/strong>300<\/div>\n<\/div>\n<div class=\"row\">\n<div class=\"col-sm \"><strong>Folio: <\/strong><span class=\"text-danger\"><strong>03EPDG1220-062<\/strong><\/span><\/div>\n<\/div>\n<p><strong>Segmentaci\u00f3n:<\/strong><\/p>\n<div class=\"row\">\n<div class=\"col-sm \">Personas F\u00edsicas, mayores de edad, econ\u00f3micamente activas y tarjetahabientes, que tengas whatsapp, a Nivel Nacional excepto Ciudad de M\u00e9xico.<\/div>\n<\/div>\n<p><strong>Campos Contenidos:<\/strong><\/p>\n<div class=\"row\">\n<div class=\"col-sm \">Nombre \/ Celular.<\/div>\n<\/div>\n<div class=\"row\">\n<div class=\"col-sm\"><strong>Garant\u00eda: <\/strong>80%-85% <strong>Precio Original: <\/strong><del>$74 USD<\/del> <strong>Descuento Especial: <\/strong><strong class=\"text-danger\">20%<\/strong><\/div>\n<\/div>\n<div class=\"row\">\n<div class=\"col text-center\"><strong>Total a Pagar: <\/strong><strong class=\"text-danger\">$59 USD<\/strong><\/div>\n<\/div>\n","protected":false},"featured_media":31021,"template":"","meta":{"_bst_post_transparent":"","_bst_post_title":"","_bst_post_layout":"","_bst_post_sidebar_id":"","_bst_post_content_style":"","_bst_post_vertical_padding":"","_bst_post_feature":"","_bst_post_feature_position":"","_bst_post_header":false,"_bst_post_footer":false},"product_brand":[],"product_cat":[1266,1180],"product_tag":[1404,1263,1294,1512,1187,1405,1224,1295,1406,1513,1190,1192,1193,1197,1514,1296,1515,1407,1297,1298,1299,1300,1301,1302,1303],"product_brands":[],"class_list":{"0":"post-35839","1":"product","2":"type-product","3":"status-publish","4":"has-post-thumbnail","6":"product_cat-consumidores","7":"product_cat-personas-en-mexico","8":"product_tag-base-de-datos-celulares","9":"product_tag-base-de-datos-consumidores","10":"product_tag-base-de-datos-de-numeros-celulares","11":"product_tag-base-de-datos-de-numeros-de-whatsapp","12":"product_tag-base-de-datos-de-tarjetahabientes","13":"product_tag-base-de-datos-de-telefonos-moviles","14":"product_tag-base-de-datos-nivel-nacional","15":"product_tag-base-de-datos-numeros-de-telefonos-celulares","16":"product_tag-base-de-datos-telefonos-moviles","17":"product_tag-base-de-datos-whatsapp","18":"product_tag-big-consumer-database","19":"product_tag-consumer-database","20":"product_tag-consumer-directory","21":"product_tag-consumer-list","22":"product_tag-lista-de-numero-de-whatsapp","23":"product_tag-lista-de-numeros-de-telefonos-celulares","24":"product_tag-listas-de-numeros-de-whatsapp","25":"product_tag-mobile","26":"product_tag-mobile-database","27":"product_tag-mobile-directory","28":"product_tag-mobile-list","29":"product_tag-mobile-number-database","30":"product_tag-mobile-number-list","31":"product_tag-mobile-phone-number","32":"product_tag-numeros-de-telefonos-celulares","34":"first","35":"instock","36":"sale","37":"virtual","38":"purchasable","39":"product-type-simple","40":"entry","41":"content-bg","42":"loop-entry"},"aioseo_notices":[],"_links":{"self":[{"href":"https:\/\/edirectorios.com.mx\/directorios-latinoamerica\/wp-json\/wp\/v2\/product\/35839","targetHints":{"allow":["GET"]}}],"collection":[{"href":"https:\/\/edirectorios.com.mx\/directorios-latinoamerica\/wp-json\/wp\/v2\/product"}],"about":[{"href":"https:\/\/edirectorios.com.mx\/directorios-latinoamerica\/wp-json\/wp\/v2\/types\/product"}],"version-history":[{"count":1,"href":"https:\/\/edirectorios.com.mx\/directorios-latinoamerica\/wp-json\/wp\/v2\/product\/35839\/revisions"}],"predecessor-version":[{"id":35881,"href":"https:\/\/edirectorios.com.mx\/directorios-latinoamerica\/wp-json\/wp\/v2\/product\/35839\/revisions\/35881"}],"wp:featuredmedia":[{"embeddable":true,"href":"https:\/\/edirectorios.com.mx\/directorios-latinoamerica\/wp-json\/wp\/v2\/media\/31021"}],"wp:attachment":[{"href":"https:\/\/edirectorios.com.mx\/directorios-latinoamerica\/wp-json\/wp\/v2\/media?parent=35839"}],"wp:term":[{"taxonomy":"product_brand","embeddable":true,"href":"https:\/\/edirectorios.com.mx\/directorios-latinoamerica\/wp-json\/wp\/v2\/product_brand?post=35839"},{"taxonomy":"product_cat","embeddable":true,"href":"https:\/\/edirectorios.com.mx\/directorios-latinoamerica\/wp-json\/wp\/v2\/product_cat?post=35839"},{"taxonomy":"product_tag","embeddable":true,"href":"https:\/\/edirectorios.com.mx\/directorios-latinoamerica\/wp-json\/wp\/v2\/product_tag?post=35839"},{"taxonomy":"product_brands","embeddable":true,"href":"https:\/\/edirectorios.com.mx\/directorios-latinoamerica\/wp-json\/wp\/v2\/product_brands?post=35839"}],"curies":[{"name":"wp","href":"https:\/\/api.w.org\/{rel}","templated":true}]}}