{"id":35774,"date":"2025-12-12T17:11:07","date_gmt":"2025-12-12T17:11:07","guid":{"rendered":"https:\/\/edirectorios.com.mx\/directorios-latinoamerica\/?post_type=product&#038;p=35774"},"modified":"2025-12-12T17:12:00","modified_gmt":"2025-12-12T17:12:00","slug":"empresas-y-corporativos-en-diferentes-sectores-a-nivel-nacional","status":"publish","type":"product","link":"https:\/\/edirectorios.com.mx\/directorios-latinoamerica\/product\/empresas-y-corporativos-en-diferentes-sectores-a-nivel-nacional\/","title":{"rendered":"Empresas y corporativos en diferentes sectores a nivel nacional"},"content":{"rendered":"","protected":false},"excerpt":{"rendered":"<p>&nbsp;<\/p>\n<div class=\"row\">\n<div class=\"col-sm\"><strong>C\u00f3digo:<\/strong> <strong class=\"text-danger\">KFHV-K9<\/strong><\/div>\n<div class=\"col-sm\"><strong>N\u00famero de registros: <\/strong>500<\/div>\n<\/div>\n<div class=\"row\">\n<div class=\"col-sm \"><strong>Folio: <\/strong><span class=\"text-danger\">CA1120B050<\/span><\/div>\n<\/div>\n<p><strong>Segmentaci\u00f3n:<\/strong><\/p>\n<div class=\"row\">\n<div class=\"col-sm \">Empresas o corporativos de: Tiendas Departamentales, Supermercados, Desarrollo de Sistemas (SOFOM), Farmacias, Refaccionarias, Ferreter\u00edas, \u00d3pticas, Agencias de Publicidad, Laboratorios An\u00e1lisis Cl\u00ednicos, Hoteles, Casinos, Restaurantes, Aseguradoras, Veterinarias, Trasporte Colectivo, Autotransporte de Carga, Gimnasios, Clubes Deportivo | Futbol \u2013 B\u00e9isbol \u2013 Basquetbol, Colegios, Universidades, Laboratorios Farmac\u00e9uticos y F\u00e1bricas Muebleras a Nivel Nacional.<\/div>\n<\/div>\n<p><strong>Campos Contenidos:<\/strong><\/p>\n<div class=\"row\">\n<div class=\"col-sm \">Empresa \/ Giro \/ Direcci\u00f3n \/ Ciudad \/ Estado \/ Contacto \/ Puesto: Encargado de compras o marketing\/ Tel\u00e9fono \/ Email \/ P\u00e1gina web*opcional..<\/div>\n<\/div>\n<div class=\"row\">\n<div class=\"col-sm\"><strong>Garant\u00eda: <\/strong>80%-85% <strong>Precio Original: <\/strong><del><span style=\"text-decoration: line-through;\">$231 USD<\/span><\/del>\u00a0<strong>Descuento Especial: <\/strong><strong class=\"text-danger\">20%<\/strong><\/div>\n<\/div>\n<div class=\"row\">\n<div class=\"col text-center\"><strong>Total a Pagar: <\/strong><strong class=\"text-danger\">$185 USD<\/strong><\/div>\n<\/div>\n","protected":false},"featured_media":31013,"template":"","meta":{"_bst_post_transparent":"","_bst_post_title":"","_bst_post_layout":"","_bst_post_sidebar_id":"","_bst_post_content_style":"","_bst_post_vertical_padding":"","_bst_post_feature":"","_bst_post_feature_position":"","_bst_post_header":false,"_bst_post_footer":false},"product_brand":[],"product_cat":[1060],"product_tag":[1062,1182,1063,1064,1399,1067,1068,1255,1211,1071,1074,1075,1076,1077,1078,1079,1155,1080,1176,1177,1081,1082,1157,1083,1084,1085,1158,1086,1159,1215,1334,1223,1088,1089,1090,1224,1092,1328,1093,1491,1094,1368,1097,1098,1099,1100,1101,1102,1104,1226,1290,1165,1105,1228,1106,1107,1229,1111,1114,1116,1117,1118,1119,1167,1170,1254,1133,1135,1136,1137,1138,1139,1140,1142,1144,1145,1230,1206,1172,1173,1174,1175,1146,1147,1149],"product_brands":[],"class_list":{"0":"post-35774","1":"product","2":"type-product","3":"status-publish","4":"has-post-thumbnail","6":"product_cat-empresas-en-mexico","7":"product_tag-b2c-email-database","8":"product_tag-base-de-datos","9":"product_tag-base-de-datos-campana-de-email-marketing","10":"product_tag-base-de-datos-campanas-de-email-marketing","11":"product_tag-base-de-datos-colegios","12":"product_tag-base-de-datos-correo-masivo","13":"product_tag-base-de-datos-correo-masivos","14":"product_tag-base-de-datos-de-corporativos","15":"product_tag-base-de-datos-de-empresas-b2b","16":"product_tag-base-de-datos-direct-e-mail-marketing","17":"product_tag-base-de-datos-email-marketer","18":"product_tag-base-de-datos-email-marketing","19":"product_tag-base-de-datos-email-masivos","20":"product_tag-base-de-datos-email-publicidad","21":"product_tag-base-de-datos-email-publicitario","22":"product_tag-base-de-datos-emailing","23":"product_tag-base-de-datos-empresas","24":"product_tag-base-de-datos-empresas-de-email-marketing","25":"product_tag-base-de-datos-encargados","26":"product_tag-base-de-datos-encargados-de-compras","27":"product_tag-base-de-datos-enviar-email-masivo","28":"product_tag-base-de-datos-envio-de-email-masivo","29":"product_tag-base-de-datos-envio-masivo","30":"product_tag-base-de-datos-envio-masivo-correo","31":"product_tag-base-de-datos-envio-masivo-correos","32":"product_tag-base-de-datos-envio-masivo-de-emails","33":"product_tag-base-de-datos-envio-masivos","34":"product_tag-base-de-datos-envios-de-correo-masivos","35":"product_tag-base-de-datos-envios-masivos","36":"product_tag-base-de-datos-farmacias","37":"product_tag-base-de-datos-ferreterias","38":"product_tag-base-de-datos-hoteles","39":"product_tag-base-de-datos-marketing","40":"product_tag-base-de-datos-marketing-por-e-mail","41":"product_tag-base-de-datos-marketing-por-email","42":"product_tag-base-de-datos-nivel-nacional","43":"product_tag-base-de-datos-para-marketing","44":"product_tag-base-de-datos-publicidad","45":"product_tag-base-de-datos-publicidad-por-email","46":"product_tag-base-de-datos-refaccionarias","47":"product_tag-base-de-datos-restaurante","48":"product_tag-base-de-datos-universidades","49":"product_tag-bases-de-datos-correos","50":"product_tag-bases-de-datos-correos-electronicos","51":"product_tag-bases-de-datos-de-emails","52":"product_tag-bases-de-datos-de-marketing","53":"product_tag-bases-de-datos-de-telefonos","54":"product_tag-bases-de-datos-email","55":"product_tag-bases-de-datos-emailing","56":"product_tag-bases-de-datos-emails","57":"product_tag-bases-de-datos-laboratorios","58":"product_tag-bases-de-datos-mailing","59":"product_tag-bases-de-datos-numeros-de-telefonos","60":"product_tag-bases-de-datos-para-ventas","61":"product_tag-bases-de-datos-telefono","62":"product_tag-bases-de-datos-telefonos-fijos","63":"product_tag-big-corporates-database","64":"product_tag-business-email-database","65":"product_tag-business-mailing-database","66":"product_tag-buy-email-database","67":"product_tag-buy-email-list","68":"product_tag-buy-email-list-database","69":"product_tag-company-database","70":"product_tag-company-email-address-list","71":"product_tag-database","72":"product_tag-databases","73":"product_tag-email-address-list","74":"product_tag-email-lists","75":"product_tag-email-marketing-list","76":"product_tag-list-of-email-addresses","77":"product_tag-lista-de-correos","78":"product_tag-lista-de-correos-electronicos","79":"product_tag-mail-marketing","80":"product_tag-mailing-list","81":"product_tag-marketing-correo-electronico","82":"product_tag-marketing-lists","83":"product_tag-national-database","84":"product_tag-phone","85":"product_tag-phone-database","86":"product_tag-phone-lists","87":"product_tag-phone-number","88":"product_tag-phone-number-list","89":"product_tag-publicidad-por-base-de-datos-correo-electronico","90":"product_tag-restaurantes","91":"product_tag-telefono","93":"first","94":"instock","95":"sale","96":"virtual","97":"purchasable","98":"product-type-simple","99":"entry","100":"content-bg","101":"loop-entry"},"aioseo_notices":[],"_links":{"self":[{"href":"https:\/\/edirectorios.com.mx\/directorios-latinoamerica\/wp-json\/wp\/v2\/product\/35774","targetHints":{"allow":["GET"]}}],"collection":[{"href":"https:\/\/edirectorios.com.mx\/directorios-latinoamerica\/wp-json\/wp\/v2\/product"}],"about":[{"href":"https:\/\/edirectorios.com.mx\/directorios-latinoamerica\/wp-json\/wp\/v2\/types\/product"}],"version-history":[{"count":1,"href":"https:\/\/edirectorios.com.mx\/directorios-latinoamerica\/wp-json\/wp\/v2\/product\/35774\/revisions"}],"predecessor-version":[{"id":35826,"href":"https:\/\/edirectorios.com.mx\/directorios-latinoamerica\/wp-json\/wp\/v2\/product\/35774\/revisions\/35826"}],"wp:featuredmedia":[{"embeddable":true,"href":"https:\/\/edirectorios.com.mx\/directorios-latinoamerica\/wp-json\/wp\/v2\/media\/31013"}],"wp:attachment":[{"href":"https:\/\/edirectorios.com.mx\/directorios-latinoamerica\/wp-json\/wp\/v2\/media?parent=35774"}],"wp:term":[{"taxonomy":"product_brand","embeddable":true,"href":"https:\/\/edirectorios.com.mx\/directorios-latinoamerica\/wp-json\/wp\/v2\/product_brand?post=35774"},{"taxonomy":"product_cat","embeddable":true,"href":"https:\/\/edirectorios.com.mx\/directorios-latinoamerica\/wp-json\/wp\/v2\/product_cat?post=35774"},{"taxonomy":"product_tag","embeddable":true,"href":"https:\/\/edirectorios.com.mx\/directorios-latinoamerica\/wp-json\/wp\/v2\/product_tag?post=35774"},{"taxonomy":"product_brands","embeddable":true,"href":"https:\/\/edirectorios.com.mx\/directorios-latinoamerica\/wp-json\/wp\/v2\/product_brands?post=35774"}],"curies":[{"name":"wp","href":"https:\/\/api.w.org\/{rel}","templated":true}]}}