{"id":35733,"date":"2025-12-12T17:10:14","date_gmt":"2025-12-12T17:10:14","guid":{"rendered":"https:\/\/edirectorios.com.mx\/directorios-latinoamerica\/?post_type=product&#038;p=35733"},"modified":"2025-12-12T17:11:19","modified_gmt":"2025-12-12T17:11:19","slug":"empresas-en-los-municipios-de-san-luis-potosi-soledad-de-graciano-sanchez-y-villa-de-reyes-del-estado-de-san-luis-potosi","status":"publish","type":"product","link":"https:\/\/edirectorios.com.mx\/directorios-latinoamerica\/product\/empresas-en-los-municipios-de-san-luis-potosi-soledad-de-graciano-sanchez-y-villa-de-reyes-del-estado-de-san-luis-potosi\/","title":{"rendered":"Empresas en los municipios de San Luis Potos\u00ed, Soledad de Graciano S\u00e1nchez y Villa de Reyes del Estado de San Luis Potos\u00ed."},"content":{"rendered":"","protected":false},"excerpt":{"rendered":"<div class=\"row\">\n<div class=\"col-sm\"><strong>C\u00f3digo:<\/strong> <strong class=\"text-danger\">WJIV-T4<\/strong><\/div>\n<div class=\"col-sm\"><strong>N\u00famero de registros:\u00a0<\/strong>300<\/div>\n<\/div>\n<div class=\"row\">\n<div class=\"col-sm \"><strong>Folio: <\/strong><span class=\"text-danger\">01DEVI1120-020<\/span><\/div>\n<\/div>\n<p><strong>Segmentaci\u00f3n:<\/strong><\/p>\n<div class=\"row\">\n<div class=\"col-sm \"><span class=\"text-justify\">Empresas que tengan de 31 a 100 empleados, en los municipios de San Luis Potos\u00ed, Soledad de Graciano S\u00e1nchez y Villa de Reyes del Estado de San Luis Potos\u00ed.<\/span><\/div>\n<\/div>\n<p><strong>Campos Contenidos:<\/strong><\/p>\n<div class=\"row\">\n<div class=\"col-sm \"><span class=\"text-justify\">Empresa \/ Contacto \/ Puesto: Gerente general o encargado de recursos humanos o Encargado de compras \/ Email.<\/span><\/div>\n<\/div>\n<div class=\"row\">\n<div class=\"col-sm\"><strong>Garant\u00eda:\u00a0<\/strong>80%-85%\u00a0<strong>Precio Original:\u00a0<\/strong><del>$112 USD<\/del>\u00a0<strong>Descuento Especial:\u00a0<\/strong><strong class=\"text-danger\">20%<\/strong><\/div>\n<\/div>\n<div class=\"row\">\n<div class=\"col text-center\"><strong>Total a Pagar:\u00a0<\/strong><strong class=\"text-danger\">$89 USD<\/strong><\/div>\n<\/div>\n","protected":false},"featured_media":31282,"template":"","meta":{"_bst_post_transparent":"","_bst_post_title":"","_bst_post_layout":"","_bst_post_sidebar_id":"","_bst_post_content_style":"","_bst_post_vertical_padding":"","_bst_post_feature":"","_bst_post_feature_position":"","_bst_post_header":false,"_bst_post_footer":false},"product_brand":[],"product_cat":[1379,1060],"product_tag":[1062,1063,1064,1222,1211,1319,1274,1442,1071,1073,1074,1075,1076,1077,1078,1079,1154,1212,1213,1155,1080,1386,1387,1176,1177,1081,1156,1082,1157,1083,1084,1085,1158,1086,1159,1160,1090,1275,1093,1284,1217,1099,1102,1103,1104,1111,1116,1118,1119,1345,1346,1120,1121,1122,1123,1170,1129,1132,1134,1251,1141],"product_brands":[],"class_list":{"0":"post-35733","1":"product","2":"type-product","3":"status-publish","4":"has-post-thumbnail","6":"product_cat-con-mas-de-100-empleados","7":"product_cat-empresas-en-mexico","8":"product_tag-b2c-email-database","9":"product_tag-base-de-datos-campana-de-email-marketing","10":"product_tag-base-de-datos-campanas-de-email-marketing","11":"product_tag-base-de-datos-compras","12":"product_tag-base-de-datos-de-empresas-b2b","13":"product_tag-base-de-datos-de-empresas-con-mas-de-100-empleados","14":"product_tag-base-de-datos-de-empresas-en-mexico","15":"product_tag-base-de-datos-de-empresas-mexicanas","16":"product_tag-base-de-datos-direct-e-mail-marketing","17":"product_tag-base-de-datos-e-mail-marketing","18":"product_tag-base-de-datos-email-marketer","19":"product_tag-base-de-datos-email-marketing","20":"product_tag-base-de-datos-email-masivos","21":"product_tag-base-de-datos-email-publicidad","22":"product_tag-base-de-datos-email-publicitario","23":"product_tag-base-de-datos-emailing","24":"product_tag-base-de-datos-emails-mexico","25":"product_tag-base-de-datos-empresa","26":"product_tag-base-de-datos-empresarial","27":"product_tag-base-de-datos-empresas","28":"product_tag-base-de-datos-empresas-de-email-marketing","29":"product_tag-base-de-datos-empresas-en-mexico","30":"product_tag-base-de-datos-empresas-mexico","31":"product_tag-base-de-datos-encargados","32":"product_tag-base-de-datos-encargados-de-compras","33":"product_tag-base-de-datos-enviar-email-masivo","34":"product_tag-base-de-datos-enviar-mailing","35":"product_tag-base-de-datos-envio-de-email-masivo","36":"product_tag-base-de-datos-envio-masivo","37":"product_tag-base-de-datos-envio-masivo-correo","38":"product_tag-base-de-datos-envio-masivo-correos","39":"product_tag-base-de-datos-envio-masivo-de-emails","40":"product_tag-base-de-datos-envio-masivos","41":"product_tag-base-de-datos-envios-de-correo-masivos","42":"product_tag-base-de-datos-envios-masivos","43":"product_tag-base-de-datos-gerente","44":"product_tag-base-de-datos-marketing-por-email","45":"product_tag-base-de-datos-para-empresas","46":"product_tag-base-de-datos-publicidad-por-email","47":"product_tag-base-de-datos-recursos-humanos","48":"product_tag-base-de-datos-san-luis-potosi","49":"product_tag-bases-de-datos-de-emails","50":"product_tag-bases-de-datos-email","51":"product_tag-bases-de-datos-email-empresas","52":"product_tag-bases-de-datos-emailing","53":"product_tag-business-email-database","54":"product_tag-buy-email-database","55":"product_tag-buy-email-list-database","56":"product_tag-company-database","57":"product_tag-compra-base-de-datos","58":"product_tag-comprar-bases-de-datos-mexico","59":"product_tag-correo-de-empresas","60":"product_tag-correos-de-empresas","61":"product_tag-correos-electronicos-de-empresas","62":"product_tag-correos-electronicos-empresas","63":"product_tag-database","64":"product_tag-directorio-empresas","65":"product_tag-e-mail-database","66":"product_tag-email-database","67":"product_tag-latam-database","68":"product_tag-mailing-database","70":"first","71":"instock","72":"sale","73":"virtual","74":"purchasable","75":"product-type-simple","76":"entry","77":"content-bg","78":"loop-entry"},"aioseo_notices":[],"_links":{"self":[{"href":"https:\/\/edirectorios.com.mx\/directorios-latinoamerica\/wp-json\/wp\/v2\/product\/35733","targetHints":{"allow":["GET"]}}],"collection":[{"href":"https:\/\/edirectorios.com.mx\/directorios-latinoamerica\/wp-json\/wp\/v2\/product"}],"about":[{"href":"https:\/\/edirectorios.com.mx\/directorios-latinoamerica\/wp-json\/wp\/v2\/types\/product"}],"version-history":[{"count":1,"href":"https:\/\/edirectorios.com.mx\/directorios-latinoamerica\/wp-json\/wp\/v2\/product\/35733\/revisions"}],"predecessor-version":[{"id":35785,"href":"https:\/\/edirectorios.com.mx\/directorios-latinoamerica\/wp-json\/wp\/v2\/product\/35733\/revisions\/35785"}],"wp:featuredmedia":[{"embeddable":true,"href":"https:\/\/edirectorios.com.mx\/directorios-latinoamerica\/wp-json\/wp\/v2\/media\/31282"}],"wp:attachment":[{"href":"https:\/\/edirectorios.com.mx\/directorios-latinoamerica\/wp-json\/wp\/v2\/media?parent=35733"}],"wp:term":[{"taxonomy":"product_brand","embeddable":true,"href":"https:\/\/edirectorios.com.mx\/directorios-latinoamerica\/wp-json\/wp\/v2\/product_brand?post=35733"},{"taxonomy":"product_cat","embeddable":true,"href":"https:\/\/edirectorios.com.mx\/directorios-latinoamerica\/wp-json\/wp\/v2\/product_cat?post=35733"},{"taxonomy":"product_tag","embeddable":true,"href":"https:\/\/edirectorios.com.mx\/directorios-latinoamerica\/wp-json\/wp\/v2\/product_tag?post=35733"},{"taxonomy":"product_brands","embeddable":true,"href":"https:\/\/edirectorios.com.mx\/directorios-latinoamerica\/wp-json\/wp\/v2\/product_brands?post=35733"}],"curies":[{"name":"wp","href":"https:\/\/api.w.org\/{rel}","templated":true}]}}