{"id":35721,"date":"2025-12-12T17:10:12","date_gmt":"2025-12-12T17:10:12","guid":{"rendered":"https:\/\/edirectorios.com.mx\/directorios-latinoamerica\/?post_type=product&#038;p=35721"},"modified":"2025-12-12T17:10:52","modified_gmt":"2025-12-12T17:10:52","slug":"personas-fisicas-de-59-a-63-anos-economicamente-activas-que-sean-tarjetahabientes-con-un-nse-medio-alto-en-el-estado-de-queretaro","status":"publish","type":"product","link":"https:\/\/edirectorios.com.mx\/directorios-latinoamerica\/product\/personas-fisicas-de-59-a-63-anos-economicamente-activas-que-sean-tarjetahabientes-con-un-nse-medio-alto-en-el-estado-de-queretaro\/","title":{"rendered":"Personas f\u00edsicas, de 59 a 63 a\u00f1os, econ\u00f3micamente activas que sean tarjetahabientes, con un NSE medio alto en el Estado de Quer\u00e9taro."},"content":{"rendered":"","protected":false},"excerpt":{"rendered":"<p>&nbsp;<\/p>\n<div class=\"row\">\n<div class=\"col-sm\"><strong>C\u00f3digo:<\/strong> <strong class=\"text-danger\">EJTQ-R9<\/strong><\/div>\n<div class=\"col-sm\"><strong>N\u00famero de registros: <\/strong>250<\/div>\n<\/div>\n<div class=\"row\">\n<div class=\"col-sm \"><strong>Folio: <\/strong><span class=\"text-danger\">JA0920B065<\/span><\/div>\n<\/div>\n<p><strong>Segmentaci\u00f3n:<\/strong><\/p>\n<div class=\"row\">\n<div class=\"col-sm \">Personas f\u00edsicas, de 59 a 63 a\u00f1os como m\u00e1ximo, econ\u00f3micamente activas que sean tarjetahabientes, con un NSE medio alto en el Estado de Quer\u00e9taro.<\/div>\n<\/div>\n<p><strong>Campos Contenidos:<\/strong><\/p>\n<div class=\"row\">\n<div class=\"col-sm \">Nombre \/ Rango de Edad \/Lugar donde laboran\/ Celular (tel\u00e9fono personal)\/ Email<\/div>\n<\/div>\n<div class=\"row\">\n<div class=\"col-sm\"><strong>Garant\u00eda: <\/strong>80%-85% <strong>Precio Original: <\/strong><del>$172 USD<\/del> <strong>Descuento Especial: <\/strong><strong class=\"text-danger\">20%<\/strong><\/div>\n<\/div>\n<div class=\"row\">\n<div class=\"col text-center\"><strong>Total a Pagar: <\/strong><strong class=\"text-danger\">$137 USD<\/strong><\/div>\n<\/div>\n","protected":false},"featured_media":31051,"template":"","meta":{"_bst_post_transparent":"","_bst_post_title":"","_bst_post_layout":"","_bst_post_sidebar_id":"","_bst_post_content_style":"","_bst_post_vertical_padding":"","_bst_post_feature":"","_bst_post_feature_position":"","_bst_post_header":false,"_bst_post_footer":false},"product_brand":[],"product_cat":[1286,1180],"product_tag":[1062,1182,1063,1064,1404,1067,1068,1207,1325,1287,1326,1294,1186,1405,1071,1073,1074,1075,1076,1077,1078,1079,1080,1081,1156,1082,1083,1084,1085,1086,1162,1088,1089,1090,1295,1092,1093,1270,1406,1097,1098,1099,1100,1102,1104,1116,1117,1118,1191,1193,1194,1195,1196,1197,1198,1200,1170,1132,1133,1134,1136,1137,1138,1139,1296,1140,1141,1142,1143,1144,1145,1407,1297,1298,1299,1300,1301,1302,1303,1146,1148],"product_brands":[],"class_list":{"0":"post-35721","1":"product","2":"type-product","3":"status-publish","4":"has-post-thumbnail","6":"product_cat-nse-medio-y-alto","7":"product_cat-personas-en-mexico","8":"product_tag-b2c-email-database","9":"product_tag-base-de-datos","10":"product_tag-base-de-datos-campana-de-email-marketing","11":"product_tag-base-de-datos-campanas-de-email-marketing","12":"product_tag-base-de-datos-celulares","13":"product_tag-base-de-datos-correo-masivo","14":"product_tag-base-de-datos-correo-masivos","15":"product_tag-base-de-datos-de-nse","16":"product_tag-base-de-datos-de-nse-alto","17":"product_tag-base-de-datos-de-nse-medio","18":"product_tag-base-de-datos-de-nse-medio-y-alto","19":"product_tag-base-de-datos-de-numeros-celulares","20":"product_tag-base-de-datos-de-personas-fisicas","21":"product_tag-base-de-datos-de-telefonos-moviles","22":"product_tag-base-de-datos-direct-e-mail-marketing","23":"product_tag-base-de-datos-e-mail-marketing","24":"product_tag-base-de-datos-email-marketer","25":"product_tag-base-de-datos-email-marketing","26":"product_tag-base-de-datos-email-masivos","27":"product_tag-base-de-datos-email-publicidad","28":"product_tag-base-de-datos-email-publicitario","29":"product_tag-base-de-datos-emailing","30":"product_tag-base-de-datos-empresas-de-email-marketing","31":"product_tag-base-de-datos-enviar-email-masivo","32":"product_tag-base-de-datos-enviar-mailing","33":"product_tag-base-de-datos-envio-de-email-masivo","34":"product_tag-base-de-datos-envio-masivo-correo","35":"product_tag-base-de-datos-envio-masivo-correos","36":"product_tag-base-de-datos-envio-masivo-de-emails","37":"product_tag-base-de-datos-envios-de-correo-masivos","38":"product_tag-base-de-datos-mailing-masivo","39":"product_tag-base-de-datos-marketing","40":"product_tag-base-de-datos-marketing-por-e-mail","41":"product_tag-base-de-datos-marketing-por-email","42":"product_tag-base-de-datos-numeros-de-telefonos-celulares","43":"product_tag-base-de-datos-para-marketing","44":"product_tag-base-de-datos-publicidad-por-email","45":"product_tag-base-de-datos-queretaro","46":"product_tag-base-de-datos-telefonos-moviles","47":"product_tag-bases-de-datos-correos","48":"product_tag-bases-de-datos-correos-electronicos","49":"product_tag-bases-de-datos-de-emails","50":"product_tag-bases-de-datos-de-marketing","51":"product_tag-bases-de-datos-email","52":"product_tag-bases-de-datos-emailing","53":"product_tag-buy-email-database","54":"product_tag-buy-email-list","55":"product_tag-buy-email-list-database","56":"product_tag-consumer-contact-lists","57":"product_tag-consumer-directory","58":"product_tag-consumer-email-database","59":"product_tag-consumer-email-list","60":"product_tag-consumer-email-lists","61":"product_tag-consumer-list","62":"product_tag-consumer-mailing-database","63":"product_tag-consumer-mailing-lists","64":"product_tag-database","65":"product_tag-e-mail-database","66":"product_tag-email-address-list","67":"product_tag-email-database","68":"product_tag-email-marketing-list","69":"product_tag-list-of-email-addresses","70":"product_tag-lista-de-correos","71":"product_tag-lista-de-correos-electronicos","72":"product_tag-lista-de-numeros-de-telefonos-celulares","73":"product_tag-mail-marketing","74":"product_tag-mailing-database","75":"product_tag-mailing-list","76":"product_tag-marketing","77":"product_tag-marketing-correo-electronico","78":"product_tag-marketing-lists","79":"product_tag-mobile","80":"product_tag-mobile-database","81":"product_tag-mobile-directory","82":"product_tag-mobile-list","83":"product_tag-mobile-number-database","84":"product_tag-mobile-number-list","85":"product_tag-mobile-phone-number","86":"product_tag-numeros-de-telefonos-celulares","87":"product_tag-publicidad-por-base-de-datos-correo-electronico","88":"product_tag-tele-marketing-list","90":"first","91":"instock","92":"sale","93":"shipping-taxable","94":"purchasable","95":"product-type-simple","96":"entry","97":"content-bg","98":"loop-entry"},"aioseo_notices":[],"_links":{"self":[{"href":"https:\/\/edirectorios.com.mx\/directorios-latinoamerica\/wp-json\/wp\/v2\/product\/35721","targetHints":{"allow":["GET"]}}],"collection":[{"href":"https:\/\/edirectorios.com.mx\/directorios-latinoamerica\/wp-json\/wp\/v2\/product"}],"about":[{"href":"https:\/\/edirectorios.com.mx\/directorios-latinoamerica\/wp-json\/wp\/v2\/types\/product"}],"version-history":[{"count":1,"href":"https:\/\/edirectorios.com.mx\/directorios-latinoamerica\/wp-json\/wp\/v2\/product\/35721\/revisions"}],"predecessor-version":[{"id":35760,"href":"https:\/\/edirectorios.com.mx\/directorios-latinoamerica\/wp-json\/wp\/v2\/product\/35721\/revisions\/35760"}],"wp:featuredmedia":[{"embeddable":true,"href":"https:\/\/edirectorios.com.mx\/directorios-latinoamerica\/wp-json\/wp\/v2\/media\/31051"}],"wp:attachment":[{"href":"https:\/\/edirectorios.com.mx\/directorios-latinoamerica\/wp-json\/wp\/v2\/media?parent=35721"}],"wp:term":[{"taxonomy":"product_brand","embeddable":true,"href":"https:\/\/edirectorios.com.mx\/directorios-latinoamerica\/wp-json\/wp\/v2\/product_brand?post=35721"},{"taxonomy":"product_cat","embeddable":true,"href":"https:\/\/edirectorios.com.mx\/directorios-latinoamerica\/wp-json\/wp\/v2\/product_cat?post=35721"},{"taxonomy":"product_tag","embeddable":true,"href":"https:\/\/edirectorios.com.mx\/directorios-latinoamerica\/wp-json\/wp\/v2\/product_tag?post=35721"},{"taxonomy":"product_brands","embeddable":true,"href":"https:\/\/edirectorios.com.mx\/directorios-latinoamerica\/wp-json\/wp\/v2\/product_brands?post=35721"}],"curies":[{"name":"wp","href":"https:\/\/api.w.org\/{rel}","templated":true}]}}