{"id":35699,"date":"2025-12-12T17:09:49","date_gmt":"2025-12-12T17:09:49","guid":{"rendered":"https:\/\/edirectorios.com.mx\/directorios-latinoamerica\/?post_type=product&#038;p=35699"},"modified":"2025-12-12T17:10:36","modified_gmt":"2025-12-12T17:10:36","slug":"empresas-del-sector-privado-excepto-limpieza-vigilancia-call-center-y-demostradores-que-tengan-maximo-50-empleados-en-la-zona-centro-del-pais","status":"publish","type":"product","link":"https:\/\/edirectorios.com.mx\/directorios-latinoamerica\/product\/empresas-del-sector-privado-excepto-limpieza-vigilancia-call-center-y-demostradores-que-tengan-maximo-50-empleados-en-la-zona-centro-del-pais\/","title":{"rendered":"Empresas del sector privado (excepto limpieza, vigilancia, call center y demostradores) que tengan m\u00e1ximo 50 empleados  en la zona centro del pa\u00eds."},"content":{"rendered":"","protected":false},"excerpt":{"rendered":"<p>&nbsp;<\/p>\n<div class=\"row\">\n<div class=\"col-sm\"><strong>C\u00f3digo:<\/strong> <strong class=\"text-danger\">EBDB-D5-12-1<\/strong><\/div>\n<div class=\"col-sm\"><strong>N\u00famero de registros: <\/strong>1000<\/div>\n<\/div>\n<div class=\"row\">\n<div class=\"col-sm \"><strong>Folio: <\/strong><span class=\"text-danger\">PM0719B036<\/span><\/div>\n<\/div>\n<p><strong>Segmentaci\u00f3n:<\/strong><\/p>\n<div class=\"row\">\n<div class=\"col-sm \">Empresas del sector privado de cualquier giro (excepto limpieza, vigilancia, call center y demostradores) A y AA que sean PYMES (que tengan m\u00e1ximo 50 empleados) en los Estados de Ciudad de M\u00e9xico, Estado de M\u00e9xico y Quer\u00e9taro.<\/div>\n<\/div>\n<p><strong>Campos Contenidos:<\/strong><\/p>\n<div class=\"row\">\n<div class=\"col-sm \">Empresa \/ Giro \/ Direcci\u00f3n \/ Ciudad \/ Estado \/ Contacto \/ Puesto: encargado de compras y adquisiciones o human resources management o director de Recursos humanos o jefe de recursos humanos o director ejecutivo de recursos humanos o gerente general de recursos humanos o encargado de RR HH o coordinador de RR HH o director de captaci\u00f3n de talento o director de personal o t\u00e9cnico de selecci\u00f3n de personal o ejecutivo de RR HH \/ Tel\u00e9fono \/ Extensi\u00f3n*opcional\/ Email \/ P\u00e1gina web*opcional.<\/div>\n<\/div>\n<div class=\"row\">\n<div class=\"col-sm\"><strong>Garant\u00eda: <\/strong>80%-85% <strong>Precio Original: <\/strong><del>$405 USD<\/del> <strong>Descuento Especial: <\/strong><strong class=\"text-danger\">20%<\/strong><\/div>\n<\/div>\n<div class=\"row\">\n<div class=\"col text-center\"><strong>Total a Pagar: <\/strong><strong class=\"text-danger\">$324 USD<\/strong><\/div>\n<\/div>\n","protected":false},"featured_media":31013,"template":"","meta":{"_bst_post_transparent":"","_bst_post_title":"","_bst_post_layout":"","_bst_post_sidebar_id":"","_bst_post_content_style":"","_bst_post_vertical_padding":"","_bst_post_feature":"","_bst_post_feature_position":"","_bst_post_header":false,"_bst_post_footer":false},"product_brand":[],"product_cat":[1060],"product_tag":[1062,1182,1063,1064,1066,1067,1068,1211,1293,1071,1072,1074,1075,1076,1077,1078,1079,1155,1443,1432,1080,1176,1177,1081,1082,1157,1083,1084,1085,1158,1086,1159,1087,1160,1088,1089,1090,1092,1093,1270,1284,1097,1098,1099,1100,1101,1102,1104,1226,1165,1105,1228,1106,1107,1229,1111,1114,1116,1117,1118,1119,1167,1170,1254,1133,1135,1136,1137,1138,1139,1140,1142,1144,1145,1206,1172,1173,1174,1175,1146,1149],"product_brands":[],"class_list":{"0":"post-35699","1":"product","2":"type-product","3":"status-publish","4":"has-post-thumbnail","6":"product_cat-empresas-en-mexico","7":"product_tag-b2c-email-database","8":"product_tag-base-de-datos","9":"product_tag-base-de-datos-campana-de-email-marketing","10":"product_tag-base-de-datos-campanas-de-email-marketing","11":"product_tag-base-de-datos-ciudad-de-mexico","12":"product_tag-base-de-datos-correo-masivo","13":"product_tag-base-de-datos-correo-masivos","14":"product_tag-base-de-datos-de-empresas-b2b","15":"product_tag-base-de-datos-de-pymes","16":"product_tag-base-de-datos-direct-e-mail-marketing","17":"product_tag-base-de-datos-director","18":"product_tag-base-de-datos-email-marketer","19":"product_tag-base-de-datos-email-marketing","20":"product_tag-base-de-datos-email-masivos","21":"product_tag-base-de-datos-email-publicidad","22":"product_tag-base-de-datos-email-publicitario","23":"product_tag-base-de-datos-emailing","24":"product_tag-base-de-datos-empresas","25":"product_tag-base-de-datos-empresas-a-y-aa","26":"product_tag-base-de-datos-empresas-aa","27":"product_tag-base-de-datos-empresas-de-email-marketing","28":"product_tag-base-de-datos-encargados","29":"product_tag-base-de-datos-encargados-de-compras","30":"product_tag-base-de-datos-enviar-email-masivo","31":"product_tag-base-de-datos-envio-de-email-masivo","32":"product_tag-base-de-datos-envio-masivo","33":"product_tag-base-de-datos-envio-masivo-correo","34":"product_tag-base-de-datos-envio-masivo-correos","35":"product_tag-base-de-datos-envio-masivo-de-emails","36":"product_tag-base-de-datos-envio-masivos","37":"product_tag-base-de-datos-envios-de-correo-masivos","38":"product_tag-base-de-datos-envios-masivos","39":"product_tag-base-de-datos-estado-de-mexico","40":"product_tag-base-de-datos-gerente","41":"product_tag-base-de-datos-marketing","42":"product_tag-base-de-datos-marketing-por-e-mail","43":"product_tag-base-de-datos-marketing-por-email","44":"product_tag-base-de-datos-para-marketing","45":"product_tag-base-de-datos-publicidad-por-email","46":"product_tag-base-de-datos-queretaro","47":"product_tag-base-de-datos-recursos-humanos","48":"product_tag-bases-de-datos-correos","49":"product_tag-bases-de-datos-correos-electronicos","50":"product_tag-bases-de-datos-de-emails","51":"product_tag-bases-de-datos-de-marketing","52":"product_tag-bases-de-datos-de-telefonos","53":"product_tag-bases-de-datos-email","54":"product_tag-bases-de-datos-emailing","55":"product_tag-bases-de-datos-emails","56":"product_tag-bases-de-datos-mailing","57":"product_tag-bases-de-datos-numeros-de-telefonos","58":"product_tag-bases-de-datos-para-ventas","59":"product_tag-bases-de-datos-telefono","60":"product_tag-bases-de-datos-telefonos-fijos","61":"product_tag-big-corporates-database","62":"product_tag-business-email-database","63":"product_tag-business-mailing-database","64":"product_tag-buy-email-database","65":"product_tag-buy-email-list","66":"product_tag-buy-email-list-database","67":"product_tag-company-database","68":"product_tag-company-email-address-list","69":"product_tag-database","70":"product_tag-databases","71":"product_tag-email-address-list","72":"product_tag-email-lists","73":"product_tag-email-marketing-list","74":"product_tag-list-of-email-addresses","75":"product_tag-lista-de-correos","76":"product_tag-lista-de-correos-electronicos","77":"product_tag-mail-marketing","78":"product_tag-mailing-list","79":"product_tag-marketing-correo-electronico","80":"product_tag-marketing-lists","81":"product_tag-phone","82":"product_tag-phone-database","83":"product_tag-phone-lists","84":"product_tag-phone-number","85":"product_tag-phone-number-list","86":"product_tag-publicidad-por-base-de-datos-correo-electronico","87":"product_tag-telefono","89":"first","90":"instock","91":"sale","92":"virtual","93":"purchasable","94":"product-type-simple","95":"entry","96":"content-bg","97":"loop-entry"},"aioseo_notices":[],"_links":{"self":[{"href":"https:\/\/edirectorios.com.mx\/directorios-latinoamerica\/wp-json\/wp\/v2\/product\/35699","targetHints":{"allow":["GET"]}}],"collection":[{"href":"https:\/\/edirectorios.com.mx\/directorios-latinoamerica\/wp-json\/wp\/v2\/product"}],"about":[{"href":"https:\/\/edirectorios.com.mx\/directorios-latinoamerica\/wp-json\/wp\/v2\/types\/product"}],"version-history":[{"count":1,"href":"https:\/\/edirectorios.com.mx\/directorios-latinoamerica\/wp-json\/wp\/v2\/product\/35699\/revisions"}],"predecessor-version":[{"id":35743,"href":"https:\/\/edirectorios.com.mx\/directorios-latinoamerica\/wp-json\/wp\/v2\/product\/35699\/revisions\/35743"}],"wp:featuredmedia":[{"embeddable":true,"href":"https:\/\/edirectorios.com.mx\/directorios-latinoamerica\/wp-json\/wp\/v2\/media\/31013"}],"wp:attachment":[{"href":"https:\/\/edirectorios.com.mx\/directorios-latinoamerica\/wp-json\/wp\/v2\/media?parent=35699"}],"wp:term":[{"taxonomy":"product_brand","embeddable":true,"href":"https:\/\/edirectorios.com.mx\/directorios-latinoamerica\/wp-json\/wp\/v2\/product_brand?post=35699"},{"taxonomy":"product_cat","embeddable":true,"href":"https:\/\/edirectorios.com.mx\/directorios-latinoamerica\/wp-json\/wp\/v2\/product_cat?post=35699"},{"taxonomy":"product_tag","embeddable":true,"href":"https:\/\/edirectorios.com.mx\/directorios-latinoamerica\/wp-json\/wp\/v2\/product_tag?post=35699"},{"taxonomy":"product_brands","embeddable":true,"href":"https:\/\/edirectorios.com.mx\/directorios-latinoamerica\/wp-json\/wp\/v2\/product_brands?post=35699"}],"curies":[{"name":"wp","href":"https:\/\/api.w.org\/{rel}","templated":true}]}}