{"id":35673,"date":"2025-12-12T17:09:25","date_gmt":"2025-12-12T17:09:25","guid":{"rendered":"https:\/\/edirectorios.com.mx\/directorios-latinoamerica\/?post_type=product&#038;p=35673"},"modified":"2025-12-12T17:10:06","modified_gmt":"2025-12-12T17:10:06","slug":"personas-fisicas-economicamente-activas-y-tarjetahabientes-que-sean-profesionistas-o-empresarios-en-el-estado-de-mexico-y-ciudad-de-mexico","status":"publish","type":"product","link":"https:\/\/edirectorios.com.mx\/directorios-latinoamerica\/product\/personas-fisicas-economicamente-activas-y-tarjetahabientes-que-sean-profesionistas-o-empresarios-en-el-estado-de-mexico-y-ciudad-de-mexico\/","title":{"rendered":"Personas F\u00edsicas, econ\u00f3micamente activas y tarjetahabientes que sean profesionistas o empresarios en el Estado de M\u00e9xico y Ciudad de M\u00e9xico."},"content":{"rendered":"","protected":false},"excerpt":{"rendered":"<div class=\"row\">\n<div class=\"col-sm\"><strong>C\u00f3digo:<\/strong> <strong class=\"text-danger\">FEWF-D0<\/strong><\/div>\n<div class=\"col-sm\"><strong>N\u00famero de registros: <\/strong>600<\/div>\n<\/div>\n<div class=\"row\">\n<div class=\"col-sm \"><strong>Folio: <\/strong><span class=\"text-danger\">03EPEV0820-089<\/span><\/div>\n<\/div>\n<p><strong>Segmentaci\u00f3n:<\/strong><\/p>\n<div class=\"row\">\n<div class=\"col-sm \">Personas F\u00edsicas, econ\u00f3micamente activas y tarjetahabientes que sean profesionistas o empresarios en el Estado de M\u00e9xico y Ciudad de M\u00e9xico.<\/div>\n<\/div>\n<p><strong>Campos Contenidos:<\/strong><\/p>\n<div class=\"row\">\n<div class=\"col-sm \">Nombre \/ Ciudad \/ Estado \/ Domicilio \/ Email \/ Celular.<\/div>\n<\/div>\n<div class=\"row\">\n<div class=\"col-sm\"><strong>Garant\u00eda:\u00a0<\/strong>80%-85%\u00a0<strong>Precio Original:<del>\u00a0<\/del><\/strong><del>$238 USD<\/del>\u00a0<strong>Descuento Especial:\u00a0<\/strong><strong class=\"text-danger\">20%<\/strong><\/div>\n<\/div>\n<div class=\"row\">\n<div class=\"col text-center\"><strong>Total a Pagar:\u00a0<\/strong><strong class=\"text-danger\">$190 USD<\/strong><\/div>\n<\/div>\n","protected":false},"featured_media":31224,"template":"","meta":{"_bst_post_transparent":"","_bst_post_title":"","_bst_post_layout":"","_bst_post_sidebar_id":"","_bst_post_content_style":"","_bst_post_vertical_padding":"","_bst_post_feature":"","_bst_post_feature_position":"","_bst_post_header":false,"_bst_post_footer":false},"product_brand":[],"product_cat":[1180],"product_tag":[1062,1182,1063,1064,1404,1066,1067,1068,1185,1294,1186,1282,1187,1405,1071,1074,1075,1076,1077,1078,1079,1081,1082,1157,1083,1084,1085,1158,1086,1159,1087,1088,1089,1090,1295,1092,1093,1406,1097,1098,1099,1100,1102,1104,1226,1165,1228,1116,1117,1118,1170,1133,1135,1136,1137,1138,1139,1296,1140,1142,1144,1145,1407,1297,1298,1299,1300,1301,1302,1303,1146],"product_brands":[],"class_list":{"0":"post-35673","1":"product","2":"type-product","3":"status-publish","4":"has-post-thumbnail","6":"product_cat-personas-en-mexico","7":"product_tag-b2c-email-database","8":"product_tag-base-de-datos","9":"product_tag-base-de-datos-campana-de-email-marketing","10":"product_tag-base-de-datos-campanas-de-email-marketing","11":"product_tag-base-de-datos-celulares","12":"product_tag-base-de-datos-ciudad-de-mexico","13":"product_tag-base-de-datos-correo-masivo","14":"product_tag-base-de-datos-correo-masivos","15":"product_tag-base-de-datos-de-empresarios","16":"product_tag-base-de-datos-de-numeros-celulares","17":"product_tag-base-de-datos-de-personas-fisicas","18":"product_tag-base-de-datos-de-profesionistas","19":"product_tag-base-de-datos-de-tarjetahabientes","20":"product_tag-base-de-datos-de-telefonos-moviles","21":"product_tag-base-de-datos-direct-e-mail-marketing","22":"product_tag-base-de-datos-email-marketer","23":"product_tag-base-de-datos-email-marketing","24":"product_tag-base-de-datos-email-masivos","25":"product_tag-base-de-datos-email-publicidad","26":"product_tag-base-de-datos-email-publicitario","27":"product_tag-base-de-datos-emailing","28":"product_tag-base-de-datos-enviar-email-masivo","29":"product_tag-base-de-datos-envio-de-email-masivo","30":"product_tag-base-de-datos-envio-masivo","31":"product_tag-base-de-datos-envio-masivo-correo","32":"product_tag-base-de-datos-envio-masivo-correos","33":"product_tag-base-de-datos-envio-masivo-de-emails","34":"product_tag-base-de-datos-envio-masivos","35":"product_tag-base-de-datos-envios-de-correo-masivos","36":"product_tag-base-de-datos-envios-masivos","37":"product_tag-base-de-datos-estado-de-mexico","38":"product_tag-base-de-datos-marketing","39":"product_tag-base-de-datos-marketing-por-e-mail","40":"product_tag-base-de-datos-marketing-por-email","41":"product_tag-base-de-datos-numeros-de-telefonos-celulares","42":"product_tag-base-de-datos-para-marketing","43":"product_tag-base-de-datos-publicidad-por-email","44":"product_tag-base-de-datos-telefonos-moviles","45":"product_tag-bases-de-datos-correos","46":"product_tag-bases-de-datos-correos-electronicos","47":"product_tag-bases-de-datos-de-emails","48":"product_tag-bases-de-datos-de-marketing","49":"product_tag-bases-de-datos-email","50":"product_tag-bases-de-datos-emailing","51":"product_tag-bases-de-datos-emails","52":"product_tag-bases-de-datos-mailing","53":"product_tag-bases-de-datos-para-ventas","54":"product_tag-buy-email-database","55":"product_tag-buy-email-list","56":"product_tag-buy-email-list-database","57":"product_tag-database","58":"product_tag-email-address-list","59":"product_tag-email-lists","60":"product_tag-email-marketing-list","61":"product_tag-list-of-email-addresses","62":"product_tag-lista-de-correos","63":"product_tag-lista-de-correos-electronicos","64":"product_tag-lista-de-numeros-de-telefonos-celulares","65":"product_tag-mail-marketing","66":"product_tag-mailing-list","67":"product_tag-marketing-correo-electronico","68":"product_tag-marketing-lists","69":"product_tag-mobile","70":"product_tag-mobile-database","71":"product_tag-mobile-directory","72":"product_tag-mobile-list","73":"product_tag-mobile-number-database","74":"product_tag-mobile-number-list","75":"product_tag-mobile-phone-number","76":"product_tag-numeros-de-telefonos-celulares","77":"product_tag-publicidad-por-base-de-datos-correo-electronico","79":"first","80":"instock","81":"sale","82":"virtual","83":"purchasable","84":"product-type-simple","85":"entry","86":"content-bg","87":"loop-entry"},"aioseo_notices":[],"_links":{"self":[{"href":"https:\/\/edirectorios.com.mx\/directorios-latinoamerica\/wp-json\/wp\/v2\/product\/35673","targetHints":{"allow":["GET"]}}],"collection":[{"href":"https:\/\/edirectorios.com.mx\/directorios-latinoamerica\/wp-json\/wp\/v2\/product"}],"about":[{"href":"https:\/\/edirectorios.com.mx\/directorios-latinoamerica\/wp-json\/wp\/v2\/types\/product"}],"version-history":[{"count":1,"href":"https:\/\/edirectorios.com.mx\/directorios-latinoamerica\/wp-json\/wp\/v2\/product\/35673\/revisions"}],"predecessor-version":[{"id":35717,"href":"https:\/\/edirectorios.com.mx\/directorios-latinoamerica\/wp-json\/wp\/v2\/product\/35673\/revisions\/35717"}],"wp:featuredmedia":[{"embeddable":true,"href":"https:\/\/edirectorios.com.mx\/directorios-latinoamerica\/wp-json\/wp\/v2\/media\/31224"}],"wp:attachment":[{"href":"https:\/\/edirectorios.com.mx\/directorios-latinoamerica\/wp-json\/wp\/v2\/media?parent=35673"}],"wp:term":[{"taxonomy":"product_brand","embeddable":true,"href":"https:\/\/edirectorios.com.mx\/directorios-latinoamerica\/wp-json\/wp\/v2\/product_brand?post=35673"},{"taxonomy":"product_cat","embeddable":true,"href":"https:\/\/edirectorios.com.mx\/directorios-latinoamerica\/wp-json\/wp\/v2\/product_cat?post=35673"},{"taxonomy":"product_tag","embeddable":true,"href":"https:\/\/edirectorios.com.mx\/directorios-latinoamerica\/wp-json\/wp\/v2\/product_tag?post=35673"},{"taxonomy":"product_brands","embeddable":true,"href":"https:\/\/edirectorios.com.mx\/directorios-latinoamerica\/wp-json\/wp\/v2\/product_brands?post=35673"}],"curies":[{"name":"wp","href":"https:\/\/api.w.org\/{rel}","templated":true}]}}