{"id":35653,"date":"2025-12-12T17:09:02","date_gmt":"2025-12-12T17:09:02","guid":{"rendered":"https:\/\/edirectorios.com.mx\/directorios-latinoamerica\/?post_type=product&#038;p=35653"},"modified":"2025-12-12T17:09:53","modified_gmt":"2025-12-12T17:09:53","slug":"fabricas-y-corporativos-con-mas-de-200-empleados-en-ciudad-de-mexico-guadalajara-monterrey-queretaro-y-puebla","status":"publish","type":"product","link":"https:\/\/edirectorios.com.mx\/directorios-latinoamerica\/product\/fabricas-y-corporativos-con-mas-de-200-empleados-en-ciudad-de-mexico-guadalajara-monterrey-queretaro-y-puebla\/","title":{"rendered":"F\u00e1bricas y corporativos con m\u00e1s de 200 empleados en Ciudad de M\u00e9xico, Guadalajara, Monterrey, Quer\u00e9taro y Puebla."},"content":{"rendered":"","protected":false},"excerpt":{"rendered":"<p>&nbsp;<\/p>\n<div class=\"row\">\n<div class=\"col-sm\"><strong>C\u00f3digo:<\/strong> <strong class=\"text-danger\"><strong>CSWB-D9<\/strong> <\/strong><\/div>\n<div class=\"col-sm\"><strong>N\u00famero de registros: <\/strong>500<\/div>\n<\/div>\n<div class=\"row\">\n<div class=\"col-sm \"><strong>Folio: <\/strong><span class=\"text-danger\">UR07B106 <\/span><\/div>\n<\/div>\n<p><strong>Segmentaci\u00f3n:<\/strong><\/p>\n<div class=\"row\">\n<div class=\"col-sm \"><span style=\"font-size: 1rem;\">F\u00e1bricas y corporativos con m\u00e1s de 200 empleados en Ciudad de M\u00e9xico, Guadalajara-Jalisco, Monterrey-Nuevo Le\u00f3n, Quer\u00e9taro-Quer\u00e9taro y Puebla-Puebla.<\/span><\/div>\n<\/div>\n<p><strong>Campos Contenidos:<\/strong><\/p>\n<div class=\"row\">\n<div class=\"col-sm \"><span style=\"font-size: 1rem;\">Empresa \/ Giro \/ Direcci\u00f3n \/ Ciudad \/ Estado \/ Contacto \/ Puesto: Gerente de recursos humanos \/ Tel\u00e9fono \/ Email \/ P\u00e1gina web*opcional<\/span><\/div>\n<\/div>\n<div class=\"row\">\n<div class=\"col-sm\"><strong>Garant\u00eda: <\/strong>80%-85% <strong>Precio Original: <\/strong><del>$250 USD<\/del> <strong>Descuento Especial: <\/strong><strong class=\"text-danger\">20%<\/strong><\/div>\n<\/div>\n<div class=\"row\">\n<div class=\"col text-center\"><strong>Total a Pagar: <\/strong><strong class=\"text-danger\">$200 USD<\/strong><\/div>\n<\/div>\n","protected":false},"featured_media":31282,"template":"","meta":{"_bst_post_transparent":"","_bst_post_title":"","_bst_post_layout":"","_bst_post_sidebar_id":"","_bst_post_content_style":"","_bst_post_vertical_padding":"","_bst_post_feature":"","_bst_post_feature_position":"","_bst_post_header":false,"_bst_post_footer":false},"product_brand":[],"product_cat":[1379,1060],"product_tag":[1062,1063,1064,1066,1211,1319,1274,1442,1070,1071,1073,1074,1075,1076,1077,1078,1079,1154,1155,1080,1386,1387,1364,1081,1082,1085,1216,1088,1089,1090,1312,1275,1092,1093,1270,1284,1097,1098,1099,1100,1101,1102,1103,1104,1226,1227,1165,1105,1228,1106,1107,1109,1110,1111,1112,1113,1114,1115,1116,1117,1118,1166,1119,1167,1120,1121,1122,1123,1170,1218,1314,1132,1133,1134,1135,1136,1171,1137,1138,1139,1140,1141,1142,1144,1145,1412,1172,1173,1175,1148],"product_brands":[],"class_list":{"0":"post-35653","1":"product","2":"type-product","3":"status-publish","4":"has-post-thumbnail","6":"product_cat-con-mas-de-100-empleados","7":"product_cat-empresas-en-mexico","8":"product_tag-b2c-email-database","9":"product_tag-base-de-datos-campana-de-email-marketing","10":"product_tag-base-de-datos-campanas-de-email-marketing","11":"product_tag-base-de-datos-ciudad-de-mexico","12":"product_tag-base-de-datos-de-empresas-b2b","13":"product_tag-base-de-datos-de-empresas-con-mas-de-100-empleados","14":"product_tag-base-de-datos-de-empresas-en-mexico","15":"product_tag-base-de-datos-de-empresas-mexicanas","16":"product_tag-base-de-datos-de-empresas-puebla","17":"product_tag-base-de-datos-direct-e-mail-marketing","18":"product_tag-base-de-datos-e-mail-marketing","19":"product_tag-base-de-datos-email-marketer","20":"product_tag-base-de-datos-email-marketing","21":"product_tag-base-de-datos-email-masivos","22":"product_tag-base-de-datos-email-publicidad","23":"product_tag-base-de-datos-email-publicitario","24":"product_tag-base-de-datos-emailing","25":"product_tag-base-de-datos-emails-mexico","26":"product_tag-base-de-datos-empresas","27":"product_tag-base-de-datos-empresas-de-email-marketing","28":"product_tag-base-de-datos-empresas-en-mexico","29":"product_tag-base-de-datos-empresas-mexico","30":"product_tag-base-de-datos-empresas-que-tengan-hasta-200-empleados","31":"product_tag-base-de-datos-enviar-email-masivo","32":"product_tag-base-de-datos-envio-de-email-masivo","33":"product_tag-base-de-datos-envio-masivo-de-emails","34":"product_tag-base-de-datos-guadalajara","35":"product_tag-base-de-datos-marketing","36":"product_tag-base-de-datos-marketing-por-e-mail","37":"product_tag-base-de-datos-marketing-por-email","38":"product_tag-base-de-datos-monterrey","39":"product_tag-base-de-datos-para-empresas","40":"product_tag-base-de-datos-para-marketing","41":"product_tag-base-de-datos-publicidad-por-email","42":"product_tag-base-de-datos-queretaro","43":"product_tag-base-de-datos-recursos-humanos","44":"product_tag-bases-de-datos-correos","45":"product_tag-bases-de-datos-correos-electronicos","46":"product_tag-bases-de-datos-de-emails","47":"product_tag-bases-de-datos-de-marketing","48":"product_tag-bases-de-datos-de-telefonos","49":"product_tag-bases-de-datos-email","50":"product_tag-bases-de-datos-email-empresas","51":"product_tag-bases-de-datos-emailing","52":"product_tag-bases-de-datos-emails","53":"product_tag-bases-de-datos-empresariales","54":"product_tag-bases-de-datos-mailing","55":"product_tag-bases-de-datos-numeros-de-telefonos","56":"product_tag-bases-de-datos-para-ventas","57":"product_tag-bases-de-datos-telefono","58":"product_tag-bases-de-datos-telefonos-fijos","59":"product_tag-business-contact-lists","60":"product_tag-business-directory","61":"product_tag-business-email-database","62":"product_tag-business-email-list","63":"product_tag-business-email-lists","64":"product_tag-business-mailing-database","65":"product_tag-business-mailing-lists","66":"product_tag-buy-email-database","67":"product_tag-buy-email-list","68":"product_tag-buy-email-list-database","69":"product_tag-companies-email-address-list","70":"product_tag-company-database","71":"product_tag-company-email-address-list","72":"product_tag-correo-de-empresas","73":"product_tag-correos-de-empresas","74":"product_tag-correos-electronicos-de-empresas","75":"product_tag-correos-electronicos-empresas","76":"product_tag-database","77":"product_tag-directorios-guadalajara","78":"product_tag-directorios-monterrey","79":"product_tag-e-mail-database","80":"product_tag-email-address-list","81":"product_tag-email-database","82":"product_tag-email-lists","83":"product_tag-email-marketing-list","84":"product_tag-email-marketing-mexico","85":"product_tag-list-of-email-addresses","86":"product_tag-lista-de-correos","87":"product_tag-lista-de-correos-electronicos","88":"product_tag-mail-marketing","89":"product_tag-mailing-database","90":"product_tag-mailing-list","91":"product_tag-marketing-correo-electronico","92":"product_tag-marketing-lists","93":"product_tag-marketing-mexico","94":"product_tag-phone-database","95":"product_tag-phone-lists","96":"product_tag-phone-number-list","97":"product_tag-tele-marketing-list","99":"first","100":"instock","101":"sale","102":"virtual","103":"purchasable","104":"product-type-simple","105":"entry","106":"content-bg","107":"loop-entry"},"aioseo_notices":[],"_links":{"self":[{"href":"https:\/\/edirectorios.com.mx\/directorios-latinoamerica\/wp-json\/wp\/v2\/product\/35653","targetHints":{"allow":["GET"]}}],"collection":[{"href":"https:\/\/edirectorios.com.mx\/directorios-latinoamerica\/wp-json\/wp\/v2\/product"}],"about":[{"href":"https:\/\/edirectorios.com.mx\/directorios-latinoamerica\/wp-json\/wp\/v2\/types\/product"}],"version-history":[{"count":1,"href":"https:\/\/edirectorios.com.mx\/directorios-latinoamerica\/wp-json\/wp\/v2\/product\/35653\/revisions"}],"predecessor-version":[{"id":35708,"href":"https:\/\/edirectorios.com.mx\/directorios-latinoamerica\/wp-json\/wp\/v2\/product\/35653\/revisions\/35708"}],"wp:featuredmedia":[{"embeddable":true,"href":"https:\/\/edirectorios.com.mx\/directorios-latinoamerica\/wp-json\/wp\/v2\/media\/31282"}],"wp:attachment":[{"href":"https:\/\/edirectorios.com.mx\/directorios-latinoamerica\/wp-json\/wp\/v2\/media?parent=35653"}],"wp:term":[{"taxonomy":"product_brand","embeddable":true,"href":"https:\/\/edirectorios.com.mx\/directorios-latinoamerica\/wp-json\/wp\/v2\/product_brand?post=35653"},{"taxonomy":"product_cat","embeddable":true,"href":"https:\/\/edirectorios.com.mx\/directorios-latinoamerica\/wp-json\/wp\/v2\/product_cat?post=35653"},{"taxonomy":"product_tag","embeddable":true,"href":"https:\/\/edirectorios.com.mx\/directorios-latinoamerica\/wp-json\/wp\/v2\/product_tag?post=35653"},{"taxonomy":"product_brands","embeddable":true,"href":"https:\/\/edirectorios.com.mx\/directorios-latinoamerica\/wp-json\/wp\/v2\/product_brands?post=35653"}],"curies":[{"name":"wp","href":"https:\/\/api.w.org\/{rel}","templated":true}]}}