{"id":35593,"date":"2025-12-12T17:07:46","date_gmt":"2025-12-12T17:07:46","guid":{"rendered":"https:\/\/edirectorios.com.mx\/directorios-latinoamerica\/?post_type=product&#038;p=35593"},"modified":"2025-12-12T17:08:53","modified_gmt":"2025-12-12T17:08:53","slug":"mujeres-y-personas-fisicas-con-actividad-empresarial-en-los-municipios-de-tizayuca-hidalgo-tecamac-estado-de-mexico-y-ciudad-de-mexico","status":"publish","type":"product","link":"https:\/\/edirectorios.com.mx\/directorios-latinoamerica\/product\/mujeres-y-personas-fisicas-con-actividad-empresarial-en-los-municipios-de-tizayuca-hidalgo-tecamac-estado-de-mexico-y-ciudad-de-mexico\/","title":{"rendered":"Mujeres y Personas F\u00edsicas con actividad empresarial en los municipios de Tizayuca (Hidalgo), Tecamac (Estado de M\u00e9xico) y Ciudad de M\u00e9xico."},"content":{"rendered":"","protected":false},"excerpt":{"rendered":"<p>&nbsp;<\/p>\n<div class=\"row\">\n<div class=\"col-sm\"><strong>C\u00f3digo:<\/strong> <strong class=\"text-danger\">WJHB-I8<\/strong><\/div>\n<div class=\"col-sm\"><strong>N\u00famero de registros: <\/strong>300<\/div>\n<\/div>\n<div class=\"row\">\n<div class=\"col-sm \"><strong>Folio: <\/strong><span class=\"text-danger\">03EPNG0920-082<\/span><\/div>\n<\/div>\n<p><strong>Segmentaci\u00f3n:<\/strong><\/p>\n<div class=\"row\">\n<div class=\"col-sm \">Mujeres y Personas F\u00edsicas con actividad empresarial \/ mayores de edad \/ econ\u00f3micamente activos \/ tarjetahabientes en los municipios de Tizayuca (Hidalgo), Tecamac (Estado de M\u00e9xico) y Ciudad de M\u00e9xico.<\/div>\n<\/div>\n<p><strong>Campos Contenidos:<\/strong><\/p>\n<div class=\"row\">\n<div class=\"col-sm \">Nombre \/ Direcci\u00f3n \/ Ciudad \/ Estado \/ Tel\u00e9fono Fijo \/ Email.<\/div>\n<\/div>\n<div class=\"row\">\n<div class=\"col-sm\"><strong>Garant\u00eda: <\/strong>80%-85% <strong>Precio Original: <\/strong><del>$114 USD<\/del> <strong>Descuento Especial: <\/strong><strong class=\"text-danger\">20%<\/strong><\/div>\n<\/div>\n<div class=\"row\">\n<div class=\"col text-center\"><strong>Total a Pagar: <\/strong><strong class=\"text-danger\">$91 USD<\/strong><\/div>\n<\/div>\n","protected":false},"featured_media":31002,"template":"","meta":{"_bst_post_transparent":"","_bst_post_title":"","_bst_post_layout":"","_bst_post_sidebar_id":"","_bst_post_content_style":"","_bst_post_vertical_padding":"","_bst_post_feature":"","_bst_post_feature_position":"","_bst_post_header":false,"_bst_post_footer":false},"product_brand":[],"product_cat":[1181,1180],"product_tag":[1062,1182,1063,1064,1066,1067,1068,1185,1186,1187,1071,1073,1074,1075,1076,1077,1078,1079,1213,1081,1156,1082,1083,1084,1085,1086,1087,1161,1162,1088,1089,1090,1092,1189,1093,1097,1098,1099,1100,1101,1102,1104,1227,1165,1105,1106,1107,1190,1117,1118,1191,1192,1193,1194,1195,1196,1197,1198,1199,1200,1201,1202,1203,1204,1170,1126,1133,1135,1136,1137,1138,1139,1140,1142,1143,1144,1145,1206,1172,1173,1174,1175,1146,1148,1149],"product_brands":[],"class_list":{"0":"post-35593","1":"product","2":"type-product","3":"status-publish","4":"has-post-thumbnail","6":"product_cat-empresarios","7":"product_cat-personas-en-mexico","8":"product_tag-b2c-email-database","9":"product_tag-base-de-datos","10":"product_tag-base-de-datos-campana-de-email-marketing","11":"product_tag-base-de-datos-campanas-de-email-marketing","12":"product_tag-base-de-datos-ciudad-de-mexico","13":"product_tag-base-de-datos-correo-masivo","14":"product_tag-base-de-datos-correo-masivos","15":"product_tag-base-de-datos-de-empresarios","16":"product_tag-base-de-datos-de-personas-fisicas","17":"product_tag-base-de-datos-de-tarjetahabientes","18":"product_tag-base-de-datos-direct-e-mail-marketing","19":"product_tag-base-de-datos-e-mail-marketing","20":"product_tag-base-de-datos-email-marketer","21":"product_tag-base-de-datos-email-marketing","22":"product_tag-base-de-datos-email-masivos","23":"product_tag-base-de-datos-email-publicidad","24":"product_tag-base-de-datos-email-publicitario","25":"product_tag-base-de-datos-emailing","26":"product_tag-base-de-datos-empresarial","27":"product_tag-base-de-datos-enviar-email-masivo","28":"product_tag-base-de-datos-enviar-mailing","29":"product_tag-base-de-datos-envio-de-email-masivo","30":"product_tag-base-de-datos-envio-masivo-correo","31":"product_tag-base-de-datos-envio-masivo-correos","32":"product_tag-base-de-datos-envio-masivo-de-emails","33":"product_tag-base-de-datos-envios-de-correo-masivos","34":"product_tag-base-de-datos-estado-de-mexico","35":"product_tag-base-de-datos-mailing","36":"product_tag-base-de-datos-mailing-masivo","37":"product_tag-base-de-datos-marketing","38":"product_tag-base-de-datos-marketing-por-e-mail","39":"product_tag-base-de-datos-marketing-por-email","40":"product_tag-base-de-datos-para-marketing","41":"product_tag-base-de-datos-personas-de-email-marketing","42":"product_tag-base-de-datos-publicidad-por-email","43":"product_tag-bases-de-datos-correos","44":"product_tag-bases-de-datos-correos-electronicos","45":"product_tag-bases-de-datos-de-emails","46":"product_tag-bases-de-datos-de-marketing","47":"product_tag-bases-de-datos-de-telefonos","48":"product_tag-bases-de-datos-email","49":"product_tag-bases-de-datos-emailing","50":"product_tag-bases-de-datos-empresariales","51":"product_tag-bases-de-datos-mailing","52":"product_tag-bases-de-datos-numeros-de-telefonos","53":"product_tag-bases-de-datos-telefono","54":"product_tag-bases-de-datos-telefonos-fijos","55":"product_tag-big-consumer-database","56":"product_tag-buy-email-list","57":"product_tag-buy-email-list-database","58":"product_tag-consumer-contact-lists","59":"product_tag-consumer-database","60":"product_tag-consumer-directory","61":"product_tag-consumer-email-database","62":"product_tag-consumer-email-list","63":"product_tag-consumer-email-lists","64":"product_tag-consumer-list","65":"product_tag-consumer-mailing-database","66":"product_tag-consumer-mailing-list","67":"product_tag-consumer-mailing-lists","68":"product_tag-consumer-phone-list","69":"product_tag-correo-de-personas","70":"product_tag-correos-electronicos-de-personas","71":"product_tag-correos-electronicos-personas","72":"product_tag-database","73":"product_tag-directorio-emailing","74":"product_tag-email-address-list","75":"product_tag-email-lists","76":"product_tag-email-marketing-list","77":"product_tag-list-of-email-addresses","78":"product_tag-lista-de-correos","79":"product_tag-lista-de-correos-electronicos","80":"product_tag-mail-marketing","81":"product_tag-mailing-list","82":"product_tag-marketing","83":"product_tag-marketing-correo-electronico","84":"product_tag-marketing-lists","85":"product_tag-phone","86":"product_tag-phone-database","87":"product_tag-phone-lists","88":"product_tag-phone-number","89":"product_tag-phone-number-list","90":"product_tag-publicidad-por-base-de-datos-correo-electronico","91":"product_tag-tele-marketing-list","92":"product_tag-telefono","94":"first","95":"instock","96":"sale","97":"virtual","98":"purchasable","99":"product-type-simple","100":"entry","101":"content-bg","102":"loop-entry"},"aioseo_notices":[],"_links":{"self":[{"href":"https:\/\/edirectorios.com.mx\/directorios-latinoamerica\/wp-json\/wp\/v2\/product\/35593","targetHints":{"allow":["GET"]}}],"collection":[{"href":"https:\/\/edirectorios.com.mx\/directorios-latinoamerica\/wp-json\/wp\/v2\/product"}],"about":[{"href":"https:\/\/edirectorios.com.mx\/directorios-latinoamerica\/wp-json\/wp\/v2\/types\/product"}],"version-history":[{"count":1,"href":"https:\/\/edirectorios.com.mx\/directorios-latinoamerica\/wp-json\/wp\/v2\/product\/35593\/revisions"}],"predecessor-version":[{"id":35642,"href":"https:\/\/edirectorios.com.mx\/directorios-latinoamerica\/wp-json\/wp\/v2\/product\/35593\/revisions\/35642"}],"wp:featuredmedia":[{"embeddable":true,"href":"https:\/\/edirectorios.com.mx\/directorios-latinoamerica\/wp-json\/wp\/v2\/media\/31002"}],"wp:attachment":[{"href":"https:\/\/edirectorios.com.mx\/directorios-latinoamerica\/wp-json\/wp\/v2\/media?parent=35593"}],"wp:term":[{"taxonomy":"product_brand","embeddable":true,"href":"https:\/\/edirectorios.com.mx\/directorios-latinoamerica\/wp-json\/wp\/v2\/product_brand?post=35593"},{"taxonomy":"product_cat","embeddable":true,"href":"https:\/\/edirectorios.com.mx\/directorios-latinoamerica\/wp-json\/wp\/v2\/product_cat?post=35593"},{"taxonomy":"product_tag","embeddable":true,"href":"https:\/\/edirectorios.com.mx\/directorios-latinoamerica\/wp-json\/wp\/v2\/product_tag?post=35593"},{"taxonomy":"product_brands","embeddable":true,"href":"https:\/\/edirectorios.com.mx\/directorios-latinoamerica\/wp-json\/wp\/v2\/product_brands?post=35593"}],"curies":[{"name":"wp","href":"https:\/\/api.w.org\/{rel}","templated":true}]}}