{"id":35590,"date":"2025-12-12T17:07:46","date_gmt":"2025-12-12T17:07:46","guid":{"rendered":"https:\/\/edirectorios.com.mx\/directorios-latinoamerica\/?post_type=product&#038;p=35590"},"modified":"2025-12-12T17:08:49","modified_gmt":"2025-12-12T17:08:49","slug":"personas-fisicas-de-30-a-55-anos-economicamente-activas-y-tarjetahabientes-en-guadalajara-y-zapopan","status":"publish","type":"product","link":"https:\/\/edirectorios.com.mx\/directorios-latinoamerica\/product\/personas-fisicas-de-30-a-55-anos-economicamente-activas-y-tarjetahabientes-en-guadalajara-y-zapopan\/","title":{"rendered":"Personas F\u00edsicas, de 30 a 55 a\u00f1os, econ\u00f3micamente activas y tarjetahabientes, en Guadalajara y Zapopan."},"content":{"rendered":"","protected":false},"excerpt":{"rendered":"<p>&nbsp;<\/p>\n<div class=\"row\">\n<div class=\"col-sm\"><strong>C\u00f3digo:<\/strong> <strong class=\"text-danger\">SBCP-K6<\/strong><\/div>\n<div class=\"col-sm\"><strong>N\u00famero de registros:\u00a0<\/strong>300<\/div>\n<\/div>\n<div class=\"row\">\n<div class=\"col-sm \"><strong>Folio: <\/strong><span class=\"text-danger\">03EMJR1119-041 <\/span><\/div>\n<\/div>\n<p><strong>Segmentaci\u00f3n:<\/strong><\/p>\n<div class=\"row\">\n<div class=\"col-sm \">Personas F\u00edsicas, de 30 a 55 a\u00f1os, econ\u00f3micamente activas y tarjetahabientes, en Guadalajara y Zapopan.<\/div>\n<\/div>\n<p><strong>Campos Contenidos:<\/strong><\/p>\n<div class=\"row\">\n<div class=\"col-sm \">Nombre \/ Celular.<\/div>\n<\/div>\n<div class=\"row\">\n<div class=\"col-sm\"><strong>Garant\u00eda:\u00a0<\/strong>80%-85% <strong>Precio Original:<del>\u00a0<\/del><\/strong><del>$84 USD<\/del> <strong>Descuento Especial:\u00a0<\/strong><strong class=\"text-danger\">20%<\/strong><\/div>\n<\/div>\n<div class=\"row\">\n<div class=\"col text-center\"><strong>Total a Pagar:\u00a0<\/strong><strong class=\"text-danger\">$67 USD<\/strong><\/div>\n<\/div>\n","protected":false},"featured_media":31224,"template":"","meta":{"_bst_post_transparent":"","_bst_post_title":"","_bst_post_layout":"","_bst_post_sidebar_id":"","_bst_post_content_style":"","_bst_post_vertical_padding":"","_bst_post_feature":"","_bst_post_feature_position":"","_bst_post_header":false,"_bst_post_footer":false},"product_brand":[],"product_cat":[1180],"product_tag":[1404,1294,1186,1187,1405,1428,1216,1295,1406,1190,1191,1192,1193,1218,1296,1407,1297,1298,1299,1300,1301,1302,1303],"product_brands":[],"class_list":{"0":"post-35590","1":"product","2":"type-product","3":"status-publish","4":"has-post-thumbnail","6":"product_cat-personas-en-mexico","7":"product_tag-base-de-datos-celulares","8":"product_tag-base-de-datos-de-numeros-celulares","9":"product_tag-base-de-datos-de-personas-fisicas","10":"product_tag-base-de-datos-de-tarjetahabientes","11":"product_tag-base-de-datos-de-telefonos-moviles","12":"product_tag-base-de-datos-de-zapopan","13":"product_tag-base-de-datos-guadalajara","14":"product_tag-base-de-datos-numeros-de-telefonos-celulares","15":"product_tag-base-de-datos-telefonos-moviles","16":"product_tag-big-consumer-database","17":"product_tag-consumer-contact-lists","18":"product_tag-consumer-database","19":"product_tag-consumer-directory","20":"product_tag-directorios-guadalajara","21":"product_tag-lista-de-numeros-de-telefonos-celulares","22":"product_tag-mobile","23":"product_tag-mobile-database","24":"product_tag-mobile-directory","25":"product_tag-mobile-list","26":"product_tag-mobile-number-database","27":"product_tag-mobile-number-list","28":"product_tag-mobile-phone-number","29":"product_tag-numeros-de-telefonos-celulares","31":"first","32":"instock","33":"sale","34":"featured","35":"virtual","36":"purchasable","37":"product-type-simple","38":"entry","39":"content-bg","40":"loop-entry"},"aioseo_notices":[],"_links":{"self":[{"href":"https:\/\/edirectorios.com.mx\/directorios-latinoamerica\/wp-json\/wp\/v2\/product\/35590","targetHints":{"allow":["GET"]}}],"collection":[{"href":"https:\/\/edirectorios.com.mx\/directorios-latinoamerica\/wp-json\/wp\/v2\/product"}],"about":[{"href":"https:\/\/edirectorios.com.mx\/directorios-latinoamerica\/wp-json\/wp\/v2\/types\/product"}],"version-history":[{"count":1,"href":"https:\/\/edirectorios.com.mx\/directorios-latinoamerica\/wp-json\/wp\/v2\/product\/35590\/revisions"}],"predecessor-version":[{"id":35639,"href":"https:\/\/edirectorios.com.mx\/directorios-latinoamerica\/wp-json\/wp\/v2\/product\/35590\/revisions\/35639"}],"wp:featuredmedia":[{"embeddable":true,"href":"https:\/\/edirectorios.com.mx\/directorios-latinoamerica\/wp-json\/wp\/v2\/media\/31224"}],"wp:attachment":[{"href":"https:\/\/edirectorios.com.mx\/directorios-latinoamerica\/wp-json\/wp\/v2\/media?parent=35590"}],"wp:term":[{"taxonomy":"product_brand","embeddable":true,"href":"https:\/\/edirectorios.com.mx\/directorios-latinoamerica\/wp-json\/wp\/v2\/product_brand?post=35590"},{"taxonomy":"product_cat","embeddable":true,"href":"https:\/\/edirectorios.com.mx\/directorios-latinoamerica\/wp-json\/wp\/v2\/product_cat?post=35590"},{"taxonomy":"product_tag","embeddable":true,"href":"https:\/\/edirectorios.com.mx\/directorios-latinoamerica\/wp-json\/wp\/v2\/product_tag?post=35590"},{"taxonomy":"product_brands","embeddable":true,"href":"https:\/\/edirectorios.com.mx\/directorios-latinoamerica\/wp-json\/wp\/v2\/product_brands?post=35590"}],"curies":[{"name":"wp","href":"https:\/\/api.w.org\/{rel}","templated":true}]}}