{"id":35585,"date":"2025-12-12T17:07:45","date_gmt":"2025-12-12T17:07:45","guid":{"rendered":"https:\/\/edirectorios.com.mx\/directorios-latinoamerica\/?post_type=product&#038;p=35585"},"modified":"2025-12-12T17:08:41","modified_gmt":"2025-12-12T17:08:41","slug":"padres-de-familia-con-hijos-en-colegios-privados-en-nivel-preparatoria-en-la-ciudad-de-queretaro","status":"publish","type":"product","link":"https:\/\/edirectorios.com.mx\/directorios-latinoamerica\/product\/padres-de-familia-con-hijos-en-colegios-privados-en-nivel-preparatoria-en-la-ciudad-de-queretaro\/","title":{"rendered":"Padres de Familia con hijos en Colegios Privados en Nivel Preparatoria en la Ciudad de Quer\u00e9taro"},"content":{"rendered":"","protected":false},"excerpt":{"rendered":"<p>&nbsp;<\/p>\n<div class=\"row\">\n<div class=\"col-sm\"><strong>C\u00f3digo:<\/strong> <strong class=\"text-danger\">ZBHB-K0-1<\/strong><\/div>\n<div class=\"col-sm\"><strong>N\u00famero de registros: <\/strong>550<\/div>\n<\/div>\n<div class=\"row\">\n<div class=\"col-sm \"><strong>Folio: <\/strong><span class=\"text-danger\">CM0517M093<\/span><\/div>\n<\/div>\n<p><strong>Segmentaci\u00f3n:<\/strong><\/p>\n<div class=\"row\">\n<div class=\"col-sm \"><span class=\"text-justify\">Bases de datos en el Estado de Quer\u00e9taro de diferentes sectores como: Padres de Familia con hijos en Colegios Privados en Nivel Preparatoria en la Ciudad de Quer\u00e9taro Empresas en la Ciudad de Quer\u00e9taro Asociaci\u00f3n de Docentes en la Ciudad de Quer\u00e9taro Empresas Medianas, Grandes y Corporativos en la Ciudad de Quer\u00e9taro Agencias de Publicidad y Mercadotecnia en la Ciudad de Quer\u00e9taro Consultorios de Psicolog\u00eda en la Ciudad de Quer\u00e9taro Consultorios de Nutrici\u00f3n en la Ciudad de Quer\u00e9taro.<\/span><\/div>\n<\/div>\n<p><strong>Campos Contenidos:<\/strong><\/p>\n<div class=\"row\">\n<div class=\"col-sm \"><span class=\"text-justify\">Empresa \/ Giro \/ Contacto \/ Puesto: Confirmar puesto \/ Tel\u00e9fono de oficina \/ Celular*Opcional \/ Email o Nombre \/ Tel\u00e9fono de oficina \/ Celular*opcional \/ Email.<\/span><\/div>\n<\/div>\n<div class=\"row\">\n<div class=\"col-sm\">\n<p><strong>Garant\u00eda:\u00a0<\/strong>80%-85%<\/p>\n<p><strong>Precio Original:\u00a0<\/strong><del>$406 USD<\/del><\/p>\n<p><strong>Descuento Especial:\u00a0<\/strong><strong class=\"text-danger\">20%<\/strong><\/p>\n<\/div>\n<\/div>\n<div class=\"row\">\n<div class=\"col text-center\"><strong>Total a Pagar:\u00a0<\/strong><strong class=\"text-danger\">$325 USD<\/strong><\/div>\n<\/div>\n","protected":false},"featured_media":31013,"template":"","meta":{"_bst_post_transparent":"","_bst_post_title":"","_bst_post_layout":"","_bst_post_sidebar_id":"","_bst_post_content_style":"","_bst_post_vertical_padding":"","_bst_post_feature":"","_bst_post_feature_position":"","_bst_post_header":false,"_bst_post_footer":false},"product_brand":[],"product_cat":[1060],"product_tag":[1062,1182,1063,1064,1404,1399,1067,1068,1255,1211,1294,1264,1444,1405,1071,1074,1075,1076,1077,1078,1079,1155,1080,1242,1243,1081,1082,1157,1083,1084,1085,1158,1086,1159,1088,1089,1090,1295,1092,1093,1270,1406,1097,1098,1099,1100,1101,1102,1104,1226,1165,1105,1228,1106,1107,1229,1111,1114,1116,1117,1118,1119,1167,1170,1254,1133,1135,1136,1137,1138,1139,1296,1140,1142,1144,1145,1329,1407,1297,1298,1299,1300,1301,1302,1303,1206,1172,1173,1174,1175,1146,1149],"product_brands":[],"class_list":{"0":"post-35585","1":"product","2":"type-product","3":"status-publish","4":"has-post-thumbnail","6":"product_cat-empresas-en-mexico","7":"product_tag-b2c-email-database","8":"product_tag-base-de-datos","9":"product_tag-base-de-datos-campana-de-email-marketing","10":"product_tag-base-de-datos-campanas-de-email-marketing","11":"product_tag-base-de-datos-celulares","12":"product_tag-base-de-datos-colegios","13":"product_tag-base-de-datos-correo-masivo","14":"product_tag-base-de-datos-correo-masivos","15":"product_tag-base-de-datos-de-corporativos","16":"product_tag-base-de-datos-de-empresas-b2b","17":"product_tag-base-de-datos-de-numeros-celulares","18":"product_tag-base-de-datos-de-padres-de-familia","19":"product_tag-base-de-datos-de-preparatorias","20":"product_tag-base-de-datos-de-telefonos-moviles","21":"product_tag-base-de-datos-direct-e-mail-marketing","22":"product_tag-base-de-datos-email-marketer","23":"product_tag-base-de-datos-email-marketing","24":"product_tag-base-de-datos-email-masivos","25":"product_tag-base-de-datos-email-publicidad","26":"product_tag-base-de-datos-email-publicitario","27":"product_tag-base-de-datos-emailing","28":"product_tag-base-de-datos-empresas","29":"product_tag-base-de-datos-empresas-de-email-marketing","30":"product_tag-base-de-datos-empresas-grandes","31":"product_tag-base-de-datos-empresas-medianas","32":"product_tag-base-de-datos-enviar-email-masivo","33":"product_tag-base-de-datos-envio-de-email-masivo","34":"product_tag-base-de-datos-envio-masivo","35":"product_tag-base-de-datos-envio-masivo-correo","36":"product_tag-base-de-datos-envio-masivo-correos","37":"product_tag-base-de-datos-envio-masivo-de-emails","38":"product_tag-base-de-datos-envio-masivos","39":"product_tag-base-de-datos-envios-de-correo-masivos","40":"product_tag-base-de-datos-envios-masivos","41":"product_tag-base-de-datos-marketing","42":"product_tag-base-de-datos-marketing-por-e-mail","43":"product_tag-base-de-datos-marketing-por-email","44":"product_tag-base-de-datos-numeros-de-telefonos-celulares","45":"product_tag-base-de-datos-para-marketing","46":"product_tag-base-de-datos-publicidad-por-email","47":"product_tag-base-de-datos-queretaro","48":"product_tag-base-de-datos-telefonos-moviles","49":"product_tag-bases-de-datos-correos","50":"product_tag-bases-de-datos-correos-electronicos","51":"product_tag-bases-de-datos-de-emails","52":"product_tag-bases-de-datos-de-marketing","53":"product_tag-bases-de-datos-de-telefonos","54":"product_tag-bases-de-datos-email","55":"product_tag-bases-de-datos-emailing","56":"product_tag-bases-de-datos-emails","57":"product_tag-bases-de-datos-mailing","58":"product_tag-bases-de-datos-numeros-de-telefonos","59":"product_tag-bases-de-datos-para-ventas","60":"product_tag-bases-de-datos-telefono","61":"product_tag-bases-de-datos-telefonos-fijos","62":"product_tag-big-corporates-database","63":"product_tag-business-email-database","64":"product_tag-business-mailing-database","65":"product_tag-buy-email-database","66":"product_tag-buy-email-list","67":"product_tag-buy-email-list-database","68":"product_tag-company-database","69":"product_tag-company-email-address-list","70":"product_tag-database","71":"product_tag-databases","72":"product_tag-email-address-list","73":"product_tag-email-lists","74":"product_tag-email-marketing-list","75":"product_tag-list-of-email-addresses","76":"product_tag-lista-de-correos","77":"product_tag-lista-de-correos-electronicos","78":"product_tag-lista-de-numeros-de-telefonos-celulares","79":"product_tag-mail-marketing","80":"product_tag-mailing-list","81":"product_tag-marketing-correo-electronico","82":"product_tag-marketing-lists","83":"product_tag-mercadotecnia","84":"product_tag-mobile","85":"product_tag-mobile-database","86":"product_tag-mobile-directory","87":"product_tag-mobile-list","88":"product_tag-mobile-number-database","89":"product_tag-mobile-number-list","90":"product_tag-mobile-phone-number","91":"product_tag-numeros-de-telefonos-celulares","92":"product_tag-phone","93":"product_tag-phone-database","94":"product_tag-phone-lists","95":"product_tag-phone-number","96":"product_tag-phone-number-list","97":"product_tag-publicidad-por-base-de-datos-correo-electronico","98":"product_tag-telefono","100":"first","101":"instock","102":"sale","103":"virtual","104":"purchasable","105":"product-type-simple","106":"entry","107":"content-bg","108":"loop-entry"},"aioseo_notices":[],"_links":{"self":[{"href":"https:\/\/edirectorios.com.mx\/directorios-latinoamerica\/wp-json\/wp\/v2\/product\/35585","targetHints":{"allow":["GET"]}}],"collection":[{"href":"https:\/\/edirectorios.com.mx\/directorios-latinoamerica\/wp-json\/wp\/v2\/product"}],"about":[{"href":"https:\/\/edirectorios.com.mx\/directorios-latinoamerica\/wp-json\/wp\/v2\/types\/product"}],"version-history":[{"count":1,"href":"https:\/\/edirectorios.com.mx\/directorios-latinoamerica\/wp-json\/wp\/v2\/product\/35585\/revisions"}],"predecessor-version":[{"id":35634,"href":"https:\/\/edirectorios.com.mx\/directorios-latinoamerica\/wp-json\/wp\/v2\/product\/35585\/revisions\/35634"}],"wp:featuredmedia":[{"embeddable":true,"href":"https:\/\/edirectorios.com.mx\/directorios-latinoamerica\/wp-json\/wp\/v2\/media\/31013"}],"wp:attachment":[{"href":"https:\/\/edirectorios.com.mx\/directorios-latinoamerica\/wp-json\/wp\/v2\/media?parent=35585"}],"wp:term":[{"taxonomy":"product_brand","embeddable":true,"href":"https:\/\/edirectorios.com.mx\/directorios-latinoamerica\/wp-json\/wp\/v2\/product_brand?post=35585"},{"taxonomy":"product_cat","embeddable":true,"href":"https:\/\/edirectorios.com.mx\/directorios-latinoamerica\/wp-json\/wp\/v2\/product_cat?post=35585"},{"taxonomy":"product_tag","embeddable":true,"href":"https:\/\/edirectorios.com.mx\/directorios-latinoamerica\/wp-json\/wp\/v2\/product_tag?post=35585"},{"taxonomy":"product_brands","embeddable":true,"href":"https:\/\/edirectorios.com.mx\/directorios-latinoamerica\/wp-json\/wp\/v2\/product_brands?post=35585"}],"curies":[{"name":"wp","href":"https:\/\/api.w.org\/{rel}","templated":true}]}}