{"id":35581,"date":"2025-12-12T17:07:44","date_gmt":"2025-12-12T17:07:44","guid":{"rendered":"https:\/\/edirectorios.com.mx\/directorios-latinoamerica\/?post_type=product&#038;p=35581"},"modified":"2025-12-12T17:08:29","modified_gmt":"2025-12-12T17:08:29","slug":"empresas-del-sector-horeca-a-nivel-nacional-con-especial-enfasis-en-cdmx-guadalajara-monterrey-queretaro-merida-y-leon","status":"publish","type":"product","link":"https:\/\/edirectorios.com.mx\/directorios-latinoamerica\/product\/empresas-del-sector-horeca-a-nivel-nacional-con-especial-enfasis-en-cdmx-guadalajara-monterrey-queretaro-merida-y-leon\/","title":{"rendered":"Empresas del sector HORECA a Nivel Nacional con especial \u00e9nfasis en CDMX, Guadalajara, Monterrey, Quer\u00e9taro, M\u00e9rida y Le\u00f3n."},"content":{"rendered":"","protected":false},"excerpt":{"rendered":"<p>&nbsp;<\/p>\n<div class=\"row\">\n<div class=\"col-sm\"><strong>C\u00f3digo:<\/strong> <strong class=\"text-danger\">OBAB-D0<\/strong><\/div>\n<div class=\"col-sm\"><strong>N\u00famero de registros:\u00a0<\/strong>6700<\/div>\n<\/div>\n<div class=\"row\">\n<div class=\"col-sm \"><strong>Folio: <\/strong><span class=\"text-danger\">ZG0520B026<\/span><\/div>\n<\/div>\n<p><strong>Segmentaci\u00f3n:<\/strong><\/p>\n<div class=\"row\">\n<div class=\"col-sm \">Empresas del sector HORECA a Nivel Nacional con especial \u00e9nfasis en CDMX, Guadalajara, Monterrey, Quer\u00e9taro, M\u00e9rida y Le\u00f3n.<\/div>\n<\/div>\n<p><strong>Campos Contenidos:<\/strong><\/p>\n<div class=\"row\">\n<div class=\"col-sm \">Empresa \/ Giro \/ Direcci\u00f3n \/ Ciudad \/ Estado \/ Contacto \/ Puesto: Director General, Socio, Directivos, Gerentes o Tomador de decisi\u00f3n \/ Tel\u00e9fono \/ Email \/ P\u00e1gina web*opcional.<\/div>\n<\/div>\n<div class=\"row\">\n<div class=\"col-sm\"><strong>Garant\u00eda:\u00a0<\/strong>80%-85% <strong>Precio Original:\u00a0<\/strong><del>$2339 USD<\/del> <strong>Descuento Especial:\u00a0<\/strong><strong class=\"text-danger\">20%<\/strong><\/div>\n<\/div>\n<div class=\"row\">\n<div class=\"col text-center\"><strong>Total a Pagar:\u00a0<\/strong><strong class=\"text-danger\">$1871 USD<\/strong><\/div>\n<\/div>\n","protected":false},"featured_media":31008,"template":"","meta":{"_bst_post_transparent":"","_bst_post_title":"","_bst_post_layout":"","_bst_post_sidebar_id":"","_bst_post_content_style":"","_bst_post_vertical_padding":"","_bst_post_feature":"","_bst_post_feature_position":"","_bst_post_header":false,"_bst_post_footer":false},"product_brand":[],"product_cat":[1060,1221],"product_tag":[1062,1063,1064,1184,1067,1068,1152,1069,1211,1153,1071,1072,1073,1074,1075,1076,1077,1078,1079,1155,1080,1081,1082,1083,1084,1085,1086,1160,1216,1088,1089,1090,1356,1312,1224,1092,1225,1093,1270,1163,1097,1098,1099,1100,1101,1102,1103,1104,1226,1227,1165,1105,1228,1106,1107,1229,1110,1111,1112,1113,1114,1115,1116,1117,1118,1166,1119,1167,1120,1121,1122,1123,1124,1170,1126,1127,1128,1129,1130,1131,1218,1314,1132,1133,1134,1135,1136,1171,1220,1137,1138,1139,1140,1142,1143,1144,1145,1206,1172,1173,1174,1175,1146,1148,1149,1231,1232],"product_brands":[],"class_list":{"0":"post-35581","1":"product","2":"type-product","3":"status-publish","4":"has-post-thumbnail","6":"product_cat-empresas-en-mexico","7":"product_cat-hoteles","8":"product_tag-b2c-email-database","9":"product_tag-base-de-datos-campana-de-email-marketing","10":"product_tag-base-de-datos-campanas-de-email-marketing","11":"product_tag-base-de-datos-cdmx","12":"product_tag-base-de-datos-correo-masivo","13":"product_tag-base-de-datos-correo-masivos","14":"product_tag-base-de-datos-de-directivos","15":"product_tag-base-de-datos-de-director-general","16":"product_tag-base-de-datos-de-empresas-b2b","17":"product_tag-base-de-datos-de-tomador-de-decision","18":"product_tag-base-de-datos-direct-e-mail-marketing","19":"product_tag-base-de-datos-director","20":"product_tag-base-de-datos-e-mail-marketing","21":"product_tag-base-de-datos-email-marketer","22":"product_tag-base-de-datos-email-marketing","23":"product_tag-base-de-datos-email-masivos","24":"product_tag-base-de-datos-email-publicidad","25":"product_tag-base-de-datos-email-publicitario","26":"product_tag-base-de-datos-emailing","27":"product_tag-base-de-datos-empresas","28":"product_tag-base-de-datos-empresas-de-email-marketing","29":"product_tag-base-de-datos-enviar-email-masivo","30":"product_tag-base-de-datos-envio-de-email-masivo","31":"product_tag-base-de-datos-envio-masivo-correo","32":"product_tag-base-de-datos-envio-masivo-correos","33":"product_tag-base-de-datos-envio-masivo-de-emails","34":"product_tag-base-de-datos-envios-de-correo-masivos","35":"product_tag-base-de-datos-gerente","36":"product_tag-base-de-datos-guadalajara","37":"product_tag-base-de-datos-marketing","38":"product_tag-base-de-datos-marketing-por-e-mail","39":"product_tag-base-de-datos-marketing-por-email","40":"product_tag-base-de-datos-merida","41":"product_tag-base-de-datos-monterrey","42":"product_tag-base-de-datos-nivel-nacional","43":"product_tag-base-de-datos-para-marketing","44":"product_tag-base-de-datos-para-ventas","45":"product_tag-base-de-datos-publicidad-por-email","46":"product_tag-base-de-datos-queretaro","47":"product_tag-base-de-datos-socio","48":"product_tag-bases-de-datos-correos","49":"product_tag-bases-de-datos-correos-electronicos","50":"product_tag-bases-de-datos-de-emails","51":"product_tag-bases-de-datos-de-marketing","52":"product_tag-bases-de-datos-de-telefonos","53":"product_tag-bases-de-datos-email","54":"product_tag-bases-de-datos-email-empresas","55":"product_tag-bases-de-datos-emailing","56":"product_tag-bases-de-datos-emails","57":"product_tag-bases-de-datos-empresariales","58":"product_tag-bases-de-datos-mailing","59":"product_tag-bases-de-datos-numeros-de-telefonos","60":"product_tag-bases-de-datos-para-ventas","61":"product_tag-bases-de-datos-telefono","62":"product_tag-bases-de-datos-telefonos-fijos","63":"product_tag-big-corporates-database","64":"product_tag-business-directory","65":"product_tag-business-email-database","66":"product_tag-business-email-list","67":"product_tag-business-email-lists","68":"product_tag-business-mailing-database","69":"product_tag-business-mailing-lists","70":"product_tag-buy-email-database","71":"product_tag-buy-email-list","72":"product_tag-buy-email-list-database","73":"product_tag-companies-email-address-list","74":"product_tag-company-database","75":"product_tag-company-email-address-list","76":"product_tag-correo-de-empresas","77":"product_tag-correos-de-empresas","78":"product_tag-correos-electronicos-de-empresas","79":"product_tag-correos-electronicos-empresas","80":"product_tag-correos-empresariales","81":"product_tag-database","82":"product_tag-directorio-emailing","83":"product_tag-directorio-empresarial","84":"product_tag-directorio-empresariales","85":"product_tag-directorio-empresas","86":"product_tag-directorios-de-empresas","87":"product_tag-directorios-empresas","88":"product_tag-directorios-guadalajara","89":"product_tag-directorios-monterrey","90":"product_tag-e-mail-database","91":"product_tag-email-address-list","92":"product_tag-email-database","93":"product_tag-email-lists","94":"product_tag-email-marketing-list","95":"product_tag-email-marketing-mexico","96":"product_tag-gerentes","97":"product_tag-list-of-email-addresses","98":"product_tag-lista-de-correos","99":"product_tag-lista-de-correos-electronicos","100":"product_tag-mail-marketing","101":"product_tag-mailing-list","102":"product_tag-marketing","103":"product_tag-marketing-correo-electronico","104":"product_tag-marketing-lists","105":"product_tag-phone","106":"product_tag-phone-database","107":"product_tag-phone-lists","108":"product_tag-phone-number","109":"product_tag-phone-number-list","110":"product_tag-publicidad-por-base-de-datos-correo-electronico","111":"product_tag-tele-marketing-list","112":"product_tag-telefono","113":"product_tag-venta-base-de-datos","114":"product_tag-venta-de-base-de-datos-de-empresas","116":"first","117":"instock","118":"sale","119":"virtual","120":"purchasable","121":"product-type-simple","122":"entry","123":"content-bg","124":"loop-entry"},"aioseo_notices":[],"_links":{"self":[{"href":"https:\/\/edirectorios.com.mx\/directorios-latinoamerica\/wp-json\/wp\/v2\/product\/35581","targetHints":{"allow":["GET"]}}],"collection":[{"href":"https:\/\/edirectorios.com.mx\/directorios-latinoamerica\/wp-json\/wp\/v2\/product"}],"about":[{"href":"https:\/\/edirectorios.com.mx\/directorios-latinoamerica\/wp-json\/wp\/v2\/types\/product"}],"version-history":[{"count":1,"href":"https:\/\/edirectorios.com.mx\/directorios-latinoamerica\/wp-json\/wp\/v2\/product\/35581\/revisions"}],"predecessor-version":[{"id":35619,"href":"https:\/\/edirectorios.com.mx\/directorios-latinoamerica\/wp-json\/wp\/v2\/product\/35581\/revisions\/35619"}],"wp:featuredmedia":[{"embeddable":true,"href":"https:\/\/edirectorios.com.mx\/directorios-latinoamerica\/wp-json\/wp\/v2\/media\/31008"}],"wp:attachment":[{"href":"https:\/\/edirectorios.com.mx\/directorios-latinoamerica\/wp-json\/wp\/v2\/media?parent=35581"}],"wp:term":[{"taxonomy":"product_brand","embeddable":true,"href":"https:\/\/edirectorios.com.mx\/directorios-latinoamerica\/wp-json\/wp\/v2\/product_brand?post=35581"},{"taxonomy":"product_cat","embeddable":true,"href":"https:\/\/edirectorios.com.mx\/directorios-latinoamerica\/wp-json\/wp\/v2\/product_cat?post=35581"},{"taxonomy":"product_tag","embeddable":true,"href":"https:\/\/edirectorios.com.mx\/directorios-latinoamerica\/wp-json\/wp\/v2\/product_tag?post=35581"},{"taxonomy":"product_brands","embeddable":true,"href":"https:\/\/edirectorios.com.mx\/directorios-latinoamerica\/wp-json\/wp\/v2\/product_brands?post=35581"}],"curies":[{"name":"wp","href":"https:\/\/api.w.org\/{rel}","templated":true}]}}