{"id":35561,"date":"2025-12-12T17:07:20","date_gmt":"2025-12-12T17:07:20","guid":{"rendered":"https:\/\/edirectorios.com.mx\/directorios-latinoamerica\/?post_type=product&#038;p=35561"},"modified":"2025-12-12T17:08:16","modified_gmt":"2025-12-12T17:08:16","slug":"empresas-del-sector-de-manufactura-en-la-ciudad-de-mexico-en-los-estados-de-mexico-jalisco-guanajuato-y-san-luis-potosi","status":"publish","type":"product","link":"https:\/\/edirectorios.com.mx\/directorios-latinoamerica\/product\/empresas-del-sector-de-manufactura-en-la-ciudad-de-mexico-en-los-estados-de-mexico-jalisco-guanajuato-y-san-luis-potosi\/","title":{"rendered":"Empresas del sector de manufactura en la Ciudad de M\u00e9xico, en los estados de M\u00e9xico, Jalisco, Guanajuato y San Luis Potos\u00ed."},"content":{"rendered":"","protected":false},"excerpt":{"rendered":"<p>&nbsp;<\/p>\n<div class=\"row\">\n<div class=\"col-sm\"><strong>C\u00f3digo:<\/strong> <strong class=\"text-danger\">TNF-0607-LN<\/strong><\/div>\n<div class=\"col-sm\"><strong>N\u00famero de registros:\u00a0<\/strong>300<\/div>\n<\/div>\n<div class=\"row\">\n<div class=\"col-sm \"><strong>Folio: <\/strong><span class=\"text-danger\">03KEGL1217-027<\/span><\/div>\n<\/div>\n<p><strong>Segmentaci\u00f3n:<\/strong><\/p>\n<div class=\"row\">\n<div class=\"col-sm \"><span class=\"text-justify\">Empresas del sector de manufactura en la Ciudad de M\u00e9xico, Estado de M\u00e9xico, Estado de Queretaro<\/span><span class=\"text-justify\">., Estado de Puebla, Baja California Norte, Estado de Chihuahua, Estado de Coahuila, Estado de Nuevo Le\u00f3n, Estado de Jalisco, Estado de Guanajuato, Estado de Sonora y Estado de San Luis Potos\u00ed. <\/span><\/div>\n<\/div>\n<p><strong>Campos Contenidos:<\/strong><\/p>\n<div class=\"row\">\n<div class=\"col-sm \"><span class=\"text-justify\">Empresa \/ Giro \/ Direcci\u00f3n \/ Ciudad \/ Estado \/ Contacto 1 \/ Puesto 1: Director\/Gerente de Planta o Director\/Gerente de Laboratorio o Director\/Gerente de Metrolog\u00eda o Director\/Gerente de Producci\u00f3n o Director\/Gerente de Calidad \/ Tel\u00e9fono Fijo 1 \/ Celular 1 Opcional*\/ Email 1 \/ Contacto 2 \/ Puesto 2: Director\/Gerente de Planta o Director\/Gerente de Laboratorio o Director\/Gerente de Metrolog\u00eda o Director\/Gerente de Producci\u00f3n o Director\/Gerente de Calidad \/ Tel\u00e9fono Fijo 2 \/ Celular 2 Opcional*\/ Email 2 \/ Contacto 3 \/ Puesto 3: Director\/Gerente de Planta o Director\/Gerente de Laboratorio o Director\/Gerente de Metrolog\u00eda o Director\/Gerente de Producci\u00f3n o Director\/Gerente de Calidad \/ Tel\u00e9fono Fijo 3 \/ Celular 3 Opcional*\/ Email 3 \/ P\u00e1g. Web *Opcional.<\/span><\/div>\n<\/div>\n<div class=\"row\">\n<div class=\"col-sm\">\n<p><strong>Garant\u00eda:\u00a0<\/strong>80%-85%<\/p>\n<p><strong>Precio Original:\u00a0<\/strong><del>$460 USD<\/del><\/p>\n<p><strong>Descuento Especial:\u00a0<\/strong><strong class=\"text-danger\">20%<\/strong><\/p>\n<\/div>\n<\/div>\n<div class=\"row\">\n<div class=\"col text-center\"><strong>Total a Pagar:\u00a0<\/strong><strong class=\"text-danger\">$368 USD<\/strong><\/div>\n<\/div>\n","protected":false},"featured_media":31017,"template":"","meta":{"_bst_post_transparent":"","_bst_post_title":"","_bst_post_layout":"","_bst_post_sidebar_id":"","_bst_post_content_style":"","_bst_post_vertical_padding":"","_bst_post_feature":"","_bst_post_feature_position":"","_bst_post_header":false,"_bst_post_footer":false},"product_brand":[],"product_cat":[1060,1259],"product_tag":[1062,1183,1063,1064,1315,1066,1268,1067,1068,1211,1070,1294,1071,1072,1074,1075,1076,1077,1078,1079,1155,1080,1081,1082,1083,1084,1085,1086,1087,1160,1269,1261,1088,1090,1188,1295,1093,1270,1217,1271,1097,1098,1099,1101,1102,1103,1104,1226,1179,1105,1106,1107,1229,1110,1111,1112,1114,1115,1116,1117,1118,1374,1119,1120,1121,1122,1123,1124,1170,1125,1126,1127,1128,1129,1130,1131,1132,1133,1134,1135,1136,1219,1137,1138,1139,1296,1140,1141,1142,1144,1145,1297,1298,1299,1300,1301,1302,1205,1303,1206,1172,1173,1174,1175,1146,1149],"product_brands":[],"class_list":{"0":"post-35561","1":"product","2":"type-product","3":"status-publish","4":"has-post-thumbnail","6":"product_cat-empresas-en-mexico","7":"product_cat-manufactureras","8":"product_tag-b2c-email-database","9":"product_tag-base-de-datos-baja-california","10":"product_tag-base-de-datos-campana-de-email-marketing","11":"product_tag-base-de-datos-campanas-de-email-marketing","12":"product_tag-base-de-datos-chihuahua","13":"product_tag-base-de-datos-ciudad-de-mexico","14":"product_tag-base-de-datos-coahuila","15":"product_tag-base-de-datos-correo-masivo","16":"product_tag-base-de-datos-correo-masivos","17":"product_tag-base-de-datos-de-empresas-b2b","18":"product_tag-base-de-datos-de-empresas-puebla","19":"product_tag-base-de-datos-de-numeros-celulares","20":"product_tag-base-de-datos-direct-e-mail-marketing","21":"product_tag-base-de-datos-director","22":"product_tag-base-de-datos-email-marketer","23":"product_tag-base-de-datos-email-marketing","24":"product_tag-base-de-datos-email-masivos","25":"product_tag-base-de-datos-email-publicidad","26":"product_tag-base-de-datos-email-publicitario","27":"product_tag-base-de-datos-emailing","28":"product_tag-base-de-datos-empresas","29":"product_tag-base-de-datos-empresas-de-email-marketing","30":"product_tag-base-de-datos-enviar-email-masivo","31":"product_tag-base-de-datos-envio-de-email-masivo","32":"product_tag-base-de-datos-envio-masivo-correo","33":"product_tag-base-de-datos-envio-masivo-correos","34":"product_tag-base-de-datos-envio-masivo-de-emails","35":"product_tag-base-de-datos-envios-de-correo-masivos","36":"product_tag-base-de-datos-estado-de-mexico","37":"product_tag-base-de-datos-gerente","38":"product_tag-base-de-datos-guanajuato","39":"product_tag-base-de-datos-manufacturera","40":"product_tag-base-de-datos-marketing","41":"product_tag-base-de-datos-marketing-por-email","42":"product_tag-base-de-datos-nuevo-leon","43":"product_tag-base-de-datos-numeros-de-telefonos-celulares","44":"product_tag-base-de-datos-publicidad-por-email","45":"product_tag-base-de-datos-queretaro","46":"product_tag-base-de-datos-san-luis-potosi","47":"product_tag-base-de-datos-sonora","48":"product_tag-bases-de-datos-correos","49":"product_tag-bases-de-datos-correos-electronicos","50":"product_tag-bases-de-datos-de-emails","51":"product_tag-bases-de-datos-de-telefonos","52":"product_tag-bases-de-datos-email","53":"product_tag-bases-de-datos-email-empresas","54":"product_tag-bases-de-datos-emailing","55":"product_tag-bases-de-datos-emails","56":"product_tag-bases-de-datos-jalisco","57":"product_tag-bases-de-datos-numeros-de-telefonos","58":"product_tag-bases-de-datos-telefono","59":"product_tag-bases-de-datos-telefonos-fijos","60":"product_tag-big-corporates-database","61":"product_tag-business-directory","62":"product_tag-business-email-database","63":"product_tag-business-email-list","64":"product_tag-business-mailing-database","65":"product_tag-business-mailing-lists","66":"product_tag-buy-email-database","67":"product_tag-buy-email-list","68":"product_tag-buy-email-list-database","69":"product_tag-cell-phone-database","70":"product_tag-company-database","71":"product_tag-correo-de-empresas","72":"product_tag-correos-de-empresas","73":"product_tag-correos-electronicos-de-empresas","74":"product_tag-correos-electronicos-empresas","75":"product_tag-correos-empresariales","76":"product_tag-database","77":"product_tag-director","78":"product_tag-directorio-emailing","79":"product_tag-directorio-empresarial","80":"product_tag-directorio-empresariales","81":"product_tag-directorio-empresas","82":"product_tag-directorios-de-empresas","83":"product_tag-directorios-empresas","84":"product_tag-e-mail-database","85":"product_tag-email-address-list","86":"product_tag-email-database","87":"product_tag-email-lists","88":"product_tag-email-marketing-list","89":"product_tag-engineering-services-databases","90":"product_tag-list-of-email-addresses","91":"product_tag-lista-de-correos","92":"product_tag-lista-de-correos-electronicos","93":"product_tag-lista-de-numeros-de-telefonos-celulares","94":"product_tag-mail-marketing","95":"product_tag-mailing-database","96":"product_tag-mailing-list","97":"product_tag-marketing-correo-electronico","98":"product_tag-marketing-lists","99":"product_tag-mobile-database","100":"product_tag-mobile-directory","101":"product_tag-mobile-list","102":"product_tag-mobile-number-database","103":"product_tag-mobile-number-list","104":"product_tag-mobile-phone-number","105":"product_tag-nuevo-leon-database","106":"product_tag-numeros-de-telefonos-celulares","107":"product_tag-phone","108":"product_tag-phone-database","109":"product_tag-phone-lists","110":"product_tag-phone-number","111":"product_tag-phone-number-list","112":"product_tag-publicidad-por-base-de-datos-correo-electronico","113":"product_tag-telefono","115":"first","116":"instock","117":"sale","118":"virtual","119":"purchasable","120":"product-type-simple","121":"entry","122":"content-bg","123":"loop-entry"},"aioseo_notices":[],"_links":{"self":[{"href":"https:\/\/edirectorios.com.mx\/directorios-latinoamerica\/wp-json\/wp\/v2\/product\/35561","targetHints":{"allow":["GET"]}}],"collection":[{"href":"https:\/\/edirectorios.com.mx\/directorios-latinoamerica\/wp-json\/wp\/v2\/product"}],"about":[{"href":"https:\/\/edirectorios.com.mx\/directorios-latinoamerica\/wp-json\/wp\/v2\/types\/product"}],"version-history":[{"count":1,"href":"https:\/\/edirectorios.com.mx\/directorios-latinoamerica\/wp-json\/wp\/v2\/product\/35561\/revisions"}],"predecessor-version":[{"id":35613,"href":"https:\/\/edirectorios.com.mx\/directorios-latinoamerica\/wp-json\/wp\/v2\/product\/35561\/revisions\/35613"}],"wp:featuredmedia":[{"embeddable":true,"href":"https:\/\/edirectorios.com.mx\/directorios-latinoamerica\/wp-json\/wp\/v2\/media\/31017"}],"wp:attachment":[{"href":"https:\/\/edirectorios.com.mx\/directorios-latinoamerica\/wp-json\/wp\/v2\/media?parent=35561"}],"wp:term":[{"taxonomy":"product_brand","embeddable":true,"href":"https:\/\/edirectorios.com.mx\/directorios-latinoamerica\/wp-json\/wp\/v2\/product_brand?post=35561"},{"taxonomy":"product_cat","embeddable":true,"href":"https:\/\/edirectorios.com.mx\/directorios-latinoamerica\/wp-json\/wp\/v2\/product_cat?post=35561"},{"taxonomy":"product_tag","embeddable":true,"href":"https:\/\/edirectorios.com.mx\/directorios-latinoamerica\/wp-json\/wp\/v2\/product_tag?post=35561"},{"taxonomy":"product_brands","embeddable":true,"href":"https:\/\/edirectorios.com.mx\/directorios-latinoamerica\/wp-json\/wp\/v2\/product_brands?post=35561"}],"curies":[{"name":"wp","href":"https:\/\/api.w.org\/{rel}","templated":true}]}}