{"id":35557,"date":"2025-12-12T17:07:20","date_gmt":"2025-12-12T17:07:20","guid":{"rendered":"https:\/\/edirectorios.com.mx\/directorios-latinoamerica\/?post_type=product&#038;p=35557"},"modified":"2025-12-12T17:08:04","modified_gmt":"2025-12-12T17:08:04","slug":"industrias-de-manufactura-en-los-estados-de-baja-california-norte-coahuila-jalisco-queretaro-guanajuato-ciudad-de-mexico-estado-de-mexico","status":"publish","type":"product","link":"https:\/\/edirectorios.com.mx\/directorios-latinoamerica\/product\/industrias-de-manufactura-en-los-estados-de-baja-california-norte-coahuila-jalisco-queretaro-guanajuato-ciudad-de-mexico-estado-de-mexico\/","title":{"rendered":"Industrias de Manufactura en los Estados de Baja California Norte, Coahuila, Jalisco, Quer\u00e9taro, Guanajuato , Ciudad de M\u00e9xico, Estado de M\u00e9xico."},"content":{"rendered":"","protected":false},"excerpt":{"rendered":"<p>&nbsp;<\/p>\n<div class=\"row\">\n<div class=\"col-sm\"><strong>C\u00f3digo:<\/strong> <strong class=\"text-danger\">EBPS-D9<\/strong><\/div>\n<div class=\"col-sm\"><strong>N\u00famero de registros:\u00a0<\/strong>300<\/div>\n<\/div>\n<div class=\"row\">\n<div class=\"col-sm \"><strong>Folio: <\/strong><span class=\"text-danger\">4PAAV0519-086<\/span><\/div>\n<\/div>\n<p><strong>Segmentaci\u00f3n:<\/strong><\/p>\n<div class=\"row\">\n<div class=\"col-sm \"><span class=\"text-justify\">Industrias de Manufactura en los Estados de Baja California Norte, Sonora, San Luis, Chihuahua, Nuevo Le\u00f3n, Coahuila, Jalisco, Quer\u00e9taro, Guanajuato , Ciudad de M\u00e9xico, Estado de M\u00e9xico y Puebla.<\/span><\/div>\n<\/div>\n<p><strong>Campos Contenidos:<\/strong><\/p>\n<div class=\"row\">\n<div class=\"col-sm \"><span class=\"text-justify\">1 CELULAR COMO OBLIGATORIO. Empresa \/ Giro \/ Direcci\u00f3n \/ Ciudad \/ Estado \/ Contacto 1 \/ Puesto1 : Directivos o gerentes de: calidad o metrolog\u00eda o laboratorio o producci\u00f3n o \u00e1rea de maquinado \/ Tel\u00e9fono 1\/Celular 1*opcional \/ Email 1\/ Contacto 2 \/ Puesto2 : Directivos o gerentes de: calidad o metrolog\u00eda o laboratorio o producci\u00f3n o \u00e1rea de maquinado \/ Tel\u00e9fono 2 \/Celular 2*opcional \/ Email 2\/ Contacto 3 \/ Puesto3 : Directivos o gerentes de: calidad o metrolog\u00eda o laboratorio o producci\u00f3n o \u00e1rea de maquinado \/ Tel\u00e9fono 3\/Celular 3*opcional \/ Email 3\/ P\u00e1gina web*opcional. <\/span><\/div>\n<\/div>\n<div class=\"row\">\n<div class=\"col-sm\">\n<p><strong>Garant\u00eda:\u00a0<\/strong>80%-85%<\/p>\n<p><strong>Precio Original:\u00a0<\/strong><del>$585 USD<\/del><\/p>\n<p><strong>Descuento Especial:\u00a0<\/strong><strong class=\"text-danger\">20%<\/strong><\/p>\n<\/div>\n<\/div>\n<div class=\"row\">\n<div class=\"col text-center\"><strong>Total a Pagar:\u00a0<\/strong><strong class=\"text-danger\">$468 USD<\/strong><\/div>\n<\/div>\n","protected":false},"featured_media":31017,"template":"","meta":{"_bst_post_transparent":"","_bst_post_title":"","_bst_post_layout":"","_bst_post_sidebar_id":"","_bst_post_content_style":"","_bst_post_vertical_padding":"","_bst_post_feature":"","_bst_post_feature_position":"","_bst_post_header":false,"_bst_post_footer":false},"product_brand":[],"product_cat":[1060,1259],"product_tag":[1062,1183,1063,1064,1315,1066,1268,1067,1068,1152,1070,1294,1071,1074,1075,1076,1077,1078,1079,1080,1081,1082,1083,1084,1085,1086,1087,1269,1261,1088,1090,1188,1295,1093,1270,1217,1271,1097,1098,1099,1101,1102,1103,1104,1226,1179,1105,1106,1107,1229,1111,1112,1114,1115,1116,1117,1118,1119,1120,1121,1122,1123,1124,1170,1132,1133,1134,1135,1136,1219,1220,1137,1138,1139,1296,1140,1141,1142,1144,1145,1297,1298,1299,1300,1301,1302,1205,1303,1206,1172,1173,1174,1175,1146,1149],"product_brands":[],"class_list":{"0":"post-35557","1":"product","2":"type-product","3":"status-publish","4":"has-post-thumbnail","6":"product_cat-empresas-en-mexico","7":"product_cat-manufactureras","8":"product_tag-b2c-email-database","9":"product_tag-base-de-datos-baja-california","10":"product_tag-base-de-datos-campana-de-email-marketing","11":"product_tag-base-de-datos-campanas-de-email-marketing","12":"product_tag-base-de-datos-chihuahua","13":"product_tag-base-de-datos-ciudad-de-mexico","14":"product_tag-base-de-datos-coahuila","15":"product_tag-base-de-datos-correo-masivo","16":"product_tag-base-de-datos-correo-masivos","17":"product_tag-base-de-datos-de-directivos","18":"product_tag-base-de-datos-de-empresas-puebla","19":"product_tag-base-de-datos-de-numeros-celulares","20":"product_tag-base-de-datos-direct-e-mail-marketing","21":"product_tag-base-de-datos-email-marketer","22":"product_tag-base-de-datos-email-marketing","23":"product_tag-base-de-datos-email-masivos","24":"product_tag-base-de-datos-email-publicidad","25":"product_tag-base-de-datos-email-publicitario","26":"product_tag-base-de-datos-emailing","27":"product_tag-base-de-datos-empresas-de-email-marketing","28":"product_tag-base-de-datos-enviar-email-masivo","29":"product_tag-base-de-datos-envio-de-email-masivo","30":"product_tag-base-de-datos-envio-masivo-correo","31":"product_tag-base-de-datos-envio-masivo-correos","32":"product_tag-base-de-datos-envio-masivo-de-emails","33":"product_tag-base-de-datos-envios-de-correo-masivos","34":"product_tag-base-de-datos-estado-de-mexico","35":"product_tag-base-de-datos-guanajuato","36":"product_tag-base-de-datos-manufacturera","37":"product_tag-base-de-datos-marketing","38":"product_tag-base-de-datos-marketing-por-email","39":"product_tag-base-de-datos-nuevo-leon","40":"product_tag-base-de-datos-numeros-de-telefonos-celulares","41":"product_tag-base-de-datos-publicidad-por-email","42":"product_tag-base-de-datos-queretaro","43":"product_tag-base-de-datos-san-luis-potosi","44":"product_tag-base-de-datos-sonora","45":"product_tag-bases-de-datos-correos","46":"product_tag-bases-de-datos-correos-electronicos","47":"product_tag-bases-de-datos-de-emails","48":"product_tag-bases-de-datos-de-telefonos","49":"product_tag-bases-de-datos-email","50":"product_tag-bases-de-datos-email-empresas","51":"product_tag-bases-de-datos-emailing","52":"product_tag-bases-de-datos-emails","53":"product_tag-bases-de-datos-jalisco","54":"product_tag-bases-de-datos-numeros-de-telefonos","55":"product_tag-bases-de-datos-telefono","56":"product_tag-bases-de-datos-telefonos-fijos","57":"product_tag-big-corporates-database","58":"product_tag-business-email-database","59":"product_tag-business-email-list","60":"product_tag-business-mailing-database","61":"product_tag-business-mailing-lists","62":"product_tag-buy-email-database","63":"product_tag-buy-email-list","64":"product_tag-buy-email-list-database","65":"product_tag-company-database","66":"product_tag-correo-de-empresas","67":"product_tag-correos-de-empresas","68":"product_tag-correos-electronicos-de-empresas","69":"product_tag-correos-electronicos-empresas","70":"product_tag-correos-empresariales","71":"product_tag-database","72":"product_tag-e-mail-database","73":"product_tag-email-address-list","74":"product_tag-email-database","75":"product_tag-email-lists","76":"product_tag-email-marketing-list","77":"product_tag-engineering-services-databases","78":"product_tag-gerentes","79":"product_tag-list-of-email-addresses","80":"product_tag-lista-de-correos","81":"product_tag-lista-de-correos-electronicos","82":"product_tag-lista-de-numeros-de-telefonos-celulares","83":"product_tag-mail-marketing","84":"product_tag-mailing-database","85":"product_tag-mailing-list","86":"product_tag-marketing-correo-electronico","87":"product_tag-marketing-lists","88":"product_tag-mobile-database","89":"product_tag-mobile-directory","90":"product_tag-mobile-list","91":"product_tag-mobile-number-database","92":"product_tag-mobile-number-list","93":"product_tag-mobile-phone-number","94":"product_tag-nuevo-leon-database","95":"product_tag-numeros-de-telefonos-celulares","96":"product_tag-phone","97":"product_tag-phone-database","98":"product_tag-phone-lists","99":"product_tag-phone-number","100":"product_tag-phone-number-list","101":"product_tag-publicidad-por-base-de-datos-correo-electronico","102":"product_tag-telefono","104":"first","105":"instock","106":"sale","107":"virtual","108":"purchasable","109":"product-type-simple","110":"entry","111":"content-bg","112":"loop-entry"},"aioseo_notices":[],"_links":{"self":[{"href":"https:\/\/edirectorios.com.mx\/directorios-latinoamerica\/wp-json\/wp\/v2\/product\/35557","targetHints":{"allow":["GET"]}}],"collection":[{"href":"https:\/\/edirectorios.com.mx\/directorios-latinoamerica\/wp-json\/wp\/v2\/product"}],"about":[{"href":"https:\/\/edirectorios.com.mx\/directorios-latinoamerica\/wp-json\/wp\/v2\/types\/product"}],"version-history":[{"count":1,"href":"https:\/\/edirectorios.com.mx\/directorios-latinoamerica\/wp-json\/wp\/v2\/product\/35557\/revisions"}],"predecessor-version":[{"id":35601,"href":"https:\/\/edirectorios.com.mx\/directorios-latinoamerica\/wp-json\/wp\/v2\/product\/35557\/revisions\/35601"}],"wp:featuredmedia":[{"embeddable":true,"href":"https:\/\/edirectorios.com.mx\/directorios-latinoamerica\/wp-json\/wp\/v2\/media\/31017"}],"wp:attachment":[{"href":"https:\/\/edirectorios.com.mx\/directorios-latinoamerica\/wp-json\/wp\/v2\/media?parent=35557"}],"wp:term":[{"taxonomy":"product_brand","embeddable":true,"href":"https:\/\/edirectorios.com.mx\/directorios-latinoamerica\/wp-json\/wp\/v2\/product_brand?post=35557"},{"taxonomy":"product_cat","embeddable":true,"href":"https:\/\/edirectorios.com.mx\/directorios-latinoamerica\/wp-json\/wp\/v2\/product_cat?post=35557"},{"taxonomy":"product_tag","embeddable":true,"href":"https:\/\/edirectorios.com.mx\/directorios-latinoamerica\/wp-json\/wp\/v2\/product_tag?post=35557"},{"taxonomy":"product_brands","embeddable":true,"href":"https:\/\/edirectorios.com.mx\/directorios-latinoamerica\/wp-json\/wp\/v2\/product_brands?post=35557"}],"curies":[{"name":"wp","href":"https:\/\/api.w.org\/{rel}","templated":true}]}}