{"id":35533,"date":"2025-12-12T17:06:57","date_gmt":"2025-12-12T17:06:57","guid":{"rendered":"https:\/\/edirectorios.com.mx\/directorios-latinoamerica\/?post_type=product&#038;p=35533"},"modified":"2025-12-12T17:07:35","modified_gmt":"2025-12-12T17:07:35","slug":"fabricas-y-corporativos-con-mas-de-200-empleados-en-ciudad-de-mexico-guadalajara-jalisco-monterrey-nuevo-leon-queretaro-queretaro-y-puebla-puebla","status":"publish","type":"product","link":"https:\/\/edirectorios.com.mx\/directorios-latinoamerica\/product\/fabricas-y-corporativos-con-mas-de-200-empleados-en-ciudad-de-mexico-guadalajara-jalisco-monterrey-nuevo-leon-queretaro-queretaro-y-puebla-puebla\/","title":{"rendered":"Fabricas y corporativos con m\u00e1s de 200 empleados en Ciudad de M\u00e9xico, Guadalajara-Jalisco, Monterrey-Nuevo Le\u00f3n, Quer\u00e9taro-Quer\u00e9taro y Puebla-Puebla."},"content":{"rendered":"","protected":false},"excerpt":{"rendered":"<p>&nbsp;<\/p>\n<div class=\"row\">\n<div class=\"col-sm\"><strong>C\u00f3digo:<\/strong> <strong class=\"text-danger\">CSWB-D9<\/strong><\/div>\n<div class=\"col-sm\"><strong>N\u00famero de registros:\u00a0<\/strong>500<\/div>\n<\/div>\n<div class=\"row\">\n<div class=\"col-sm \"><strong>Folio: <\/strong><span class=\"text-danger\">UR07B106<\/span><\/div>\n<\/div>\n<p><strong>Segmentaci\u00f3n:<\/strong><\/p>\n<div class=\"row\">\n<div class=\"col-sm \">Fabricas y corporativos con m\u00e1s de 200 empleados en Ciudad de M\u00e9xico, Guadalajara-Jalisco, Monterrey-Nuevo Le\u00f3n, Quer\u00e9taro-Quer\u00e9taro y Puebla-Puebla.<\/div>\n<\/div>\n<p><strong>Campos Contenidos:<\/strong><\/p>\n<div class=\"row\">\n<div class=\"col-sm \">Empresa \/ Giro \/ Direcci\u00f3n \/ Ciudad \/ Estado \/ Contacto \/ Puesto: Gerente de recursos humanos \/ Tel\u00e9fono \/ Email \/ P\u00e1gina web*opcional<\/div>\n<\/div>\n<div class=\"row\">\n<div class=\"col-sm\"><strong>Garant\u00eda:\u00a0<\/strong>80%-85% <strong>Precio Original:<del>\u00a0<\/del><\/strong><del>$250 USD\u00a0<\/del> <strong>Descuento Especial:\u00a0<\/strong><strong class=\"text-danger\">20%<\/strong><\/div>\n<\/div>\n<div class=\"row\">\n<div class=\"col text-center\"><strong>Total a Pagar:\u00a0<\/strong><strong class=\"text-danger\">$200 USD<\/strong><\/div>\n<\/div>\n","protected":false},"featured_media":31043,"template":"","meta":{"_bst_post_transparent":"","_bst_post_title":"","_bst_post_layout":"","_bst_post_sidebar_id":"","_bst_post_content_style":"","_bst_post_vertical_padding":"","_bst_post_feature":"","_bst_post_feature_position":"","_bst_post_header":false,"_bst_post_footer":false},"product_brand":[],"product_cat":[1278,1060,1277],"product_tag":[1062,1182,1063,1064,1066,1067,1068,1255,1070,1071,1073,1074,1075,1076,1077,1078,1079,1080,1364,1081,1156,1082,1083,1084,1085,1086,1160,1216,1162,1088,1089,1090,1312,1188,1092,1093,1270,1284,1097,1098,1099,1100,1101,1102,1103,1104,1179,1105,1106,1107,1229,1109,1110,1111,1112,1113,1114,1115,1116,1117,1118,1166,1119,1120,1121,1122,1123,1124,1170,1218,1314,1132,1133,1134,1136,1137,1138,1139,1140,1141,1142,1143,1144,1145,1205,1206,1172,1173,1174,1175,1146,1148],"product_brands":[],"class_list":{"0":"post-35533","1":"product","2":"type-product","3":"status-publish","4":"has-post-thumbnail","6":"product_cat-ciudad-de-mexico","7":"product_cat-empresas-en-mexico","8":"product_cat-zonas-mas-solicitadas","9":"product_tag-b2c-email-database","10":"product_tag-base-de-datos","11":"product_tag-base-de-datos-campana-de-email-marketing","12":"product_tag-base-de-datos-campanas-de-email-marketing","13":"product_tag-base-de-datos-ciudad-de-mexico","14":"product_tag-base-de-datos-correo-masivo","15":"product_tag-base-de-datos-correo-masivos","16":"product_tag-base-de-datos-de-corporativos","17":"product_tag-base-de-datos-de-empresas-puebla","18":"product_tag-base-de-datos-direct-e-mail-marketing","19":"product_tag-base-de-datos-e-mail-marketing","20":"product_tag-base-de-datos-email-marketer","21":"product_tag-base-de-datos-email-marketing","22":"product_tag-base-de-datos-email-masivos","23":"product_tag-base-de-datos-email-publicidad","24":"product_tag-base-de-datos-email-publicitario","25":"product_tag-base-de-datos-emailing","26":"product_tag-base-de-datos-empresas-de-email-marketing","27":"product_tag-base-de-datos-empresas-que-tengan-hasta-200-empleados","28":"product_tag-base-de-datos-enviar-email-masivo","29":"product_tag-base-de-datos-enviar-mailing","30":"product_tag-base-de-datos-envio-de-email-masivo","31":"product_tag-base-de-datos-envio-masivo-correo","32":"product_tag-base-de-datos-envio-masivo-correos","33":"product_tag-base-de-datos-envio-masivo-de-emails","34":"product_tag-base-de-datos-envios-de-correo-masivos","35":"product_tag-base-de-datos-gerente","36":"product_tag-base-de-datos-guadalajara","37":"product_tag-base-de-datos-mailing-masivo","38":"product_tag-base-de-datos-marketing","39":"product_tag-base-de-datos-marketing-por-e-mail","40":"product_tag-base-de-datos-marketing-por-email","41":"product_tag-base-de-datos-monterrey","42":"product_tag-base-de-datos-nuevo-leon","43":"product_tag-base-de-datos-para-marketing","44":"product_tag-base-de-datos-publicidad-por-email","45":"product_tag-base-de-datos-queretaro","46":"product_tag-base-de-datos-recursos-humanos","47":"product_tag-bases-de-datos-correos","48":"product_tag-bases-de-datos-correos-electronicos","49":"product_tag-bases-de-datos-de-emails","50":"product_tag-bases-de-datos-de-marketing","51":"product_tag-bases-de-datos-de-telefonos","52":"product_tag-bases-de-datos-email","53":"product_tag-bases-de-datos-email-empresas","54":"product_tag-bases-de-datos-emailing","55":"product_tag-bases-de-datos-jalisco","56":"product_tag-bases-de-datos-numeros-de-telefonos","57":"product_tag-bases-de-datos-telefono","58":"product_tag-bases-de-datos-telefonos-fijos","59":"product_tag-big-corporates-database","60":"product_tag-business-contact-lists","61":"product_tag-business-directory","62":"product_tag-business-email-database","63":"product_tag-business-email-list","64":"product_tag-business-email-lists","65":"product_tag-business-mailing-database","66":"product_tag-business-mailing-lists","67":"product_tag-buy-email-database","68":"product_tag-buy-email-list","69":"product_tag-buy-email-list-database","70":"product_tag-companies-email-address-list","71":"product_tag-company-database","72":"product_tag-correo-de-empresas","73":"product_tag-correos-de-empresas","74":"product_tag-correos-electronicos-de-empresas","75":"product_tag-correos-electronicos-empresas","76":"product_tag-correos-empresariales","77":"product_tag-database","78":"product_tag-directorios-guadalajara","79":"product_tag-directorios-monterrey","80":"product_tag-e-mail-database","81":"product_tag-email-address-list","82":"product_tag-email-database","83":"product_tag-email-marketing-list","84":"product_tag-list-of-email-addresses","85":"product_tag-lista-de-correos","86":"product_tag-lista-de-correos-electronicos","87":"product_tag-mail-marketing","88":"product_tag-mailing-database","89":"product_tag-mailing-list","90":"product_tag-marketing","91":"product_tag-marketing-correo-electronico","92":"product_tag-marketing-lists","93":"product_tag-nuevo-leon-database","94":"product_tag-phone","95":"product_tag-phone-database","96":"product_tag-phone-lists","97":"product_tag-phone-number","98":"product_tag-phone-number-list","99":"product_tag-publicidad-por-base-de-datos-correo-electronico","100":"product_tag-tele-marketing-list","102":"first","103":"instock","104":"sale","105":"virtual","106":"purchasable","107":"product-type-simple","108":"entry","109":"content-bg","110":"loop-entry"},"aioseo_notices":[],"_links":{"self":[{"href":"https:\/\/edirectorios.com.mx\/directorios-latinoamerica\/wp-json\/wp\/v2\/product\/35533","targetHints":{"allow":["GET"]}}],"collection":[{"href":"https:\/\/edirectorios.com.mx\/directorios-latinoamerica\/wp-json\/wp\/v2\/product"}],"about":[{"href":"https:\/\/edirectorios.com.mx\/directorios-latinoamerica\/wp-json\/wp\/v2\/types\/product"}],"version-history":[{"count":1,"href":"https:\/\/edirectorios.com.mx\/directorios-latinoamerica\/wp-json\/wp\/v2\/product\/35533\/revisions"}],"predecessor-version":[{"id":35577,"href":"https:\/\/edirectorios.com.mx\/directorios-latinoamerica\/wp-json\/wp\/v2\/product\/35533\/revisions\/35577"}],"wp:featuredmedia":[{"embeddable":true,"href":"https:\/\/edirectorios.com.mx\/directorios-latinoamerica\/wp-json\/wp\/v2\/media\/31043"}],"wp:attachment":[{"href":"https:\/\/edirectorios.com.mx\/directorios-latinoamerica\/wp-json\/wp\/v2\/media?parent=35533"}],"wp:term":[{"taxonomy":"product_brand","embeddable":true,"href":"https:\/\/edirectorios.com.mx\/directorios-latinoamerica\/wp-json\/wp\/v2\/product_brand?post=35533"},{"taxonomy":"product_cat","embeddable":true,"href":"https:\/\/edirectorios.com.mx\/directorios-latinoamerica\/wp-json\/wp\/v2\/product_cat?post=35533"},{"taxonomy":"product_tag","embeddable":true,"href":"https:\/\/edirectorios.com.mx\/directorios-latinoamerica\/wp-json\/wp\/v2\/product_tag?post=35533"},{"taxonomy":"product_brands","embeddable":true,"href":"https:\/\/edirectorios.com.mx\/directorios-latinoamerica\/wp-json\/wp\/v2\/product_brands?post=35533"}],"curies":[{"name":"wp","href":"https:\/\/api.w.org\/{rel}","templated":true}]}}