{"id":35510,"date":"2025-12-12T17:06:31","date_gmt":"2025-12-12T17:06:31","guid":{"rendered":"https:\/\/edirectorios.com.mx\/directorios-latinoamerica\/?post_type=product&#038;p=35510"},"modified":"2025-12-12T17:07:14","modified_gmt":"2025-12-12T17:07:14","slug":"industrias-de-bebidas-consumo-masivo-belleza-e-higiene-retail-electronica-banca-seguros-farmacia-drogueria-salud-delivery-entretenimiento-automotriz-en-colombia","status":"publish","type":"product","link":"https:\/\/edirectorios.com.mx\/directorios-latinoamerica\/product\/industrias-de-bebidas-consumo-masivo-belleza-e-higiene-retail-electronica-banca-seguros-farmacia-drogueria-salud-delivery-entretenimiento-automotriz-en-colombia\/","title":{"rendered":"Industrias de: Bebidas, Consumo Masivo, Belleza e Higiene, Retail, Electronica, Banca, Seguros, Farmacia\/Droguer\u00eda, Salud, Delivery, Entretenimiento, Automotriz, en COLOMBIA"},"content":{"rendered":"","protected":false},"excerpt":{"rendered":"<p>&nbsp;<\/p>\n<div class=\"row\">\n<div class=\"col-sm\"><strong>C\u00f3digo:<\/strong> <strong class=\"text-danger\">FTDP-E8<\/strong><\/div>\n<div class=\"col-sm\"><strong>N\u00famero de registros:\u00a0<\/strong>250<\/div>\n<\/div>\n<div class=\"row\">\n<div class=\"col-sm \"><strong>Folio: <\/strong><span class=\"text-danger\">KE0420B088<\/span><\/div>\n<\/div>\n<p><strong>Segmentaci\u00f3n:<\/strong><\/p>\n<div class=\"row\">\n<div class=\"col-sm \">Industrias de: Bebidas, Consumo Masivo, Belleza e Higiene, Retail, Electronica, Banca, Seguros, Farmacia\/Droguer\u00eda, Salud, Delivery, Entretenimiento, Automotriz, Log\u00edstica y Telcos en COLOMBIA<\/div>\n<\/div>\n<p><strong>Campos Contenidos:<\/strong><\/p>\n<div class=\"row\">\n<div class=\"col-sm \">Empresa \/ Giro \/ Direcci\u00f3n \/ Ciudad \/ Estado \/ Contacto (Nombre y apellido) \/ Puesto: Gerentes de: Marketing Digital o Research o Big Data o PR o Transformaci\u00f3n Digital o Atenci\u00f3n al Cliente o Customer Experience o Innovaci\u00f3n Digital o Canales Digitales \/ Tel\u00e9fono \/ Email \/ P\u00e1gina web*opcional<\/div>\n<\/div>\n<div class=\"row\">\n<div class=\"col-sm\"><strong>Garant\u00eda:\u00a0<\/strong>80%-85% <strong>Precio Original:\u00a0<\/strong><del>$211 USD<\/del> <strong>Descuento Especial:\u00a0<\/strong><strong class=\"text-danger\">20%<\/strong><\/div>\n<\/div>\n<div class=\"row\">\n<div class=\"col text-center\"><strong>Total a Pagar:\u00a0<\/strong><strong class=\"text-danger\">$169 USD<\/strong><\/div>\n<\/div>\n","protected":false},"featured_media":31010,"template":"","meta":{"_bst_post_transparent":"","_bst_post_title":"","_bst_post_layout":"","_bst_post_sidebar_id":"","_bst_post_content_style":"","_bst_post_vertical_padding":"","_bst_post_feature":"","_bst_post_feature_position":"","_bst_post_header":false,"_bst_post_footer":false},"product_brand":[],"product_cat":[1234,1233],"product_tag":[1062,1182,1236,1363,1063,1064,1239,1067,1068,1071,1074,1075,1076,1077,1078,1079,1241,1081,1082,1157,1083,1084,1085,1158,1086,1159,1215,1244,1339,1088,1089,1090,1092,1093,1365,1097,1098,1099,1100,1101,1102,1104,1226,1178,1165,1105,1228,1106,1107,1229,1116,1117,1118,1248,1170,1249,1133,1135,1136,1220,1251,1252,1137,1138,1139,1140,1142,1144,1145,1206,1172,1173,1174,1175,1146,1474,1149],"product_brands":[],"class_list":{"0":"post-35510","1":"product","2":"type-product","3":"status-publish","4":"has-post-thumbnail","6":"product_cat-empresas","7":"product_cat-latinoamerica","8":"product_tag-b2c-email-database","9":"product_tag-base-de-datos","10":"product_tag-base-de-datos-america-latina","11":"product_tag-base-de-datos-automotriz","12":"product_tag-base-de-datos-campana-de-email-marketing","13":"product_tag-base-de-datos-campanas-de-email-marketing","14":"product_tag-base-de-datos-colombia","15":"product_tag-base-de-datos-correo-masivo","16":"product_tag-base-de-datos-correo-masivos","17":"product_tag-base-de-datos-direct-e-mail-marketing","18":"product_tag-base-de-datos-email-marketer","19":"product_tag-base-de-datos-email-marketing","20":"product_tag-base-de-datos-email-masivos","21":"product_tag-base-de-datos-email-publicidad","22":"product_tag-base-de-datos-email-publicitario","23":"product_tag-base-de-datos-emailing","24":"product_tag-base-de-datos-empresas-en-latinoamerica","25":"product_tag-base-de-datos-enviar-email-masivo","26":"product_tag-base-de-datos-envio-de-email-masivo","27":"product_tag-base-de-datos-envio-masivo","28":"product_tag-base-de-datos-envio-masivo-correo","29":"product_tag-base-de-datos-envio-masivo-correos","30":"product_tag-base-de-datos-envio-masivo-de-emails","31":"product_tag-base-de-datos-envio-masivos","32":"product_tag-base-de-datos-envios-de-correo-masivos","33":"product_tag-base-de-datos-envios-masivos","34":"product_tag-base-de-datos-farmacias","35":"product_tag-base-de-datos-latam","36":"product_tag-base-de-datos-logistica","37":"product_tag-base-de-datos-marketing","38":"product_tag-base-de-datos-marketing-por-e-mail","39":"product_tag-base-de-datos-marketing-por-email","40":"product_tag-base-de-datos-para-marketing","41":"product_tag-base-de-datos-publicidad-por-email","42":"product_tag-base-de-datos-retail","43":"product_tag-bases-de-datos-correos","44":"product_tag-bases-de-datos-correos-electronicos","45":"product_tag-bases-de-datos-de-emails","46":"product_tag-bases-de-datos-de-marketing","47":"product_tag-bases-de-datos-de-telefonos","48":"product_tag-bases-de-datos-email","49":"product_tag-bases-de-datos-emailing","50":"product_tag-bases-de-datos-emails","51":"product_tag-bases-de-datos-industrias","52":"product_tag-bases-de-datos-mailing","53":"product_tag-bases-de-datos-numeros-de-telefonos","54":"product_tag-bases-de-datos-para-ventas","55":"product_tag-bases-de-datos-telefono","56":"product_tag-bases-de-datos-telefonos-fijos","57":"product_tag-big-corporates-database","58":"product_tag-buy-email-database","59":"product_tag-buy-email-list","60":"product_tag-buy-email-list-database","61":"product_tag-colombia-database","62":"product_tag-database","63":"product_tag-directorios-empresarial-latinoamerica","64":"product_tag-email-address-list","65":"product_tag-email-lists","66":"product_tag-email-marketing-list","67":"product_tag-gerentes","68":"product_tag-latam-database","69":"product_tag-latinoamerica-database","70":"product_tag-list-of-email-addresses","71":"product_tag-lista-de-correos","72":"product_tag-lista-de-correos-electronicos","73":"product_tag-mail-marketing","74":"product_tag-mailing-list","75":"product_tag-marketing-correo-electronico","76":"product_tag-marketing-lists","77":"product_tag-phone","78":"product_tag-phone-database","79":"product_tag-phone-lists","80":"product_tag-phone-number","81":"product_tag-phone-number-list","82":"product_tag-publicidad-por-base-de-datos-correo-electronico","83":"product_tag-seguros","84":"product_tag-telefono","86":"first","87":"instock","88":"sale","89":"virtual","90":"purchasable","91":"product-type-simple","92":"entry","93":"content-bg","94":"loop-entry"},"aioseo_notices":[],"_links":{"self":[{"href":"https:\/\/edirectorios.com.mx\/directorios-latinoamerica\/wp-json\/wp\/v2\/product\/35510","targetHints":{"allow":["GET"]}}],"collection":[{"href":"https:\/\/edirectorios.com.mx\/directorios-latinoamerica\/wp-json\/wp\/v2\/product"}],"about":[{"href":"https:\/\/edirectorios.com.mx\/directorios-latinoamerica\/wp-json\/wp\/v2\/types\/product"}],"version-history":[{"count":1,"href":"https:\/\/edirectorios.com.mx\/directorios-latinoamerica\/wp-json\/wp\/v2\/product\/35510\/revisions"}],"predecessor-version":[{"id":35550,"href":"https:\/\/edirectorios.com.mx\/directorios-latinoamerica\/wp-json\/wp\/v2\/product\/35510\/revisions\/35550"}],"wp:featuredmedia":[{"embeddable":true,"href":"https:\/\/edirectorios.com.mx\/directorios-latinoamerica\/wp-json\/wp\/v2\/media\/31010"}],"wp:attachment":[{"href":"https:\/\/edirectorios.com.mx\/directorios-latinoamerica\/wp-json\/wp\/v2\/media?parent=35510"}],"wp:term":[{"taxonomy":"product_brand","embeddable":true,"href":"https:\/\/edirectorios.com.mx\/directorios-latinoamerica\/wp-json\/wp\/v2\/product_brand?post=35510"},{"taxonomy":"product_cat","embeddable":true,"href":"https:\/\/edirectorios.com.mx\/directorios-latinoamerica\/wp-json\/wp\/v2\/product_cat?post=35510"},{"taxonomy":"product_tag","embeddable":true,"href":"https:\/\/edirectorios.com.mx\/directorios-latinoamerica\/wp-json\/wp\/v2\/product_tag?post=35510"},{"taxonomy":"product_brands","embeddable":true,"href":"https:\/\/edirectorios.com.mx\/directorios-latinoamerica\/wp-json\/wp\/v2\/product_brands?post=35510"}],"curies":[{"name":"wp","href":"https:\/\/api.w.org\/{rel}","templated":true}]}}