{"id":35492,"date":"2025-12-12T17:06:05","date_gmt":"2025-12-12T17:06:05","guid":{"rendered":"https:\/\/edirectorios.com.mx\/directorios-latinoamerica\/?post_type=product&#038;p=35492"},"modified":"2025-12-12T17:07:03","modified_gmt":"2025-12-12T17:07:03","slug":"personas-fisicas-mayores-de-edad-economicamente-activas-en-ciudades-de-mexico","status":"publish","type":"product","link":"https:\/\/edirectorios.com.mx\/directorios-latinoamerica\/product\/personas-fisicas-mayores-de-edad-economicamente-activas-en-ciudades-de-mexico\/","title":{"rendered":"Personas f\u00edsicas, mayores de edad, econ\u00f3micamente activas en ciudades de M\u00e9xico"},"content":{"rendered":"","protected":false},"excerpt":{"rendered":"<p>&nbsp;<\/p>\n<div class=\"row\">\n<div class=\"col-sm\"><strong>C\u00f3digo:<\/strong> <strong class=\"text-danger\">SBHB-D1<\/strong><\/div>\n<div class=\"col-sm\"><strong>N\u00famero de registros:\u00a0<\/strong>500<\/div>\n<\/div>\n<div class=\"row\">\n<div class=\"col-sm \"><strong>Folio: <\/strong><span class=\"text-danger\">VM0620B138<\/span><\/div>\n<\/div>\n<p><strong>Segmentaci\u00f3n:<\/strong><\/p>\n<div class=\"row\">\n<div class=\"col-sm \">Personas f\u00edsicas, mayores de edad, econ\u00f3micamente activas en ciudades de M\u00e9xico<\/div>\n<\/div>\n<p><strong>Campos Contenidos:<\/strong><\/p>\n<div class=\"row\">\n<div class=\"col-sm \">Ciudad \/ Estado \/ Tel\u00e9fono fijo \/ Celular<\/div>\n<\/div>\n<div class=\"row\">\n<div class=\"col-sm\"><strong>Garant\u00eda:\u00a0<\/strong>80%-85% <strong>Precio Original:\u00a0<\/strong><del>$184 USD<\/del> <strong>Descuento Especial:\u00a0<\/strong><strong class=\"text-danger\">20%<\/strong><\/div>\n<\/div>\n<div class=\"row\">\n<div class=\"col text-center\"><strong>Total a Pagar:\u00a0<\/strong><strong class=\"text-danger\">$147 USD<\/strong><\/div>\n<\/div>\n","protected":false},"featured_media":31021,"template":"","meta":{"_bst_post_transparent":"","_bst_post_title":"","_bst_post_layout":"","_bst_post_sidebar_id":"","_bst_post_content_style":"","_bst_post_vertical_padding":"","_bst_post_feature":"","_bst_post_feature_position":"","_bst_post_header":false,"_bst_post_footer":false},"product_brand":[],"product_cat":[1266,1180],"product_tag":[1404,1066,1294,1405,1295,1406,1101,1105,1106,1107,1296,1407,1297,1298,1299,1300,1301,1302,1303,1206,1172,1173,1174,1175,1149],"product_brands":[],"class_list":{"0":"post-35492","1":"product","2":"type-product","3":"status-publish","4":"has-post-thumbnail","6":"product_cat-consumidores","7":"product_cat-personas-en-mexico","8":"product_tag-base-de-datos-celulares","9":"product_tag-base-de-datos-ciudad-de-mexico","10":"product_tag-base-de-datos-de-numeros-celulares","11":"product_tag-base-de-datos-de-telefonos-moviles","12":"product_tag-base-de-datos-numeros-de-telefonos-celulares","13":"product_tag-base-de-datos-telefonos-moviles","14":"product_tag-bases-de-datos-de-telefonos","15":"product_tag-bases-de-datos-numeros-de-telefonos","16":"product_tag-bases-de-datos-telefono","17":"product_tag-bases-de-datos-telefonos-fijos","18":"product_tag-lista-de-numeros-de-telefonos-celulares","19":"product_tag-mobile","20":"product_tag-mobile-database","21":"product_tag-mobile-directory","22":"product_tag-mobile-list","23":"product_tag-mobile-number-database","24":"product_tag-mobile-number-list","25":"product_tag-mobile-phone-number","26":"product_tag-numeros-de-telefonos-celulares","27":"product_tag-phone","28":"product_tag-phone-database","29":"product_tag-phone-lists","30":"product_tag-phone-number","31":"product_tag-phone-number-list","32":"product_tag-telefono","34":"first","35":"instock","36":"sale","37":"virtual","38":"purchasable","39":"product-type-simple","40":"entry","41":"content-bg","42":"loop-entry"},"aioseo_notices":[],"_links":{"self":[{"href":"https:\/\/edirectorios.com.mx\/directorios-latinoamerica\/wp-json\/wp\/v2\/product\/35492","targetHints":{"allow":["GET"]}}],"collection":[{"href":"https:\/\/edirectorios.com.mx\/directorios-latinoamerica\/wp-json\/wp\/v2\/product"}],"about":[{"href":"https:\/\/edirectorios.com.mx\/directorios-latinoamerica\/wp-json\/wp\/v2\/types\/product"}],"version-history":[{"count":1,"href":"https:\/\/edirectorios.com.mx\/directorios-latinoamerica\/wp-json\/wp\/v2\/product\/35492\/revisions"}],"predecessor-version":[{"id":35543,"href":"https:\/\/edirectorios.com.mx\/directorios-latinoamerica\/wp-json\/wp\/v2\/product\/35492\/revisions\/35543"}],"wp:featuredmedia":[{"embeddable":true,"href":"https:\/\/edirectorios.com.mx\/directorios-latinoamerica\/wp-json\/wp\/v2\/media\/31021"}],"wp:attachment":[{"href":"https:\/\/edirectorios.com.mx\/directorios-latinoamerica\/wp-json\/wp\/v2\/media?parent=35492"}],"wp:term":[{"taxonomy":"product_brand","embeddable":true,"href":"https:\/\/edirectorios.com.mx\/directorios-latinoamerica\/wp-json\/wp\/v2\/product_brand?post=35492"},{"taxonomy":"product_cat","embeddable":true,"href":"https:\/\/edirectorios.com.mx\/directorios-latinoamerica\/wp-json\/wp\/v2\/product_cat?post=35492"},{"taxonomy":"product_tag","embeddable":true,"href":"https:\/\/edirectorios.com.mx\/directorios-latinoamerica\/wp-json\/wp\/v2\/product_tag?post=35492"},{"taxonomy":"product_brands","embeddable":true,"href":"https:\/\/edirectorios.com.mx\/directorios-latinoamerica\/wp-json\/wp\/v2\/product_brands?post=35492"}],"curies":[{"name":"wp","href":"https:\/\/api.w.org\/{rel}","templated":true}]}}