{"id":35490,"date":"2025-12-12T17:06:05","date_gmt":"2025-12-12T17:06:05","guid":{"rendered":"https:\/\/edirectorios.com.mx\/directorios-latinoamerica\/?post_type=product&#038;p=35490"},"modified":"2025-12-12T17:07:01","modified_gmt":"2025-12-12T17:07:01","slug":"industria-manufacturera-e-industria-manufacturera-de-maquinaria-robotizada-en-guadalajara-y-zona-metropolitano","status":"publish","type":"product","link":"https:\/\/edirectorios.com.mx\/directorios-latinoamerica\/product\/industria-manufacturera-e-industria-manufacturera-de-maquinaria-robotizada-en-guadalajara-y-zona-metropolitano\/","title":{"rendered":"Industria manufacturera e industria manufacturera de  maquinaria robotizada en Guadalajara y Zona Metropolitano."},"content":{"rendered":"","protected":false},"excerpt":{"rendered":"<p>&nbsp;<\/p>\n<div class=\"row\">\n<div class=\"col-sm\"><strong>C\u00f3digo:<\/strong> <strong class=\"text-danger\">PTDI-K9<\/strong><\/div>\n<div class=\"col-sm\"><strong>N\u00famero de registros: <\/strong>250<\/div>\n<\/div>\n<div class=\"row\">\n<div class=\"col-sm \"><strong>Folio: <\/strong><span class=\"text-danger\">OC0519B125<\/span><\/div>\n<\/div>\n<p><strong>Segmentaci\u00f3n:<\/strong><\/p>\n<div class=\"row\">\n<div class=\"col-sm \"><span class=\"text-justify\">Industria manufacturera o fabricantes de maquinaria industrial, piezas met\u00e1licas automotrices, fabricante de maquinaria para proceso alimenticio, fabricante de equipo el\u00e9ctrico y electr\u00f3nico e industria manufacturera de maquinaria robotizada en Guadalajara y Zona Metropolitano.<\/span><\/div>\n<\/div>\n<p><strong>Campos Contenidos:<\/strong><\/p>\n<div class=\"row\">\n<div class=\"col-sm \"><span class=\"text-justify\">Empresa \/ Giro \/ Direcci\u00f3n \/ Ciudad \/ Estado \/ Contacto \/ Puesto: Gerente de compras \/ Email \/ P\u00e1gina web*opcional.<\/span><\/div>\n<\/div>\n<div class=\"row\">\n<div class=\"col-sm\">\n<p><strong>Garant\u00eda:\u00a0<\/strong>80%-85%<\/p>\n<p><strong>Precio Original:\u00a0<\/strong><del>$136 USD<\/del><\/p>\n<p><strong>Descuento Especial:\u00a0<\/strong><strong class=\"text-danger\">20%<\/strong><\/p>\n<\/div>\n<\/div>\n<div class=\"row\">\n<div class=\"col text-center\"><strong>Total a Pagar:\u00a0<\/strong><strong class=\"text-danger\">$109 USD<\/strong><\/div>\n<\/div>\n","protected":false},"featured_media":31017,"template":"","meta":{"_bst_post_transparent":"","_bst_post_title":"","_bst_post_layout":"","_bst_post_sidebar_id":"","_bst_post_content_style":"","_bst_post_vertical_padding":"","_bst_post_feature":"","_bst_post_feature_position":"","_bst_post_header":false,"_bst_post_footer":false},"product_brand":[],"product_cat":[1060,1259],"product_tag":[1062,1063,1064,1222,1067,1068,1071,1074,1075,1076,1077,1078,1079,1080,1177,1081,1082,1083,1084,1085,1086,1160,1216,1261,1088,1090,1093,1096,1097,1098,1099,1102,1103,1104,1226,1178,1229,1111,1112,1114,1115,1116,1117,1118,1119,1488,1120,1121,1122,1123,1124,1170,1218,1132,1133,1134,1135,1136,1219,1220,1137,1138,1139,1140,1141,1142,1144,1145,1146],"product_brands":[],"class_list":{"0":"post-35490","1":"product","2":"type-product","3":"status-publish","4":"has-post-thumbnail","6":"product_cat-empresas-en-mexico","7":"product_cat-manufactureras","8":"product_tag-b2c-email-database","9":"product_tag-base-de-datos-campana-de-email-marketing","10":"product_tag-base-de-datos-campanas-de-email-marketing","11":"product_tag-base-de-datos-compras","12":"product_tag-base-de-datos-correo-masivo","13":"product_tag-base-de-datos-correo-masivos","14":"product_tag-base-de-datos-direct-e-mail-marketing","15":"product_tag-base-de-datos-email-marketer","16":"product_tag-base-de-datos-email-marketing","17":"product_tag-base-de-datos-email-masivos","18":"product_tag-base-de-datos-email-publicidad","19":"product_tag-base-de-datos-email-publicitario","20":"product_tag-base-de-datos-emailing","21":"product_tag-base-de-datos-empresas-de-email-marketing","22":"product_tag-base-de-datos-encargados-de-compras","23":"product_tag-base-de-datos-enviar-email-masivo","24":"product_tag-base-de-datos-envio-de-email-masivo","25":"product_tag-base-de-datos-envio-masivo-correo","26":"product_tag-base-de-datos-envio-masivo-correos","27":"product_tag-base-de-datos-envio-masivo-de-emails","28":"product_tag-base-de-datos-envios-de-correo-masivos","29":"product_tag-base-de-datos-gerente","30":"product_tag-base-de-datos-guadalajara","31":"product_tag-base-de-datos-manufacturera","32":"product_tag-base-de-datos-marketing","33":"product_tag-base-de-datos-marketing-por-email","34":"product_tag-base-de-datos-publicidad-por-email","35":"product_tag-base-de-datos-zona-metropolitana","36":"product_tag-bases-de-datos-correos","37":"product_tag-bases-de-datos-correos-electronicos","38":"product_tag-bases-de-datos-de-emails","39":"product_tag-bases-de-datos-email","40":"product_tag-bases-de-datos-email-empresas","41":"product_tag-bases-de-datos-emailing","42":"product_tag-bases-de-datos-emails","43":"product_tag-bases-de-datos-industrias","44":"product_tag-big-corporates-database","45":"product_tag-business-email-database","46":"product_tag-business-email-list","47":"product_tag-business-mailing-database","48":"product_tag-business-mailing-lists","49":"product_tag-buy-email-database","50":"product_tag-buy-email-list","51":"product_tag-buy-email-list-database","52":"product_tag-company-database","53":"product_tag-compras","54":"product_tag-correo-de-empresas","55":"product_tag-correos-de-empresas","56":"product_tag-correos-electronicos-de-empresas","57":"product_tag-correos-electronicos-empresas","58":"product_tag-correos-empresariales","59":"product_tag-database","60":"product_tag-directorios-guadalajara","61":"product_tag-e-mail-database","62":"product_tag-email-address-list","63":"product_tag-email-database","64":"product_tag-email-lists","65":"product_tag-email-marketing-list","66":"product_tag-engineering-services-databases","67":"product_tag-gerentes","68":"product_tag-list-of-email-addresses","69":"product_tag-lista-de-correos","70":"product_tag-lista-de-correos-electronicos","71":"product_tag-mail-marketing","72":"product_tag-mailing-database","73":"product_tag-mailing-list","74":"product_tag-marketing-correo-electronico","75":"product_tag-marketing-lists","76":"product_tag-publicidad-por-base-de-datos-correo-electronico","78":"first","79":"instock","80":"sale","81":"virtual","82":"purchasable","83":"product-type-simple","84":"entry","85":"content-bg","86":"loop-entry"},"aioseo_notices":[],"_links":{"self":[{"href":"https:\/\/edirectorios.com.mx\/directorios-latinoamerica\/wp-json\/wp\/v2\/product\/35490","targetHints":{"allow":["GET"]}}],"collection":[{"href":"https:\/\/edirectorios.com.mx\/directorios-latinoamerica\/wp-json\/wp\/v2\/product"}],"about":[{"href":"https:\/\/edirectorios.com.mx\/directorios-latinoamerica\/wp-json\/wp\/v2\/types\/product"}],"version-history":[{"count":1,"href":"https:\/\/edirectorios.com.mx\/directorios-latinoamerica\/wp-json\/wp\/v2\/product\/35490\/revisions"}],"predecessor-version":[{"id":35541,"href":"https:\/\/edirectorios.com.mx\/directorios-latinoamerica\/wp-json\/wp\/v2\/product\/35490\/revisions\/35541"}],"wp:featuredmedia":[{"embeddable":true,"href":"https:\/\/edirectorios.com.mx\/directorios-latinoamerica\/wp-json\/wp\/v2\/media\/31017"}],"wp:attachment":[{"href":"https:\/\/edirectorios.com.mx\/directorios-latinoamerica\/wp-json\/wp\/v2\/media?parent=35490"}],"wp:term":[{"taxonomy":"product_brand","embeddable":true,"href":"https:\/\/edirectorios.com.mx\/directorios-latinoamerica\/wp-json\/wp\/v2\/product_brand?post=35490"},{"taxonomy":"product_cat","embeddable":true,"href":"https:\/\/edirectorios.com.mx\/directorios-latinoamerica\/wp-json\/wp\/v2\/product_cat?post=35490"},{"taxonomy":"product_tag","embeddable":true,"href":"https:\/\/edirectorios.com.mx\/directorios-latinoamerica\/wp-json\/wp\/v2\/product_tag?post=35490"},{"taxonomy":"product_brands","embeddable":true,"href":"https:\/\/edirectorios.com.mx\/directorios-latinoamerica\/wp-json\/wp\/v2\/product_brands?post=35490"}],"curies":[{"name":"wp","href":"https:\/\/api.w.org\/{rel}","templated":true}]}}