{"id":35468,"date":"2025-12-12T17:05:40","date_gmt":"2025-12-12T17:05:40","guid":{"rendered":"https:\/\/edirectorios.com.mx\/directorios-latinoamerica\/?post_type=product&#038;p=35468"},"modified":"2025-12-12T17:06:35","modified_gmt":"2025-12-12T17:06:35","slug":"empresas-de-manufactura-electronica-empresas-que-manejan-tablillas-electronicas-componentes-electronicos-cables-y-arneses-en-baja-california","status":"publish","type":"product","link":"https:\/\/edirectorios.com.mx\/directorios-latinoamerica\/product\/empresas-de-manufactura-electronica-empresas-que-manejan-tablillas-electronicas-componentes-electronicos-cables-y-arneses-en-baja-california\/","title":{"rendered":"Empresas de manufactura electr\u00f3nica (empresas que manejan tablillas electr\u00f3nicas, componentes electr\u00f3nicos, cables y arneses ) en Baja California."},"content":{"rendered":"","protected":false},"excerpt":{"rendered":"<p>&nbsp;<\/p>\n<div class=\"row\">\n<div class=\"col-sm\"><strong>C\u00f3digo: <span style=\"color: #ff0000;\">BNFE-K2<\/span><\/strong><\/div>\n<div class=\"col-sm\"><strong>N\u00famero de registros: 250<\/strong><\/div>\n<\/div>\n<div class=\"row\">\n<div class=\"col-sm \"><strong>Folio:<span style=\"color: #ff0000;\"> ST0120B05<\/span><\/strong><\/div>\n<\/div>\n<p><strong>Segmentaci\u00f3n:<\/strong><\/p>\n<div class=\"row\">\n<div class=\"col-sm \">Empresas de manufactura electr\u00f3nica (empresas que manejan tablillas electr\u00f3nicas, componentes electr\u00f3nicos, cables y arneses ) (Por ejemplo: SANMINA, PANASONIC, HONEYWELL, JABIL, FLEX ) en Baja California.<\/div>\n<\/div>\n<p><strong>Campos Contenidos:<\/strong><\/p>\n<div class=\"row\">\n<div class=\"col-sm \">Empresa \/ Giro \/ Direcci\u00f3n \/ Ciudad \/ Estado \/ Contacto \/ Puesto: personal de Entrenamiento\/capacitaci\u00f3n o en su defecto calidad \/ Tel\u00e9fono \/ Email \/ P\u00e1gina web*opcional.<\/div>\n<\/div>\n<div class=\"row\">\n<div class=\"col-sm\"><strong>Garant\u00eda: 80%-85%<\/strong>\u00a0<strong>Precio Original:\u00a0<\/strong><del>$147 USD<\/del><strong>Descuento Especial:\u00a0<span style=\"color: #ff0000;\">20<\/span><\/strong><span style=\"color: #ff0000;\"><strong class=\"text-danger\">%<\/strong><\/span><\/div>\n<\/div>\n<div class=\"row\">\n<div class=\"col text-center\"><strong>Total a Pagar:<span style=\"color: #ff0000;\">\u00a0<\/span><\/strong><span style=\"color: #ff0000;\"><strong class=\"text-danger\">$118 USD<\/strong><\/span><\/div>\n<\/div>\n","protected":false},"featured_media":31017,"template":"","meta":{"_bst_post_transparent":"","_bst_post_title":"","_bst_post_layout":"","_bst_post_sidebar_id":"","_bst_post_content_style":"","_bst_post_vertical_padding":"","_bst_post_feature":"","_bst_post_feature_position":"","_bst_post_header":false,"_bst_post_footer":false},"product_brand":[],"product_cat":[1060,1259],"product_tag":[1062,1183,1063,1064,1067,1068,1071,1074,1075,1076,1077,1078,1079,1080,1081,1082,1083,1084,1085,1086,1261,1088,1090,1093,1097,1098,1099,1101,1102,1103,1104,1226,1105,1106,1107,1229,1111,1112,1114,1115,1116,1117,1118,1119,1120,1121,1122,1123,1124,1170,1132,1133,1134,1135,1136,1219,1507,1137,1138,1139,1140,1141,1142,1144,1145,1206,1172,1173,1174,1175,1146,1149],"product_brands":[],"class_list":{"0":"post-35468","1":"product","2":"type-product","3":"status-publish","4":"has-post-thumbnail","6":"product_cat-empresas-en-mexico","7":"product_cat-manufactureras","8":"product_tag-b2c-email-database","9":"product_tag-base-de-datos-baja-california","10":"product_tag-base-de-datos-campana-de-email-marketing","11":"product_tag-base-de-datos-campanas-de-email-marketing","12":"product_tag-base-de-datos-correo-masivo","13":"product_tag-base-de-datos-correo-masivos","14":"product_tag-base-de-datos-direct-e-mail-marketing","15":"product_tag-base-de-datos-email-marketer","16":"product_tag-base-de-datos-email-marketing","17":"product_tag-base-de-datos-email-masivos","18":"product_tag-base-de-datos-email-publicidad","19":"product_tag-base-de-datos-email-publicitario","20":"product_tag-base-de-datos-emailing","21":"product_tag-base-de-datos-empresas-de-email-marketing","22":"product_tag-base-de-datos-enviar-email-masivo","23":"product_tag-base-de-datos-envio-de-email-masivo","24":"product_tag-base-de-datos-envio-masivo-correo","25":"product_tag-base-de-datos-envio-masivo-correos","26":"product_tag-base-de-datos-envio-masivo-de-emails","27":"product_tag-base-de-datos-envios-de-correo-masivos","28":"product_tag-base-de-datos-manufacturera","29":"product_tag-base-de-datos-marketing","30":"product_tag-base-de-datos-marketing-por-email","31":"product_tag-base-de-datos-publicidad-por-email","32":"product_tag-bases-de-datos-correos","33":"product_tag-bases-de-datos-correos-electronicos","34":"product_tag-bases-de-datos-de-emails","35":"product_tag-bases-de-datos-de-telefonos","36":"product_tag-bases-de-datos-email","37":"product_tag-bases-de-datos-email-empresas","38":"product_tag-bases-de-datos-emailing","39":"product_tag-bases-de-datos-emails","40":"product_tag-bases-de-datos-numeros-de-telefonos","41":"product_tag-bases-de-datos-telefono","42":"product_tag-bases-de-datos-telefonos-fijos","43":"product_tag-big-corporates-database","44":"product_tag-business-email-database","45":"product_tag-business-email-list","46":"product_tag-business-mailing-database","47":"product_tag-business-mailing-lists","48":"product_tag-buy-email-database","49":"product_tag-buy-email-list","50":"product_tag-buy-email-list-database","51":"product_tag-company-database","52":"product_tag-correo-de-empresas","53":"product_tag-correos-de-empresas","54":"product_tag-correos-electronicos-de-empresas","55":"product_tag-correos-electronicos-empresas","56":"product_tag-correos-empresariales","57":"product_tag-database","58":"product_tag-e-mail-database","59":"product_tag-email-address-list","60":"product_tag-email-database","61":"product_tag-email-lists","62":"product_tag-email-marketing-list","63":"product_tag-engineering-services-databases","64":"product_tag-entrenamiento","65":"product_tag-list-of-email-addresses","66":"product_tag-lista-de-correos","67":"product_tag-lista-de-correos-electronicos","68":"product_tag-mail-marketing","69":"product_tag-mailing-database","70":"product_tag-mailing-list","71":"product_tag-marketing-correo-electronico","72":"product_tag-marketing-lists","73":"product_tag-phone","74":"product_tag-phone-database","75":"product_tag-phone-lists","76":"product_tag-phone-number","77":"product_tag-phone-number-list","78":"product_tag-publicidad-por-base-de-datos-correo-electronico","79":"product_tag-telefono","81":"first","82":"instock","83":"sale","84":"shipping-taxable","85":"purchasable","86":"product-type-simple","87":"entry","88":"content-bg","89":"loop-entry"},"aioseo_notices":[],"_links":{"self":[{"href":"https:\/\/edirectorios.com.mx\/directorios-latinoamerica\/wp-json\/wp\/v2\/product\/35468","targetHints":{"allow":["GET"]}}],"collection":[{"href":"https:\/\/edirectorios.com.mx\/directorios-latinoamerica\/wp-json\/wp\/v2\/product"}],"about":[{"href":"https:\/\/edirectorios.com.mx\/directorios-latinoamerica\/wp-json\/wp\/v2\/types\/product"}],"version-history":[{"count":1,"href":"https:\/\/edirectorios.com.mx\/directorios-latinoamerica\/wp-json\/wp\/v2\/product\/35468\/revisions"}],"predecessor-version":[{"id":35520,"href":"https:\/\/edirectorios.com.mx\/directorios-latinoamerica\/wp-json\/wp\/v2\/product\/35468\/revisions\/35520"}],"wp:featuredmedia":[{"embeddable":true,"href":"https:\/\/edirectorios.com.mx\/directorios-latinoamerica\/wp-json\/wp\/v2\/media\/31017"}],"wp:attachment":[{"href":"https:\/\/edirectorios.com.mx\/directorios-latinoamerica\/wp-json\/wp\/v2\/media?parent=35468"}],"wp:term":[{"taxonomy":"product_brand","embeddable":true,"href":"https:\/\/edirectorios.com.mx\/directorios-latinoamerica\/wp-json\/wp\/v2\/product_brand?post=35468"},{"taxonomy":"product_cat","embeddable":true,"href":"https:\/\/edirectorios.com.mx\/directorios-latinoamerica\/wp-json\/wp\/v2\/product_cat?post=35468"},{"taxonomy":"product_tag","embeddable":true,"href":"https:\/\/edirectorios.com.mx\/directorios-latinoamerica\/wp-json\/wp\/v2\/product_tag?post=35468"},{"taxonomy":"product_brands","embeddable":true,"href":"https:\/\/edirectorios.com.mx\/directorios-latinoamerica\/wp-json\/wp\/v2\/product_brands?post=35468"}],"curies":[{"name":"wp","href":"https:\/\/api.w.org\/{rel}","templated":true}]}}