{"id":35467,"date":"2025-12-12T17:05:40","date_gmt":"2025-12-12T17:05:40","guid":{"rendered":"https:\/\/edirectorios.com.mx\/directorios-latinoamerica\/?post_type=product&#038;p=35467"},"modified":"2025-12-12T17:06:34","modified_gmt":"2025-12-12T17:06:34","slug":"hombres-de-40-a-70-anos-duenos-de-empresas-empresarios-de-un-nivel-socioeconomico-alto-en-costa-rica-y-panama","status":"publish","type":"product","link":"https:\/\/edirectorios.com.mx\/directorios-latinoamerica\/product\/hombres-de-40-a-70-anos-duenos-de-empresas-empresarios-de-un-nivel-socioeconomico-alto-en-costa-rica-y-panama\/","title":{"rendered":"Hombres de 40 a 70 a\u00f1os, due\u00f1os de empresas, empresarios de un nivel socioecon\u00f3mico alto en Costa Rica  y Panam\u00e1."},"content":{"rendered":"","protected":false},"excerpt":{"rendered":"<p>&nbsp;<\/p>\n<div class=\"row\">\n<div class=\"col-sm\"><strong>C\u00f3digo:<\/strong> <strong class=\"text-danger\">UBEJ-R5<\/strong><\/div>\n<div class=\"col-sm\"><strong>N\u00famero de registros: <\/strong>1,000<\/div>\n<\/div>\n<div class=\"row\">\n<div class=\"col-sm \"><strong>Folio: <\/strong><span class=\"text-danger\">TD0519B060<\/span><\/div>\n<\/div>\n<p><strong>Segmentaci\u00f3n:<\/strong><\/p>\n<div class=\"row\">\n<div class=\"col-sm \"><span class=\"text-justify\">Hombres, de 40 a 70 a\u00f1os, que sean due\u00f1os de empresas, empresarios de un nivel socioecon\u00f3mico alto (que las personas no sean notarios , abogados , pol\u00edticos o trabajen en medios de comunicaci\u00f3n) en Costa Rica (700 registros ) y Panam\u00e1 (300 registros).<\/span><\/div>\n<\/div>\n<p><strong>Campos Contenidos:<\/strong><\/p>\n<div class=\"row\">\n<div class=\"col-sm \"><span class=\"text-justify\">Nombre \/ Direcci\u00f3n \/ Ciudad \/ Estado \/ Celular.<\/span><\/div>\n<\/div>\n<div class=\"row\">\n<div class=\"col-sm\">\n<p><strong>Garant\u00eda:\u00a0<\/strong>80%-85%<\/p>\n<p><strong>Precio Original:\u00a0<\/strong><del>$592 USD<\/del><\/p>\n<p><strong>Descuento Especial:\u00a0<\/strong><strong class=\"text-danger\">20%<\/strong><\/p>\n<\/div>\n<\/div>\n<div class=\"row\">\n<div class=\"col text-center\"><strong>Total a Pagar:\u00a0<\/strong><strong class=\"text-danger\">$473 USD<\/strong><\/div>\n<\/div>\n","protected":false},"featured_media":31002,"template":"","meta":{"_bst_post_transparent":"","_bst_post_title":"","_bst_post_layout":"","_bst_post_sidebar_id":"","_bst_post_content_style":"","_bst_post_vertical_padding":"","_bst_post_feature":"","_bst_post_feature_position":"","_bst_post_header":false,"_bst_post_footer":false},"product_brand":[],"product_cat":[1233,1477],"product_tag":[1062,1182,1236,1063,1064,1479,1067,1068,1377,1185,1207,1325,1186,1071,1073,1074,1075,1076,1077,1078,1079,1155,1081,1156,1082,1083,1084,1085,1086,1244,1161,1162,1088,1089,1090,1393,1092,1189,1093,1097,1098,1099,1100,1102,1104,1165,1190,1117,1118,1191,1192,1193,1194,1195,1196,1197,1198,1199,1200,1201,1202,1203,1204,1378,1170,1126,1482,1133,1135,1136,1251,1252,1137,1138,1139,1140,1142,1143,1144,1145,1395,1146,1148],"product_brands":[],"class_list":{"0":"post-35467","1":"product","2":"type-product","3":"status-publish","4":"has-post-thumbnail","6":"product_cat-latinoamerica","7":"product_cat-personas","8":"product_tag-b2c-email-database","9":"product_tag-base-de-datos","10":"product_tag-base-de-datos-america-latina","11":"product_tag-base-de-datos-campana-de-email-marketing","12":"product_tag-base-de-datos-campanas-de-email-marketing","13":"product_tag-base-de-datos-consumidores-en-latinoamerica","14":"product_tag-base-de-datos-correo-masivo","15":"product_tag-base-de-datos-correo-masivos","16":"product_tag-base-de-datos-costa-rica","17":"product_tag-base-de-datos-de-empresarios","18":"product_tag-base-de-datos-de-nse","19":"product_tag-base-de-datos-de-nse-alto","20":"product_tag-base-de-datos-de-personas-fisicas","21":"product_tag-base-de-datos-direct-e-mail-marketing","22":"product_tag-base-de-datos-e-mail-marketing","23":"product_tag-base-de-datos-email-marketer","24":"product_tag-base-de-datos-email-marketing","25":"product_tag-base-de-datos-email-masivos","26":"product_tag-base-de-datos-email-publicidad","27":"product_tag-base-de-datos-email-publicitario","28":"product_tag-base-de-datos-emailing","29":"product_tag-base-de-datos-empresas","30":"product_tag-base-de-datos-enviar-email-masivo","31":"product_tag-base-de-datos-enviar-mailing","32":"product_tag-base-de-datos-envio-de-email-masivo","33":"product_tag-base-de-datos-envio-masivo-correo","34":"product_tag-base-de-datos-envio-masivo-correos","35":"product_tag-base-de-datos-envio-masivo-de-emails","36":"product_tag-base-de-datos-envios-de-correo-masivos","37":"product_tag-base-de-datos-latam","38":"product_tag-base-de-datos-mailing","39":"product_tag-base-de-datos-mailing-masivo","40":"product_tag-base-de-datos-marketing","41":"product_tag-base-de-datos-marketing-por-e-mail","42":"product_tag-base-de-datos-marketing-por-email","43":"product_tag-base-de-datos-panama","44":"product_tag-base-de-datos-para-marketing","45":"product_tag-base-de-datos-personas-de-email-marketing","46":"product_tag-base-de-datos-publicidad-por-email","47":"product_tag-bases-de-datos-correos","48":"product_tag-bases-de-datos-correos-electronicos","49":"product_tag-bases-de-datos-de-emails","50":"product_tag-bases-de-datos-de-marketing","51":"product_tag-bases-de-datos-email","52":"product_tag-bases-de-datos-emailing","53":"product_tag-bases-de-datos-mailing","54":"product_tag-big-consumer-database","55":"product_tag-buy-email-list","56":"product_tag-buy-email-list-database","57":"product_tag-consumer-contact-lists","58":"product_tag-consumer-database","59":"product_tag-consumer-directory","60":"product_tag-consumer-email-database","61":"product_tag-consumer-email-list","62":"product_tag-consumer-email-lists","63":"product_tag-consumer-list","64":"product_tag-consumer-mailing-database","65":"product_tag-consumer-mailing-list","66":"product_tag-consumer-mailing-lists","67":"product_tag-consumer-phone-list","68":"product_tag-correo-de-personas","69":"product_tag-correos-electronicos-de-personas","70":"product_tag-correos-electronicos-personas","71":"product_tag-costa-rica-database","72":"product_tag-database","73":"product_tag-directorio-emailing","74":"product_tag-directorios-consumidores-latinoamerica","75":"product_tag-email-address-list","76":"product_tag-email-lists","77":"product_tag-email-marketing-list","78":"product_tag-latam-database","79":"product_tag-latinoamerica-database","80":"product_tag-list-of-email-addresses","81":"product_tag-lista-de-correos","82":"product_tag-lista-de-correos-electronicos","83":"product_tag-mail-marketing","84":"product_tag-mailing-list","85":"product_tag-marketing","86":"product_tag-marketing-correo-electronico","87":"product_tag-marketing-lists","88":"product_tag-panama-database","89":"product_tag-publicidad-por-base-de-datos-correo-electronico","90":"product_tag-tele-marketing-list","92":"first","93":"instock","94":"sale","95":"virtual","96":"purchasable","97":"product-type-simple","98":"entry","99":"content-bg","100":"loop-entry"},"aioseo_notices":[],"_links":{"self":[{"href":"https:\/\/edirectorios.com.mx\/directorios-latinoamerica\/wp-json\/wp\/v2\/product\/35467","targetHints":{"allow":["GET"]}}],"collection":[{"href":"https:\/\/edirectorios.com.mx\/directorios-latinoamerica\/wp-json\/wp\/v2\/product"}],"about":[{"href":"https:\/\/edirectorios.com.mx\/directorios-latinoamerica\/wp-json\/wp\/v2\/types\/product"}],"version-history":[{"count":1,"href":"https:\/\/edirectorios.com.mx\/directorios-latinoamerica\/wp-json\/wp\/v2\/product\/35467\/revisions"}],"predecessor-version":[{"id":35519,"href":"https:\/\/edirectorios.com.mx\/directorios-latinoamerica\/wp-json\/wp\/v2\/product\/35467\/revisions\/35519"}],"wp:featuredmedia":[{"embeddable":true,"href":"https:\/\/edirectorios.com.mx\/directorios-latinoamerica\/wp-json\/wp\/v2\/media\/31002"}],"wp:attachment":[{"href":"https:\/\/edirectorios.com.mx\/directorios-latinoamerica\/wp-json\/wp\/v2\/media?parent=35467"}],"wp:term":[{"taxonomy":"product_brand","embeddable":true,"href":"https:\/\/edirectorios.com.mx\/directorios-latinoamerica\/wp-json\/wp\/v2\/product_brand?post=35467"},{"taxonomy":"product_cat","embeddable":true,"href":"https:\/\/edirectorios.com.mx\/directorios-latinoamerica\/wp-json\/wp\/v2\/product_cat?post=35467"},{"taxonomy":"product_tag","embeddable":true,"href":"https:\/\/edirectorios.com.mx\/directorios-latinoamerica\/wp-json\/wp\/v2\/product_tag?post=35467"},{"taxonomy":"product_brands","embeddable":true,"href":"https:\/\/edirectorios.com.mx\/directorios-latinoamerica\/wp-json\/wp\/v2\/product_brands?post=35467"}],"curies":[{"name":"wp","href":"https:\/\/api.w.org\/{rel}","templated":true}]}}