{"id":35464,"date":"2025-12-12T17:05:39","date_gmt":"2025-12-12T17:05:39","guid":{"rendered":"https:\/\/edirectorios.com.mx\/directorios-latinoamerica\/?post_type=product&#038;p=35464"},"modified":"2025-12-12T17:06:23","modified_gmt":"2025-12-12T17:06:23","slug":"profesionistas-que-no-sean-medicos-nse-alto-en-panama-peru-guatemala-venezuela-y-republica-dominicana","status":"publish","type":"product","link":"https:\/\/edirectorios.com.mx\/directorios-latinoamerica\/product\/profesionistas-que-no-sean-medicos-nse-alto-en-panama-peru-guatemala-venezuela-y-republica-dominicana\/","title":{"rendered":"Profesionistas (que no sean m\u00e9dicos) NSE alto en Panam\u00e1, Per\u00fa, Guatemala, Venezuela y Rep\u00fablica Dominicana."},"content":{"rendered":"","protected":false},"excerpt":{"rendered":"<p>&nbsp;<\/p>\n<div class=\"row\">\n<div class=\"col-sm\"><strong>C\u00f3digo:<\/strong> <strong class=\"text-danger\">SJNB-O0<\/strong><\/div>\n<div class=\"col-sm\"><strong>N\u00famero de registros: <\/strong>250<\/div>\n<\/div>\n<div class=\"row\">\n<div class=\"col-sm \"><strong>Folio: <\/strong><span class=\"text-danger\">RG0519B116<\/span><\/div>\n<\/div>\n<p><strong>Segmentaci\u00f3n:<\/strong><\/p>\n<div class=\"row\">\n<div class=\"col-sm \"><span class=\"text-justify\">Profesionistas (que no sean m\u00e9dicos), mayores de edad, econ\u00f3micamente activas de un NSE alto en Panam\u00e1 (50 Registros), Per\u00fa (50 Registros), Guatemala (50 Registros), Venezuela (50 Registros) y Rep\u00fablica Dominicana (50 Registros).<\/span><\/div>\n<\/div>\n<p><strong>Campos Contenidos:<\/strong><\/p>\n<div class=\"row\">\n<div class=\"col-sm \"><span class=\"text-justify\">Nombre \/ Empresa donde trabaja \/ Direcci\u00f3n \/ Ciudad \/ Estado \/ Celular \/ Email.<\/span><\/div>\n<\/div>\n<div class=\"row\">\n<div class=\"col-sm\">\n<p><strong>Garant\u00eda:\u00a0<\/strong>80%-85%<\/p>\n<p><strong>Precio Original:\u00a0<\/strong><del>$90 USD<\/del><\/p>\n<p><strong>Descuento Especial:\u00a0<\/strong><strong class=\"text-danger\">20%<\/strong><\/p>\n<\/div>\n<\/div>\n<div class=\"row\">\n<div class=\"col text-center\"><strong>Total a Pagar:\u00a0<\/strong><strong class=\"text-danger\">$72 USD<\/strong><\/div>\n<\/div>\n","protected":false},"featured_media":31045,"template":"","meta":{"_bst_post_transparent":"","_bst_post_title":"","_bst_post_layout":"","_bst_post_sidebar_id":"","_bst_post_content_style":"","_bst_post_vertical_padding":"","_bst_post_feature":"","_bst_post_feature_position":"","_bst_post_header":false,"_bst_post_footer":false},"product_brand":[],"product_cat":[1233,1477],"product_tag":[1062,1182,1236,1063,1064,1404,1479,1067,1068,1207,1325,1294,1186,1282,1405,1071,1073,1074,1075,1076,1077,1078,1079,1502,1081,1156,1082,1083,1084,1085,1086,1453,1244,1161,1162,1088,1089,1090,1295,1393,1092,1189,1245,1093,1457,1406,1097,1098,1099,1100,1102,1104,1165,1190,1117,1118,1191,1192,1193,1194,1195,1196,1197,1198,1199,1200,1201,1202,1203,1204,1170,1126,1482,1503,1133,1135,1136,1504,1251,1252,1137,1138,1139,1296,1140,1142,1143,1144,1145,1407,1297,1298,1299,1300,1301,1302,1303,1395,1253,1146,1484,1148,1505],"product_brands":[],"class_list":{"0":"post-35464","1":"product","2":"type-product","3":"status-publish","4":"has-post-thumbnail","6":"product_cat-latinoamerica","7":"product_cat-personas","8":"product_tag-b2c-email-database","9":"product_tag-base-de-datos","10":"product_tag-base-de-datos-america-latina","11":"product_tag-base-de-datos-campana-de-email-marketing","12":"product_tag-base-de-datos-campanas-de-email-marketing","13":"product_tag-base-de-datos-celulares","14":"product_tag-base-de-datos-consumidores-en-latinoamerica","15":"product_tag-base-de-datos-correo-masivo","16":"product_tag-base-de-datos-correo-masivos","17":"product_tag-base-de-datos-de-nse","18":"product_tag-base-de-datos-de-nse-alto","19":"product_tag-base-de-datos-de-numeros-celulares","20":"product_tag-base-de-datos-de-personas-fisicas","21":"product_tag-base-de-datos-de-profesionistas","22":"product_tag-base-de-datos-de-telefonos-moviles","23":"product_tag-base-de-datos-direct-e-mail-marketing","24":"product_tag-base-de-datos-e-mail-marketing","25":"product_tag-base-de-datos-email-marketer","26":"product_tag-base-de-datos-email-marketing","27":"product_tag-base-de-datos-email-masivos","28":"product_tag-base-de-datos-email-publicidad","29":"product_tag-base-de-datos-email-publicitario","30":"product_tag-base-de-datos-emailing","31":"product_tag-base-de-datos-en-venezuela","32":"product_tag-base-de-datos-enviar-email-masivo","33":"product_tag-base-de-datos-enviar-mailing","34":"product_tag-base-de-datos-envio-de-email-masivo","35":"product_tag-base-de-datos-envio-masivo-correo","36":"product_tag-base-de-datos-envio-masivo-correos","37":"product_tag-base-de-datos-envio-masivo-de-emails","38":"product_tag-base-de-datos-envios-de-correo-masivos","39":"product_tag-base-de-datos-guatemala","40":"product_tag-base-de-datos-latam","41":"product_tag-base-de-datos-mailing","42":"product_tag-base-de-datos-mailing-masivo","43":"product_tag-base-de-datos-marketing","44":"product_tag-base-de-datos-marketing-por-e-mail","45":"product_tag-base-de-datos-marketing-por-email","46":"product_tag-base-de-datos-numeros-de-telefonos-celulares","47":"product_tag-base-de-datos-panama","48":"product_tag-base-de-datos-para-marketing","49":"product_tag-base-de-datos-personas-de-email-marketing","50":"product_tag-base-de-datos-peru","51":"product_tag-base-de-datos-publicidad-por-email","52":"product_tag-base-de-datos-republica-dominicana","53":"product_tag-base-de-datos-telefonos-moviles","54":"product_tag-bases-de-datos-correos","55":"product_tag-bases-de-datos-correos-electronicos","56":"product_tag-bases-de-datos-de-emails","57":"product_tag-bases-de-datos-de-marketing","58":"product_tag-bases-de-datos-email","59":"product_tag-bases-de-datos-emailing","60":"product_tag-bases-de-datos-mailing","61":"product_tag-big-consumer-database","62":"product_tag-buy-email-list","63":"product_tag-buy-email-list-database","64":"product_tag-consumer-contact-lists","65":"product_tag-consumer-database","66":"product_tag-consumer-directory","67":"product_tag-consumer-email-database","68":"product_tag-consumer-email-list","69":"product_tag-consumer-email-lists","70":"product_tag-consumer-list","71":"product_tag-consumer-mailing-database","72":"product_tag-consumer-mailing-list","73":"product_tag-consumer-mailing-lists","74":"product_tag-consumer-phone-list","75":"product_tag-correo-de-personas","76":"product_tag-correos-electronicos-de-personas","77":"product_tag-correos-electronicos-personas","78":"product_tag-database","79":"product_tag-directorio-emailing","80":"product_tag-directorios-consumidores-latinoamerica","81":"product_tag-directorios-en-venezuela","82":"product_tag-email-address-list","83":"product_tag-email-lists","84":"product_tag-email-marketing-list","85":"product_tag-guatemala-database","86":"product_tag-latam-database","87":"product_tag-latinoamerica-database","88":"product_tag-list-of-email-addresses","89":"product_tag-lista-de-correos","90":"product_tag-lista-de-correos-electronicos","91":"product_tag-lista-de-numeros-de-telefonos-celulares","92":"product_tag-mail-marketing","93":"product_tag-mailing-list","94":"product_tag-marketing","95":"product_tag-marketing-correo-electronico","96":"product_tag-marketing-lists","97":"product_tag-mobile","98":"product_tag-mobile-database","99":"product_tag-mobile-directory","100":"product_tag-mobile-list","101":"product_tag-mobile-number-database","102":"product_tag-mobile-number-list","103":"product_tag-mobile-phone-number","104":"product_tag-numeros-de-telefonos-celulares","105":"product_tag-panama-database","106":"product_tag-peru-database","107":"product_tag-publicidad-por-base-de-datos-correo-electronico","108":"product_tag-republica-dominicana-database","109":"product_tag-tele-marketing-list","110":"product_tag-venezuela-database","112":"first","113":"instock","114":"sale","115":"virtual","116":"purchasable","117":"product-type-simple","118":"entry","119":"content-bg","120":"loop-entry"},"aioseo_notices":[],"_links":{"self":[{"href":"https:\/\/edirectorios.com.mx\/directorios-latinoamerica\/wp-json\/wp\/v2\/product\/35464","targetHints":{"allow":["GET"]}}],"collection":[{"href":"https:\/\/edirectorios.com.mx\/directorios-latinoamerica\/wp-json\/wp\/v2\/product"}],"about":[{"href":"https:\/\/edirectorios.com.mx\/directorios-latinoamerica\/wp-json\/wp\/v2\/types\/product"}],"version-history":[{"count":1,"href":"https:\/\/edirectorios.com.mx\/directorios-latinoamerica\/wp-json\/wp\/v2\/product\/35464\/revisions"}],"predecessor-version":[{"id":35505,"href":"https:\/\/edirectorios.com.mx\/directorios-latinoamerica\/wp-json\/wp\/v2\/product\/35464\/revisions\/35505"}],"wp:featuredmedia":[{"embeddable":true,"href":"https:\/\/edirectorios.com.mx\/directorios-latinoamerica\/wp-json\/wp\/v2\/media\/31045"}],"wp:attachment":[{"href":"https:\/\/edirectorios.com.mx\/directorios-latinoamerica\/wp-json\/wp\/v2\/media?parent=35464"}],"wp:term":[{"taxonomy":"product_brand","embeddable":true,"href":"https:\/\/edirectorios.com.mx\/directorios-latinoamerica\/wp-json\/wp\/v2\/product_brand?post=35464"},{"taxonomy":"product_cat","embeddable":true,"href":"https:\/\/edirectorios.com.mx\/directorios-latinoamerica\/wp-json\/wp\/v2\/product_cat?post=35464"},{"taxonomy":"product_tag","embeddable":true,"href":"https:\/\/edirectorios.com.mx\/directorios-latinoamerica\/wp-json\/wp\/v2\/product_tag?post=35464"},{"taxonomy":"product_brands","embeddable":true,"href":"https:\/\/edirectorios.com.mx\/directorios-latinoamerica\/wp-json\/wp\/v2\/product_brands?post=35464"}],"curies":[{"name":"wp","href":"https:\/\/api.w.org\/{rel}","templated":true}]}}