{"id":35463,"date":"2025-12-12T17:05:39","date_gmt":"2025-12-12T17:05:39","guid":{"rendered":"https:\/\/edirectorios.com.mx\/directorios-latinoamerica\/?post_type=product&#038;p=35463"},"modified":"2025-12-12T17:06:21","modified_gmt":"2025-12-12T17:06:21","slug":"despachos-contables-en-ciudad-de-mexico-y-megalopolis-profesionistas-contadores-en-ciudad-de-mexico-y-megalopolis","status":"publish","type":"product","link":"https:\/\/edirectorios.com.mx\/directorios-latinoamerica\/product\/despachos-contables-en-ciudad-de-mexico-y-megalopolis-profesionistas-contadores-en-ciudad-de-mexico-y-megalopolis\/","title":{"rendered":"*Despachos contables  en Ciudad de M\u00e9xico y Megal\u00f3polis. *Profesionistas contadores en Ciudad de M\u00e9xico y Megal\u00f3polis."},"content":{"rendered":"","protected":false},"excerpt":{"rendered":"<p>&nbsp;<\/p>\n<div class=\"row\">\n<div class=\"col-sm\"><strong>C\u00f3digo: <span style=\"color: #cc2d2d;\">GSEJ-K378<\/span><\/strong><\/div>\n<div class=\"col-sm\"><strong>N\u00famero de registros: <\/strong>1000<\/div>\n<\/div>\n<div class=\"row\">\n<div class=\"col-sm \"><strong>Folio:<\/strong><span style=\"color: #cc2d2d;\"> GI1113B023<\/span><\/div>\n<\/div>\n<p><strong>Segmentaci\u00f3n:<\/strong><\/p>\n<div class=\"row\">\n<div class=\"col-sm \">\u00a0*Despachos contables en Ciudad de M\u00e9xico y Megal\u00f3polis (estados: Tlaxcala, Hidalgo, Morelos, Puebla y el Estado de M\u00e9xico)(500 REGISTROS). *Profesionistas contadores en Ciudad de M\u00e9xico y Megal\u00f3polis (estados: Tlaxcala, Hidalgo, Morelos, Puebla y el Estado de M\u00e9xico )(500 REGISTROS).<\/div>\n<\/div>\n<p><strong>Campos Contenidos:<\/strong><\/p>\n<div class=\"row\">\n<div class=\"col-sm \">*Empresa \/ Giro \/ Direcci\u00f3n \/ Ciudad \/ Estado \/ Contacto \/ Puesto: Director General, Socio, Directivos, Gerentes o Tomador de decisi\u00f3n \/ Tel\u00e9fono \/ Email. *Nombre \/ Direcci\u00f3n \/ Ciudad \/ Estado \/ Tel\u00e9fono \/ Email.<\/div>\n<\/div>\n<div class=\"row\">\n<div class=\"col-sm\"><strong>Garant\u00eda: 80%-85%<\/strong>\u00a0<strong>Precio Original:\u00a0<\/strong><del>$367 USD<\/del><strong>Descuento Especial:\u00a0<span style=\"color: #cc2d2d;\">20<\/span><\/strong><span style=\"color: #cc2d2d;\"><strong class=\"text-danger\">%<\/strong><\/span><\/div>\n<\/div>\n<div class=\"row\">\n<div class=\"col text-center\"><strong>Total a Pagar:\u00a0<\/strong><span style=\"color: #cc2d2d;\"><strong class=\"text-danger\">$294 USD<\/strong><\/span><\/div>\n<\/div>\n","protected":false},"featured_media":31045,"template":"","meta":{"_bst_post_transparent":"","_bst_post_title":"","_bst_post_layout":"","_bst_post_sidebar_id":"","_bst_post_content_style":"","_bst_post_vertical_padding":"","_bst_post_feature":"","_bst_post_feature_position":"","_bst_post_header":false,"_bst_post_footer":false},"product_brand":[],"product_cat":[1180,1281],"product_tag":[1062,1063,1064,1066,1263,1367,1067,1068,1372,1152,1069,1371,1282,1153,1071,1073,1074,1075,1076,1077,1078,1079,1081,1082,1083,1084,1085,1086,1087,1160,1088,1089,1090,1092,1189,1163,1097,1098,1099,1100,1101,1102,1105,1106,1107,1190,1117,1118,1191,1192,1193,1194,1195,1196,1197,1198,1199,1200,1202,1265,1203,1170,1133,1135,1136,1220,1137,1138,1139,1144,1206,1172,1173,1174,1175,1283,1148,1149],"product_brands":[],"class_list":{"0":"post-35463","1":"product","2":"type-product","3":"status-publish","4":"has-post-thumbnail","6":"product_cat-personas-en-mexico","7":"product_cat-profesionistas","8":"product_tag-b2c-email-database","9":"product_tag-base-de-datos-campana-de-email-marketing","10":"product_tag-base-de-datos-campanas-de-email-marketing","11":"product_tag-base-de-datos-ciudad-de-mexico","12":"product_tag-base-de-datos-consumidores","13":"product_tag-base-de-datos-contadores","14":"product_tag-base-de-datos-correo-masivo","15":"product_tag-base-de-datos-correo-masivos","16":"product_tag-base-de-datos-de-despachos-contables","17":"product_tag-base-de-datos-de-directivos","18":"product_tag-base-de-datos-de-director-general","19":"product_tag-base-de-datos-de-personas-puebla","20":"product_tag-base-de-datos-de-profesionistas","21":"product_tag-base-de-datos-de-tomador-de-decision","22":"product_tag-base-de-datos-direct-e-mail-marketing","23":"product_tag-base-de-datos-e-mail-marketing","24":"product_tag-base-de-datos-email-marketer","25":"product_tag-base-de-datos-email-marketing","26":"product_tag-base-de-datos-email-masivos","27":"product_tag-base-de-datos-email-publicidad","28":"product_tag-base-de-datos-email-publicitario","29":"product_tag-base-de-datos-emailing","30":"product_tag-base-de-datos-enviar-email-masivo","31":"product_tag-base-de-datos-envio-de-email-masivo","32":"product_tag-base-de-datos-envio-masivo-correo","33":"product_tag-base-de-datos-envio-masivo-correos","34":"product_tag-base-de-datos-envio-masivo-de-emails","35":"product_tag-base-de-datos-envios-de-correo-masivos","36":"product_tag-base-de-datos-estado-de-mexico","37":"product_tag-base-de-datos-gerente","38":"product_tag-base-de-datos-marketing","39":"product_tag-base-de-datos-marketing-por-e-mail","40":"product_tag-base-de-datos-marketing-por-email","41":"product_tag-base-de-datos-para-marketing","42":"product_tag-base-de-datos-personas-de-email-marketing","43":"product_tag-base-de-datos-socio","44":"product_tag-bases-de-datos-correos","45":"product_tag-bases-de-datos-correos-electronicos","46":"product_tag-bases-de-datos-de-emails","47":"product_tag-bases-de-datos-de-marketing","48":"product_tag-bases-de-datos-de-telefonos","49":"product_tag-bases-de-datos-email","50":"product_tag-bases-de-datos-numeros-de-telefonos","51":"product_tag-bases-de-datos-telefono","52":"product_tag-bases-de-datos-telefonos-fijos","53":"product_tag-big-consumer-database","54":"product_tag-buy-email-list","55":"product_tag-buy-email-list-database","56":"product_tag-consumer-contact-lists","57":"product_tag-consumer-database","58":"product_tag-consumer-directory","59":"product_tag-consumer-email-database","60":"product_tag-consumer-email-list","61":"product_tag-consumer-email-lists","62":"product_tag-consumer-list","63":"product_tag-consumer-mailing-database","64":"product_tag-consumer-mailing-list","65":"product_tag-consumer-mailing-lists","66":"product_tag-correo-de-personas","67":"product_tag-correos-consumidores","68":"product_tag-correos-electronicos-de-personas","69":"product_tag-database","70":"product_tag-email-address-list","71":"product_tag-email-lists","72":"product_tag-email-marketing-list","73":"product_tag-gerentes","74":"product_tag-list-of-email-addresses","75":"product_tag-lista-de-correos","76":"product_tag-lista-de-correos-electronicos","77":"product_tag-marketing-correo-electronico","78":"product_tag-phone","79":"product_tag-phone-database","80":"product_tag-phone-lists","81":"product_tag-phone-number","82":"product_tag-phone-number-list","83":"product_tag-professionals-database","84":"product_tag-tele-marketing-list","85":"product_tag-telefono","87":"first","88":"instock","89":"sale","90":"shipping-taxable","91":"purchasable","92":"product-type-simple","93":"entry","94":"content-bg","95":"loop-entry"},"aioseo_notices":[],"_links":{"self":[{"href":"https:\/\/edirectorios.com.mx\/directorios-latinoamerica\/wp-json\/wp\/v2\/product\/35463","targetHints":{"allow":["GET"]}}],"collection":[{"href":"https:\/\/edirectorios.com.mx\/directorios-latinoamerica\/wp-json\/wp\/v2\/product"}],"about":[{"href":"https:\/\/edirectorios.com.mx\/directorios-latinoamerica\/wp-json\/wp\/v2\/types\/product"}],"version-history":[{"count":1,"href":"https:\/\/edirectorios.com.mx\/directorios-latinoamerica\/wp-json\/wp\/v2\/product\/35463\/revisions"}],"predecessor-version":[{"id":35504,"href":"https:\/\/edirectorios.com.mx\/directorios-latinoamerica\/wp-json\/wp\/v2\/product\/35463\/revisions\/35504"}],"wp:featuredmedia":[{"embeddable":true,"href":"https:\/\/edirectorios.com.mx\/directorios-latinoamerica\/wp-json\/wp\/v2\/media\/31045"}],"wp:attachment":[{"href":"https:\/\/edirectorios.com.mx\/directorios-latinoamerica\/wp-json\/wp\/v2\/media?parent=35463"}],"wp:term":[{"taxonomy":"product_brand","embeddable":true,"href":"https:\/\/edirectorios.com.mx\/directorios-latinoamerica\/wp-json\/wp\/v2\/product_brand?post=35463"},{"taxonomy":"product_cat","embeddable":true,"href":"https:\/\/edirectorios.com.mx\/directorios-latinoamerica\/wp-json\/wp\/v2\/product_cat?post=35463"},{"taxonomy":"product_tag","embeddable":true,"href":"https:\/\/edirectorios.com.mx\/directorios-latinoamerica\/wp-json\/wp\/v2\/product_tag?post=35463"},{"taxonomy":"product_brands","embeddable":true,"href":"https:\/\/edirectorios.com.mx\/directorios-latinoamerica\/wp-json\/wp\/v2\/product_brands?post=35463"}],"curies":[{"name":"wp","href":"https:\/\/api.w.org\/{rel}","templated":true}]}}