{"id":35419,"date":"2025-12-12T17:04:52","date_gmt":"2025-12-12T17:04:52","guid":{"rendered":"https:\/\/edirectorios.com.mx\/directorios-latinoamerica\/?post_type=product&#038;p=35419"},"modified":"2025-12-12T17:05:45","modified_gmt":"2025-12-12T17:05:45","slug":"empresas-puntos-comerciales-pequenas-y-medianas-que-se-encuentren-en-la-calle-en-ciudad-de-mexico","status":"publish","type":"product","link":"https:\/\/edirectorios.com.mx\/directorios-latinoamerica\/product\/empresas-puntos-comerciales-pequenas-y-medianas-que-se-encuentren-en-la-calle-en-ciudad-de-mexico\/","title":{"rendered":"Empresas (puntos comerciales) peque\u00f1as y medianas que se encuentren en la calle, en Ciudad de M\u00e9xico."},"content":{"rendered":"","protected":false},"excerpt":{"rendered":"<p>&nbsp;<\/p>\n<div class=\"row\">\n<div class=\"col-sm\"><strong>C\u00f3digo:<\/strong> MACO-S0<\/div>\n<div class=\"col-sm\"><strong>N\u00famero de registros:\u00a0<\/strong>2010<\/div>\n<\/div>\n<div class=\"row\">\n<div class=\"col-sm \"><strong>Folio: <\/strong><span class=\"text-danger\">KA0620B118<\/span><\/div>\n<\/div>\n<p><strong>Segmentaci\u00f3n:<\/strong><\/p>\n<div class=\"row\">\n<div class=\"col-sm \">Empresas (puntos comerciales) peque\u00f1as y medianas que se encuentren en la calle (no en centro comerciales) del giro especificado en (Tienda para mascotas, Tienda de Productos naturales, Papeler\u00eda, Grafica, Asistencia t\u00e9cnica (de ordenadores, celulares, etc.), Tienda de Celulares, Tienda de Bicicletas, Tienda de Materiales de construcci\u00f3n, Tienda de Cartuchos, Tienda de Regalos, Tienda de Art\u00edculos de fiesta, \u00d3ptica, Tienda de Embalajes, Tienda de Inform\u00e1tica, Tienda Artesan\u00eda, Tienda de luces, Tienda de Bebidas, Tienda Ropa, Tienda Pinturas, Tienda Productos hospitalarios, Tienda de Productos de limpieza, Emporio, Gimnasio, Supermercado, Accesorios para equipaje, Tienda de Juegos, Cerrajero, Perfumer\u00eda, Tienda de tabaco, Tienda de flores, Lavander\u00eda, Caf\u00e9 Internet, Farmacia, Barber\u00eda, Tienda de Calzados, Autopiezas, Tienda de Juguetes, Aparcamiento, Productos cosm\u00e9ticos) , que se encuentren ubicadas por lo menos 15 empresas por cada c\u00f3digo postal (01000, 01020, 01030, 01090, 01160, 01210, 01430, 01470, 01710. 01759, 01904, 02080, 02120, 02130, 02230, 02300, 02459, 02660, 02710, 02800, 02940, 03020, 03023, 03100, 03300, 03310, 03330, 03520, 03560, 03630, 03660, 03700, 03800, 03810, 03900, 03910, 04000, 04200, 04230, 04300, 04330, 04360, 04370, 04400, 04490, 04610, 04710, 04830, 04890, 04918, 04920, 04960, 04970, 05000, 05110, 05348, 06050, 06090, 06100, 06140, 06250, 06350, 06470, 06500, 06600, 06700, 06720, 06820, 06880, 07090, 07300, 07360, 07369, 07380, 07550, 07700, 07800, 07810, 07840, 07870, 07979, 08400, 08500, 08610, 08830, 08840, 08900, 09070, 09090, 09310, 09700, 09720, 09740, 09810, 09830, 09880, 09910, 10200, 10360, 10710, 11000, 11200, 11280, 11320, 11400, 11500, 11510, 11529, 11550, 11560, 11590, 11800, 13093, 13220, 13420, 14040, 14060, 14200, 14240, 14266, 14300, 14350, 14420, 15000, 15020, 15390, 15420, 15500, 15530, 15700, 15900, 16030, 16038, 16200) en Ciudad de M\u00e9xico.<\/div>\n<\/div>\n<p><strong>Campos Contenidos:<\/strong><\/p>\n<div class=\"row\">\n<div class=\"col-sm \">Empresa \/ Giro \/ Direcci\u00f3n \/ Ciudad \/ Estado \/ Contacto \/ Puesto: Director General, Socio, Directivos, Gerentes o Tomador de decisi\u00f3n \/ Tel\u00e9fono \/ Email \/ P\u00e1gina web*opcional.<\/div>\n<\/div>\n<div class=\"row\">\n<div class=\"col-sm\"><strong>Garant\u00eda:\u00a0<\/strong>80%-85% <strong>Precio Original:<del>\u00a0<\/del><\/strong><del>$1067 USD<\/del>\u00a0<strong>Descuento Especial:\u00a0<\/strong><strong class=\"text-danger\">20%<\/strong><\/div>\n<\/div>\n<div class=\"row\">\n<div class=\"col text-center\"><strong>Total a Pagar:\u00a0<\/strong><strong class=\"text-danger\">$853 USD<\/strong><\/div>\n<\/div>\n","protected":false},"featured_media":31043,"template":"","meta":{"_bst_post_transparent":"","_bst_post_title":"","_bst_post_layout":"","_bst_post_sidebar_id":"","_bst_post_content_style":"","_bst_post_vertical_padding":"","_bst_post_feature":"","_bst_post_feature_position":"","_bst_post_header":false,"_bst_post_footer":false},"product_brand":[],"product_cat":[1278,1060,1277],"product_tag":[1062,1182,1063,1064,1066,1067,1068,1152,1069,1153,1071,1073,1074,1075,1076,1077,1078,1079,1155,1080,1243,1081,1156,1082,1083,1084,1085,1086,1162,1088,1089,1090,1092,1093,1163,1097,1098,1099,1100,1101,1102,1103,1104,1105,1106,1107,1229,1109,1110,1111,1112,1113,1114,1115,1116,1117,1118,1166,1119,1120,1121,1122,1123,1124,1170,1132,1133,1134,1136,1220,1137,1138,1139,1140,1141,1142,1143,1144,1145,1206,1172,1173,1174,1175,1146,1148],"product_brands":[],"class_list":{"0":"post-35419","1":"product","2":"type-product","3":"status-publish","4":"has-post-thumbnail","6":"product_cat-ciudad-de-mexico","7":"product_cat-empresas-en-mexico","8":"product_cat-zonas-mas-solicitadas","9":"product_tag-b2c-email-database","10":"product_tag-base-de-datos","11":"product_tag-base-de-datos-campana-de-email-marketing","12":"product_tag-base-de-datos-campanas-de-email-marketing","13":"product_tag-base-de-datos-ciudad-de-mexico","14":"product_tag-base-de-datos-correo-masivo","15":"product_tag-base-de-datos-correo-masivos","16":"product_tag-base-de-datos-de-directivos","17":"product_tag-base-de-datos-de-director-general","18":"product_tag-base-de-datos-de-tomador-de-decision","19":"product_tag-base-de-datos-direct-e-mail-marketing","20":"product_tag-base-de-datos-e-mail-marketing","21":"product_tag-base-de-datos-email-marketer","22":"product_tag-base-de-datos-email-marketing","23":"product_tag-base-de-datos-email-masivos","24":"product_tag-base-de-datos-email-publicidad","25":"product_tag-base-de-datos-email-publicitario","26":"product_tag-base-de-datos-emailing","27":"product_tag-base-de-datos-empresas","28":"product_tag-base-de-datos-empresas-de-email-marketing","29":"product_tag-base-de-datos-empresas-medianas","30":"product_tag-base-de-datos-enviar-email-masivo","31":"product_tag-base-de-datos-enviar-mailing","32":"product_tag-base-de-datos-envio-de-email-masivo","33":"product_tag-base-de-datos-envio-masivo-correo","34":"product_tag-base-de-datos-envio-masivo-correos","35":"product_tag-base-de-datos-envio-masivo-de-emails","36":"product_tag-base-de-datos-envios-de-correo-masivos","37":"product_tag-base-de-datos-mailing-masivo","38":"product_tag-base-de-datos-marketing","39":"product_tag-base-de-datos-marketing-por-e-mail","40":"product_tag-base-de-datos-marketing-por-email","41":"product_tag-base-de-datos-para-marketing","42":"product_tag-base-de-datos-publicidad-por-email","43":"product_tag-base-de-datos-socio","44":"product_tag-bases-de-datos-correos","45":"product_tag-bases-de-datos-correos-electronicos","46":"product_tag-bases-de-datos-de-emails","47":"product_tag-bases-de-datos-de-marketing","48":"product_tag-bases-de-datos-de-telefonos","49":"product_tag-bases-de-datos-email","50":"product_tag-bases-de-datos-email-empresas","51":"product_tag-bases-de-datos-emailing","52":"product_tag-bases-de-datos-numeros-de-telefonos","53":"product_tag-bases-de-datos-telefono","54":"product_tag-bases-de-datos-telefonos-fijos","55":"product_tag-big-corporates-database","56":"product_tag-business-contact-lists","57":"product_tag-business-directory","58":"product_tag-business-email-database","59":"product_tag-business-email-list","60":"product_tag-business-email-lists","61":"product_tag-business-mailing-database","62":"product_tag-business-mailing-lists","63":"product_tag-buy-email-database","64":"product_tag-buy-email-list","65":"product_tag-buy-email-list-database","66":"product_tag-companies-email-address-list","67":"product_tag-company-database","68":"product_tag-correo-de-empresas","69":"product_tag-correos-de-empresas","70":"product_tag-correos-electronicos-de-empresas","71":"product_tag-correos-electronicos-empresas","72":"product_tag-correos-empresariales","73":"product_tag-database","74":"product_tag-e-mail-database","75":"product_tag-email-address-list","76":"product_tag-email-database","77":"product_tag-email-marketing-list","78":"product_tag-gerentes","79":"product_tag-list-of-email-addresses","80":"product_tag-lista-de-correos","81":"product_tag-lista-de-correos-electronicos","82":"product_tag-mail-marketing","83":"product_tag-mailing-database","84":"product_tag-mailing-list","85":"product_tag-marketing","86":"product_tag-marketing-correo-electronico","87":"product_tag-marketing-lists","88":"product_tag-phone","89":"product_tag-phone-database","90":"product_tag-phone-lists","91":"product_tag-phone-number","92":"product_tag-phone-number-list","93":"product_tag-publicidad-por-base-de-datos-correo-electronico","94":"product_tag-tele-marketing-list","96":"first","97":"instock","98":"sale","99":"virtual","100":"purchasable","101":"product-type-simple","102":"entry","103":"content-bg","104":"loop-entry"},"aioseo_notices":[],"_links":{"self":[{"href":"https:\/\/edirectorios.com.mx\/directorios-latinoamerica\/wp-json\/wp\/v2\/product\/35419","targetHints":{"allow":["GET"]}}],"collection":[{"href":"https:\/\/edirectorios.com.mx\/directorios-latinoamerica\/wp-json\/wp\/v2\/product"}],"about":[{"href":"https:\/\/edirectorios.com.mx\/directorios-latinoamerica\/wp-json\/wp\/v2\/types\/product"}],"version-history":[{"count":1,"href":"https:\/\/edirectorios.com.mx\/directorios-latinoamerica\/wp-json\/wp\/v2\/product\/35419\/revisions"}],"predecessor-version":[{"id":35476,"href":"https:\/\/edirectorios.com.mx\/directorios-latinoamerica\/wp-json\/wp\/v2\/product\/35419\/revisions\/35476"}],"wp:featuredmedia":[{"embeddable":true,"href":"https:\/\/edirectorios.com.mx\/directorios-latinoamerica\/wp-json\/wp\/v2\/media\/31043"}],"wp:attachment":[{"href":"https:\/\/edirectorios.com.mx\/directorios-latinoamerica\/wp-json\/wp\/v2\/media?parent=35419"}],"wp:term":[{"taxonomy":"product_brand","embeddable":true,"href":"https:\/\/edirectorios.com.mx\/directorios-latinoamerica\/wp-json\/wp\/v2\/product_brand?post=35419"},{"taxonomy":"product_cat","embeddable":true,"href":"https:\/\/edirectorios.com.mx\/directorios-latinoamerica\/wp-json\/wp\/v2\/product_cat?post=35419"},{"taxonomy":"product_tag","embeddable":true,"href":"https:\/\/edirectorios.com.mx\/directorios-latinoamerica\/wp-json\/wp\/v2\/product_tag?post=35419"},{"taxonomy":"product_brands","embeddable":true,"href":"https:\/\/edirectorios.com.mx\/directorios-latinoamerica\/wp-json\/wp\/v2\/product_brands?post=35419"}],"curies":[{"name":"wp","href":"https:\/\/api.w.org\/{rel}","templated":true}]}}