{"id":35387,"date":"2025-12-12T17:04:26","date_gmt":"2025-12-12T17:04:26","guid":{"rendered":"https:\/\/edirectorios.com.mx\/directorios-latinoamerica\/?post_type=product&#038;p=35387"},"modified":"2025-12-12T17:05:09","modified_gmt":"2025-12-12T17:05:09","slug":"empresas-que-utilicen-transportes-de-carga-vehiculos-utilitarios-flotillas-maquinaria-pesada-por-ejemplo-empresas-industriales-autotransportes-de-carga-mensajeria-y-paqueteria-valores","status":"publish","type":"product","link":"https:\/\/edirectorios.com.mx\/directorios-latinoamerica\/product\/empresas-que-utilicen-transportes-de-carga-vehiculos-utilitarios-flotillas-maquinaria-pesada-por-ejemplo-empresas-industriales-autotransportes-de-carga-mensajeria-y-paqueteria-valores\/","title":{"rendered":"Empresas que utilicen transportes de carga, veh\u00edculos utilitarios, flotillas, maquinaria pesada, (por ejemplo: empresas industriales- autotransportes de carga, mensajer\u00eda y paqueter\u00eda, valores"},"content":{"rendered":"","protected":false},"excerpt":{"rendered":"<p>&nbsp;<\/p>\n<div class=\"row\">\n<div class=\"col-sm\"><strong>C\u00f3digo: <span style=\"color: #ff0000;\">MQHK-O5<\/span><\/strong><\/div>\n<div class=\"col-sm\"><strong>N\u00famero de registros: 2000<\/strong><\/div>\n<\/div>\n<div class=\"row\">\n<div class=\"col-sm \"><strong>Folio: <span style=\"color: #ff0000;\">VI0220B007<\/span><\/strong><\/div>\n<\/div>\n<p><strong>Segmentaci\u00f3n:<\/strong><\/p>\n<div class=\"row\">\n<div class=\"col-sm \">Empresas que utilicen transportes de carga, veh\u00edculos utilitarios, flotillas, maquinaria pesada, (por ejemplo: empresas industriales- autotransportes de carga, mensajer\u00eda y paqueter\u00eda, valores, gr\u00faas, aseguradoras, mudanzas, autonaques y residuos peligrosos, etc. ) que facturen desde 6,000 pesos mensuales a Nivel Nacional.<\/div>\n<\/div>\n<p><strong>Campos Contenidos:<\/strong><\/p>\n<div class=\"row\">\n<div class=\"col-sm \">Empresa \/ Giro \/ Direcci\u00f3n \/ Ciudad \/ Estado \/ Contacto \/ Puesto: Encargado de compras o Encargado de log\u00edstica o Director general\/ Tel\u00e9fono \/ Email \/ P\u00e1gina web*opcional.<\/div>\n<\/div>\n<div class=\"row\">\n<div class=\"col-sm\"><strong>Garant\u00eda: 80%-85%<\/strong>\u00a0<strong>Precio Original:\u00a0<\/strong><del>$863 USD<\/del><strong>Descuento Especial:\u00a0<span style=\"color: #ff0000;\">20<\/span><\/strong><span style=\"color: #ff0000;\"><strong class=\"text-danger\">%<\/strong><\/span><\/div>\n<\/div>\n<div class=\"row\">\n<div class=\"col text-center\"><strong>Total a Pagar:\u00a0<\/strong><span style=\"color: #ff0000;\"><strong class=\"text-danger\">$690 USD<\/strong><\/span><\/div>\n<\/div>\n","protected":false},"featured_media":31013,"template":"","meta":{"_bst_post_transparent":"","_bst_post_title":"","_bst_post_layout":"","_bst_post_sidebar_id":"","_bst_post_content_style":"","_bst_post_vertical_padding":"","_bst_post_feature":"","_bst_post_feature_position":"","_bst_post_header":false,"_bst_post_footer":false},"product_brand":[],"product_cat":[1060],"product_tag":[1062,1182,1424,1063,1064,1067,1068,1069,1211,1307,1071,1072,1074,1075,1076,1077,1078,1079,1155,1080,1176,1177,1081,1082,1157,1083,1084,1085,1158,1086,1159,1339,1088,1089,1090,1224,1092,1093,1304,1097,1098,1099,1100,1101,1102,1104,1226,1165,1105,1228,1106,1107,1229,1111,1114,1116,1117,1118,1119,1167,1170,1254,1133,1135,1136,1137,1138,1139,1140,1142,1144,1145,1206,1172,1173,1174,1175,1146,1149],"product_brands":[],"class_list":{"0":"post-35387","1":"product","2":"type-product","3":"status-publish","4":"has-post-thumbnail","6":"product_cat-empresas-en-mexico","7":"product_tag-b2c-email-database","8":"product_tag-base-de-datos","9":"product_tag-base-de-datos-autotransporte","10":"product_tag-base-de-datos-campana-de-email-marketing","11":"product_tag-base-de-datos-campanas-de-email-marketing","12":"product_tag-base-de-datos-correo-masivo","13":"product_tag-base-de-datos-correo-masivos","14":"product_tag-base-de-datos-de-director-general","15":"product_tag-base-de-datos-de-empresas-b2b","16":"product_tag-base-de-datos-de-transporte-de-carga","17":"product_tag-base-de-datos-direct-e-mail-marketing","18":"product_tag-base-de-datos-director","19":"product_tag-base-de-datos-email-marketer","20":"product_tag-base-de-datos-email-marketing","21":"product_tag-base-de-datos-email-masivos","22":"product_tag-base-de-datos-email-publicidad","23":"product_tag-base-de-datos-email-publicitario","24":"product_tag-base-de-datos-emailing","25":"product_tag-base-de-datos-empresas","26":"product_tag-base-de-datos-empresas-de-email-marketing","27":"product_tag-base-de-datos-encargados","28":"product_tag-base-de-datos-encargados-de-compras","29":"product_tag-base-de-datos-enviar-email-masivo","30":"product_tag-base-de-datos-envio-de-email-masivo","31":"product_tag-base-de-datos-envio-masivo","32":"product_tag-base-de-datos-envio-masivo-correo","33":"product_tag-base-de-datos-envio-masivo-correos","34":"product_tag-base-de-datos-envio-masivo-de-emails","35":"product_tag-base-de-datos-envio-masivos","36":"product_tag-base-de-datos-envios-de-correo-masivos","37":"product_tag-base-de-datos-envios-masivos","38":"product_tag-base-de-datos-logistica","39":"product_tag-base-de-datos-marketing","40":"product_tag-base-de-datos-marketing-por-e-mail","41":"product_tag-base-de-datos-marketing-por-email","42":"product_tag-base-de-datos-nivel-nacional","43":"product_tag-base-de-datos-para-marketing","44":"product_tag-base-de-datos-publicidad-por-email","45":"product_tag-base-de-datos-transporte","46":"product_tag-bases-de-datos-correos","47":"product_tag-bases-de-datos-correos-electronicos","48":"product_tag-bases-de-datos-de-emails","49":"product_tag-bases-de-datos-de-marketing","50":"product_tag-bases-de-datos-de-telefonos","51":"product_tag-bases-de-datos-email","52":"product_tag-bases-de-datos-emailing","53":"product_tag-bases-de-datos-emails","54":"product_tag-bases-de-datos-mailing","55":"product_tag-bases-de-datos-numeros-de-telefonos","56":"product_tag-bases-de-datos-para-ventas","57":"product_tag-bases-de-datos-telefono","58":"product_tag-bases-de-datos-telefonos-fijos","59":"product_tag-big-corporates-database","60":"product_tag-business-email-database","61":"product_tag-business-mailing-database","62":"product_tag-buy-email-database","63":"product_tag-buy-email-list","64":"product_tag-buy-email-list-database","65":"product_tag-company-database","66":"product_tag-company-email-address-list","67":"product_tag-database","68":"product_tag-databases","69":"product_tag-email-address-list","70":"product_tag-email-lists","71":"product_tag-email-marketing-list","72":"product_tag-list-of-email-addresses","73":"product_tag-lista-de-correos","74":"product_tag-lista-de-correos-electronicos","75":"product_tag-mail-marketing","76":"product_tag-mailing-list","77":"product_tag-marketing-correo-electronico","78":"product_tag-marketing-lists","79":"product_tag-phone","80":"product_tag-phone-database","81":"product_tag-phone-lists","82":"product_tag-phone-number","83":"product_tag-phone-number-list","84":"product_tag-publicidad-por-base-de-datos-correo-electronico","85":"product_tag-telefono","87":"first","88":"instock","89":"sale","90":"virtual","91":"purchasable","92":"product-type-simple","93":"entry","94":"content-bg","95":"loop-entry"},"aioseo_notices":[],"_links":{"self":[{"href":"https:\/\/edirectorios.com.mx\/directorios-latinoamerica\/wp-json\/wp\/v2\/product\/35387","targetHints":{"allow":["GET"]}}],"collection":[{"href":"https:\/\/edirectorios.com.mx\/directorios-latinoamerica\/wp-json\/wp\/v2\/product"}],"about":[{"href":"https:\/\/edirectorios.com.mx\/directorios-latinoamerica\/wp-json\/wp\/v2\/types\/product"}],"version-history":[{"count":1,"href":"https:\/\/edirectorios.com.mx\/directorios-latinoamerica\/wp-json\/wp\/v2\/product\/35387\/revisions"}],"predecessor-version":[{"id":35432,"href":"https:\/\/edirectorios.com.mx\/directorios-latinoamerica\/wp-json\/wp\/v2\/product\/35387\/revisions\/35432"}],"wp:featuredmedia":[{"embeddable":true,"href":"https:\/\/edirectorios.com.mx\/directorios-latinoamerica\/wp-json\/wp\/v2\/media\/31013"}],"wp:attachment":[{"href":"https:\/\/edirectorios.com.mx\/directorios-latinoamerica\/wp-json\/wp\/v2\/media?parent=35387"}],"wp:term":[{"taxonomy":"product_brand","embeddable":true,"href":"https:\/\/edirectorios.com.mx\/directorios-latinoamerica\/wp-json\/wp\/v2\/product_brand?post=35387"},{"taxonomy":"product_cat","embeddable":true,"href":"https:\/\/edirectorios.com.mx\/directorios-latinoamerica\/wp-json\/wp\/v2\/product_cat?post=35387"},{"taxonomy":"product_tag","embeddable":true,"href":"https:\/\/edirectorios.com.mx\/directorios-latinoamerica\/wp-json\/wp\/v2\/product_tag?post=35387"},{"taxonomy":"product_brands","embeddable":true,"href":"https:\/\/edirectorios.com.mx\/directorios-latinoamerica\/wp-json\/wp\/v2\/product_brands?post=35387"}],"curies":[{"name":"wp","href":"https:\/\/api.w.org\/{rel}","templated":true}]}}