{"id":35329,"date":"2025-12-12T17:03:37","date_gmt":"2025-12-12T17:03:37","guid":{"rendered":"https:\/\/edirectorios.com.mx\/directorios-latinoamerica\/?post_type=product&#038;p=35329"},"modified":"2025-12-12T17:04:18","modified_gmt":"2025-12-12T17:04:18","slug":"personas-fisicas-que-tengan-de-30-a-60-anos-de-edad-economicamente-activas-que-sean-tarjetahabientes-en-monterrey-y-area-metropolitana","status":"publish","type":"product","link":"https:\/\/edirectorios.com.mx\/directorios-latinoamerica\/product\/personas-fisicas-que-tengan-de-30-a-60-anos-de-edad-economicamente-activas-que-sean-tarjetahabientes-en-monterrey-y-area-metropolitana\/","title":{"rendered":"Personas f\u00edsicas, que tengan de 30 a 60 a\u00f1os de edad, econ\u00f3micamente activas que sean tarjetahabientes en Monterrey y \u00c1rea Metropolitana"},"content":{"rendered":"","protected":false},"excerpt":{"rendered":"<p>&nbsp;<\/p>\n<div class=\"row\">\n<div class=\"col-sm\"><strong>C\u00f3digo:<\/strong>\u00a0<strong class=\"text-danger\">KPDI-R3<\/strong><\/div>\n<div class=\"col-sm\"><strong>N\u00famero de registros: <\/strong>1,000<\/div>\n<\/div>\n<div class=\"row\">\n<div class=\"col-sm \"><strong>Folio: <\/strong><span class=\"text-danger\">JC1019MB065<\/span><\/div>\n<\/div>\n<p><strong>Segmentaci\u00f3n:<\/strong><\/p>\n<div class=\"row\">\n<div class=\"col-sm \"><span class=\"text-justify\">Personas f\u00edsicas, que tengan de 30 a 60 a\u00f1os de edad, econ\u00f3micamente activas que sean tarjetahabientes en Monterrey y \u00c1rea Metropolitana y ciudades circunvecinas.<\/span><\/div>\n<\/div>\n<p><strong>Campos Contenidos:<\/strong><\/p>\n<div class=\"row\">\n<div class=\"col-sm \"><span class=\"text-justify\">Nombre \/ Direcci\u00f3n \/ Ciudad \/ Estado \/ Tel\u00e9fono \/ Email.<\/span><\/div>\n<\/div>\n<div class=\"row\">\n<div class=\"col-sm\"><strong>Garant\u00eda:\u00a0<\/strong>80%-85%\u00a0<strong>Precio Original:\u00a0<\/strong><del>$311 USD<\/del>\u00a0<strong>Descuento Especial:\u00a0<\/strong><strong class=\"text-danger\">20%<\/strong><\/div>\n<\/div>\n<div class=\"row\">\n<div class=\"col text-center\"><strong>Total a Pagar:\u00a0<\/strong><strong class=\"text-danger\">$249 USD<\/strong><\/div>\n<\/div>\n","protected":false},"featured_media":31224,"template":"","meta":{"_bst_post_transparent":"","_bst_post_title":"","_bst_post_layout":"","_bst_post_sidebar_id":"","_bst_post_content_style":"","_bst_post_vertical_padding":"","_bst_post_feature":"","_bst_post_feature_position":"","_bst_post_header":false,"_bst_post_footer":false},"product_brand":[],"product_cat":[1180],"product_tag":[1062,1182,1063,1064,1067,1068,1187,1071,1074,1075,1076,1077,1078,1079,1081,1082,1157,1083,1084,1085,1158,1086,1159,1088,1089,1090,1312,1092,1093,1096,1097,1098,1099,1100,1101,1102,1104,1226,1165,1105,1228,1106,1107,1190,1116,1117,1118,1191,1192,1193,1194,1195,1196,1197,1198,1199,1200,1170,1314,1133,1135,1136,1137,1138,1139,1140,1142,1144,1145,1206,1172,1173,1174,1175,1146,1149],"product_brands":[],"class_list":{"0":"post-35329","1":"product","2":"type-product","3":"status-publish","4":"has-post-thumbnail","6":"product_cat-personas-en-mexico","7":"product_tag-b2c-email-database","8":"product_tag-base-de-datos","9":"product_tag-base-de-datos-campana-de-email-marketing","10":"product_tag-base-de-datos-campanas-de-email-marketing","11":"product_tag-base-de-datos-correo-masivo","12":"product_tag-base-de-datos-correo-masivos","13":"product_tag-base-de-datos-de-tarjetahabientes","14":"product_tag-base-de-datos-direct-e-mail-marketing","15":"product_tag-base-de-datos-email-marketer","16":"product_tag-base-de-datos-email-marketing","17":"product_tag-base-de-datos-email-masivos","18":"product_tag-base-de-datos-email-publicidad","19":"product_tag-base-de-datos-email-publicitario","20":"product_tag-base-de-datos-emailing","21":"product_tag-base-de-datos-enviar-email-masivo","22":"product_tag-base-de-datos-envio-de-email-masivo","23":"product_tag-base-de-datos-envio-masivo","24":"product_tag-base-de-datos-envio-masivo-correo","25":"product_tag-base-de-datos-envio-masivo-correos","26":"product_tag-base-de-datos-envio-masivo-de-emails","27":"product_tag-base-de-datos-envio-masivos","28":"product_tag-base-de-datos-envios-de-correo-masivos","29":"product_tag-base-de-datos-envios-masivos","30":"product_tag-base-de-datos-marketing","31":"product_tag-base-de-datos-marketing-por-e-mail","32":"product_tag-base-de-datos-marketing-por-email","33":"product_tag-base-de-datos-monterrey","34":"product_tag-base-de-datos-para-marketing","35":"product_tag-base-de-datos-publicidad-por-email","36":"product_tag-base-de-datos-zona-metropolitana","37":"product_tag-bases-de-datos-correos","38":"product_tag-bases-de-datos-correos-electronicos","39":"product_tag-bases-de-datos-de-emails","40":"product_tag-bases-de-datos-de-marketing","41":"product_tag-bases-de-datos-de-telefonos","42":"product_tag-bases-de-datos-email","43":"product_tag-bases-de-datos-emailing","44":"product_tag-bases-de-datos-emails","45":"product_tag-bases-de-datos-mailing","46":"product_tag-bases-de-datos-numeros-de-telefonos","47":"product_tag-bases-de-datos-para-ventas","48":"product_tag-bases-de-datos-telefono","49":"product_tag-bases-de-datos-telefonos-fijos","50":"product_tag-big-consumer-database","51":"product_tag-buy-email-database","52":"product_tag-buy-email-list","53":"product_tag-buy-email-list-database","54":"product_tag-consumer-contact-lists","55":"product_tag-consumer-database","56":"product_tag-consumer-directory","57":"product_tag-consumer-email-database","58":"product_tag-consumer-email-list","59":"product_tag-consumer-email-lists","60":"product_tag-consumer-list","61":"product_tag-consumer-mailing-database","62":"product_tag-consumer-mailing-list","63":"product_tag-consumer-mailing-lists","64":"product_tag-database","65":"product_tag-directorios-monterrey","66":"product_tag-email-address-list","67":"product_tag-email-lists","68":"product_tag-email-marketing-list","69":"product_tag-list-of-email-addresses","70":"product_tag-lista-de-correos","71":"product_tag-lista-de-correos-electronicos","72":"product_tag-mail-marketing","73":"product_tag-mailing-list","74":"product_tag-marketing-correo-electronico","75":"product_tag-marketing-lists","76":"product_tag-phone","77":"product_tag-phone-database","78":"product_tag-phone-lists","79":"product_tag-phone-number","80":"product_tag-phone-number-list","81":"product_tag-publicidad-por-base-de-datos-correo-electronico","82":"product_tag-telefono","84":"first","85":"instock","86":"sale","87":"virtual","88":"purchasable","89":"product-type-simple","90":"entry","91":"content-bg","92":"loop-entry"},"aioseo_notices":[],"_links":{"self":[{"href":"https:\/\/edirectorios.com.mx\/directorios-latinoamerica\/wp-json\/wp\/v2\/product\/35329","targetHints":{"allow":["GET"]}}],"collection":[{"href":"https:\/\/edirectorios.com.mx\/directorios-latinoamerica\/wp-json\/wp\/v2\/product"}],"about":[{"href":"https:\/\/edirectorios.com.mx\/directorios-latinoamerica\/wp-json\/wp\/v2\/types\/product"}],"version-history":[{"count":1,"href":"https:\/\/edirectorios.com.mx\/directorios-latinoamerica\/wp-json\/wp\/v2\/product\/35329\/revisions"}],"predecessor-version":[{"id":35373,"href":"https:\/\/edirectorios.com.mx\/directorios-latinoamerica\/wp-json\/wp\/v2\/product\/35329\/revisions\/35373"}],"wp:featuredmedia":[{"embeddable":true,"href":"https:\/\/edirectorios.com.mx\/directorios-latinoamerica\/wp-json\/wp\/v2\/media\/31224"}],"wp:attachment":[{"href":"https:\/\/edirectorios.com.mx\/directorios-latinoamerica\/wp-json\/wp\/v2\/media?parent=35329"}],"wp:term":[{"taxonomy":"product_brand","embeddable":true,"href":"https:\/\/edirectorios.com.mx\/directorios-latinoamerica\/wp-json\/wp\/v2\/product_brand?post=35329"},{"taxonomy":"product_cat","embeddable":true,"href":"https:\/\/edirectorios.com.mx\/directorios-latinoamerica\/wp-json\/wp\/v2\/product_cat?post=35329"},{"taxonomy":"product_tag","embeddable":true,"href":"https:\/\/edirectorios.com.mx\/directorios-latinoamerica\/wp-json\/wp\/v2\/product_tag?post=35329"},{"taxonomy":"product_brands","embeddable":true,"href":"https:\/\/edirectorios.com.mx\/directorios-latinoamerica\/wp-json\/wp\/v2\/product_brands?post=35329"}],"curies":[{"name":"wp","href":"https:\/\/api.w.org\/{rel}","templated":true}]}}