{"id":35295,"date":"2025-12-12T17:03:11","date_gmt":"2025-12-12T17:03:11","guid":{"rendered":"https:\/\/edirectorios.com.mx\/directorios-latinoamerica\/?post_type=product&#038;p=35295"},"modified":"2025-12-12T17:03:45","modified_gmt":"2025-12-12T17:03:45","slug":"hoteles-800-empresas-transportistas-100-empresas-y-mineria-100-empresas-a-nivel-nacional-hoteles-y-mineria-y-estado-de-nuevo-leon-transportistas","status":"publish","type":"product","link":"https:\/\/edirectorios.com.mx\/directorios-latinoamerica\/product\/hoteles-800-empresas-transportistas-100-empresas-y-mineria-100-empresas-a-nivel-nacional-hoteles-y-mineria-y-estado-de-nuevo-leon-transportistas\/","title":{"rendered":"Hoteles (800 empresas), transportistas (100 empresas) y miner\u00eda (100 empresas) a Nivel Nacional (Hoteles y miner\u00eda) y Estado de Nuevo Le\u00f3n (Transportistas)."},"content":{"rendered":"","protected":false},"excerpt":{"rendered":"<p>&nbsp;<\/p>\n<div class=\"row\">\n<div class=\"col-sm\"><strong>C\u00f3digo:<span style=\"color: #ff0000;\">MBSJ-O9<\/span><\/strong><\/div>\n<div class=\"col-sm\"><strong>N\u00famero de registros: 1000<\/strong><\/div>\n<\/div>\n<div class=\"row\">\n<div class=\"col-sm \"><strong>Folio: <span style=\"color: #ff0000;\">LR0919B053<\/span><\/strong><\/div>\n<\/div>\n<p><strong>Segmentaci\u00f3n:<\/strong><\/p>\n<div class=\"row\">\n<div class=\"col-sm \">Hoteles (800 empresas), transportistas (100 empresas) y miner\u00eda (100 empresas) a Nivel Nacional (Hoteles y miner\u00eda) y Estado de Nuevo Le\u00f3n (Transportistas).<\/div>\n<\/div>\n<p><strong>Campos Contenidos:<\/strong><\/p>\n<div class=\"row\">\n<div class=\"col-sm \">Empresa \/ Giro \/ Direcci\u00f3n \/ Ciudad \/ Estado \/ Contacto \/ Puesto: jefe o gerente o director de compras \/ Tel\u00e9fono \/ Email \/ P\u00e1gina web*opcional.<\/div>\n<\/div>\n<div class=\"row\">\n<div class=\"col-sm\"><strong>Garant\u00eda: 80%-85%<\/strong>\u00a0<strong>Precio Original:\u00a0<\/strong><del>$469 USD<\/del><strong>Descuento Especial:<span style=\"color: #ff0000;\">\u00a020<\/span><\/strong><span style=\"color: #ff0000;\"><strong class=\"text-danger\">%<\/strong><\/span><\/div>\n<\/div>\n<div class=\"row\">\n<div class=\"col text-center\"><strong>Total a Pagar:\u00a0<\/strong><span style=\"color: #ff0000;\"><strong class=\"text-danger\">$375 USD<\/strong><\/span><\/div>\n<\/div>\n","protected":false},"featured_media":31008,"template":"","meta":{"_bst_post_transparent":"","_bst_post_title":"","_bst_post_layout":"","_bst_post_sidebar_id":"","_bst_post_content_style":"","_bst_post_vertical_padding":"","_bst_post_feature":"","_bst_post_feature_position":"","_bst_post_header":false,"_bst_post_footer":false},"product_brand":[],"product_cat":[1060,1221],"product_tag":[1062,1063,1064,1222,1067,1068,1418,1071,1072,1073,1074,1075,1076,1077,1078,1079,1155,1080,1177,1081,1082,1083,1084,1085,1086,1160,1223,1088,1089,1090,1224,1188,1092,1225,1093,1304,1097,1098,1099,1100,1101,1102,1103,1104,1226,1227,1165,1105,1228,1106,1107,1229,1110,1111,1112,1113,1114,1115,1116,1117,1118,1166,1119,1167,1120,1121,1122,1123,1124,1170,1125,1126,1127,1128,1129,1130,1131,1132,1133,1134,1135,1136,1171,1220,1137,1138,1139,1140,1142,1143,1144,1145,1230,1205,1206,1172,1173,1174,1175,1146,1148,1149,1231,1232],"product_brands":[],"class_list":{"0":"post-35295","1":"product","2":"type-product","3":"status-publish","4":"has-post-thumbnail","6":"product_cat-empresas-en-mexico","7":"product_cat-hoteles","8":"product_tag-b2c-email-database","9":"product_tag-base-de-datos-campana-de-email-marketing","10":"product_tag-base-de-datos-campanas-de-email-marketing","11":"product_tag-base-de-datos-compras","12":"product_tag-base-de-datos-correo-masivo","13":"product_tag-base-de-datos-correo-masivos","14":"product_tag-base-de-datos-de-mineria","15":"product_tag-base-de-datos-direct-e-mail-marketing","16":"product_tag-base-de-datos-director","17":"product_tag-base-de-datos-e-mail-marketing","18":"product_tag-base-de-datos-email-marketer","19":"product_tag-base-de-datos-email-marketing","20":"product_tag-base-de-datos-email-masivos","21":"product_tag-base-de-datos-email-publicidad","22":"product_tag-base-de-datos-email-publicitario","23":"product_tag-base-de-datos-emailing","24":"product_tag-base-de-datos-empresas","25":"product_tag-base-de-datos-empresas-de-email-marketing","26":"product_tag-base-de-datos-encargados-de-compras","27":"product_tag-base-de-datos-enviar-email-masivo","28":"product_tag-base-de-datos-envio-de-email-masivo","29":"product_tag-base-de-datos-envio-masivo-correo","30":"product_tag-base-de-datos-envio-masivo-correos","31":"product_tag-base-de-datos-envio-masivo-de-emails","32":"product_tag-base-de-datos-envios-de-correo-masivos","33":"product_tag-base-de-datos-gerente","34":"product_tag-base-de-datos-hoteles","35":"product_tag-base-de-datos-marketing","36":"product_tag-base-de-datos-marketing-por-e-mail","37":"product_tag-base-de-datos-marketing-por-email","38":"product_tag-base-de-datos-nivel-nacional","39":"product_tag-base-de-datos-nuevo-leon","40":"product_tag-base-de-datos-para-marketing","41":"product_tag-base-de-datos-para-ventas","42":"product_tag-base-de-datos-publicidad-por-email","43":"product_tag-base-de-datos-transporte","44":"product_tag-bases-de-datos-correos","45":"product_tag-bases-de-datos-correos-electronicos","46":"product_tag-bases-de-datos-de-emails","47":"product_tag-bases-de-datos-de-marketing","48":"product_tag-bases-de-datos-de-telefonos","49":"product_tag-bases-de-datos-email","50":"product_tag-bases-de-datos-email-empresas","51":"product_tag-bases-de-datos-emailing","52":"product_tag-bases-de-datos-emails","53":"product_tag-bases-de-datos-empresariales","54":"product_tag-bases-de-datos-mailing","55":"product_tag-bases-de-datos-numeros-de-telefonos","56":"product_tag-bases-de-datos-para-ventas","57":"product_tag-bases-de-datos-telefono","58":"product_tag-bases-de-datos-telefonos-fijos","59":"product_tag-big-corporates-database","60":"product_tag-business-directory","61":"product_tag-business-email-database","62":"product_tag-business-email-list","63":"product_tag-business-email-lists","64":"product_tag-business-mailing-database","65":"product_tag-business-mailing-lists","66":"product_tag-buy-email-database","67":"product_tag-buy-email-list","68":"product_tag-buy-email-list-database","69":"product_tag-companies-email-address-list","70":"product_tag-company-database","71":"product_tag-company-email-address-list","72":"product_tag-correo-de-empresas","73":"product_tag-correos-de-empresas","74":"product_tag-correos-electronicos-de-empresas","75":"product_tag-correos-electronicos-empresas","76":"product_tag-correos-empresariales","77":"product_tag-database","78":"product_tag-director","79":"product_tag-directorio-emailing","80":"product_tag-directorio-empresarial","81":"product_tag-directorio-empresariales","82":"product_tag-directorio-empresas","83":"product_tag-directorios-de-empresas","84":"product_tag-directorios-empresas","85":"product_tag-e-mail-database","86":"product_tag-email-address-list","87":"product_tag-email-database","88":"product_tag-email-lists","89":"product_tag-email-marketing-list","90":"product_tag-email-marketing-mexico","91":"product_tag-gerentes","92":"product_tag-list-of-email-addresses","93":"product_tag-lista-de-correos","94":"product_tag-lista-de-correos-electronicos","95":"product_tag-mail-marketing","96":"product_tag-mailing-list","97":"product_tag-marketing","98":"product_tag-marketing-correo-electronico","99":"product_tag-marketing-lists","100":"product_tag-national-database","101":"product_tag-nuevo-leon-database","102":"product_tag-phone","103":"product_tag-phone-database","104":"product_tag-phone-lists","105":"product_tag-phone-number","106":"product_tag-phone-number-list","107":"product_tag-publicidad-por-base-de-datos-correo-electronico","108":"product_tag-tele-marketing-list","109":"product_tag-telefono","110":"product_tag-venta-base-de-datos","111":"product_tag-venta-de-base-de-datos-de-empresas","113":"first","114":"instock","115":"sale","116":"shipping-taxable","117":"purchasable","118":"product-type-simple","119":"entry","120":"content-bg","121":"loop-entry"},"aioseo_notices":[],"_links":{"self":[{"href":"https:\/\/edirectorios.com.mx\/directorios-latinoamerica\/wp-json\/wp\/v2\/product\/35295","targetHints":{"allow":["GET"]}}],"collection":[{"href":"https:\/\/edirectorios.com.mx\/directorios-latinoamerica\/wp-json\/wp\/v2\/product"}],"about":[{"href":"https:\/\/edirectorios.com.mx\/directorios-latinoamerica\/wp-json\/wp\/v2\/types\/product"}],"version-history":[{"count":1,"href":"https:\/\/edirectorios.com.mx\/directorios-latinoamerica\/wp-json\/wp\/v2\/product\/35295\/revisions"}],"predecessor-version":[{"id":35340,"href":"https:\/\/edirectorios.com.mx\/directorios-latinoamerica\/wp-json\/wp\/v2\/product\/35295\/revisions\/35340"}],"wp:featuredmedia":[{"embeddable":true,"href":"https:\/\/edirectorios.com.mx\/directorios-latinoamerica\/wp-json\/wp\/v2\/media\/31008"}],"wp:attachment":[{"href":"https:\/\/edirectorios.com.mx\/directorios-latinoamerica\/wp-json\/wp\/v2\/media?parent=35295"}],"wp:term":[{"taxonomy":"product_brand","embeddable":true,"href":"https:\/\/edirectorios.com.mx\/directorios-latinoamerica\/wp-json\/wp\/v2\/product_brand?post=35295"},{"taxonomy":"product_cat","embeddable":true,"href":"https:\/\/edirectorios.com.mx\/directorios-latinoamerica\/wp-json\/wp\/v2\/product_cat?post=35295"},{"taxonomy":"product_tag","embeddable":true,"href":"https:\/\/edirectorios.com.mx\/directorios-latinoamerica\/wp-json\/wp\/v2\/product_tag?post=35295"},{"taxonomy":"product_brands","embeddable":true,"href":"https:\/\/edirectorios.com.mx\/directorios-latinoamerica\/wp-json\/wp\/v2\/product_brands?post=35295"}],"curies":[{"name":"wp","href":"https:\/\/api.w.org\/{rel}","templated":true}]}}