{"id":35290,"date":"2025-12-12T17:03:10","date_gmt":"2025-12-12T17:03:10","guid":{"rendered":"https:\/\/edirectorios.com.mx\/directorios-latinoamerica\/?post_type=product&#038;p=35290"},"modified":"2025-12-12T17:03:38","modified_gmt":"2025-12-12T17:03:38","slug":"personas-fisicas-mayores-de-30-anos-de-edad-en-ensenada-baja-california","status":"publish","type":"product","link":"https:\/\/edirectorios.com.mx\/directorios-latinoamerica\/product\/personas-fisicas-mayores-de-30-anos-de-edad-en-ensenada-baja-california\/","title":{"rendered":"Personas f\u00edsicas, mayores de 30 a\u00f1os de edad, en  Ensenada, Baja California."},"content":{"rendered":"","protected":false},"excerpt":{"rendered":"<div class=\"quick-desc\">\n<div class=\"row\">\n<div class=\"col-sm\"><strong>C\u00f3digo:<\/strong> <strong class=\"text-danger\">GFHB-C0<\/strong><\/div>\n<div class=\"col-sm\"><strong>N\u00famero de registros:\u00a0<\/strong>250<\/div>\n<\/div>\n<div class=\"row\">\n<div class=\"col-sm \"><strong>Folio: <\/strong><span class=\"text-danger\">FG1118B013<\/span><\/div>\n<\/div>\n<p><strong>Segmentaci\u00f3n:<\/strong><\/p>\n<div class=\"row\">\n<div class=\"col-sm \">Personas f\u00edsicas, mayores de 30 a\u00f1os de edad, econ\u00f3micamente activas que sean tarjetahabientes en los c\u00f3digos postales: 22860 , 22870 , 22760, 22879 de Ensenada, Baja California.<\/div>\n<\/div>\n<p><strong>Campos Contenidos:<\/strong><\/p>\n<div class=\"row\">\n<div class=\"col-sm \">Nombre \/ Direcci\u00f3n \/ C.P \/ Tel\u00e9fono (personas no empresas).<\/div>\n<\/div>\n<div class=\"row\">\n<div class=\"col-sm\"><strong>Garant\u00eda:\u00a0<\/strong>75%-85%\u00a0<strong>Precio Original:<del>\u00a0<\/del><\/strong><del>$128 USD<\/del>\u00a0<strong>Descuento Especial:\u00a0<\/strong><strong class=\"text-danger\">25%<\/strong><\/div>\n<\/div>\n<div class=\"row\">\n<div class=\"col text-center\"><strong>Total a Pagar:\u00a0<\/strong><strong class=\"text-danger\">$96 USD<\/strong><\/div>\n<\/div>\n<\/div>\n<div class=\"social-sharing\">\n<div class=\"widget widget_socialsharing_widget\"><\/div>\n<\/div>\n","protected":false},"featured_media":31224,"template":"","meta":{"_bst_post_transparent":"","_bst_post_title":"","_bst_post_layout":"","_bst_post_sidebar_id":"","_bst_post_content_style":"","_bst_post_vertical_padding":"","_bst_post_feature":"","_bst_post_feature_position":"","_bst_post_header":false,"_bst_post_footer":false},"product_brand":[],"product_cat":[1180],"product_tag":[1183,1186,1187,1101,1105,1106,1107,1206,1172,1173,1174,1175,1149],"product_brands":[],"class_list":{"0":"post-35290","1":"product","2":"type-product","3":"status-publish","4":"has-post-thumbnail","6":"product_cat-personas-en-mexico","7":"product_tag-base-de-datos-baja-california","8":"product_tag-base-de-datos-de-personas-fisicas","9":"product_tag-base-de-datos-de-tarjetahabientes","10":"product_tag-bases-de-datos-de-telefonos","11":"product_tag-bases-de-datos-numeros-de-telefonos","12":"product_tag-bases-de-datos-telefono","13":"product_tag-bases-de-datos-telefonos-fijos","14":"product_tag-phone","15":"product_tag-phone-database","16":"product_tag-phone-lists","17":"product_tag-phone-number","18":"product_tag-phone-number-list","19":"product_tag-telefono","21":"first","22":"instock","23":"sale","24":"virtual","25":"purchasable","26":"product-type-simple","27":"entry","28":"content-bg","29":"loop-entry"},"aioseo_notices":[],"_links":{"self":[{"href":"https:\/\/edirectorios.com.mx\/directorios-latinoamerica\/wp-json\/wp\/v2\/product\/35290","targetHints":{"allow":["GET"]}}],"collection":[{"href":"https:\/\/edirectorios.com.mx\/directorios-latinoamerica\/wp-json\/wp\/v2\/product"}],"about":[{"href":"https:\/\/edirectorios.com.mx\/directorios-latinoamerica\/wp-json\/wp\/v2\/types\/product"}],"version-history":[{"count":1,"href":"https:\/\/edirectorios.com.mx\/directorios-latinoamerica\/wp-json\/wp\/v2\/product\/35290\/revisions"}],"predecessor-version":[{"id":35335,"href":"https:\/\/edirectorios.com.mx\/directorios-latinoamerica\/wp-json\/wp\/v2\/product\/35290\/revisions\/35335"}],"wp:featuredmedia":[{"embeddable":true,"href":"https:\/\/edirectorios.com.mx\/directorios-latinoamerica\/wp-json\/wp\/v2\/media\/31224"}],"wp:attachment":[{"href":"https:\/\/edirectorios.com.mx\/directorios-latinoamerica\/wp-json\/wp\/v2\/media?parent=35290"}],"wp:term":[{"taxonomy":"product_brand","embeddable":true,"href":"https:\/\/edirectorios.com.mx\/directorios-latinoamerica\/wp-json\/wp\/v2\/product_brand?post=35290"},{"taxonomy":"product_cat","embeddable":true,"href":"https:\/\/edirectorios.com.mx\/directorios-latinoamerica\/wp-json\/wp\/v2\/product_cat?post=35290"},{"taxonomy":"product_tag","embeddable":true,"href":"https:\/\/edirectorios.com.mx\/directorios-latinoamerica\/wp-json\/wp\/v2\/product_tag?post=35290"},{"taxonomy":"product_brands","embeddable":true,"href":"https:\/\/edirectorios.com.mx\/directorios-latinoamerica\/wp-json\/wp\/v2\/product_brands?post=35290"}],"curies":[{"name":"wp","href":"https:\/\/api.w.org\/{rel}","templated":true}]}}