{"id":35236,"date":"2025-12-12T17:02:23","date_gmt":"2025-12-12T17:02:23","guid":{"rendered":"https:\/\/edirectorios.com.mx\/directorios-latinoamerica\/?post_type=product&#038;p=35236"},"modified":"2025-12-12T17:02:57","modified_gmt":"2025-12-12T17:02:57","slug":"personas-fisicas-mayores-de-30-anos-con-ingresos-aproximados-a-70000-pesos-mensuales-en-baja-california","status":"publish","type":"product","link":"https:\/\/edirectorios.com.mx\/directorios-latinoamerica\/product\/personas-fisicas-mayores-de-30-anos-con-ingresos-aproximados-a-70000-pesos-mensuales-en-baja-california\/","title":{"rendered":"Personas f\u00edsicas, mayores de 30 a\u00f1os con ingresos aproximados a 70,000 pesos mensuales en Baja California."},"content":{"rendered":"","protected":false},"excerpt":{"rendered":"<div class=\"quick-desc\">\n<div class=\"row\">\n<div class=\"col-sm\"><strong>C\u00f3digo:<\/strong> <strong class=\"text-danger\">NFQF-C0<\/strong><\/div>\n<div class=\"col-sm\"><strong>N\u00famero de registros:\u00a0<\/strong>250<\/div>\n<\/div>\n<div class=\"row\">\n<div class=\"col-sm \"><strong>Folio: <\/strong><span class=\"text-danger\">GV0918B026<\/span><\/div>\n<\/div>\n<p><strong>Segmentaci\u00f3n:<\/strong><\/p>\n<div class=\"row\">\n<div class=\"col-sm \">Personas f\u00edsicas, mayores de 30 a\u00f1os, econ\u00f3micamente activas, que sean tarjetahabientes, con ingresos aproximados a 70,000 pesos mensuales en Baja California (con lada 664, 665,661, 646 y 686).<\/div>\n<\/div>\n<p><strong>Campos Contenidos:<\/strong><\/p>\n<div class=\"row\">\n<div class=\"col-sm \">Nombre \/ Tel\u00e9fono (con lada 664, 665,661, 646 y 686).<\/div>\n<\/div>\n<div class=\"row\">\n<div class=\"col-sm\"><strong>Garant\u00eda:\u00a0<\/strong>75%-85%\u00a0<strong>Precio Original:<del>\u00a0<\/del><\/strong><del>$92 USD<\/del>\u00a0<strong>Descuento Especial:\u00a0<\/strong><strong class=\"text-danger\">25%<\/strong><\/div>\n<\/div>\n<div class=\"row\">\n<div class=\"col text-center\"><strong>Total a Pagar:\u00a0<\/strong><strong class=\"text-danger\">$69 USD<\/strong><\/div>\n<\/div>\n<\/div>\n<div class=\"social-sharing\">\n<div class=\"widget widget_socialsharing_widget\"><\/div>\n<\/div>\n","protected":false},"featured_media":31051,"template":"","meta":{"_bst_post_transparent":"","_bst_post_title":"","_bst_post_layout":"","_bst_post_sidebar_id":"","_bst_post_content_style":"","_bst_post_vertical_padding":"","_bst_post_feature":"","_bst_post_feature_position":"","_bst_post_header":false,"_bst_post_footer":false},"product_brand":[],"product_cat":[1286,1180],"product_tag":[1182,1183,1207,1186,1101,1105,1106,1107,1112,1195,1139,1206,1172,1173,1174,1175,1149],"product_brands":[],"class_list":{"0":"post-35236","1":"product","2":"type-product","3":"status-publish","4":"has-post-thumbnail","6":"product_cat-nse-medio-y-alto","7":"product_cat-personas-en-mexico","8":"product_tag-base-de-datos","9":"product_tag-base-de-datos-baja-california","10":"product_tag-base-de-datos-de-nse","11":"product_tag-base-de-datos-de-personas-fisicas","12":"product_tag-bases-de-datos-de-telefonos","13":"product_tag-bases-de-datos-numeros-de-telefonos","14":"product_tag-bases-de-datos-telefono","15":"product_tag-bases-de-datos-telefonos-fijos","16":"product_tag-business-email-list","17":"product_tag-consumer-email-list","18":"product_tag-lista-de-correos-electronicos","19":"product_tag-phone","20":"product_tag-phone-database","21":"product_tag-phone-lists","22":"product_tag-phone-number","23":"product_tag-phone-number-list","24":"product_tag-telefono","26":"first","27":"instock","28":"sale","29":"virtual","30":"purchasable","31":"product-type-simple","32":"entry","33":"content-bg","34":"loop-entry"},"aioseo_notices":[],"_links":{"self":[{"href":"https:\/\/edirectorios.com.mx\/directorios-latinoamerica\/wp-json\/wp\/v2\/product\/35236","targetHints":{"allow":["GET"]}}],"collection":[{"href":"https:\/\/edirectorios.com.mx\/directorios-latinoamerica\/wp-json\/wp\/v2\/product"}],"about":[{"href":"https:\/\/edirectorios.com.mx\/directorios-latinoamerica\/wp-json\/wp\/v2\/types\/product"}],"version-history":[{"count":1,"href":"https:\/\/edirectorios.com.mx\/directorios-latinoamerica\/wp-json\/wp\/v2\/product\/35236\/revisions"}],"predecessor-version":[{"id":35280,"href":"https:\/\/edirectorios.com.mx\/directorios-latinoamerica\/wp-json\/wp\/v2\/product\/35236\/revisions\/35280"}],"wp:featuredmedia":[{"embeddable":true,"href":"https:\/\/edirectorios.com.mx\/directorios-latinoamerica\/wp-json\/wp\/v2\/media\/31051"}],"wp:attachment":[{"href":"https:\/\/edirectorios.com.mx\/directorios-latinoamerica\/wp-json\/wp\/v2\/media?parent=35236"}],"wp:term":[{"taxonomy":"product_brand","embeddable":true,"href":"https:\/\/edirectorios.com.mx\/directorios-latinoamerica\/wp-json\/wp\/v2\/product_brand?post=35236"},{"taxonomy":"product_cat","embeddable":true,"href":"https:\/\/edirectorios.com.mx\/directorios-latinoamerica\/wp-json\/wp\/v2\/product_cat?post=35236"},{"taxonomy":"product_tag","embeddable":true,"href":"https:\/\/edirectorios.com.mx\/directorios-latinoamerica\/wp-json\/wp\/v2\/product_tag?post=35236"},{"taxonomy":"product_brands","embeddable":true,"href":"https:\/\/edirectorios.com.mx\/directorios-latinoamerica\/wp-json\/wp\/v2\/product_brands?post=35236"}],"curies":[{"name":"wp","href":"https:\/\/api.w.org\/{rel}","templated":true}]}}