{"id":35216,"date":"2025-12-12T17:01:58","date_gmt":"2025-12-12T17:01:58","guid":{"rendered":"https:\/\/edirectorios.com.mx\/directorios-latinoamerica\/?post_type=product&#038;p=35216"},"modified":"2025-12-12T17:02:50","modified_gmt":"2025-12-12T17:02:50","slug":"empresas-pymes-mipymes-y-financieras-que-tengan-de-51-a-251-empleados-en-ciudad-de-mexico-y-zona-metropolitana","status":"publish","type":"product","link":"https:\/\/edirectorios.com.mx\/directorios-latinoamerica\/product\/empresas-pymes-mipymes-y-financieras-que-tengan-de-51-a-251-empleados-en-ciudad-de-mexico-y-zona-metropolitana\/","title":{"rendered":"Empresas Pymes, Mipymes, y financieras  que tengan de 51 a 251 empleados  en Ciudad de M\u00e9xico y Zona metropolitana."},"content":{"rendered":"","protected":false},"excerpt":{"rendered":"<p>&nbsp;<\/p>\n<div class=\"row\">\n<div class=\"col-sm\"><strong>C\u00f3digo:<\/strong> <strong class=\"text-danger\">HVTV-D1<\/strong><\/div>\n<div class=\"col-sm\"><strong>N\u00famero de registros: <\/strong>250<\/div>\n<\/div>\n<div class=\"row\">\n<div class=\"col-sm \"><strong>Folio: <\/strong><span class=\"text-danger\">LI0420B036<\/span><\/div>\n<\/div>\n<p><strong>Segmentaci\u00f3n:<\/strong><\/p>\n<div class=\"row\">\n<div class=\"col-sm \"><span class=\"text-justify\">Empresas Pymes, Mipymes, y financieras que tengan de 51 a 251 empleados en Ciudad de M\u00e9xico y Zona metropolitana.<\/span><\/div>\n<\/div>\n<p><strong>Campos Contenidos:<\/strong><\/p>\n<div class=\"row\">\n<div class=\"col-sm \"><span class=\"text-justify\">Empresa \/ Giro \/ Direcci\u00f3n \/ Ciudad \/ Estado \/ Contacto \/ Puesto: Director de finanzas o Encargado de administraci\u00f3n o Director de Contralor\u00eda y Contadur\u00eda \/ Tel\u00e9fono \/ Email \/ P\u00e1gina web*opcional.<\/span><\/div>\n<\/div>\n<div class=\"row\">\n<div class=\"col-sm\">\n<p><strong>Garant\u00eda: <\/strong>80%-85%<\/p>\n<p><strong>Precio Original: <\/strong><del>$136 USD<\/del><\/p>\n<p><strong>Descuento Especial: <\/strong><strong class=\"text-danger\">20%<\/strong><\/p>\n<\/div>\n<\/div>\n<div class=\"row\">\n<div class=\"col text-center\"><strong>Total a Pagar: <\/strong><strong class=\"text-danger\">$108 USD<\/strong><\/div>\n<\/div>\n","protected":false},"featured_media":31056,"template":"","meta":{"_bst_post_transparent":"","_bst_post_title":"","_bst_post_layout":"","_bst_post_sidebar_id":"","_bst_post_content_style":"","_bst_post_vertical_padding":"","_bst_post_feature":"","_bst_post_feature_position":"","_bst_post_header":false,"_bst_post_footer":false},"product_brand":[],"product_cat":[1060,1292],"product_tag":[1062,1063,1064,1066,1067,1068,1069,1211,1293,1071,1072,1073,1074,1075,1076,1077,1078,1079,1212,1213,1155,1080,1176,1081,1082,1157,1083,1084,1085,1158,1086,1159,1331,1088,1089,1090,1092,1093,1096,1097,1098,1099,1100,1101,1102,1103,1104,1105,1106,1107,1229,1109,1111,1112,1113,1114,1115,1116,1117,1118,1166,1119,1167,1120,1121,1122,1123,1124,1170,1126,1127,1131,1132,1133,1134,1135,1136,1137,1138,1139,1140,1141,1142,1143,1144,1145,1206,1172,1173,1174,1175,1146,1148,1149],"product_brands":[],"class_list":{"0":"post-35216","1":"product","2":"type-product","3":"status-publish","4":"has-post-thumbnail","6":"product_cat-empresas-en-mexico","7":"product_cat-pymes","8":"product_tag-b2c-email-database","9":"product_tag-base-de-datos-campana-de-email-marketing","10":"product_tag-base-de-datos-campanas-de-email-marketing","11":"product_tag-base-de-datos-ciudad-de-mexico","12":"product_tag-base-de-datos-correo-masivo","13":"product_tag-base-de-datos-correo-masivos","14":"product_tag-base-de-datos-de-director-general","15":"product_tag-base-de-datos-de-empresas-b2b","16":"product_tag-base-de-datos-de-pymes","17":"product_tag-base-de-datos-direct-e-mail-marketing","18":"product_tag-base-de-datos-director","19":"product_tag-base-de-datos-e-mail-marketing","20":"product_tag-base-de-datos-email-marketer","21":"product_tag-base-de-datos-email-marketing","22":"product_tag-base-de-datos-email-masivos","23":"product_tag-base-de-datos-email-publicidad","24":"product_tag-base-de-datos-email-publicitario","25":"product_tag-base-de-datos-emailing","26":"product_tag-base-de-datos-empresa","27":"product_tag-base-de-datos-empresarial","28":"product_tag-base-de-datos-empresas","29":"product_tag-base-de-datos-empresas-de-email-marketing","30":"product_tag-base-de-datos-encargados","31":"product_tag-base-de-datos-enviar-email-masivo","32":"product_tag-base-de-datos-envio-de-email-masivo","33":"product_tag-base-de-datos-envio-masivo","34":"product_tag-base-de-datos-envio-masivo-correo","35":"product_tag-base-de-datos-envio-masivo-correos","36":"product_tag-base-de-datos-envio-masivo-de-emails","37":"product_tag-base-de-datos-envio-masivos","38":"product_tag-base-de-datos-envios-de-correo-masivos","39":"product_tag-base-de-datos-envios-masivos","40":"product_tag-base-de-datos-financieras","41":"product_tag-base-de-datos-marketing","42":"product_tag-base-de-datos-marketing-por-e-mail","43":"product_tag-base-de-datos-marketing-por-email","44":"product_tag-base-de-datos-para-marketing","45":"product_tag-base-de-datos-publicidad-por-email","46":"product_tag-base-de-datos-zona-metropolitana","47":"product_tag-bases-de-datos-correos","48":"product_tag-bases-de-datos-correos-electronicos","49":"product_tag-bases-de-datos-de-emails","50":"product_tag-bases-de-datos-de-marketing","51":"product_tag-bases-de-datos-de-telefonos","52":"product_tag-bases-de-datos-email","53":"product_tag-bases-de-datos-email-empresas","54":"product_tag-bases-de-datos-emailing","55":"product_tag-bases-de-datos-numeros-de-telefonos","56":"product_tag-bases-de-datos-telefono","57":"product_tag-bases-de-datos-telefonos-fijos","58":"product_tag-big-corporates-database","59":"product_tag-business-contact-lists","60":"product_tag-business-email-database","61":"product_tag-business-email-list","62":"product_tag-business-email-lists","63":"product_tag-business-mailing-database","64":"product_tag-business-mailing-lists","65":"product_tag-buy-email-database","66":"product_tag-buy-email-list","67":"product_tag-buy-email-list-database","68":"product_tag-companies-email-address-list","69":"product_tag-company-database","70":"product_tag-company-email-address-list","71":"product_tag-correo-de-empresas","72":"product_tag-correos-de-empresas","73":"product_tag-correos-electronicos-de-empresas","74":"product_tag-correos-electronicos-empresas","75":"product_tag-correos-empresariales","76":"product_tag-database","77":"product_tag-directorio-emailing","78":"product_tag-directorio-empresarial","79":"product_tag-directorios-empresas","80":"product_tag-e-mail-database","81":"product_tag-email-address-list","82":"product_tag-email-database","83":"product_tag-email-lists","84":"product_tag-email-marketing-list","85":"product_tag-list-of-email-addresses","86":"product_tag-lista-de-correos","87":"product_tag-lista-de-correos-electronicos","88":"product_tag-mail-marketing","89":"product_tag-mailing-database","90":"product_tag-mailing-list","91":"product_tag-marketing","92":"product_tag-marketing-correo-electronico","93":"product_tag-marketing-lists","94":"product_tag-phone","95":"product_tag-phone-database","96":"product_tag-phone-lists","97":"product_tag-phone-number","98":"product_tag-phone-number-list","99":"product_tag-publicidad-por-base-de-datos-correo-electronico","100":"product_tag-tele-marketing-list","101":"product_tag-telefono","103":"first","104":"instock","105":"sale","106":"virtual","107":"purchasable","108":"product-type-simple","109":"entry","110":"content-bg","111":"loop-entry"},"aioseo_notices":[],"_links":{"self":[{"href":"https:\/\/edirectorios.com.mx\/directorios-latinoamerica\/wp-json\/wp\/v2\/product\/35216","targetHints":{"allow":["GET"]}}],"collection":[{"href":"https:\/\/edirectorios.com.mx\/directorios-latinoamerica\/wp-json\/wp\/v2\/product"}],"about":[{"href":"https:\/\/edirectorios.com.mx\/directorios-latinoamerica\/wp-json\/wp\/v2\/types\/product"}],"version-history":[{"count":1,"href":"https:\/\/edirectorios.com.mx\/directorios-latinoamerica\/wp-json\/wp\/v2\/product\/35216\/revisions"}],"predecessor-version":[{"id":35274,"href":"https:\/\/edirectorios.com.mx\/directorios-latinoamerica\/wp-json\/wp\/v2\/product\/35216\/revisions\/35274"}],"wp:featuredmedia":[{"embeddable":true,"href":"https:\/\/edirectorios.com.mx\/directorios-latinoamerica\/wp-json\/wp\/v2\/media\/31056"}],"wp:attachment":[{"href":"https:\/\/edirectorios.com.mx\/directorios-latinoamerica\/wp-json\/wp\/v2\/media?parent=35216"}],"wp:term":[{"taxonomy":"product_brand","embeddable":true,"href":"https:\/\/edirectorios.com.mx\/directorios-latinoamerica\/wp-json\/wp\/v2\/product_brand?post=35216"},{"taxonomy":"product_cat","embeddable":true,"href":"https:\/\/edirectorios.com.mx\/directorios-latinoamerica\/wp-json\/wp\/v2\/product_cat?post=35216"},{"taxonomy":"product_tag","embeddable":true,"href":"https:\/\/edirectorios.com.mx\/directorios-latinoamerica\/wp-json\/wp\/v2\/product_tag?post=35216"},{"taxonomy":"product_brands","embeddable":true,"href":"https:\/\/edirectorios.com.mx\/directorios-latinoamerica\/wp-json\/wp\/v2\/product_brands?post=35216"}],"curies":[{"name":"wp","href":"https:\/\/api.w.org\/{rel}","templated":true}]}}