{"id":35177,"date":"2025-12-12T17:01:31","date_gmt":"2025-12-12T17:01:31","guid":{"rendered":"https:\/\/edirectorios.com.mx\/directorios-latinoamerica\/?post_type=product&#038;p=35177"},"modified":"2025-12-12T17:02:06","modified_gmt":"2025-12-12T17:02:06","slug":"empresas-mas-grandes-de-fondos-de-inversion-enfocados-a-bienes-raices-y-family-offices-en-latinoamerica","status":"publish","type":"product","link":"https:\/\/edirectorios.com.mx\/directorios-latinoamerica\/product\/empresas-mas-grandes-de-fondos-de-inversion-enfocados-a-bienes-raices-y-family-offices-en-latinoamerica\/","title":{"rendered":"Empresas m\u00e1s grandes de Fondos de inversi\u00f3n (enfocados a bienes ra\u00edces) y  Family offices en Latinoam\u00e9rica"},"content":{"rendered":"","protected":false},"excerpt":{"rendered":"<p>&nbsp;<\/p>\n<div class=\"row\">\n<div class=\"col-sm\"><strong>C\u00f3digo:<\/strong> <strong class=\"text-danger\">OPSP-N0<\/strong><\/div>\n<div class=\"col-sm\"><strong>N\u00famero de registros: <\/strong>250<\/div>\n<\/div>\n<div class=\"row\">\n<div class=\"col-sm \"><strong>Folio: <\/strong><span class=\"text-danger\">DE0320B012<\/span><\/div>\n<\/div>\n<p><strong>Segmentaci\u00f3n:<\/strong><\/p>\n<div class=\"row\">\n<div class=\"col-sm \"><span class=\"text-justify\">Empresas m\u00e1s grandes de Fondos de inversi\u00f3n (enfocados a bienes ra\u00edces) y Family offices en Latinoam\u00e9rica<\/span><\/div>\n<\/div>\n<p><strong>Campos Contenidos:<\/strong><\/p>\n<div class=\"row\">\n<div class=\"col-sm \"><span class=\"text-justify\">Empresa \/ Giro \/Pa\u00eds \/ Direcci\u00f3n \/ Ciudad \/ Estado \/ Contacto \/ Puesto: Responsable de inversiones \/ Tel\u00e9fono \/ Email \/ P\u00e1gina web*opcional. <\/span><\/div>\n<\/div>\n<div class=\"row\">\n<div class=\"col-sm\">\n<p><strong>Garant\u00eda: <\/strong>80%-85%<\/p>\n<p><strong>Precio Original: <\/strong><del>$209 USD<\/del><\/p>\n<p><strong>Descuento Especial: <\/strong><strong class=\"text-danger\">20%<\/strong><\/p>\n<\/div>\n<\/div>\n<div class=\"row\">\n<div class=\"col text-center\"><strong>Total a Pagar: <\/strong><strong class=\"text-danger\">$167 USD<\/strong><\/div>\n<\/div>\n","protected":false},"featured_media":31094,"template":"","meta":{"_bst_post_transparent":"","_bst_post_title":"","_bst_post_layout":"","_bst_post_sidebar_id":"","_bst_post_content_style":"","_bst_post_vertical_padding":"","_bst_post_feature":"","_bst_post_feature_position":"","_bst_post_header":false,"_bst_post_footer":false},"product_brand":[],"product_cat":[1060,1330],"product_tag":[1062,1236,1063,1064,1067,1068,1211,1071,1074,1075,1076,1077,1078,1079,1212,1213,1155,1080,1241,1242,1081,1082,1083,1084,1085,1086,1331,1088,1089,1090,1092,1093,1097,1098,1099,1100,1101,1102,1103,1104,1105,1106,1107,1229,1109,1110,1111,1112,1113,1114,1115,1116,1117,1118,1166,1119,1167,1120,1121,1122,1123,1124,1170,1332,1249,1132,1133,1134,1135,1136,1252,1137,1138,1139,1140,1141,1142,1143,1144,1145,1172,1173,1174,1175,1146,1148,1149],"product_brands":[],"class_list":{"0":"post-35177","1":"product","2":"type-product","3":"status-publish","4":"has-post-thumbnail","6":"product_cat-empresas-en-mexico","7":"product_cat-financieras","8":"product_tag-b2c-email-database","9":"product_tag-base-de-datos-america-latina","10":"product_tag-base-de-datos-campana-de-email-marketing","11":"product_tag-base-de-datos-campanas-de-email-marketing","12":"product_tag-base-de-datos-correo-masivo","13":"product_tag-base-de-datos-correo-masivos","14":"product_tag-base-de-datos-de-empresas-b2b","15":"product_tag-base-de-datos-direct-e-mail-marketing","16":"product_tag-base-de-datos-email-marketer","17":"product_tag-base-de-datos-email-marketing","18":"product_tag-base-de-datos-email-masivos","19":"product_tag-base-de-datos-email-publicidad","20":"product_tag-base-de-datos-email-publicitario","21":"product_tag-base-de-datos-emailing","22":"product_tag-base-de-datos-empresa","23":"product_tag-base-de-datos-empresarial","24":"product_tag-base-de-datos-empresas","25":"product_tag-base-de-datos-empresas-de-email-marketing","26":"product_tag-base-de-datos-empresas-en-latinoamerica","27":"product_tag-base-de-datos-empresas-grandes","28":"product_tag-base-de-datos-enviar-email-masivo","29":"product_tag-base-de-datos-envio-de-email-masivo","30":"product_tag-base-de-datos-envio-masivo-correo","31":"product_tag-base-de-datos-envio-masivo-correos","32":"product_tag-base-de-datos-envio-masivo-de-emails","33":"product_tag-base-de-datos-envios-de-correo-masivos","34":"product_tag-base-de-datos-financieras","35":"product_tag-base-de-datos-marketing","36":"product_tag-base-de-datos-marketing-por-e-mail","37":"product_tag-base-de-datos-marketing-por-email","38":"product_tag-base-de-datos-para-marketing","39":"product_tag-base-de-datos-publicidad-por-email","40":"product_tag-bases-de-datos-correos","41":"product_tag-bases-de-datos-correos-electronicos","42":"product_tag-bases-de-datos-de-emails","43":"product_tag-bases-de-datos-de-marketing","44":"product_tag-bases-de-datos-de-telefonos","45":"product_tag-bases-de-datos-email","46":"product_tag-bases-de-datos-email-empresas","47":"product_tag-bases-de-datos-emailing","48":"product_tag-bases-de-datos-numeros-de-telefonos","49":"product_tag-bases-de-datos-telefono","50":"product_tag-bases-de-datos-telefonos-fijos","51":"product_tag-big-corporates-database","52":"product_tag-business-contact-lists","53":"product_tag-business-directory","54":"product_tag-business-email-database","55":"product_tag-business-email-list","56":"product_tag-business-email-lists","57":"product_tag-business-mailing-database","58":"product_tag-business-mailing-lists","59":"product_tag-buy-email-database","60":"product_tag-buy-email-list","61":"product_tag-buy-email-list-database","62":"product_tag-companies-email-address-list","63":"product_tag-company-database","64":"product_tag-company-email-address-list","65":"product_tag-correo-de-empresas","66":"product_tag-correos-de-empresas","67":"product_tag-correos-electronicos-de-empresas","68":"product_tag-correos-electronicos-empresas","69":"product_tag-correos-empresariales","70":"product_tag-database","71":"product_tag-decision-makers-database","72":"product_tag-directorios-empresarial-latinoamerica","73":"product_tag-e-mail-database","74":"product_tag-email-address-list","75":"product_tag-email-database","76":"product_tag-email-lists","77":"product_tag-email-marketing-list","78":"product_tag-latinoamerica-database","79":"product_tag-list-of-email-addresses","80":"product_tag-lista-de-correos","81":"product_tag-lista-de-correos-electronicos","82":"product_tag-mail-marketing","83":"product_tag-mailing-database","84":"product_tag-mailing-list","85":"product_tag-marketing","86":"product_tag-marketing-correo-electronico","87":"product_tag-marketing-lists","88":"product_tag-phone-database","89":"product_tag-phone-lists","90":"product_tag-phone-number","91":"product_tag-phone-number-list","92":"product_tag-publicidad-por-base-de-datos-correo-electronico","93":"product_tag-tele-marketing-list","94":"product_tag-telefono","96":"first","97":"instock","98":"sale","99":"virtual","100":"purchasable","101":"product-type-simple","102":"entry","103":"content-bg","104":"loop-entry"},"aioseo_notices":[],"_links":{"self":[{"href":"https:\/\/edirectorios.com.mx\/directorios-latinoamerica\/wp-json\/wp\/v2\/product\/35177","targetHints":{"allow":["GET"]}}],"collection":[{"href":"https:\/\/edirectorios.com.mx\/directorios-latinoamerica\/wp-json\/wp\/v2\/product"}],"about":[{"href":"https:\/\/edirectorios.com.mx\/directorios-latinoamerica\/wp-json\/wp\/v2\/types\/product"}],"version-history":[{"count":1,"href":"https:\/\/edirectorios.com.mx\/directorios-latinoamerica\/wp-json\/wp\/v2\/product\/35177\/revisions"}],"predecessor-version":[{"id":35221,"href":"https:\/\/edirectorios.com.mx\/directorios-latinoamerica\/wp-json\/wp\/v2\/product\/35177\/revisions\/35221"}],"wp:featuredmedia":[{"embeddable":true,"href":"https:\/\/edirectorios.com.mx\/directorios-latinoamerica\/wp-json\/wp\/v2\/media\/31094"}],"wp:attachment":[{"href":"https:\/\/edirectorios.com.mx\/directorios-latinoamerica\/wp-json\/wp\/v2\/media?parent=35177"}],"wp:term":[{"taxonomy":"product_brand","embeddable":true,"href":"https:\/\/edirectorios.com.mx\/directorios-latinoamerica\/wp-json\/wp\/v2\/product_brand?post=35177"},{"taxonomy":"product_cat","embeddable":true,"href":"https:\/\/edirectorios.com.mx\/directorios-latinoamerica\/wp-json\/wp\/v2\/product_cat?post=35177"},{"taxonomy":"product_tag","embeddable":true,"href":"https:\/\/edirectorios.com.mx\/directorios-latinoamerica\/wp-json\/wp\/v2\/product_tag?post=35177"},{"taxonomy":"product_brands","embeddable":true,"href":"https:\/\/edirectorios.com.mx\/directorios-latinoamerica\/wp-json\/wp\/v2\/product_brands?post=35177"}],"curies":[{"name":"wp","href":"https:\/\/api.w.org\/{rel}","templated":true}]}}