{"id":35176,"date":"2025-12-12T17:01:31","date_gmt":"2025-12-12T17:01:31","guid":{"rendered":"https:\/\/edirectorios.com.mx\/directorios-latinoamerica\/?post_type=product&#038;p=35176"},"modified":"2025-12-12T17:02:05","modified_gmt":"2025-12-12T17:02:05","slug":"medicos-o-especialistas-en-nutricion-y-nutricion-orto-molecular-cosmetologos-y-especialistas-en-medicina-estetica-terapeutas-fisicos-cirujanos-esteticos","status":"publish","type":"product","link":"https:\/\/edirectorios.com.mx\/directorios-latinoamerica\/product\/medicos-o-especialistas-en-nutricion-y-nutricion-orto-molecular-cosmetologos-y-especialistas-en-medicina-estetica-terapeutas-fisicos-cirujanos-esteticos\/","title":{"rendered":"M\u00e9dicos o especialistas en nutrici\u00f3n y nutrici\u00f3n orto molecular, cosmet\u00f3logos y especialistas en medicina est\u00e9tica, terapeutas f\u00edsicos, cirujanos  est\u00e9ticos,&#8230;"},"content":{"rendered":"","protected":false},"excerpt":{"rendered":"<p>&nbsp;<\/p>\n<div class=\"row\">\n<div class=\"col-sm\"><strong>C\u00f3digo:<\/strong> <strong class=\"text-danger\">DOTD-F7-1<\/strong><\/div>\n<div class=\"col-sm\"><strong>N\u00famero de registros: <\/strong>2000<\/div>\n<\/div>\n<div class=\"row\">\n<div class=\"col-sm \"><strong>Folio: <\/strong><span class=\"text-danger\">NA0219B020<\/span><\/div>\n<\/div>\n<p><strong>Segmentaci\u00f3n:<\/strong><\/p>\n<div class=\"row\">\n<div class=\"col-sm \"><span class=\"text-justify\">M\u00e9dicos o especialistas en nutrici\u00f3n y nutrici\u00f3n orto molecular, cosmet\u00f3logos y especialistas en medicina est\u00e9tica, terapeutas f\u00edsicos, cirujanos est\u00e9ticos, Especialistas en control de peso y estr\u00e9s, en los Estados de Hidalgo, Puebla, Michoac\u00e1n, Estado de M\u00e9xico, Tlaxcala, Quer\u00e9taro, y las Ciudades de Monterrey, Guadalajara, y Ciudad de M\u00e9xico.<\/span><\/div>\n<\/div>\n<p><strong>Campos Contenidos:<\/strong><\/p>\n<div class=\"row\">\n<div class=\"col-sm \"><span class=\"text-justify\">Nombre \/ Especialidad \/ Estado \/ Email \/ Celular.<\/span><\/div>\n<\/div>\n<div class=\"row\">\n<div class=\"col-sm\">\n<p><strong>Garant\u00eda: <\/strong>80%-85%<\/p>\n<p><strong>Precio Original: <\/strong><del>$980 USD<\/del><\/p>\n<p><strong>Descuento Especial: <\/strong><strong class=\"text-danger\">20%<\/strong><\/p>\n<\/div>\n<\/div>\n<div class=\"row\">\n<div class=\"col text-center\"><strong>Total a Pagar: <\/strong><strong class=\"text-danger\">$784 USD<\/strong><\/div>\n<\/div>\n","protected":false},"featured_media":31161,"template":"","meta":{"_bst_post_transparent":"","_bst_post_title":"","_bst_post_layout":"","_bst_post_sidebar_id":"","_bst_post_content_style":"","_bst_post_vertical_padding":"","_bst_post_feature":"","_bst_post_feature_position":"","_bst_post_header":false,"_bst_post_footer":false},"product_brand":[],"product_cat":[1360,1180],"product_tag":[1062,1182,1063,1064,1404,1448,1066,1067,1068,1294,1186,1371,1405,1071,1073,1074,1075,1076,1077,1078,1079,1081,1082,1083,1084,1085,1086,1087,1216,1088,1089,1090,1361,1312,1295,1092,1189,1093,1270,1406,1351,1097,1098,1099,1100,1102,1190,1109,1117,1118,1191,1192,1193,1194,1195,1196,1197,1198,1199,1200,1201,1202,1203,1204,1124,1170,1218,1314,1133,1135,1136,1137,1138,1139,1296,1140,1143,1144,1145,1407,1297,1298,1299,1300,1301,1302,1303,1146,1148],"product_brands":[],"class_list":{"0":"post-35176","1":"product","2":"type-product","3":"status-publish","4":"has-post-thumbnail","6":"product_cat-medicos","7":"product_cat-personas-en-mexico","8":"product_tag-b2c-email-database","9":"product_tag-base-de-datos","10":"product_tag-base-de-datos-campana-de-email-marketing","11":"product_tag-base-de-datos-campanas-de-email-marketing","12":"product_tag-base-de-datos-celulares","13":"product_tag-base-de-datos-cirujanos","14":"product_tag-base-de-datos-ciudad-de-mexico","15":"product_tag-base-de-datos-correo-masivo","16":"product_tag-base-de-datos-correo-masivos","17":"product_tag-base-de-datos-de-numeros-celulares","18":"product_tag-base-de-datos-de-personas-fisicas","19":"product_tag-base-de-datos-de-personas-puebla","20":"product_tag-base-de-datos-de-telefonos-moviles","21":"product_tag-base-de-datos-direct-e-mail-marketing","22":"product_tag-base-de-datos-e-mail-marketing","23":"product_tag-base-de-datos-email-marketer","24":"product_tag-base-de-datos-email-marketing","25":"product_tag-base-de-datos-email-masivos","26":"product_tag-base-de-datos-email-publicidad","27":"product_tag-base-de-datos-email-publicitario","28":"product_tag-base-de-datos-emailing","29":"product_tag-base-de-datos-enviar-email-masivo","30":"product_tag-base-de-datos-envio-de-email-masivo","31":"product_tag-base-de-datos-envio-masivo-correo","32":"product_tag-base-de-datos-envio-masivo-correos","33":"product_tag-base-de-datos-envio-masivo-de-emails","34":"product_tag-base-de-datos-envios-de-correo-masivos","35":"product_tag-base-de-datos-estado-de-mexico","36":"product_tag-base-de-datos-guadalajara","37":"product_tag-base-de-datos-marketing","38":"product_tag-base-de-datos-marketing-por-e-mail","39":"product_tag-base-de-datos-marketing-por-email","40":"product_tag-base-de-datos-medicos","41":"product_tag-base-de-datos-monterrey","42":"product_tag-base-de-datos-numeros-de-telefonos-celulares","43":"product_tag-base-de-datos-para-marketing","44":"product_tag-base-de-datos-personas-de-email-marketing","45":"product_tag-base-de-datos-publicidad-por-email","46":"product_tag-base-de-datos-queretaro","47":"product_tag-base-de-datos-telefonos-moviles","48":"product_tag-base-de-datos-tlaxcala","49":"product_tag-bases-de-datos-correos","50":"product_tag-bases-de-datos-correos-electronicos","51":"product_tag-bases-de-datos-de-emails","52":"product_tag-bases-de-datos-de-marketing","53":"product_tag-bases-de-datos-email","54":"product_tag-big-consumer-database","55":"product_tag-business-contact-lists","56":"product_tag-buy-email-list","57":"product_tag-buy-email-list-database","58":"product_tag-consumer-contact-lists","59":"product_tag-consumer-database","60":"product_tag-consumer-directory","61":"product_tag-consumer-email-database","62":"product_tag-consumer-email-list","63":"product_tag-consumer-email-lists","64":"product_tag-consumer-list","65":"product_tag-consumer-mailing-database","66":"product_tag-consumer-mailing-list","67":"product_tag-consumer-mailing-lists","68":"product_tag-consumer-phone-list","69":"product_tag-correo-de-personas","70":"product_tag-correos-electronicos-de-personas","71":"product_tag-correos-electronicos-personas","72":"product_tag-correos-empresariales","73":"product_tag-database","74":"product_tag-directorios-guadalajara","75":"product_tag-directorios-monterrey","76":"product_tag-email-address-list","77":"product_tag-email-lists","78":"product_tag-email-marketing-list","79":"product_tag-list-of-email-addresses","80":"product_tag-lista-de-correos","81":"product_tag-lista-de-correos-electronicos","82":"product_tag-lista-de-numeros-de-telefonos-celulares","83":"product_tag-mail-marketing","84":"product_tag-marketing","85":"product_tag-marketing-correo-electronico","86":"product_tag-marketing-lists","87":"product_tag-mobile","88":"product_tag-mobile-database","89":"product_tag-mobile-directory","90":"product_tag-mobile-list","91":"product_tag-mobile-number-database","92":"product_tag-mobile-number-list","93":"product_tag-mobile-phone-number","94":"product_tag-numeros-de-telefonos-celulares","95":"product_tag-publicidad-por-base-de-datos-correo-electronico","96":"product_tag-tele-marketing-list","98":"first","99":"instock","100":"sale","101":"virtual","102":"purchasable","103":"product-type-simple","104":"entry","105":"content-bg","106":"loop-entry"},"aioseo_notices":[],"_links":{"self":[{"href":"https:\/\/edirectorios.com.mx\/directorios-latinoamerica\/wp-json\/wp\/v2\/product\/35176","targetHints":{"allow":["GET"]}}],"collection":[{"href":"https:\/\/edirectorios.com.mx\/directorios-latinoamerica\/wp-json\/wp\/v2\/product"}],"about":[{"href":"https:\/\/edirectorios.com.mx\/directorios-latinoamerica\/wp-json\/wp\/v2\/types\/product"}],"version-history":[{"count":1,"href":"https:\/\/edirectorios.com.mx\/directorios-latinoamerica\/wp-json\/wp\/v2\/product\/35176\/revisions"}],"predecessor-version":[{"id":35220,"href":"https:\/\/edirectorios.com.mx\/directorios-latinoamerica\/wp-json\/wp\/v2\/product\/35176\/revisions\/35220"}],"wp:featuredmedia":[{"embeddable":true,"href":"https:\/\/edirectorios.com.mx\/directorios-latinoamerica\/wp-json\/wp\/v2\/media\/31161"}],"wp:attachment":[{"href":"https:\/\/edirectorios.com.mx\/directorios-latinoamerica\/wp-json\/wp\/v2\/media?parent=35176"}],"wp:term":[{"taxonomy":"product_brand","embeddable":true,"href":"https:\/\/edirectorios.com.mx\/directorios-latinoamerica\/wp-json\/wp\/v2\/product_brand?post=35176"},{"taxonomy":"product_cat","embeddable":true,"href":"https:\/\/edirectorios.com.mx\/directorios-latinoamerica\/wp-json\/wp\/v2\/product_cat?post=35176"},{"taxonomy":"product_tag","embeddable":true,"href":"https:\/\/edirectorios.com.mx\/directorios-latinoamerica\/wp-json\/wp\/v2\/product_tag?post=35176"},{"taxonomy":"product_brands","embeddable":true,"href":"https:\/\/edirectorios.com.mx\/directorios-latinoamerica\/wp-json\/wp\/v2\/product_brands?post=35176"}],"curies":[{"name":"wp","href":"https:\/\/api.w.org\/{rel}","templated":true}]}}