{"id":35158,"date":"2025-12-12T17:01:08","date_gmt":"2025-12-12T17:01:08","guid":{"rendered":"https:\/\/edirectorios.com.mx\/directorios-latinoamerica\/?post_type=product&#038;p=35158"},"modified":"2025-12-12T17:01:59","modified_gmt":"2025-12-12T17:01:59","slug":"corporativos-automotriz-hoteles-y-farmaceutica-en-morelia-ciudad-de-mexico-estado-de-mexico-monterrey-leon-san-luis-potosi-y-guadalajara","status":"publish","type":"product","link":"https:\/\/edirectorios.com.mx\/directorios-latinoamerica\/product\/corporativos-automotriz-hoteles-y-farmaceutica-en-morelia-ciudad-de-mexico-estado-de-mexico-monterrey-leon-san-luis-potosi-y-guadalajara\/","title":{"rendered":"Corporativos Automotriz, Hoteles y Farmac\u00e9utica en Morelia, Ciudad de M\u00e9xico, Estado de M\u00e9xico, Monterrey, Le\u00f3n, San Luis Potos\u00ed y Guadalajara."},"content":{"rendered":"","protected":false},"excerpt":{"rendered":"<p>&nbsp;<\/p>\n<div class=\"row\">\n<div class=\"col-sm\"><strong>C\u00f3digo:<\/strong> <strong class=\"text-danger\">NBPM-D1<\/strong><\/div>\n<div class=\"col-sm\"><strong>N\u00famero de registros: <\/strong>300<\/div>\n<\/div>\n<div class=\"row\">\n<div class=\"col-sm \"><strong>Folio: <\/strong><span class=\"text-danger\">03BLPG0120-013<\/span><\/div>\n<\/div>\n<p><strong>Segmentaci\u00f3n:<\/strong><\/p>\n<div class=\"row\">\n<div class=\"col-sm \"><span class=\"text-justify\">Corporativos Automotriz, Hoteles y Farmac\u00e9utica en Morelia, Ciudad de M\u00e9xico, Estado de M\u00e9xico, Monterrey, Le\u00f3n, San Luis Potos\u00ed y Guadalajara.<\/span><\/div>\n<\/div>\n<p><strong>Campos Contenidos:<\/strong><\/p>\n<div class=\"row\">\n<div class=\"col-sm \"><span class=\"text-justify\">Empresa \/ Giro \/ Direcci\u00f3n \/ Ciudad \/ Estado \/ Contacto \/ Puesto: CEO o COO o CFO o CIO \/ Tel\u00e9fono \/ Email \/ Pagina Web opcional*.<\/span><\/div>\n<\/div>\n<div class=\"row\">\n<div class=\"col-sm\">\n<p><strong>Garant\u00eda: <\/strong>80%-85%<\/p>\n<p><strong>Precio Original: <\/strong><del>$390 USD<\/del><\/p>\n<p><strong>Descuento Especial: <\/strong><strong class=\"text-danger\">20%<\/strong><\/p>\n<\/div>\n<\/div>\n<div class=\"row\">\n<div class=\"col text-center\"><strong>Total a Pagar: <\/strong><strong class=\"text-danger\">$312 USD<\/strong><\/div>\n<\/div>\n","protected":false},"featured_media":31203,"template":"","meta":{"_bst_post_transparent":"","_bst_post_title":"","_bst_post_layout":"","_bst_post_sidebar_id":"","_bst_post_content_style":"","_bst_post_vertical_padding":"","_bst_post_feature":"","_bst_post_feature_position":"","_bst_post_header":false,"_bst_post_footer":false},"product_brand":[],"product_cat":[1060,1369],"product_tag":[1062,1182,1363,1063,1064,1066,1067,1068,1255,1071,1074,1075,1076,1077,1078,1079,1080,1081,1082,1083,1084,1085,1086,1087,1214,1216,1223,1088,1090,1312,1188,1093,1217,1097,1098,1099,1101,1102,1103,1104,1178,1105,1106,1107,1109,1111,1112,1113,1115,1117,1118,1318,1166,1167,1120,1121,1122,1123,1124,1218,1314,1133,1134,1135,1136,1137,1138,1139,1140,1142,1144,1145,1205,1206,1172,1173,1174,1175,1146],"product_brands":[],"class_list":{"0":"post-35158","1":"product","2":"type-product","3":"status-publish","4":"has-post-thumbnail","6":"product_cat-empresas-en-mexico","7":"product_cat-industria-automotriz","8":"product_tag-b2c-email-database","9":"product_tag-base-de-datos","10":"product_tag-base-de-datos-automotriz","11":"product_tag-base-de-datos-campana-de-email-marketing","12":"product_tag-base-de-datos-campanas-de-email-marketing","13":"product_tag-base-de-datos-ciudad-de-mexico","14":"product_tag-base-de-datos-correo-masivo","15":"product_tag-base-de-datos-correo-masivos","16":"product_tag-base-de-datos-de-corporativos","17":"product_tag-base-de-datos-direct-e-mail-marketing","18":"product_tag-base-de-datos-email-marketer","19":"product_tag-base-de-datos-email-marketing","20":"product_tag-base-de-datos-email-masivos","21":"product_tag-base-de-datos-email-publicidad","22":"product_tag-base-de-datos-email-publicitario","23":"product_tag-base-de-datos-emailing","24":"product_tag-base-de-datos-empresas-de-email-marketing","25":"product_tag-base-de-datos-enviar-email-masivo","26":"product_tag-base-de-datos-envio-de-email-masivo","27":"product_tag-base-de-datos-envio-masivo-correo","28":"product_tag-base-de-datos-envio-masivo-correos","29":"product_tag-base-de-datos-envio-masivo-de-emails","30":"product_tag-base-de-datos-envios-de-correo-masivos","31":"product_tag-base-de-datos-estado-de-mexico","32":"product_tag-base-de-datos-farmaceutica","33":"product_tag-base-de-datos-guadalajara","34":"product_tag-base-de-datos-hoteles","35":"product_tag-base-de-datos-marketing","36":"product_tag-base-de-datos-marketing-por-email","37":"product_tag-base-de-datos-monterrey","38":"product_tag-base-de-datos-nuevo-leon","39":"product_tag-base-de-datos-publicidad-por-email","40":"product_tag-base-de-datos-san-luis-potosi","41":"product_tag-bases-de-datos-correos","42":"product_tag-bases-de-datos-correos-electronicos","43":"product_tag-bases-de-datos-de-emails","44":"product_tag-bases-de-datos-de-telefonos","45":"product_tag-bases-de-datos-email","46":"product_tag-bases-de-datos-email-empresas","47":"product_tag-bases-de-datos-emailing","48":"product_tag-bases-de-datos-industrias","49":"product_tag-bases-de-datos-numeros-de-telefonos","50":"product_tag-bases-de-datos-telefono","51":"product_tag-bases-de-datos-telefonos-fijos","52":"product_tag-business-contact-lists","53":"product_tag-business-email-database","54":"product_tag-business-email-list","55":"product_tag-business-email-lists","56":"product_tag-business-mailing-lists","57":"product_tag-buy-email-list","58":"product_tag-buy-email-list-database","59":"product_tag-ceo","60":"product_tag-companies-email-address-list","61":"product_tag-company-email-address-list","62":"product_tag-correo-de-empresas","63":"product_tag-correos-de-empresas","64":"product_tag-correos-electronicos-de-empresas","65":"product_tag-correos-electronicos-empresas","66":"product_tag-correos-empresariales","67":"product_tag-directorios-guadalajara","68":"product_tag-directorios-monterrey","69":"product_tag-email-address-list","70":"product_tag-email-database","71":"product_tag-email-lists","72":"product_tag-email-marketing-list","73":"product_tag-list-of-email-addresses","74":"product_tag-lista-de-correos","75":"product_tag-lista-de-correos-electronicos","76":"product_tag-mail-marketing","77":"product_tag-mailing-list","78":"product_tag-marketing-correo-electronico","79":"product_tag-marketing-lists","80":"product_tag-nuevo-leon-database","81":"product_tag-phone","82":"product_tag-phone-database","83":"product_tag-phone-lists","84":"product_tag-phone-number","85":"product_tag-phone-number-list","86":"product_tag-publicidad-por-base-de-datos-correo-electronico","88":"first","89":"instock","90":"sale","91":"virtual","92":"purchasable","93":"product-type-simple","94":"entry","95":"content-bg","96":"loop-entry"},"aioseo_notices":[],"_links":{"self":[{"href":"https:\/\/edirectorios.com.mx\/directorios-latinoamerica\/wp-json\/wp\/v2\/product\/35158","targetHints":{"allow":["GET"]}}],"collection":[{"href":"https:\/\/edirectorios.com.mx\/directorios-latinoamerica\/wp-json\/wp\/v2\/product"}],"about":[{"href":"https:\/\/edirectorios.com.mx\/directorios-latinoamerica\/wp-json\/wp\/v2\/types\/product"}],"version-history":[{"count":1,"href":"https:\/\/edirectorios.com.mx\/directorios-latinoamerica\/wp-json\/wp\/v2\/product\/35158\/revisions"}],"predecessor-version":[{"id":35217,"href":"https:\/\/edirectorios.com.mx\/directorios-latinoamerica\/wp-json\/wp\/v2\/product\/35158\/revisions\/35217"}],"wp:featuredmedia":[{"embeddable":true,"href":"https:\/\/edirectorios.com.mx\/directorios-latinoamerica\/wp-json\/wp\/v2\/media\/31203"}],"wp:attachment":[{"href":"https:\/\/edirectorios.com.mx\/directorios-latinoamerica\/wp-json\/wp\/v2\/media?parent=35158"}],"wp:term":[{"taxonomy":"product_brand","embeddable":true,"href":"https:\/\/edirectorios.com.mx\/directorios-latinoamerica\/wp-json\/wp\/v2\/product_brand?post=35158"},{"taxonomy":"product_cat","embeddable":true,"href":"https:\/\/edirectorios.com.mx\/directorios-latinoamerica\/wp-json\/wp\/v2\/product_cat?post=35158"},{"taxonomy":"product_tag","embeddable":true,"href":"https:\/\/edirectorios.com.mx\/directorios-latinoamerica\/wp-json\/wp\/v2\/product_tag?post=35158"},{"taxonomy":"product_brands","embeddable":true,"href":"https:\/\/edirectorios.com.mx\/directorios-latinoamerica\/wp-json\/wp\/v2\/product_brands?post=35158"}],"curies":[{"name":"wp","href":"https:\/\/api.w.org\/{rel}","templated":true}]}}