{"id":35126,"date":"2025-12-12T17:00:43","date_gmt":"2025-12-12T17:00:43","guid":{"rendered":"https:\/\/edirectorios.com.mx\/directorios-latinoamerica\/?post_type=product&#038;p=35126"},"modified":"2025-12-12T17:01:25","modified_gmt":"2025-12-12T17:01:25","slug":"empresas-con-mas-de-50-empleados-y-con-una-facturacion-anual-superior-a-200-mdp-anuales-en-la-ciudad-de-mexico-y-area-metropolitana","status":"publish","type":"product","link":"https:\/\/edirectorios.com.mx\/directorios-latinoamerica\/product\/empresas-con-mas-de-50-empleados-y-con-una-facturacion-anual-superior-a-200-mdp-anuales-en-la-ciudad-de-mexico-y-area-metropolitana\/","title":{"rendered":"Empresas con m\u00e1s de 50 empleados y con una facturaci\u00f3n anual superior a 200 MDP anuales en la Ciudad de M\u00e9xico y \u00c1rea Metropolitana."},"content":{"rendered":"","protected":false},"excerpt":{"rendered":"<p>&nbsp;<\/p>\n<div class=\"row\">\n<div class=\"col-sm\"><strong>C\u00f3digo:<\/strong> <strong class=\"text-danger\">NJWJ-D9<\/strong><\/div>\n<div class=\"col-sm\"><strong>N\u00famero de registros: <\/strong>250<\/div>\n<\/div>\n<div class=\"row\">\n<div class=\"col-sm \"><strong>Folio: <\/strong><span class=\"text-danger\">LB0119B039<\/span><\/div>\n<\/div>\n<p><strong>Segmentaci\u00f3n:<\/strong><\/p>\n<div class=\"row\">\n<div class=\"col-sm \"><span class=\"text-justify\">Empresas con m\u00e1s de 50 empleados y con una facturaci\u00f3n anual superior a 200 MDP anuales en las Zonas de Azcapotzalco, Tlalnepantla, Cuautitl\u00e1n Izcali, Cuautitl\u00e1n de Romero Rubio, Tutltitl\u00e1n, Tepozotl\u00e1n, Naucalpan, Tepozotl\u00e1n. Zona industrial Vallejo pegado hacia Azcapotzalco, Nicolas Romero de la Ciudad de M\u00e9xico y \u00c1rea Metropolitana.<\/span><\/div>\n<\/div>\n<p><strong>Campos Contenidos:<\/strong><\/p>\n<div class=\"row\">\n<div class=\"col-sm \"><span class=\"text-justify\">Empresa \/ Giro \/ Direcci\u00f3n \/ Ciudad \/ Estado \/ Contacto \/ Puesto: Director General, Socio, Directivos, Gerentes o Tomador de decisi\u00f3n \/ Tel\u00e9fono \/ Email.<\/span><\/div>\n<\/div>\n<div class=\"row\">\n<div class=\"col-sm\"><strong>Garant\u00eda:\u00a0<\/strong>80%-85%\u00a0<strong>Precio Original:\u00a0<\/strong><del>$160 USD<\/del>\u00a0<strong>Descuento Especial:\u00a0<\/strong><strong class=\"text-danger\">20%<\/strong><\/div>\n<\/div>\n<div class=\"row\">\n<div class=\"col text-center\"><strong>Total a Pagar:\u00a0<\/strong><strong class=\"text-danger\">$128 USD<\/strong><\/div>\n<\/div>\n","protected":false},"featured_media":31013,"template":"","meta":{"_bst_post_transparent":"","_bst_post_title":"","_bst_post_layout":"","_bst_post_sidebar_id":"","_bst_post_content_style":"","_bst_post_vertical_padding":"","_bst_post_feature":"","_bst_post_feature_position":"","_bst_post_header":false,"_bst_post_footer":false},"product_brand":[],"product_cat":[1060],"product_tag":[1062,1182,1063,1064,1066,1067,1068,1152,1069,1211,1153,1071,1074,1075,1076,1077,1078,1079,1155,1080,1081,1082,1157,1083,1084,1085,1158,1086,1159,1160,1088,1089,1090,1092,1093,1163,1096,1097,1098,1099,1100,1101,1102,1104,1226,1165,1105,1228,1106,1107,1229,1111,1114,1116,1117,1118,1119,1167,1170,1254,1133,1135,1136,1220,1137,1138,1139,1140,1142,1144,1145,1206,1172,1173,1174,1175,1146,1149],"product_brands":[],"class_list":{"0":"post-35126","1":"product","2":"type-product","3":"status-publish","4":"has-post-thumbnail","6":"product_cat-empresas-en-mexico","7":"product_tag-b2c-email-database","8":"product_tag-base-de-datos","9":"product_tag-base-de-datos-campana-de-email-marketing","10":"product_tag-base-de-datos-campanas-de-email-marketing","11":"product_tag-base-de-datos-ciudad-de-mexico","12":"product_tag-base-de-datos-correo-masivo","13":"product_tag-base-de-datos-correo-masivos","14":"product_tag-base-de-datos-de-directivos","15":"product_tag-base-de-datos-de-director-general","16":"product_tag-base-de-datos-de-empresas-b2b","17":"product_tag-base-de-datos-de-tomador-de-decision","18":"product_tag-base-de-datos-direct-e-mail-marketing","19":"product_tag-base-de-datos-email-marketer","20":"product_tag-base-de-datos-email-marketing","21":"product_tag-base-de-datos-email-masivos","22":"product_tag-base-de-datos-email-publicidad","23":"product_tag-base-de-datos-email-publicitario","24":"product_tag-base-de-datos-emailing","25":"product_tag-base-de-datos-empresas","26":"product_tag-base-de-datos-empresas-de-email-marketing","27":"product_tag-base-de-datos-enviar-email-masivo","28":"product_tag-base-de-datos-envio-de-email-masivo","29":"product_tag-base-de-datos-envio-masivo","30":"product_tag-base-de-datos-envio-masivo-correo","31":"product_tag-base-de-datos-envio-masivo-correos","32":"product_tag-base-de-datos-envio-masivo-de-emails","33":"product_tag-base-de-datos-envio-masivos","34":"product_tag-base-de-datos-envios-de-correo-masivos","35":"product_tag-base-de-datos-envios-masivos","36":"product_tag-base-de-datos-gerente","37":"product_tag-base-de-datos-marketing","38":"product_tag-base-de-datos-marketing-por-e-mail","39":"product_tag-base-de-datos-marketing-por-email","40":"product_tag-base-de-datos-para-marketing","41":"product_tag-base-de-datos-publicidad-por-email","42":"product_tag-base-de-datos-socio","43":"product_tag-base-de-datos-zona-metropolitana","44":"product_tag-bases-de-datos-correos","45":"product_tag-bases-de-datos-correos-electronicos","46":"product_tag-bases-de-datos-de-emails","47":"product_tag-bases-de-datos-de-marketing","48":"product_tag-bases-de-datos-de-telefonos","49":"product_tag-bases-de-datos-email","50":"product_tag-bases-de-datos-emailing","51":"product_tag-bases-de-datos-emails","52":"product_tag-bases-de-datos-mailing","53":"product_tag-bases-de-datos-numeros-de-telefonos","54":"product_tag-bases-de-datos-para-ventas","55":"product_tag-bases-de-datos-telefono","56":"product_tag-bases-de-datos-telefonos-fijos","57":"product_tag-big-corporates-database","58":"product_tag-business-email-database","59":"product_tag-business-mailing-database","60":"product_tag-buy-email-database","61":"product_tag-buy-email-list","62":"product_tag-buy-email-list-database","63":"product_tag-company-database","64":"product_tag-company-email-address-list","65":"product_tag-database","66":"product_tag-databases","67":"product_tag-email-address-list","68":"product_tag-email-lists","69":"product_tag-email-marketing-list","70":"product_tag-gerentes","71":"product_tag-list-of-email-addresses","72":"product_tag-lista-de-correos","73":"product_tag-lista-de-correos-electronicos","74":"product_tag-mail-marketing","75":"product_tag-mailing-list","76":"product_tag-marketing-correo-electronico","77":"product_tag-marketing-lists","78":"product_tag-phone","79":"product_tag-phone-database","80":"product_tag-phone-lists","81":"product_tag-phone-number","82":"product_tag-phone-number-list","83":"product_tag-publicidad-por-base-de-datos-correo-electronico","84":"product_tag-telefono","86":"first","87":"instock","88":"sale","89":"virtual","90":"purchasable","91":"product-type-simple","92":"entry","93":"content-bg","94":"loop-entry"},"aioseo_notices":[],"_links":{"self":[{"href":"https:\/\/edirectorios.com.mx\/directorios-latinoamerica\/wp-json\/wp\/v2\/product\/35126","targetHints":{"allow":["GET"]}}],"collection":[{"href":"https:\/\/edirectorios.com.mx\/directorios-latinoamerica\/wp-json\/wp\/v2\/product"}],"about":[{"href":"https:\/\/edirectorios.com.mx\/directorios-latinoamerica\/wp-json\/wp\/v2\/types\/product"}],"version-history":[{"count":1,"href":"https:\/\/edirectorios.com.mx\/directorios-latinoamerica\/wp-json\/wp\/v2\/product\/35126\/revisions"}],"predecessor-version":[{"id":35171,"href":"https:\/\/edirectorios.com.mx\/directorios-latinoamerica\/wp-json\/wp\/v2\/product\/35126\/revisions\/35171"}],"wp:featuredmedia":[{"embeddable":true,"href":"https:\/\/edirectorios.com.mx\/directorios-latinoamerica\/wp-json\/wp\/v2\/media\/31013"}],"wp:attachment":[{"href":"https:\/\/edirectorios.com.mx\/directorios-latinoamerica\/wp-json\/wp\/v2\/media?parent=35126"}],"wp:term":[{"taxonomy":"product_brand","embeddable":true,"href":"https:\/\/edirectorios.com.mx\/directorios-latinoamerica\/wp-json\/wp\/v2\/product_brand?post=35126"},{"taxonomy":"product_cat","embeddable":true,"href":"https:\/\/edirectorios.com.mx\/directorios-latinoamerica\/wp-json\/wp\/v2\/product_cat?post=35126"},{"taxonomy":"product_tag","embeddable":true,"href":"https:\/\/edirectorios.com.mx\/directorios-latinoamerica\/wp-json\/wp\/v2\/product_tag?post=35126"},{"taxonomy":"product_brands","embeddable":true,"href":"https:\/\/edirectorios.com.mx\/directorios-latinoamerica\/wp-json\/wp\/v2\/product_brands?post=35126"}],"curies":[{"name":"wp","href":"https:\/\/api.w.org\/{rel}","templated":true}]}}