{"id":35120,"date":"2025-12-12T17:00:42","date_gmt":"2025-12-12T17:00:42","guid":{"rendered":"https:\/\/edirectorios.com.mx\/directorios-latinoamerica\/?post_type=product&#038;p=35120"},"modified":"2025-12-12T17:01:17","modified_gmt":"2025-12-12T17:01:17","slug":"cardiologos-ecocardiografistas-cardiologos-pediatras-cardiologos-hemodinamistas-y-cardiologos-intervencionistas-en-ciudades-del-norte-del-pais","status":"publish","type":"product","link":"https:\/\/edirectorios.com.mx\/directorios-latinoamerica\/product\/cardiologos-ecocardiografistas-cardiologos-pediatras-cardiologos-hemodinamistas-y-cardiologos-intervencionistas-en-ciudades-del-norte-del-pais\/","title":{"rendered":"Cardi\u00f3logos Ecocardiografistas, Cardi\u00f3logos Pediatras, Cardi\u00f3logos Hemodinamistas y Cardi\u00f3logos Intervencionistas, en Ciudades del norte del pa\u00eds."},"content":{"rendered":"","protected":false},"excerpt":{"rendered":"<p>&nbsp;<\/p>\n<div class=\"row\">\n<div class=\"col-sm\"><strong>C\u00f3digo:<\/strong> <strong class=\"text-danger\">QBNB-O5<\/strong><\/div>\n<div class=\"col-sm\"><strong>N\u00famero de registros:\u00a0<\/strong>250<\/div>\n<\/div>\n<div class=\"row\">\n<div class=\"col-sm \"><strong>Folio: <\/strong><span class=\"text-danger\">PM1117B054<\/span><\/div>\n<\/div>\n<p><strong>Segmentaci\u00f3n:<\/strong><\/p>\n<div class=\"row\">\n<div class=\"col-sm \"><span class=\"text-justify\">*Cardi\u00f3logos Ecocardiografistas, Cardi\u00f3logos Pediatras, Cardi\u00f3logos Hemodinamistas y Cardi\u00f3logos Intervencionistas, en la Ciudad de Torre\u00f3n y su zona Metropolitana (125 REGISTROS). *Cardi\u00f3logos Ecocardiografistas, Cardi\u00f3logos Pediatras, Cardi\u00f3logos Hemodinamistas y Cardi\u00f3logos Intervencionistas, en San Pedro Garza Garcia, San Nicol\u00e1s de los Garza, Escobedo, Santa Catarina, Apodaca, Guadalupe y en la Ciudad de Monterrey. Todos estos pertenecen al Estado de Nuevo Le\u00f3n (125 REGISTROS).<\/span><\/div>\n<\/div>\n<p><strong>Campos Contenidos:<\/strong><\/p>\n<div class=\"row\">\n<div class=\"col-sm \"><span class=\"text-justify\">*Nombre \/ Direcci\u00f3n \/ Ciudad \/ Estado \/ Tel\u00e9fono \/ Email.\u00a0<\/span><\/div>\n<\/div>\n<div class=\"row\">\n<div class=\"col-sm\">\n<p><strong>Garant\u00eda:\u00a0<\/strong>75%-85%<\/p>\n<p><strong>Precio Original:\u00a0<\/strong><del>$187 USD<\/del><\/p>\n<p><strong>Descuento Especial:\u00a0<\/strong><strong class=\"text-danger\">25%<\/strong><\/p>\n<\/div>\n<\/div>\n<div class=\"row\">\n<div class=\"col text-center\"><strong>Total a Pagar:\u00a0<\/strong><strong class=\"text-danger\">$140 USD<\/strong><\/div>\n<\/div>\n","protected":false},"featured_media":31161,"template":"","meta":{"_bst_post_transparent":"","_bst_post_title":"","_bst_post_layout":"","_bst_post_sidebar_id":"","_bst_post_content_style":"","_bst_post_vertical_padding":"","_bst_post_feature":"","_bst_post_feature_position":"","_bst_post_header":false,"_bst_post_footer":false},"product_brand":[],"product_cat":[1360,1180],"product_tag":[1062,1182,1063,1064,1067,1068,1186,1071,1073,1074,1075,1076,1077,1078,1079,1081,1082,1083,1084,1085,1086,1088,1089,1090,1361,1312,1188,1092,1189,1093,1096,1097,1098,1099,1100,1101,1102,1105,1106,1107,1190,1109,1117,1118,1191,1192,1193,1194,1195,1196,1197,1198,1199,1200,1201,1202,1203,1204,1124,1170,1314,1133,1135,1136,1137,1138,1139,1140,1143,1144,1145,1205,1206,1172,1173,1174,1175,1146,1148,1149],"product_brands":[],"class_list":{"0":"post-35120","1":"product","2":"type-product","3":"status-publish","4":"has-post-thumbnail","6":"product_cat-medicos","7":"product_cat-personas-en-mexico","8":"product_tag-b2c-email-database","9":"product_tag-base-de-datos","10":"product_tag-base-de-datos-campana-de-email-marketing","11":"product_tag-base-de-datos-campanas-de-email-marketing","12":"product_tag-base-de-datos-correo-masivo","13":"product_tag-base-de-datos-correo-masivos","14":"product_tag-base-de-datos-de-personas-fisicas","15":"product_tag-base-de-datos-direct-e-mail-marketing","16":"product_tag-base-de-datos-e-mail-marketing","17":"product_tag-base-de-datos-email-marketer","18":"product_tag-base-de-datos-email-marketing","19":"product_tag-base-de-datos-email-masivos","20":"product_tag-base-de-datos-email-publicidad","21":"product_tag-base-de-datos-email-publicitario","22":"product_tag-base-de-datos-emailing","23":"product_tag-base-de-datos-enviar-email-masivo","24":"product_tag-base-de-datos-envio-de-email-masivo","25":"product_tag-base-de-datos-envio-masivo-correo","26":"product_tag-base-de-datos-envio-masivo-correos","27":"product_tag-base-de-datos-envio-masivo-de-emails","28":"product_tag-base-de-datos-envios-de-correo-masivos","29":"product_tag-base-de-datos-marketing","30":"product_tag-base-de-datos-marketing-por-e-mail","31":"product_tag-base-de-datos-marketing-por-email","32":"product_tag-base-de-datos-medicos","33":"product_tag-base-de-datos-monterrey","34":"product_tag-base-de-datos-nuevo-leon","35":"product_tag-base-de-datos-para-marketing","36":"product_tag-base-de-datos-personas-de-email-marketing","37":"product_tag-base-de-datos-publicidad-por-email","38":"product_tag-base-de-datos-zona-metropolitana","39":"product_tag-bases-de-datos-correos","40":"product_tag-bases-de-datos-correos-electronicos","41":"product_tag-bases-de-datos-de-emails","42":"product_tag-bases-de-datos-de-marketing","43":"product_tag-bases-de-datos-de-telefonos","44":"product_tag-bases-de-datos-email","45":"product_tag-bases-de-datos-numeros-de-telefonos","46":"product_tag-bases-de-datos-telefono","47":"product_tag-bases-de-datos-telefonos-fijos","48":"product_tag-big-consumer-database","49":"product_tag-business-contact-lists","50":"product_tag-buy-email-list","51":"product_tag-buy-email-list-database","52":"product_tag-consumer-contact-lists","53":"product_tag-consumer-database","54":"product_tag-consumer-directory","55":"product_tag-consumer-email-database","56":"product_tag-consumer-email-list","57":"product_tag-consumer-email-lists","58":"product_tag-consumer-list","59":"product_tag-consumer-mailing-database","60":"product_tag-consumer-mailing-list","61":"product_tag-consumer-mailing-lists","62":"product_tag-consumer-phone-list","63":"product_tag-correo-de-personas","64":"product_tag-correos-electronicos-de-personas","65":"product_tag-correos-electronicos-personas","66":"product_tag-correos-empresariales","67":"product_tag-database","68":"product_tag-directorios-monterrey","69":"product_tag-email-address-list","70":"product_tag-email-lists","71":"product_tag-email-marketing-list","72":"product_tag-list-of-email-addresses","73":"product_tag-lista-de-correos","74":"product_tag-lista-de-correos-electronicos","75":"product_tag-mail-marketing","76":"product_tag-marketing","77":"product_tag-marketing-correo-electronico","78":"product_tag-marketing-lists","79":"product_tag-nuevo-leon-database","80":"product_tag-phone","81":"product_tag-phone-database","82":"product_tag-phone-lists","83":"product_tag-phone-number","84":"product_tag-phone-number-list","85":"product_tag-publicidad-por-base-de-datos-correo-electronico","86":"product_tag-tele-marketing-list","87":"product_tag-telefono","89":"first","90":"instock","91":"sale","92":"virtual","93":"purchasable","94":"product-type-simple","95":"entry","96":"content-bg","97":"loop-entry"},"aioseo_notices":[],"_links":{"self":[{"href":"https:\/\/edirectorios.com.mx\/directorios-latinoamerica\/wp-json\/wp\/v2\/product\/35120","targetHints":{"allow":["GET"]}}],"collection":[{"href":"https:\/\/edirectorios.com.mx\/directorios-latinoamerica\/wp-json\/wp\/v2\/product"}],"about":[{"href":"https:\/\/edirectorios.com.mx\/directorios-latinoamerica\/wp-json\/wp\/v2\/types\/product"}],"version-history":[{"count":1,"href":"https:\/\/edirectorios.com.mx\/directorios-latinoamerica\/wp-json\/wp\/v2\/product\/35120\/revisions"}],"predecessor-version":[{"id":35165,"href":"https:\/\/edirectorios.com.mx\/directorios-latinoamerica\/wp-json\/wp\/v2\/product\/35120\/revisions\/35165"}],"wp:featuredmedia":[{"embeddable":true,"href":"https:\/\/edirectorios.com.mx\/directorios-latinoamerica\/wp-json\/wp\/v2\/media\/31161"}],"wp:attachment":[{"href":"https:\/\/edirectorios.com.mx\/directorios-latinoamerica\/wp-json\/wp\/v2\/media?parent=35120"}],"wp:term":[{"taxonomy":"product_brand","embeddable":true,"href":"https:\/\/edirectorios.com.mx\/directorios-latinoamerica\/wp-json\/wp\/v2\/product_brand?post=35120"},{"taxonomy":"product_cat","embeddable":true,"href":"https:\/\/edirectorios.com.mx\/directorios-latinoamerica\/wp-json\/wp\/v2\/product_cat?post=35120"},{"taxonomy":"product_tag","embeddable":true,"href":"https:\/\/edirectorios.com.mx\/directorios-latinoamerica\/wp-json\/wp\/v2\/product_tag?post=35120"},{"taxonomy":"product_brands","embeddable":true,"href":"https:\/\/edirectorios.com.mx\/directorios-latinoamerica\/wp-json\/wp\/v2\/product_brands?post=35120"}],"curies":[{"name":"wp","href":"https:\/\/api.w.org\/{rel}","templated":true}]}}