{"id":35094,"date":"2025-12-12T17:00:18","date_gmt":"2025-12-12T17:00:18","guid":{"rendered":"https:\/\/edirectorios.com.mx\/directorios-latinoamerica\/?post_type=product&#038;p=35094"},"modified":"2025-12-12T17:00:56","modified_gmt":"2025-12-12T17:00:56","slug":"empresas-de-salud-telecomunicaciones-academico-y-manufactura-con-500-registros-de-cada-industria-en-la-ciudad-de-mexico-y-estado-de-mexico","status":"publish","type":"product","link":"https:\/\/edirectorios.com.mx\/directorios-latinoamerica\/product\/empresas-de-salud-telecomunicaciones-academico-y-manufactura-con-500-registros-de-cada-industria-en-la-ciudad-de-mexico-y-estado-de-mexico\/","title":{"rendered":"Empresas de: Salud, telecomunicaciones, acad\u00e9mico y manufactura con 500 registros de cada industria en la Ciudad de M\u00e9xico y Estado de M\u00e9xico."},"content":{"rendered":"","protected":false},"excerpt":{"rendered":"<p>&nbsp;<\/p>\n<div class=\"row\">\n<div class=\"col-sm\"><strong>C\u00f3digo:<\/strong> <strong class=\"text-danger\">PTTJ-E9-1<\/strong><\/div>\n<div class=\"col-sm\"><strong>N\u00famero de registros:\u00a0<\/strong>2000<\/div>\n<\/div>\n<div class=\"row\">\n<div class=\"col-sm \"><strong>Folio: <\/strong><span class=\"text-danger\">MM0117B085<\/span><\/div>\n<\/div>\n<p><strong>Segmentaci\u00f3n:<\/strong><\/p>\n<div class=\"row\">\n<div class=\"col-sm \"><span class=\"text-justify\">Empresas de: Salud, telecomunicaciones, acad\u00e9mico y manufactura con 500 registros de cada industria en la Ciudad de M\u00e9xico y Estado de M\u00e9xico. <\/span><\/div>\n<\/div>\n<p><strong>Campos Contenidos:<\/strong><\/p>\n<div class=\"row\">\n<div class=\"col-sm \"><span class=\"text-justify\">Empresa \/Giro\/ Direcci\u00f3n \/ Ciudad \/ Estado \/ Contacto \/ Puesto: Tomadores de decisi\u00f3n de TI o Ingenieros TI o Gerentes TI o Directores TI.\/ Tel\u00e9fono \/ Email.<\/span><\/div>\n<\/div>\n<div class=\"row\">\n<div class=\"col-sm\">\n<p><strong>Garant\u00eda:\u00a0<\/strong>75%-85%<\/p>\n<p><strong>Precio Original:\u00a0<\/strong><del>$1295 USD<\/del><\/p>\n<p><strong>Descuento Especial:\u00a0<\/strong><strong class=\"text-danger\">25%<\/strong><\/p>\n<\/div>\n<\/div>\n<div class=\"row\">\n<div class=\"col text-center\"><strong>Total a Pagar:\u00a0<\/strong><strong class=\"text-danger\">$971 USD<\/strong><\/div>\n<\/div>\n","protected":false},"featured_media":31043,"template":"","meta":{"_bst_post_transparent":"","_bst_post_title":"","_bst_post_layout":"","_bst_post_sidebar_id":"","_bst_post_content_style":"","_bst_post_vertical_padding":"","_bst_post_feature":"","_bst_post_feature_position":"","_bst_post_header":false,"_bst_post_footer":false},"product_brand":[],"product_cat":[1278,1060,1277],"product_tag":[1062,1182,1063,1064,1066,1067,1068,1426,1153,1071,1072,1073,1074,1075,1076,1077,1078,1079,1212,1213,1155,1080,1081,1156,1082,1083,1084,1085,1086,1087,1160,1162,1261,1088,1089,1090,1092,1093,1408,1097,1098,1099,1100,1101,1246,1102,1103,1104,1178,1105,1106,1107,1229,1109,1110,1111,1112,1113,1114,1115,1116,1117,1118,1166,1119,1120,1121,1122,1123,1124,1170,1132,1133,1134,1136,1220,1137,1138,1139,1140,1141,1142,1143,1144,1145,1206,1172,1173,1174,1175,1146,1148],"product_brands":[],"class_list":{"0":"post-35094","1":"product","2":"type-product","3":"status-publish","4":"has-post-thumbnail","6":"product_cat-ciudad-de-mexico","7":"product_cat-empresas-en-mexico","8":"product_cat-zonas-mas-solicitadas","9":"product_tag-b2c-email-database","10":"product_tag-base-de-datos","11":"product_tag-base-de-datos-campana-de-email-marketing","12":"product_tag-base-de-datos-campanas-de-email-marketing","13":"product_tag-base-de-datos-ciudad-de-mexico","14":"product_tag-base-de-datos-correo-masivo","15":"product_tag-base-de-datos-correo-masivos","16":"product_tag-base-de-datos-de-ingenieros","17":"product_tag-base-de-datos-de-tomador-de-decision","18":"product_tag-base-de-datos-direct-e-mail-marketing","19":"product_tag-base-de-datos-director","20":"product_tag-base-de-datos-e-mail-marketing","21":"product_tag-base-de-datos-email-marketer","22":"product_tag-base-de-datos-email-marketing","23":"product_tag-base-de-datos-email-masivos","24":"product_tag-base-de-datos-email-publicidad","25":"product_tag-base-de-datos-email-publicitario","26":"product_tag-base-de-datos-emailing","27":"product_tag-base-de-datos-empresa","28":"product_tag-base-de-datos-empresarial","29":"product_tag-base-de-datos-empresas","30":"product_tag-base-de-datos-empresas-de-email-marketing","31":"product_tag-base-de-datos-enviar-email-masivo","32":"product_tag-base-de-datos-enviar-mailing","33":"product_tag-base-de-datos-envio-de-email-masivo","34":"product_tag-base-de-datos-envio-masivo-correo","35":"product_tag-base-de-datos-envio-masivo-correos","36":"product_tag-base-de-datos-envio-masivo-de-emails","37":"product_tag-base-de-datos-envios-de-correo-masivos","38":"product_tag-base-de-datos-estado-de-mexico","39":"product_tag-base-de-datos-gerente","40":"product_tag-base-de-datos-mailing-masivo","41":"product_tag-base-de-datos-manufacturera","42":"product_tag-base-de-datos-marketing","43":"product_tag-base-de-datos-marketing-por-e-mail","44":"product_tag-base-de-datos-marketing-por-email","45":"product_tag-base-de-datos-para-marketing","46":"product_tag-base-de-datos-publicidad-por-email","47":"product_tag-base-de-datos-telecomunicaciones","48":"product_tag-bases-de-datos-correos","49":"product_tag-bases-de-datos-correos-electronicos","50":"product_tag-bases-de-datos-de-emails","51":"product_tag-bases-de-datos-de-marketing","52":"product_tag-bases-de-datos-de-telefonos","53":"product_tag-bases-de-datos-director-de-ti","54":"product_tag-bases-de-datos-email","55":"product_tag-bases-de-datos-email-empresas","56":"product_tag-bases-de-datos-emailing","57":"product_tag-bases-de-datos-industrias","58":"product_tag-bases-de-datos-numeros-de-telefonos","59":"product_tag-bases-de-datos-telefono","60":"product_tag-bases-de-datos-telefonos-fijos","61":"product_tag-big-corporates-database","62":"product_tag-business-contact-lists","63":"product_tag-business-directory","64":"product_tag-business-email-database","65":"product_tag-business-email-list","66":"product_tag-business-email-lists","67":"product_tag-business-mailing-database","68":"product_tag-business-mailing-lists","69":"product_tag-buy-email-database","70":"product_tag-buy-email-list","71":"product_tag-buy-email-list-database","72":"product_tag-companies-email-address-list","73":"product_tag-company-database","74":"product_tag-correo-de-empresas","75":"product_tag-correos-de-empresas","76":"product_tag-correos-electronicos-de-empresas","77":"product_tag-correos-electronicos-empresas","78":"product_tag-correos-empresariales","79":"product_tag-database","80":"product_tag-e-mail-database","81":"product_tag-email-address-list","82":"product_tag-email-database","83":"product_tag-email-marketing-list","84":"product_tag-gerentes","85":"product_tag-list-of-email-addresses","86":"product_tag-lista-de-correos","87":"product_tag-lista-de-correos-electronicos","88":"product_tag-mail-marketing","89":"product_tag-mailing-database","90":"product_tag-mailing-list","91":"product_tag-marketing","92":"product_tag-marketing-correo-electronico","93":"product_tag-marketing-lists","94":"product_tag-phone","95":"product_tag-phone-database","96":"product_tag-phone-lists","97":"product_tag-phone-number","98":"product_tag-phone-number-list","99":"product_tag-publicidad-por-base-de-datos-correo-electronico","100":"product_tag-tele-marketing-list","102":"first","103":"instock","104":"sale","105":"virtual","106":"purchasable","107":"product-type-simple","108":"entry","109":"content-bg","110":"loop-entry"},"aioseo_notices":[],"_links":{"self":[{"href":"https:\/\/edirectorios.com.mx\/directorios-latinoamerica\/wp-json\/wp\/v2\/product\/35094","targetHints":{"allow":["GET"]}}],"collection":[{"href":"https:\/\/edirectorios.com.mx\/directorios-latinoamerica\/wp-json\/wp\/v2\/product"}],"about":[{"href":"https:\/\/edirectorios.com.mx\/directorios-latinoamerica\/wp-json\/wp\/v2\/types\/product"}],"version-history":[{"count":1,"href":"https:\/\/edirectorios.com.mx\/directorios-latinoamerica\/wp-json\/wp\/v2\/product\/35094\/revisions"}],"predecessor-version":[{"id":35138,"href":"https:\/\/edirectorios.com.mx\/directorios-latinoamerica\/wp-json\/wp\/v2\/product\/35094\/revisions\/35138"}],"wp:featuredmedia":[{"embeddable":true,"href":"https:\/\/edirectorios.com.mx\/directorios-latinoamerica\/wp-json\/wp\/v2\/media\/31043"}],"wp:attachment":[{"href":"https:\/\/edirectorios.com.mx\/directorios-latinoamerica\/wp-json\/wp\/v2\/media?parent=35094"}],"wp:term":[{"taxonomy":"product_brand","embeddable":true,"href":"https:\/\/edirectorios.com.mx\/directorios-latinoamerica\/wp-json\/wp\/v2\/product_brand?post=35094"},{"taxonomy":"product_cat","embeddable":true,"href":"https:\/\/edirectorios.com.mx\/directorios-latinoamerica\/wp-json\/wp\/v2\/product_cat?post=35094"},{"taxonomy":"product_tag","embeddable":true,"href":"https:\/\/edirectorios.com.mx\/directorios-latinoamerica\/wp-json\/wp\/v2\/product_tag?post=35094"},{"taxonomy":"product_brands","embeddable":true,"href":"https:\/\/edirectorios.com.mx\/directorios-latinoamerica\/wp-json\/wp\/v2\/product_brands?post=35094"}],"curies":[{"name":"wp","href":"https:\/\/api.w.org\/{rel}","templated":true}]}}