{"id":35089,"date":"2025-12-12T17:00:17","date_gmt":"2025-12-12T17:00:17","guid":{"rendered":"https:\/\/edirectorios.com.mx\/directorios-latinoamerica\/?post_type=product&#038;p=35089"},"modified":"2025-12-12T17:00:50","modified_gmt":"2025-12-12T17:00:50","slug":"empresas-msp-y-de-ti-en-la-ciudad-de-tijuana-baja-california-y-los-estados-de-sonora-queretaro-jalisco-puebla","status":"publish","type":"product","link":"https:\/\/edirectorios.com.mx\/directorios-latinoamerica\/product\/empresas-msp-y-de-ti-en-la-ciudad-de-tijuana-baja-california-y-los-estados-de-sonora-queretaro-jalisco-puebla\/","title":{"rendered":"Empresas MSP* y de TI en la ciudad de Tijuana, Baja California y los Estados de Sonora, Quer\u00e9taro, Jalisco, Puebla."},"content":{"rendered":"","protected":false},"excerpt":{"rendered":"<p>&nbsp;<\/p>\n<div class=\"row\">\n<div class=\"col-sm\"><strong>C\u00f3digo:<\/strong> <strong class=\"text-danger\">DBSJ-R2<\/strong><\/div>\n<div class=\"col-sm\"><strong>N\u00famero de registros: <\/strong>300<\/div>\n<\/div>\n<div class=\"row\">\n<div class=\"col-sm \"><strong>Folio: <\/strong><span class=\"text-danger\">03AVAV0620-137<\/span><\/div>\n<\/div>\n<p><strong>Segmentaci\u00f3n:<\/strong><\/p>\n<div class=\"row\">\n<div class=\"col-sm \"><span class=\"text-justify\">Empresas MSP* y de TI en la ciudad de Tijuana, Baja California y los Estados de Sonora, Quer\u00e9taro, Jalisco, Puebla, Ciudad de M\u00e9xico, Estado de M\u00e9xico, Durango, Zacatecas, San Luis Potos\u00ed, Guanajuato, Michoac\u00e1n, Morelos, Veracruz y Yucat\u00e1n.<\/span><\/div>\n<\/div>\n<p><strong>Campos Contenidos:<\/strong><\/p>\n<div class=\"row\">\n<div class=\"col-sm \"><span class=\"text-justify\">Empresa \/ Giro \/ Direcci\u00f3n \/ Ciudad \/ Estado \/ Contacto \/ Puesto: Director General o Socios o Directivos o Gerentes Generales o Tomador de decisi\u00f3n\/ Tel\u00e9fono \/ Email \/ P\u00e1gina web*opcional.<\/span><\/div>\n<\/div>\n<div class=\"row\">\n<div class=\"col-sm\">\n<p><strong>Garant\u00eda: <\/strong>80%-85%<\/p>\n<p><strong>Precio Original: <\/strong><del>$140 USD<\/del><\/p>\n<p><strong>Descuento Especial: <\/strong><strong class=\"text-danger\">20%<\/strong><\/p>\n<\/div>\n<\/div>\n<div class=\"row\">\n<div class=\"col text-center\"><strong>Total a Pagar: <\/strong><strong class=\"text-danger\">$112 USD<\/strong><\/div>\n<\/div>\n","protected":false},"featured_media":31013,"template":"","meta":{"_bst_post_transparent":"","_bst_post_title":"","_bst_post_layout":"","_bst_post_sidebar_id":"","_bst_post_content_style":"","_bst_post_vertical_padding":"","_bst_post_feature":"","_bst_post_feature_position":"","_bst_post_header":false,"_bst_post_footer":false},"product_brand":[],"product_cat":[1060],"product_tag":[1062,1182,1183,1063,1064,1066,1067,1068,1152,1069,1211,1070,1258,1153,1071,1425,1074,1075,1076,1077,1078,1079,1155,1080,1081,1082,1157,1083,1084,1085,1158,1086,1159,1087,1160,1269,1088,1089,1090,1092,1093,1270,1217,1163,1271,1291,1095,1317,1097,1098,1099,1100,1101,1102,1104,1226,1179,1165,1105,1228,1106,1107,1108,1229,1111,1114,1116,1117,1118,1119,1167,1170,1254,1133,1135,1136,1220,1137,1138,1139,1140,1142,1144,1145,1206,1172,1173,1174,1175,1146,1149,1487],"product_brands":[],"class_list":{"0":"post-35089","1":"product","2":"type-product","3":"status-publish","4":"has-post-thumbnail","6":"product_cat-empresas-en-mexico","7":"product_tag-b2c-email-database","8":"product_tag-base-de-datos","9":"product_tag-base-de-datos-baja-california","10":"product_tag-base-de-datos-campana-de-email-marketing","11":"product_tag-base-de-datos-campanas-de-email-marketing","12":"product_tag-base-de-datos-ciudad-de-mexico","13":"product_tag-base-de-datos-correo-masivo","14":"product_tag-base-de-datos-correo-masivos","15":"product_tag-base-de-datos-de-directivos","16":"product_tag-base-de-datos-de-director-general","17":"product_tag-base-de-datos-de-empresas-b2b","18":"product_tag-base-de-datos-de-empresas-puebla","19":"product_tag-base-de-datos-de-morelos","20":"product_tag-base-de-datos-de-tomador-de-decision","21":"product_tag-base-de-datos-direct-e-mail-marketing","22":"product_tag-base-de-datos-durango","23":"product_tag-base-de-datos-email-marketer","24":"product_tag-base-de-datos-email-marketing","25":"product_tag-base-de-datos-email-masivos","26":"product_tag-base-de-datos-email-publicidad","27":"product_tag-base-de-datos-email-publicitario","28":"product_tag-base-de-datos-emailing","29":"product_tag-base-de-datos-empresas","30":"product_tag-base-de-datos-empresas-de-email-marketing","31":"product_tag-base-de-datos-enviar-email-masivo","32":"product_tag-base-de-datos-envio-de-email-masivo","33":"product_tag-base-de-datos-envio-masivo","34":"product_tag-base-de-datos-envio-masivo-correo","35":"product_tag-base-de-datos-envio-masivo-correos","36":"product_tag-base-de-datos-envio-masivo-de-emails","37":"product_tag-base-de-datos-envio-masivos","38":"product_tag-base-de-datos-envios-de-correo-masivos","39":"product_tag-base-de-datos-envios-masivos","40":"product_tag-base-de-datos-estado-de-mexico","41":"product_tag-base-de-datos-gerente","42":"product_tag-base-de-datos-guanajuato","43":"product_tag-base-de-datos-marketing","44":"product_tag-base-de-datos-marketing-por-e-mail","45":"product_tag-base-de-datos-marketing-por-email","46":"product_tag-base-de-datos-para-marketing","47":"product_tag-base-de-datos-publicidad-por-email","48":"product_tag-base-de-datos-queretaro","49":"product_tag-base-de-datos-san-luis-potosi","50":"product_tag-base-de-datos-socio","51":"product_tag-base-de-datos-sonora","52":"product_tag-base-de-datos-tecnologias-de-la-informacion","53":"product_tag-base-de-datos-veracruz","54":"product_tag-base-de-datos-yucatan","55":"product_tag-bases-de-datos-correos","56":"product_tag-bases-de-datos-correos-electronicos","57":"product_tag-bases-de-datos-de-emails","58":"product_tag-bases-de-datos-de-marketing","59":"product_tag-bases-de-datos-de-telefonos","60":"product_tag-bases-de-datos-email","61":"product_tag-bases-de-datos-emailing","62":"product_tag-bases-de-datos-emails","63":"product_tag-bases-de-datos-jalisco","64":"product_tag-bases-de-datos-mailing","65":"product_tag-bases-de-datos-numeros-de-telefonos","66":"product_tag-bases-de-datos-para-ventas","67":"product_tag-bases-de-datos-telefono","68":"product_tag-bases-de-datos-telefonos-fijos","69":"product_tag-bases-de-datos-veracruz","70":"product_tag-big-corporates-database","71":"product_tag-business-email-database","72":"product_tag-business-mailing-database","73":"product_tag-buy-email-database","74":"product_tag-buy-email-list","75":"product_tag-buy-email-list-database","76":"product_tag-company-database","77":"product_tag-company-email-address-list","78":"product_tag-database","79":"product_tag-databases","80":"product_tag-email-address-list","81":"product_tag-email-lists","82":"product_tag-email-marketing-list","83":"product_tag-gerentes","84":"product_tag-list-of-email-addresses","85":"product_tag-lista-de-correos","86":"product_tag-lista-de-correos-electronicos","87":"product_tag-mail-marketing","88":"product_tag-mailing-list","89":"product_tag-marketing-correo-electronico","90":"product_tag-marketing-lists","91":"product_tag-phone","92":"product_tag-phone-database","93":"product_tag-phone-lists","94":"product_tag-phone-number","95":"product_tag-phone-number-list","96":"product_tag-publicidad-por-base-de-datos-correo-electronico","97":"product_tag-telefono","98":"product_tag-zacatecas","100":"first","101":"instock","102":"sale","103":"virtual","104":"purchasable","105":"product-type-simple","106":"entry","107":"content-bg","108":"loop-entry"},"aioseo_notices":[],"_links":{"self":[{"href":"https:\/\/edirectorios.com.mx\/directorios-latinoamerica\/wp-json\/wp\/v2\/product\/35089","targetHints":{"allow":["GET"]}}],"collection":[{"href":"https:\/\/edirectorios.com.mx\/directorios-latinoamerica\/wp-json\/wp\/v2\/product"}],"about":[{"href":"https:\/\/edirectorios.com.mx\/directorios-latinoamerica\/wp-json\/wp\/v2\/types\/product"}],"version-history":[{"count":1,"href":"https:\/\/edirectorios.com.mx\/directorios-latinoamerica\/wp-json\/wp\/v2\/product\/35089\/revisions"}],"predecessor-version":[{"id":35133,"href":"https:\/\/edirectorios.com.mx\/directorios-latinoamerica\/wp-json\/wp\/v2\/product\/35089\/revisions\/35133"}],"wp:featuredmedia":[{"embeddable":true,"href":"https:\/\/edirectorios.com.mx\/directorios-latinoamerica\/wp-json\/wp\/v2\/media\/31013"}],"wp:attachment":[{"href":"https:\/\/edirectorios.com.mx\/directorios-latinoamerica\/wp-json\/wp\/v2\/media?parent=35089"}],"wp:term":[{"taxonomy":"product_brand","embeddable":true,"href":"https:\/\/edirectorios.com.mx\/directorios-latinoamerica\/wp-json\/wp\/v2\/product_brand?post=35089"},{"taxonomy":"product_cat","embeddable":true,"href":"https:\/\/edirectorios.com.mx\/directorios-latinoamerica\/wp-json\/wp\/v2\/product_cat?post=35089"},{"taxonomy":"product_tag","embeddable":true,"href":"https:\/\/edirectorios.com.mx\/directorios-latinoamerica\/wp-json\/wp\/v2\/product_tag?post=35089"},{"taxonomy":"product_brands","embeddable":true,"href":"https:\/\/edirectorios.com.mx\/directorios-latinoamerica\/wp-json\/wp\/v2\/product_brands?post=35089"}],"curies":[{"name":"wp","href":"https:\/\/api.w.org\/{rel}","templated":true}]}}