{"id":35072,"date":"2025-12-12T16:59:53","date_gmt":"2025-12-12T16:59:53","guid":{"rendered":"https:\/\/edirectorios.com.mx\/directorios-latinoamerica\/?post_type=product&#038;p=35072"},"modified":"2025-12-12T17:00:45","modified_gmt":"2025-12-12T17:00:45","slug":"personas-fisicas-que-tengan-de-18-a-65-anos-de-edad-economicamente-activas-que-sean-tarjetahabientes-en-sao-paulo-brasil","status":"publish","type":"product","link":"https:\/\/edirectorios.com.mx\/directorios-latinoamerica\/product\/personas-fisicas-que-tengan-de-18-a-65-anos-de-edad-economicamente-activas-que-sean-tarjetahabientes-en-sao-paulo-brasil\/","title":{"rendered":"Personas f\u00edsicas,  que tengan de 18 a 65 a\u00f1os de edad, econ\u00f3micamente activas que sean tarjetahabientes en Sao Paulo (Brasil)"},"content":{"rendered":"","protected":false},"excerpt":{"rendered":"<p>&nbsp;<\/p>\n<div class=\"row\">\n<div class=\"col-sm\"><strong>C\u00f3digo:<\/strong> <span style=\"color: #ff0000;\"><strong>TFBS-D0<\/strong><\/span><\/div>\n<div class=\"col-sm\"><strong>N\u00famero de registros: 2400<\/strong><\/div>\n<\/div>\n<div class=\"row\">\n<div class=\"col-sm \"><strong>Folio: <span style=\"color: #ff0000;\">AN0518B059<\/span><\/strong><\/div>\n<\/div>\n<p><strong>Segmentaci\u00f3n:<\/strong><\/p>\n<p>Personas f\u00edsicas, que tengan de 18 a 65 a\u00f1os de edad, econ\u00f3micamente activas que sean tarjetahabientes en Sao Paulo (Brasil) 400 registros, Santiago (Chile) 400 registros, Buenos Aires (Argentina) 400 registros, Santo Domingo (Rep\u00fablica Dominicana) 400 registros, Bogot\u00e1 (Colombia) 400 registros y Panam\u00e1 (Panam\u00e1) 400 registros.<\/p>\n<p><strong>Campos Contenidos:<\/strong><\/p>\n<div class=\"row\">\n<div class=\"col-sm \">Nombre \/ Direcci\u00f3n \/ Ciudad \/ Estado \/ Tel\u00e9fono \/ Email.<\/div>\n<div><\/div>\n<\/div>\n<div class=\"row\">\n<div class=\"col-sm\"><strong>Garant\u00eda: 80%-85%<\/strong>\u00a0<strong>Precio Original:\u00a0<\/strong><del>$1132 USD<\/del>\u00a0<strong>Descuento Especial:\u00a0<span style=\"color: #ff0000;\">20<\/span><\/strong><span style=\"color: #ff0000;\"><strong class=\"text-danger\">%<\/strong><\/span><\/div>\n<\/div>\n<div class=\"row\">\n<div class=\"col text-center\"><strong>Total a Pagar:\u00a0<\/strong><span style=\"color: #ff0000;\"><strong class=\"text-danger\">$906 USD<\/strong><\/span><\/div>\n<\/div>\n","protected":false},"featured_media":32233,"template":"","meta":{"_bst_post_transparent":"","_bst_post_title":"","_bst_post_layout":"","_bst_post_sidebar_id":"","_bst_post_content_style":"","_bst_post_vertical_padding":"","_bst_post_feature":"","_bst_post_feature_position":"","_bst_post_header":false,"_bst_post_footer":false},"product_brand":[],"product_cat":[1233,1477],"product_tag":[1235,1062,1182,1236,1237,1478,1451,1063,1064,1238,1239,1479,1067,1068,1186,1187,1071,1073,1074,1075,1076,1077,1078,1079,1081,1156,1082,1083,1084,1085,1086,1244,1161,1162,1088,1089,1090,1393,1092,1189,1093,1457,1480,1097,1098,1099,1100,1101,1102,1104,1165,1105,1106,1107,1190,1481,1117,1118,1247,1248,1191,1192,1193,1194,1195,1196,1197,1198,1199,1200,1201,1202,1203,1204,1170,1126,1482,1133,1135,1136,1251,1252,1137,1138,1139,1140,1142,1143,1144,1145,1483,1395,1206,1172,1173,1174,1175,1146,1484,1148,1149],"product_brands":[],"class_list":{"0":"post-35072","1":"product","2":"type-product","3":"status-publish","4":"has-post-thumbnail","6":"product_cat-latinoamerica","7":"product_cat-personas","8":"product_tag-argentina-database","9":"product_tag-b2c-email-database","10":"product_tag-base-de-datos","11":"product_tag-base-de-datos-america-latina","12":"product_tag-base-de-datos-argentina","13":"product_tag-base-de-datos-bogota","14":"product_tag-base-de-datos-brasil","15":"product_tag-base-de-datos-campana-de-email-marketing","16":"product_tag-base-de-datos-campanas-de-email-marketing","17":"product_tag-base-de-datos-chile","18":"product_tag-base-de-datos-colombia","19":"product_tag-base-de-datos-consumidores-en-latinoamerica","20":"product_tag-base-de-datos-correo-masivo","21":"product_tag-base-de-datos-correo-masivos","22":"product_tag-base-de-datos-de-personas-fisicas","23":"product_tag-base-de-datos-de-tarjetahabientes","24":"product_tag-base-de-datos-direct-e-mail-marketing","25":"product_tag-base-de-datos-e-mail-marketing","26":"product_tag-base-de-datos-email-marketer","27":"product_tag-base-de-datos-email-marketing","28":"product_tag-base-de-datos-email-masivos","29":"product_tag-base-de-datos-email-publicidad","30":"product_tag-base-de-datos-email-publicitario","31":"product_tag-base-de-datos-emailing","32":"product_tag-base-de-datos-enviar-email-masivo","33":"product_tag-base-de-datos-enviar-mailing","34":"product_tag-base-de-datos-envio-de-email-masivo","35":"product_tag-base-de-datos-envio-masivo-correo","36":"product_tag-base-de-datos-envio-masivo-correos","37":"product_tag-base-de-datos-envio-masivo-de-emails","38":"product_tag-base-de-datos-envios-de-correo-masivos","39":"product_tag-base-de-datos-latam","40":"product_tag-base-de-datos-mailing","41":"product_tag-base-de-datos-mailing-masivo","42":"product_tag-base-de-datos-marketing","43":"product_tag-base-de-datos-marketing-por-e-mail","44":"product_tag-base-de-datos-marketing-por-email","45":"product_tag-base-de-datos-panama","46":"product_tag-base-de-datos-para-marketing","47":"product_tag-base-de-datos-personas-de-email-marketing","48":"product_tag-base-de-datos-publicidad-por-email","49":"product_tag-base-de-datos-republica-dominicana","50":"product_tag-base-de-datos-sao-paulo","51":"product_tag-bases-de-datos-correos","52":"product_tag-bases-de-datos-correos-electronicos","53":"product_tag-bases-de-datos-de-emails","54":"product_tag-bases-de-datos-de-marketing","55":"product_tag-bases-de-datos-de-telefonos","56":"product_tag-bases-de-datos-email","57":"product_tag-bases-de-datos-emailing","58":"product_tag-bases-de-datos-mailing","59":"product_tag-bases-de-datos-numeros-de-telefonos","60":"product_tag-bases-de-datos-telefono","61":"product_tag-bases-de-datos-telefonos-fijos","62":"product_tag-big-consumer-database","63":"product_tag-brasil-database","64":"product_tag-buy-email-list","65":"product_tag-buy-email-list-database","66":"product_tag-chile-database","67":"product_tag-colombia-database","68":"product_tag-consumer-contact-lists","69":"product_tag-consumer-database","70":"product_tag-consumer-directory","71":"product_tag-consumer-email-database","72":"product_tag-consumer-email-list","73":"product_tag-consumer-email-lists","74":"product_tag-consumer-list","75":"product_tag-consumer-mailing-database","76":"product_tag-consumer-mailing-list","77":"product_tag-consumer-mailing-lists","78":"product_tag-consumer-phone-list","79":"product_tag-correo-de-personas","80":"product_tag-correos-electronicos-de-personas","81":"product_tag-correos-electronicos-personas","82":"product_tag-database","83":"product_tag-directorio-emailing","84":"product_tag-directorios-consumidores-latinoamerica","85":"product_tag-email-address-list","86":"product_tag-email-lists","87":"product_tag-email-marketing-list","88":"product_tag-latam-database","89":"product_tag-latinoamerica-database","90":"product_tag-list-of-email-addresses","91":"product_tag-lista-de-correos","92":"product_tag-lista-de-correos-electronicos","93":"product_tag-mail-marketing","94":"product_tag-mailing-list","95":"product_tag-marketing","96":"product_tag-marketing-correo-electronico","97":"product_tag-marketing-lists","98":"product_tag-panama","99":"product_tag-panama-database","100":"product_tag-phone","101":"product_tag-phone-database","102":"product_tag-phone-lists","103":"product_tag-phone-number","104":"product_tag-phone-number-list","105":"product_tag-publicidad-por-base-de-datos-correo-electronico","106":"product_tag-republica-dominicana-database","107":"product_tag-tele-marketing-list","108":"product_tag-telefono","110":"first","111":"instock","112":"sale","113":"shipping-taxable","114":"purchasable","115":"product-type-simple","116":"entry","117":"content-bg","118":"loop-entry"},"aioseo_notices":[],"_links":{"self":[{"href":"https:\/\/edirectorios.com.mx\/directorios-latinoamerica\/wp-json\/wp\/v2\/product\/35072","targetHints":{"allow":["GET"]}}],"collection":[{"href":"https:\/\/edirectorios.com.mx\/directorios-latinoamerica\/wp-json\/wp\/v2\/product"}],"about":[{"href":"https:\/\/edirectorios.com.mx\/directorios-latinoamerica\/wp-json\/wp\/v2\/types\/product"}],"version-history":[{"count":1,"href":"https:\/\/edirectorios.com.mx\/directorios-latinoamerica\/wp-json\/wp\/v2\/product\/35072\/revisions"}],"predecessor-version":[{"id":35129,"href":"https:\/\/edirectorios.com.mx\/directorios-latinoamerica\/wp-json\/wp\/v2\/product\/35072\/revisions\/35129"}],"wp:featuredmedia":[{"embeddable":true,"href":"https:\/\/edirectorios.com.mx\/directorios-latinoamerica\/wp-json\/wp\/v2\/media\/32233"}],"wp:attachment":[{"href":"https:\/\/edirectorios.com.mx\/directorios-latinoamerica\/wp-json\/wp\/v2\/media?parent=35072"}],"wp:term":[{"taxonomy":"product_brand","embeddable":true,"href":"https:\/\/edirectorios.com.mx\/directorios-latinoamerica\/wp-json\/wp\/v2\/product_brand?post=35072"},{"taxonomy":"product_cat","embeddable":true,"href":"https:\/\/edirectorios.com.mx\/directorios-latinoamerica\/wp-json\/wp\/v2\/product_cat?post=35072"},{"taxonomy":"product_tag","embeddable":true,"href":"https:\/\/edirectorios.com.mx\/directorios-latinoamerica\/wp-json\/wp\/v2\/product_tag?post=35072"},{"taxonomy":"product_brands","embeddable":true,"href":"https:\/\/edirectorios.com.mx\/directorios-latinoamerica\/wp-json\/wp\/v2\/product_brands?post=35072"}],"curies":[{"name":"wp","href":"https:\/\/api.w.org\/{rel}","templated":true}]}}