{"id":35068,"date":"2025-12-12T16:59:53","date_gmt":"2025-12-12T16:59:53","guid":{"rendered":"https:\/\/edirectorios.com.mx\/directorios-latinoamerica\/?post_type=product&#038;p=35068"},"modified":"2025-12-12T17:00:35","modified_gmt":"2025-12-12T17:00:35","slug":"doctores-medicos-enfermeras-trabajadores-de-clinicas-y-laboratorios-cirujanos-en-hospitales-a-nivel-nacional","status":"publish","type":"product","link":"https:\/\/edirectorios.com.mx\/directorios-latinoamerica\/product\/doctores-medicos-enfermeras-trabajadores-de-clinicas-y-laboratorios-cirujanos-en-hospitales-a-nivel-nacional\/","title":{"rendered":"Doctores, M\u00e9dicos, Enfermeras, Trabajadores de Cl\u00ednicas y Laboratorios, Cirujanos, en hospitales a Nivel Nacional."},"content":{"rendered":"","protected":false},"excerpt":{"rendered":"<p>&nbsp;<\/p>\n<div class=\"row\">\n<div class=\"col-sm\"><strong>C\u00f3digo:<\/strong> <strong class=\"text-danger\">NBCB-D5<\/strong><\/div>\n<div class=\"col-sm\"><strong>N\u00famero de registros: <\/strong>2400<\/div>\n<\/div>\n<div class=\"row\">\n<div class=\"col-sm \"><strong>Folio: <\/strong><span class=\"text-danger\">03UMJP1117-046<\/span><\/div>\n<\/div>\n<p><strong>Segmentaci\u00f3n:<\/strong><\/p>\n<div class=\"row\">\n<div class=\"col-sm \"><span class=\"text-justify\">Doctores, M\u00e9dicos, Enfermeras, Trabajadores de Cl\u00ednicas y Laboratorios, Cirujanos, que sean 40% de g\u00e9nero masculino, 60% g\u00e9nero femenino, de las siguientes edades: de 19-24 a\u00f1os el 5%, de 25-34 a\u00f1os el 20%, de 35-44 a\u00f1os el 40%, de 44-55 a\u00f1os el 25%, de m\u00e1s de 55 a\u00f1os el 10%, de un NSE A\/B el 30%, y NSE C+ EL 50%, NSE C el 20%, en hospitales a Nivel Nacional, repartidos de la siguiente manera, Ciudad de M\u00e9xico el 30%, Baja California, Baja California Sur, Chihuahua, Durango, Sinaloa y Sonora el 20%, Jalisco y Nuevo Le\u00f3n 15%, Estado de M\u00e9xico y Morelos 15%, Hidalgo, Puebla, Tlaxcala y Veracruz 10%, Aguascalientes, Guanajuato, Quer\u00e9taro, San Luis Potos\u00ed y Zacatecas 10%.<\/span><\/div>\n<\/div>\n<p><strong>Campos Contenidos:<\/strong><\/p>\n<div class=\"row\">\n<div class=\"col-sm \"><span class=\"text-justify\">Nombre \/ Direcci\u00f3n \/ Ciudad \/ Estado \/ Tel\u00e9fono Fijo\/ Email.<\/span><\/div>\n<\/div>\n<div class=\"row\">\n<div class=\"col-sm\">\n<p><strong>Garant\u00eda: <\/strong>80%-85%<\/p>\n<p><strong>Precio Original: <\/strong><del>$1220 USD<\/del><\/p>\n<p><strong>Descuento Especial: <\/strong><strong class=\"text-danger\">20%<\/strong><\/p>\n<\/div>\n<\/div>\n<div class=\"row\">\n<div class=\"col text-center\"><strong>Total a Pagar: <\/strong><strong class=\"text-danger\">$976 USD<\/strong><\/div>\n<\/div>\n","protected":false},"featured_media":31161,"template":"","meta":{"_bst_post_transparent":"","_bst_post_title":"","_bst_post_layout":"","_bst_post_sidebar_id":"","_bst_post_content_style":"","_bst_post_vertical_padding":"","_bst_post_feature":"","_bst_post_feature_position":"","_bst_post_header":false,"_bst_post_footer":false},"product_brand":[],"product_cat":[1360,1180],"product_tag":[1062,1182,1306,1183,1063,1064,1315,1448,1066,1067,1068,1400,1258,1207,1208,1209,1186,1371,1071,1425,1073,1074,1075,1076,1077,1078,1079,1081,1082,1083,1084,1085,1086,1087,1269,1088,1089,1090,1361,1224,1188,1092,1189,1093,1270,1217,1316,1271,1095,1097,1098,1099,1100,1101,1102,1179,1105,1106,1107,1108,1190,1109,1117,1118,1191,1192,1193,1194,1195,1196,1197,1198,1199,1200,1201,1202,1203,1204,1124,1170,1133,1135,1136,1137,1138,1139,1140,1143,1144,1145,1230,1205,1206,1172,1173,1174,1175,1146,1148,1149],"product_brands":[],"class_list":{"0":"post-35068","1":"product","2":"type-product","3":"status-publish","4":"has-post-thumbnail","6":"product_cat-medicos","7":"product_cat-personas-en-mexico","8":"product_tag-b2c-email-database","9":"product_tag-base-de-datos","10":"product_tag-base-de-datos-aguascalientes","11":"product_tag-base-de-datos-baja-california","12":"product_tag-base-de-datos-campana-de-email-marketing","13":"product_tag-base-de-datos-campanas-de-email-marketing","14":"product_tag-base-de-datos-chihuahua","15":"product_tag-base-de-datos-cirujanos","16":"product_tag-base-de-datos-ciudad-de-mexico","17":"product_tag-base-de-datos-correo-masivo","18":"product_tag-base-de-datos-correo-masivos","19":"product_tag-base-de-datos-de-doctores","20":"product_tag-base-de-datos-de-morelos","21":"product_tag-base-de-datos-de-nse","22":"product_tag-base-de-datos-de-nse-a-b","23":"product_tag-base-de-datos-de-nse-c","24":"product_tag-base-de-datos-de-personas-fisicas","25":"product_tag-base-de-datos-de-personas-puebla","26":"product_tag-base-de-datos-direct-e-mail-marketing","27":"product_tag-base-de-datos-durango","28":"product_tag-base-de-datos-e-mail-marketing","29":"product_tag-base-de-datos-email-marketer","30":"product_tag-base-de-datos-email-marketing","31":"product_tag-base-de-datos-email-masivos","32":"product_tag-base-de-datos-email-publicidad","33":"product_tag-base-de-datos-email-publicitario","34":"product_tag-base-de-datos-emailing","35":"product_tag-base-de-datos-enviar-email-masivo","36":"product_tag-base-de-datos-envio-de-email-masivo","37":"product_tag-base-de-datos-envio-masivo-correo","38":"product_tag-base-de-datos-envio-masivo-correos","39":"product_tag-base-de-datos-envio-masivo-de-emails","40":"product_tag-base-de-datos-envios-de-correo-masivos","41":"product_tag-base-de-datos-estado-de-mexico","42":"product_tag-base-de-datos-guanajuato","43":"product_tag-base-de-datos-marketing","44":"product_tag-base-de-datos-marketing-por-e-mail","45":"product_tag-base-de-datos-marketing-por-email","46":"product_tag-base-de-datos-medicos","47":"product_tag-base-de-datos-nivel-nacional","48":"product_tag-base-de-datos-nuevo-leon","49":"product_tag-base-de-datos-para-marketing","50":"product_tag-base-de-datos-personas-de-email-marketing","51":"product_tag-base-de-datos-publicidad-por-email","52":"product_tag-base-de-datos-queretaro","53":"product_tag-base-de-datos-san-luis-potosi","54":"product_tag-base-de-datos-sinaloa","55":"product_tag-base-de-datos-sonora","56":"product_tag-base-de-datos-veracruz","57":"product_tag-bases-de-datos-correos","58":"product_tag-bases-de-datos-correos-electronicos","59":"product_tag-bases-de-datos-de-emails","60":"product_tag-bases-de-datos-de-marketing","61":"product_tag-bases-de-datos-de-telefonos","62":"product_tag-bases-de-datos-email","63":"product_tag-bases-de-datos-jalisco","64":"product_tag-bases-de-datos-numeros-de-telefonos","65":"product_tag-bases-de-datos-telefono","66":"product_tag-bases-de-datos-telefonos-fijos","67":"product_tag-bases-de-datos-veracruz","68":"product_tag-big-consumer-database","69":"product_tag-business-contact-lists","70":"product_tag-buy-email-list","71":"product_tag-buy-email-list-database","72":"product_tag-consumer-contact-lists","73":"product_tag-consumer-database","74":"product_tag-consumer-directory","75":"product_tag-consumer-email-database","76":"product_tag-consumer-email-list","77":"product_tag-consumer-email-lists","78":"product_tag-consumer-list","79":"product_tag-consumer-mailing-database","80":"product_tag-consumer-mailing-list","81":"product_tag-consumer-mailing-lists","82":"product_tag-consumer-phone-list","83":"product_tag-correo-de-personas","84":"product_tag-correos-electronicos-de-personas","85":"product_tag-correos-electronicos-personas","86":"product_tag-correos-empresariales","87":"product_tag-database","88":"product_tag-email-address-list","89":"product_tag-email-lists","90":"product_tag-email-marketing-list","91":"product_tag-list-of-email-addresses","92":"product_tag-lista-de-correos","93":"product_tag-lista-de-correos-electronicos","94":"product_tag-mail-marketing","95":"product_tag-marketing","96":"product_tag-marketing-correo-electronico","97":"product_tag-marketing-lists","98":"product_tag-national-database","99":"product_tag-nuevo-leon-database","100":"product_tag-phone","101":"product_tag-phone-database","102":"product_tag-phone-lists","103":"product_tag-phone-number","104":"product_tag-phone-number-list","105":"product_tag-publicidad-por-base-de-datos-correo-electronico","106":"product_tag-tele-marketing-list","107":"product_tag-telefono","109":"first","110":"instock","111":"sale","112":"virtual","113":"purchasable","114":"product-type-simple","115":"entry","116":"content-bg","117":"loop-entry"},"aioseo_notices":[],"_links":{"self":[{"href":"https:\/\/edirectorios.com.mx\/directorios-latinoamerica\/wp-json\/wp\/v2\/product\/35068","targetHints":{"allow":["GET"]}}],"collection":[{"href":"https:\/\/edirectorios.com.mx\/directorios-latinoamerica\/wp-json\/wp\/v2\/product"}],"about":[{"href":"https:\/\/edirectorios.com.mx\/directorios-latinoamerica\/wp-json\/wp\/v2\/types\/product"}],"version-history":[{"count":1,"href":"https:\/\/edirectorios.com.mx\/directorios-latinoamerica\/wp-json\/wp\/v2\/product\/35068\/revisions"}],"predecessor-version":[{"id":35111,"href":"https:\/\/edirectorios.com.mx\/directorios-latinoamerica\/wp-json\/wp\/v2\/product\/35068\/revisions\/35111"}],"wp:featuredmedia":[{"embeddable":true,"href":"https:\/\/edirectorios.com.mx\/directorios-latinoamerica\/wp-json\/wp\/v2\/media\/31161"}],"wp:attachment":[{"href":"https:\/\/edirectorios.com.mx\/directorios-latinoamerica\/wp-json\/wp\/v2\/media?parent=35068"}],"wp:term":[{"taxonomy":"product_brand","embeddable":true,"href":"https:\/\/edirectorios.com.mx\/directorios-latinoamerica\/wp-json\/wp\/v2\/product_brand?post=35068"},{"taxonomy":"product_cat","embeddable":true,"href":"https:\/\/edirectorios.com.mx\/directorios-latinoamerica\/wp-json\/wp\/v2\/product_cat?post=35068"},{"taxonomy":"product_tag","embeddable":true,"href":"https:\/\/edirectorios.com.mx\/directorios-latinoamerica\/wp-json\/wp\/v2\/product_tag?post=35068"},{"taxonomy":"product_brands","embeddable":true,"href":"https:\/\/edirectorios.com.mx\/directorios-latinoamerica\/wp-json\/wp\/v2\/product_brands?post=35068"}],"curies":[{"name":"wp","href":"https:\/\/api.w.org\/{rel}","templated":true}]}}