{"id":35067,"date":"2025-12-12T16:59:53","date_gmt":"2025-12-12T16:59:53","guid":{"rendered":"https:\/\/edirectorios.com.mx\/directorios-latinoamerica\/?post_type=product&#038;p=35067"},"modified":"2025-12-12T17:00:34","modified_gmt":"2025-12-12T17:00:34","slug":"cirujano-general-y-cirujano-gastro-cirujano-bariatra-urologo-gienecologo-ortorpedista-y-traumatologia-cirujanos-plasticos-y-otorrinos-un-medico-internista-dermatologo-geriatra","status":"publish","type":"product","link":"https:\/\/edirectorios.com.mx\/directorios-latinoamerica\/product\/cirujano-general-y-cirujano-gastro-cirujano-bariatra-urologo-gienecologo-ortorpedista-y-traumatologia-cirujanos-plasticos-y-otorrinos-un-medico-internista-dermatologo-geriatra\/","title":{"rendered":"Cirujano general y cirujano gastro, Cirujano bariatra, Urologo, Gienecologo, Ortorpedista y traumatolog\u00eda, Cirujanos pl\u00e1sticos y Otorrinos (un m\u00e9dico internista, dermat\u00f3logo, geriatra"},"content":{"rendered":"","protected":false},"excerpt":{"rendered":"<p>&nbsp;<\/p>\n<div class=\"row\">\n<div class=\"col-sm\"><strong>C\u00f3digo:<\/strong> <span style=\"color: #ff0000;\"><strong>GMWB-D7-1<\/strong><\/span><\/div>\n<div class=\"col-sm\"><strong>N\u00famero de registros: 2000<\/strong><\/div>\n<\/div>\n<div class=\"row\">\n<div class=\"col-sm \"><strong>Folio: <\/strong><span style=\"color: #ff0000;\">OM0519B067<\/span><\/div>\n<\/div>\n<p><strong>Segmentaci\u00f3n:<\/strong><\/p>\n<p>Cirujano general y cirujano gastro, Cirujano bariatra, Urologo, Gienecologo, Ortorpedista y traumatolog\u00eda, Cirujanos pl\u00e1sticos y Otorrinos (un m\u00e9dico internista, dermat\u00f3logo, geriatra, cardi\u00f3logo, neur\u00f3logo, endocrin\u00f3logo es decir las especialidades cl\u00ednicas no me sirven) en Ciudad de M\u00e9xico.<\/p>\n<p><strong>Campos Contenidos:<\/strong><\/p>\n<div class=\"row\">\n<div class=\"col-sm \">Nombre \/ Especialidad \/ Tel\u00e9fono \/ Email.<\/div>\n<div><\/div>\n<\/div>\n<div class=\"row\">\n<div class=\"col-sm\"><strong>Garant\u00eda: 80%-85%<\/strong>\u00a0<strong>Precio Original:\u00a0<\/strong><del>$922 USD<\/del>\u00a0<strong>Descuento Especial:<\/strong><span style=\"color: #ff0000;\">20<\/span><span style=\"color: #ff0000;\">%<\/span><\/div>\n<\/div>\n<div class=\"row\">\n<div class=\"col text-center\"><strong>Total a Pagar:\u00a0<\/strong><span style=\"color: #ff0000;\"><strong class=\"text-danger\">$738 USD<\/strong><\/span><\/div>\n<\/div>\n","protected":false},"featured_media":31161,"template":"","meta":{"_bst_post_transparent":"","_bst_post_title":"","_bst_post_layout":"","_bst_post_sidebar_id":"","_bst_post_content_style":"","_bst_post_vertical_padding":"","_bst_post_feature":"","_bst_post_feature_position":"","_bst_post_header":false,"_bst_post_footer":false},"product_brand":[],"product_cat":[1360,1180],"product_tag":[1062,1182,1063,1064,1448,1066,1067,1068,1186,1071,1073,1074,1075,1076,1077,1078,1079,1081,1082,1083,1084,1085,1086,1088,1089,1090,1361,1092,1189,1093,1097,1098,1099,1100,1101,1102,1105,1106,1107,1190,1109,1117,1118,1191,1192,1193,1194,1195,1196,1197,1198,1199,1200,1201,1202,1203,1204,1124,1170,1133,1135,1136,1137,1138,1139,1140,1143,1144,1145,1206,1172,1173,1174,1175,1146,1148,1149],"product_brands":[],"class_list":{"0":"post-35067","1":"product","2":"type-product","3":"status-publish","4":"has-post-thumbnail","6":"product_cat-medicos","7":"product_cat-personas-en-mexico","8":"product_tag-b2c-email-database","9":"product_tag-base-de-datos","10":"product_tag-base-de-datos-campana-de-email-marketing","11":"product_tag-base-de-datos-campanas-de-email-marketing","12":"product_tag-base-de-datos-cirujanos","13":"product_tag-base-de-datos-ciudad-de-mexico","14":"product_tag-base-de-datos-correo-masivo","15":"product_tag-base-de-datos-correo-masivos","16":"product_tag-base-de-datos-de-personas-fisicas","17":"product_tag-base-de-datos-direct-e-mail-marketing","18":"product_tag-base-de-datos-e-mail-marketing","19":"product_tag-base-de-datos-email-marketer","20":"product_tag-base-de-datos-email-marketing","21":"product_tag-base-de-datos-email-masivos","22":"product_tag-base-de-datos-email-publicidad","23":"product_tag-base-de-datos-email-publicitario","24":"product_tag-base-de-datos-emailing","25":"product_tag-base-de-datos-enviar-email-masivo","26":"product_tag-base-de-datos-envio-de-email-masivo","27":"product_tag-base-de-datos-envio-masivo-correo","28":"product_tag-base-de-datos-envio-masivo-correos","29":"product_tag-base-de-datos-envio-masivo-de-emails","30":"product_tag-base-de-datos-envios-de-correo-masivos","31":"product_tag-base-de-datos-marketing","32":"product_tag-base-de-datos-marketing-por-e-mail","33":"product_tag-base-de-datos-marketing-por-email","34":"product_tag-base-de-datos-medicos","35":"product_tag-base-de-datos-para-marketing","36":"product_tag-base-de-datos-personas-de-email-marketing","37":"product_tag-base-de-datos-publicidad-por-email","38":"product_tag-bases-de-datos-correos","39":"product_tag-bases-de-datos-correos-electronicos","40":"product_tag-bases-de-datos-de-emails","41":"product_tag-bases-de-datos-de-marketing","42":"product_tag-bases-de-datos-de-telefonos","43":"product_tag-bases-de-datos-email","44":"product_tag-bases-de-datos-numeros-de-telefonos","45":"product_tag-bases-de-datos-telefono","46":"product_tag-bases-de-datos-telefonos-fijos","47":"product_tag-big-consumer-database","48":"product_tag-business-contact-lists","49":"product_tag-buy-email-list","50":"product_tag-buy-email-list-database","51":"product_tag-consumer-contact-lists","52":"product_tag-consumer-database","53":"product_tag-consumer-directory","54":"product_tag-consumer-email-database","55":"product_tag-consumer-email-list","56":"product_tag-consumer-email-lists","57":"product_tag-consumer-list","58":"product_tag-consumer-mailing-database","59":"product_tag-consumer-mailing-list","60":"product_tag-consumer-mailing-lists","61":"product_tag-consumer-phone-list","62":"product_tag-correo-de-personas","63":"product_tag-correos-electronicos-de-personas","64":"product_tag-correos-electronicos-personas","65":"product_tag-correos-empresariales","66":"product_tag-database","67":"product_tag-email-address-list","68":"product_tag-email-lists","69":"product_tag-email-marketing-list","70":"product_tag-list-of-email-addresses","71":"product_tag-lista-de-correos","72":"product_tag-lista-de-correos-electronicos","73":"product_tag-mail-marketing","74":"product_tag-marketing","75":"product_tag-marketing-correo-electronico","76":"product_tag-marketing-lists","77":"product_tag-phone","78":"product_tag-phone-database","79":"product_tag-phone-lists","80":"product_tag-phone-number","81":"product_tag-phone-number-list","82":"product_tag-publicidad-por-base-de-datos-correo-electronico","83":"product_tag-tele-marketing-list","84":"product_tag-telefono","86":"first","87":"instock","88":"sale","89":"shipping-taxable","90":"purchasable","91":"product-type-simple","92":"entry","93":"content-bg","94":"loop-entry"},"aioseo_notices":[],"_links":{"self":[{"href":"https:\/\/edirectorios.com.mx\/directorios-latinoamerica\/wp-json\/wp\/v2\/product\/35067","targetHints":{"allow":["GET"]}}],"collection":[{"href":"https:\/\/edirectorios.com.mx\/directorios-latinoamerica\/wp-json\/wp\/v2\/product"}],"about":[{"href":"https:\/\/edirectorios.com.mx\/directorios-latinoamerica\/wp-json\/wp\/v2\/types\/product"}],"version-history":[{"count":1,"href":"https:\/\/edirectorios.com.mx\/directorios-latinoamerica\/wp-json\/wp\/v2\/product\/35067\/revisions"}],"predecessor-version":[{"id":35110,"href":"https:\/\/edirectorios.com.mx\/directorios-latinoamerica\/wp-json\/wp\/v2\/product\/35067\/revisions\/35110"}],"wp:featuredmedia":[{"embeddable":true,"href":"https:\/\/edirectorios.com.mx\/directorios-latinoamerica\/wp-json\/wp\/v2\/media\/31161"}],"wp:attachment":[{"href":"https:\/\/edirectorios.com.mx\/directorios-latinoamerica\/wp-json\/wp\/v2\/media?parent=35067"}],"wp:term":[{"taxonomy":"product_brand","embeddable":true,"href":"https:\/\/edirectorios.com.mx\/directorios-latinoamerica\/wp-json\/wp\/v2\/product_brand?post=35067"},{"taxonomy":"product_cat","embeddable":true,"href":"https:\/\/edirectorios.com.mx\/directorios-latinoamerica\/wp-json\/wp\/v2\/product_cat?post=35067"},{"taxonomy":"product_tag","embeddable":true,"href":"https:\/\/edirectorios.com.mx\/directorios-latinoamerica\/wp-json\/wp\/v2\/product_tag?post=35067"},{"taxonomy":"product_brands","embeddable":true,"href":"https:\/\/edirectorios.com.mx\/directorios-latinoamerica\/wp-json\/wp\/v2\/product_brands?post=35067"}],"curies":[{"name":"wp","href":"https:\/\/api.w.org\/{rel}","templated":true}]}}