{"id":35066,"date":"2025-12-12T16:59:52","date_gmt":"2025-12-12T16:59:52","guid":{"rendered":"https:\/\/edirectorios.com.mx\/directorios-latinoamerica\/?post_type=product&#038;p=35066"},"modified":"2025-12-12T17:00:32","modified_gmt":"2025-12-12T17:00:32","slug":"empresas-de-manufactura-transporte-e-industriales-excepto-mineria-construccion-y-agropecuarias-con-un-nivel-de-facturacion-de-20-a-80-millones-de-pesos","status":"publish","type":"product","link":"https:\/\/edirectorios.com.mx\/directorios-latinoamerica\/product\/empresas-de-manufactura-transporte-e-industriales-excepto-mineria-construccion-y-agropecuarias-con-un-nivel-de-facturacion-de-20-a-80-millones-de-pesos\/","title":{"rendered":"Empresas de manufactura, transporte e industriales, excepto miner\u00eda, construcci\u00f3n y agropecuarias, con un nivel de facturaci\u00f3n de 20 a 80 millones de pesos"},"content":{"rendered":"","protected":false},"excerpt":{"rendered":"<p>&nbsp;<\/p>\n<div class=\"row\">\n<div class=\"col-sm\"><strong>C\u00f3digo:<\/strong> <span style=\"color: #ff0000;\"><strong>NJHB-D9<\/strong><\/span><\/div>\n<div class=\"col-sm\"><strong>N\u00famero de registros: 9,600<\/strong><\/div>\n<\/div>\n<div class=\"row\">\n<div class=\"col-sm \"><strong>Folio:<span style=\"color: #ff0000;\"> 03ACMR1219-037<\/span><\/strong><\/div>\n<\/div>\n<p><strong>Segmentaci\u00f3n:<\/strong><\/p>\n<p>Empresas de manufactura, transporte e industriales, excepto miner\u00eda, construcci\u00f3n y agropecuarias, con un nivel de facturaci\u00f3n de 20 a 80 millones de pesos anuales, que tenga m\u00e1s de 3 a\u00f1os operando, a Nivel Nacional, principalmente Ciudad de M\u00e9xico y \u00e1rea metropolitana, Nuevo Le\u00f3n, Jalisco, Quer\u00e9taro, Yucat\u00e1n y Puebla.<\/p>\n<p><strong>Campos Contenidos:<\/strong><\/p>\n<div class=\"row\">\n<div class=\"col-sm \">Empresa \/ Giro \/ Direcci\u00f3n \/ C\u00f3digo postal \/ Ciudad \/ Estado \/ Contacto \/ Puesto: CEO o Contador o Director de finanzas \/ Tel\u00e9fono \/ Email \/ Tiempo de creaci\u00f3n \/ Rango de facturaci\u00f3n.<\/div>\n<div><\/div>\n<\/div>\n<div class=\"row\">\n<div class=\"col-sm\"><strong>Garant\u00eda: 80%-85%<\/strong>\u00a0<strong>Precio Original:\u00a0<\/strong><del>$3678 USD<\/del>\u00a0<strong>Descuento Especial:<span style=\"color: #ff0000;\">\u00a020<\/span><\/strong><span style=\"color: #ff0000;\"><strong class=\"text-danger\">%<\/strong><\/span><\/div>\n<\/div>\n<div class=\"row\">\n<div class=\"col text-center\"><strong>Total a Pagar:\u00a0<\/strong><span style=\"color: #ff0000;\"><strong class=\"text-danger\">$2942 USD<\/strong><\/span><\/div>\n<\/div>\n","protected":false},"featured_media":31017,"template":"","meta":{"_bst_post_transparent":"","_bst_post_title":"","_bst_post_layout":"","_bst_post_sidebar_id":"","_bst_post_content_style":"","_bst_post_vertical_padding":"","_bst_post_feature":"","_bst_post_feature_position":"","_bst_post_header":false,"_bst_post_footer":false},"product_brand":[],"product_cat":[1060,1259],"product_tag":[1062,1063,1064,1066,1067,1068,1070,1071,1072,1074,1075,1076,1077,1078,1079,1080,1081,1082,1083,1084,1085,1086,1335,1261,1088,1090,1224,1188,1093,1270,1304,1317,1096,1097,1098,1099,1101,1102,1103,1104,1226,1179,1105,1106,1107,1229,1110,1111,1112,1114,1115,1116,1117,1118,1318,1119,1120,1121,1122,1123,1124,1170,1125,1126,1127,1132,1133,1134,1135,1136,1219,1137,1138,1139,1140,1141,1142,1144,1145,1230,1205,1206,1172,1173,1174,1175,1146,1337,1149],"product_brands":[],"class_list":{"0":"post-35066","1":"product","2":"type-product","3":"status-publish","4":"has-post-thumbnail","6":"product_cat-empresas-en-mexico","7":"product_cat-manufactureras","8":"product_tag-b2c-email-database","9":"product_tag-base-de-datos-campana-de-email-marketing","10":"product_tag-base-de-datos-campanas-de-email-marketing","11":"product_tag-base-de-datos-ciudad-de-mexico","12":"product_tag-base-de-datos-correo-masivo","13":"product_tag-base-de-datos-correo-masivos","14":"product_tag-base-de-datos-de-empresas-puebla","15":"product_tag-base-de-datos-direct-e-mail-marketing","16":"product_tag-base-de-datos-director","17":"product_tag-base-de-datos-email-marketer","18":"product_tag-base-de-datos-email-marketing","19":"product_tag-base-de-datos-email-masivos","20":"product_tag-base-de-datos-email-publicidad","21":"product_tag-base-de-datos-email-publicitario","22":"product_tag-base-de-datos-emailing","23":"product_tag-base-de-datos-empresas-de-email-marketing","24":"product_tag-base-de-datos-enviar-email-masivo","25":"product_tag-base-de-datos-envio-de-email-masivo","26":"product_tag-base-de-datos-envio-masivo-correo","27":"product_tag-base-de-datos-envio-masivo-correos","28":"product_tag-base-de-datos-envio-masivo-de-emails","29":"product_tag-base-de-datos-envios-de-correo-masivos","30":"product_tag-base-de-datos-finanzas","31":"product_tag-base-de-datos-manufacturera","32":"product_tag-base-de-datos-marketing","33":"product_tag-base-de-datos-marketing-por-email","34":"product_tag-base-de-datos-nivel-nacional","35":"product_tag-base-de-datos-nuevo-leon","36":"product_tag-base-de-datos-publicidad-por-email","37":"product_tag-base-de-datos-queretaro","38":"product_tag-base-de-datos-transporte","39":"product_tag-base-de-datos-yucatan","40":"product_tag-base-de-datos-zona-metropolitana","41":"product_tag-bases-de-datos-correos","42":"product_tag-bases-de-datos-correos-electronicos","43":"product_tag-bases-de-datos-de-emails","44":"product_tag-bases-de-datos-de-telefonos","45":"product_tag-bases-de-datos-email","46":"product_tag-bases-de-datos-email-empresas","47":"product_tag-bases-de-datos-emailing","48":"product_tag-bases-de-datos-emails","49":"product_tag-bases-de-datos-jalisco","50":"product_tag-bases-de-datos-numeros-de-telefonos","51":"product_tag-bases-de-datos-telefono","52":"product_tag-bases-de-datos-telefonos-fijos","53":"product_tag-big-corporates-database","54":"product_tag-business-directory","55":"product_tag-business-email-database","56":"product_tag-business-email-list","57":"product_tag-business-mailing-database","58":"product_tag-business-mailing-lists","59":"product_tag-buy-email-database","60":"product_tag-buy-email-list","61":"product_tag-buy-email-list-database","62":"product_tag-ceo","63":"product_tag-company-database","64":"product_tag-correo-de-empresas","65":"product_tag-correos-de-empresas","66":"product_tag-correos-electronicos-de-empresas","67":"product_tag-correos-electronicos-empresas","68":"product_tag-correos-empresariales","69":"product_tag-database","70":"product_tag-director","71":"product_tag-directorio-emailing","72":"product_tag-directorio-empresarial","73":"product_tag-e-mail-database","74":"product_tag-email-address-list","75":"product_tag-email-database","76":"product_tag-email-lists","77":"product_tag-email-marketing-list","78":"product_tag-engineering-services-databases","79":"product_tag-list-of-email-addresses","80":"product_tag-lista-de-correos","81":"product_tag-lista-de-correos-electronicos","82":"product_tag-mail-marketing","83":"product_tag-mailing-database","84":"product_tag-mailing-list","85":"product_tag-marketing-correo-electronico","86":"product_tag-marketing-lists","87":"product_tag-national-database","88":"product_tag-nuevo-leon-database","89":"product_tag-phone","90":"product_tag-phone-database","91":"product_tag-phone-lists","92":"product_tag-phone-number","93":"product_tag-phone-number-list","94":"product_tag-publicidad-por-base-de-datos-correo-electronico","95":"product_tag-queretaro","96":"product_tag-telefono","98":"first","99":"instock","100":"sale","101":"shipping-taxable","102":"purchasable","103":"product-type-simple","104":"entry","105":"content-bg","106":"loop-entry"},"aioseo_notices":[],"_links":{"self":[{"href":"https:\/\/edirectorios.com.mx\/directorios-latinoamerica\/wp-json\/wp\/v2\/product\/35066","targetHints":{"allow":["GET"]}}],"collection":[{"href":"https:\/\/edirectorios.com.mx\/directorios-latinoamerica\/wp-json\/wp\/v2\/product"}],"about":[{"href":"https:\/\/edirectorios.com.mx\/directorios-latinoamerica\/wp-json\/wp\/v2\/types\/product"}],"version-history":[{"count":1,"href":"https:\/\/edirectorios.com.mx\/directorios-latinoamerica\/wp-json\/wp\/v2\/product\/35066\/revisions"}],"predecessor-version":[{"id":35109,"href":"https:\/\/edirectorios.com.mx\/directorios-latinoamerica\/wp-json\/wp\/v2\/product\/35066\/revisions\/35109"}],"wp:featuredmedia":[{"embeddable":true,"href":"https:\/\/edirectorios.com.mx\/directorios-latinoamerica\/wp-json\/wp\/v2\/media\/31017"}],"wp:attachment":[{"href":"https:\/\/edirectorios.com.mx\/directorios-latinoamerica\/wp-json\/wp\/v2\/media?parent=35066"}],"wp:term":[{"taxonomy":"product_brand","embeddable":true,"href":"https:\/\/edirectorios.com.mx\/directorios-latinoamerica\/wp-json\/wp\/v2\/product_brand?post=35066"},{"taxonomy":"product_cat","embeddable":true,"href":"https:\/\/edirectorios.com.mx\/directorios-latinoamerica\/wp-json\/wp\/v2\/product_cat?post=35066"},{"taxonomy":"product_tag","embeddable":true,"href":"https:\/\/edirectorios.com.mx\/directorios-latinoamerica\/wp-json\/wp\/v2\/product_tag?post=35066"},{"taxonomy":"product_brands","embeddable":true,"href":"https:\/\/edirectorios.com.mx\/directorios-latinoamerica\/wp-json\/wp\/v2\/product_brands?post=35066"}],"curies":[{"name":"wp","href":"https:\/\/api.w.org\/{rel}","templated":true}]}}